{"id":941,"date":"2012-12-10T14:15:38","date_gmt":"2012-12-10T13:15:38","guid":{"rendered":"http:\/\/intarbutt.info\/lorinoko\/?page_id=941"},"modified":"2014-05-21T19:09:38","modified_gmt":"2014-05-21T18:09:38","slug":"dryas-nyx-hikari-handbag","status":"publish","type":"page","link":"http:\/\/lorinoko.com\/?page_id=941","title":{"rendered":"Dryas Nyx: Hikari &#8211; ta\u0161ka"},"content":{"rendered":"<p style=\"text-align: justify;\">Takmer neodmyslite\u013en\u00fd doplnok na ukrytie drobnost\u00ed, bez ktor\u00fdch si neviete predstavi\u0165 fungova\u0165 ka\u017ed\u00fd de\u0148. \u0160ikovn\u00e1, nie pr\u00edli\u0161 ve\u013ek\u00e1 ta\u0161ka, vzh\u013eadom ve\u013emi vhodn\u00e1 k sukni z kolekcie Dryas Nyx &#8211; Hikari. Zhotoven\u00e1 je z rovnak\u00fdch dvoch bavelnen\u00fdch materi\u00e1lov s potla\u010dou ako <a title=\"Dryas Nyx: Hikari verzia\" href=\"http:\/\/intarbutt.info\/lorinoko\/?page_id=872\">suk\u0148a<\/a>, taktie\u017e aj zdobenie madeirou a \u010dipkou. Ru\u010dne \u0161it\u00e1 kvetinov\u00e1 aplik\u00e1cia je in\u0161pirovan\u00e1 <a title=\"Dryas Nyx Hikari \u2013 cuffs\" href=\"http:\/\/intarbutt.info\/lorinoko\/?page_id=932\">n\u00e1ramkami<\/a>\u00a0z rovnakej kolekcie.<br \/>\n<strong>Materi\u00e1l: <\/strong>100% bavlna, bavlnen\u00e1 \u010dipka, bavlnen\u00e1 madeira, sat\u00e9nov\u00e9 stu\u017eky<br \/>\n<strong>Rozmery:<\/strong><br \/>\nv\u00fd\u0161ka ta\u0161ky: 23 cm<br \/>\n\u0161\u00edrka ta\u0161ky: 15 cm spodn\u00e1 \u010das\u0165, 20 cm vrchn\u00e1 \u010das\u0165<br \/>\nd\u013a\u017eka dr\u017eadiel: 27 cm<\/p>\n<p style=\"text-align: justify;\"><div class=\"slideshow\"><div id=\"ngg_slideshow499411\" class=\"ngg-slideshow owl-carousel\" style=\"max-width: 600px; max-height: 400px;\"><img decoding=\"async\" src=\"http:\/\/lorinoko.com\/wp-content\/gallery\/dryas-nyx-hikari-handbag-collection\/001_dscn6997.jpg\" alt=\"001_dscn6997\" style=\"max-width: 600px; max-height: 400px; width: auto; height:auto; margin:auto\"><img decoding=\"async\" src=\"http:\/\/lorinoko.com\/wp-content\/gallery\/dryas-nyx-hikari-handbag-collection\/002_dscn8022.jpg\" alt=\"002_dscn8022\" style=\"max-width: 600px; max-height: 400px; width: auto; height:auto; margin:auto\"><img decoding=\"async\" src=\"http:\/\/lorinoko.com\/wp-content\/gallery\/dryas-nyx-hikari-handbag-collection\/003_dscn8014.jpg\" alt=\"003_dscn8014\" style=\"max-width: 600px; max-height: 400px; width: auto; height:auto; margin:auto\"><img decoding=\"async\" src=\"http:\/\/lorinoko.com\/wp-content\/gallery\/dryas-nyx-hikari-handbag-collection\/004_dscn6999.jpg\" alt=\"004_dscn6999\" style=\"max-width: 600px; max-height: 400px; width: auto; height:auto; margin:auto\"><img decoding=\"async\" src=\"http:\/\/lorinoko.com\/wp-content\/gallery\/dryas-nyx-hikari-handbag-collection\/005_dscn7000.jpg\" alt=\"005_dscn7000\" style=\"max-width: 600px; max-height: 400px; width: auto; height:auto; margin:auto\"><img decoding=\"async\" src=\"http:\/\/lorinoko.com\/wp-content\/gallery\/dryas-nyx-hikari-handbag-collection\/006_dscn6998.jpg\" alt=\"006_dscn6998\" style=\"max-width: 600px; max-height: 400px; width: auto; height:auto; margin:auto\"><\/div><\/div>\n\n<script type=\"text\/javascript\">jQuery(document).ready(function($) {\r\n\t\t\tvar owl = $('#ngg_slideshow499411');\r\n\t\t\towl.owlCarousel({\r\n\t\t\t\titems: 1,\r\n\t\t\t\tautoHeight: false,\r\n\t            dots: false,\r\n\t            autoplay: true,\r\n\t\t\t\tautoplayTimeout: 4000,\r\n\t\t\t\tautoplayHoverPause: true,\r\n\t\t\t\tanimateIn: 'fadeIn',\r\n\t\t\t\tanimateOut: 'fadeOut',\r\n\t\t\t\tloop: true,\r\n\t\t\t\tmouseDrag: true,\r\n\t\t\t\ttouchDrag: true\r\n\t\t\t});\nowl.click( function () {\r\n                    owl.trigger( 'next.owl.carousel' );\r\n                } );});\n<\/script><\/p>\n","protected":false},"excerpt":{"rendered":"<p>Takmer neodmyslite\u013en\u00fd doplnok na ukrytie drobnost\u00ed, bez ktor\u00fdch si neviete predstavi\u0165 fungova\u0165 ka\u017ed\u00fd de\u0148. \u0160ikovn\u00e1, nie pr\u00edli\u0161 ve\u013ek\u00e1 ta\u0161ka, vzh\u013eadom ve\u013emi vhodn\u00e1 k sukni z kolekcie Dryas Nyx &#8211; Hikari. Zhotoven\u00e1 je z rovnak\u00fdch dvoch bavelnen\u00fdch materi\u00e1lov s potla\u010dou ako &hellip; <a href=\"http:\/\/lorinoko.com\/?page_id=941\">Continue reading <span class=\"meta-nav\">&rarr;<\/span><\/a><\/p>\n","protected":false},"author":1,"featured_media":0,"parent":1758,"menu_order":0,"comment_status":"open","ping_status":"closed","template":"","meta":{"_monsterinsights_skip_tracking":false,"_monsterinsights_sitenote_active":false,"_monsterinsights_sitenote_note":"","_monsterinsights_sitenote_category":0,"footnotes":""},"class_list":["post-941","page","type-page","status-publish","hentry"],"_links":{"self":[{"href":"http:\/\/lorinoko.com\/index.php?rest_route=\/wp\/v2\/pages\/941","targetHints":{"allow":["GET"]}}],"collection":[{"href":"http:\/\/lorinoko.com\/index.php?rest_route=\/wp\/v2\/pages"}],"about":[{"href":"http:\/\/lorinoko.com\/index.php?rest_route=\/wp\/v2\/types\/page"}],"author":[{"embeddable":true,"href":"http:\/\/lorinoko.com\/index.php?rest_route=\/wp\/v2\/users\/1"}],"replies":[{"embeddable":true,"href":"http:\/\/lorinoko.com\/index.php?rest_route=%2Fwp%2Fv2%2Fcomments&post=941"}],"version-history":[{"count":10,"href":"http:\/\/lorinoko.com\/index.php?rest_route=\/wp\/v2\/pages\/941\/revisions"}],"predecessor-version":[{"id":3460,"href":"http:\/\/lorinoko.com\/index.php?rest_route=\/wp\/v2\/pages\/941\/revisions\/3460"}],"up":[{"embeddable":true,"href":"http:\/\/lorinoko.com\/index.php?rest_route=\/wp\/v2\/pages\/1758"}],"wp:attachment":[{"href":"http:\/\/lorinoko.com\/index.php?rest_route=%2Fwp%2Fv2%2Fmedia&parent=941"}],"curies":[{"name":"wp","href":"https:\/\/api.w.org\/{rel}","templated":true}]}}