{"id":91,"date":"2011-09-23T15:20:17","date_gmt":"2011-09-23T14:20:17","guid":{"rendered":"http:\/\/intarbutt.info\/lorinoko\/?page_id=91"},"modified":"2014-05-15T14:38:34","modified_gmt":"2014-05-15T13:38:34","slug":"ostatne","status":"publish","type":"page","link":"http:\/\/lorinoko.com\/?page_id=91","title":{"rendered":"Ostatn\u00e9"},"content":{"rendered":"<p>Medzi kateg\u00f3riu Ostatn\u00e9 zara\u010fujeme ojedinel\u00e9 kusy, ktor\u00e9 neboli p\u00f4vodne na \u0161peci\u00e1lnu objedn\u00e1vku \u010di s\u00fa\u010das\u0165ou nejakej kolekcie. Nie je ich ve\u013ea a vznikaj\u00fa sk\u00f4r pozvo\u013ena.<\/p>\n\r\n<div class=\"ngg-albumoverview\">\t\r\n\t<!-- List of galleries -->\r\n\t\r\n\t<div class=\"ngg-album\">\r\n\t\t<div class=\"ngg-albumtitle\"><a href=\"http:\/\/lorinoko.com\/?page_id=4508\">Black Gothic Steam Butterfly Pochette<\/a><\/div>\r\n\t\t\t<div class=\"ngg-albumcontent\">\r\n\t\t\t\t<div class=\"ngg-thumbnail\">\r\n\t\t\t\t\t<a href=\"http:\/\/lorinoko.com\/?page_id=4508\"><img decoding=\"async\" class=\"Thumb\" alt=\"Black Gothic Steam Butterfly Pochette\" src=\"http:\/\/lorinoko.com\/wp-content\/gallery\/black-gothic-steam-butterfly-pochette\/thumbs\/thumbs_p1060738.jpg\"\/><\/a>\r\n\t\t\t\t<\/div>\r\n\t\t\t\t<div class=\"ngg-description\">\r\n\t\t\t\t<p>Zdoben\u00e1 ta\u0161ti\u010dka cez plece na drobnosti, laden\u00e1 v goticko-steampunkovom \u0161t\u00fdle k sukni Black Gothic Steam Butterfly.<\/p>\r\n\t\t\t\t\t\t\t\t<p><strong>10<\/strong> Photos<\/p>\r\n\t\t\t\t\t\t\t<\/div>\r\n\t\t<\/div>\r\n\t<\/div>\r\n\r\n \t\r\n\t<div class=\"ngg-album\">\r\n\t\t<div class=\"ngg-albumtitle\"><a href=\"http:\/\/lorinoko.com\/?page_id=106\">Spodni\u010dka biela<\/a><\/div>\r\n\t\t\t<div class=\"ngg-albumcontent\">\r\n\t\t\t\t<div class=\"ngg-thumbnail\">\r\n\t\t\t\t\t<a href=\"http:\/\/lorinoko.com\/?page_id=106\"><img decoding=\"async\" class=\"Thumb\" alt=\"Spodni\u010dka biela\" src=\"http:\/\/lorinoko.com\/wp-content\/gallery\/spodnicka-biela\/thumbs\/thumbs_img_6362_2.jpg\"\/><\/a>\r\n\t\t\t\t<\/div>\r\n\t\t\t\t<div class=\"ngg-description\">\r\n\t\t\t\t<p>Biela spodni\u010dka z organzy v troch samostatn\u00fdch vrstv\u00e1ch. V p\u00e1se na gumi\u010dku. V\u010faka vrstveniu naber\u00e1 bohat\u00fd objem a je tak vhodn\u00e1 na nosenie aj pod \u0165a\u017e\u0161\u00ed vrchn\u00fd materi\u00e1l.<\/p>\r\n\t\t\t\t\t\t\t\t<p><strong>2<\/strong> Photos<\/p>\r\n\t\t\t\t\t\t\t<\/div>\r\n\t\t<\/div>\r\n\t<\/div>\r\n\r\n \t \t\r\n\t<!-- Pagination -->\r\n \t<div class=\"ngg-clear\"><\/div> \t\r\n<\/div>\r\n\r\n\n","protected":false},"excerpt":{"rendered":"<p>Medzi kateg\u00f3riu Ostatn\u00e9 zara\u010fujeme ojedinel\u00e9 kusy, ktor\u00e9 neboli p\u00f4vodne na \u0161peci\u00e1lnu objedn\u00e1vku \u010di s\u00fa\u010das\u0165ou nejakej kolekcie. Nie je ich ve\u013ea a vznikaj\u00fa sk\u00f4r pozvo\u013ena.<\/p>\n","protected":false},"author":1,"featured_media":0,"parent":1751,"menu_order":4,"comment_status":"open","ping_status":"open","template":"","meta":{"_monsterinsights_skip_tracking":false,"_monsterinsights_sitenote_active":false,"_monsterinsights_sitenote_note":"","_monsterinsights_sitenote_category":0,"footnotes":""},"class_list":["post-91","page","type-page","status-publish","hentry"],"_links":{"self":[{"href":"http:\/\/lorinoko.com\/index.php?rest_route=\/wp\/v2\/pages\/91","targetHints":{"allow":["GET"]}}],"collection":[{"href":"http:\/\/lorinoko.com\/index.php?rest_route=\/wp\/v2\/pages"}],"about":[{"href":"http:\/\/lorinoko.com\/index.php?rest_route=\/wp\/v2\/types\/page"}],"author":[{"embeddable":true,"href":"http:\/\/lorinoko.com\/index.php?rest_route=\/wp\/v2\/users\/1"}],"replies":[{"embeddable":true,"href":"http:\/\/lorinoko.com\/index.php?rest_route=%2Fwp%2Fv2%2Fcomments&post=91"}],"version-history":[{"count":8,"href":"http:\/\/lorinoko.com\/index.php?rest_route=\/wp\/v2\/pages\/91\/revisions"}],"predecessor-version":[{"id":3237,"href":"http:\/\/lorinoko.com\/index.php?rest_route=\/wp\/v2\/pages\/91\/revisions\/3237"}],"up":[{"embeddable":true,"href":"http:\/\/lorinoko.com\/index.php?rest_route=\/wp\/v2\/pages\/1751"}],"wp:attachment":[{"href":"http:\/\/lorinoko.com\/index.php?rest_route=%2Fwp%2Fv2%2Fmedia&parent=91"}],"curies":[{"name":"wp","href":"https:\/\/api.w.org\/{rel}","templated":true}]}}