{"id":898,"date":"2013-03-07T17:17:50","date_gmt":"2013-03-07T16:17:50","guid":{"rendered":"http:\/\/intarbutt.info\/lorinoko\/?page_id=898"},"modified":"2014-05-21T19:10:09","modified_gmt":"2014-05-21T18:10:09","slug":"dryas-nyx-yami-verzia","status":"publish","type":"page","link":"http:\/\/lorinoko.com\/?page_id=898","title":{"rendered":"Dryas Nyx: Yami"},"content":{"rendered":"<p style=\"text-align: justify;\">Suk\u0148a z kolekcie Dryas Nyx, tentokr\u00e1t v tmavej &#8211; Yami verzii. Hod\u00ed sa ku tmavomodr\u00fdm a \u010diernym kombin\u00e1ciam lolity alebo i trochu tmav\u0161ie p\u00f4sobiacim pod\u0161t\u00fdlom (gothic). Strihovo je rie\u0161en\u00e1 rovnako ako jej svetl\u00e1 sestri\u010dka Hikari. Prisp\u00f4sobite\u013en\u00e1 v p\u00e1se na gumi\u010dku. Kv\u00f4li ve\u013ekej \u017eiadanosti je dostupn\u00fd u\u017e len jeden kus a je mo\u017en\u00e9, \u017ee spodn\u00e1 \u010dipka bude nahraden\u00e1 trochu odli\u0161n\u00fdm vzorom, kv\u00f4li jej nedostupnosti na trhu.<strong><br \/>\nMateri\u00e1l: <\/strong>100% bavlna, bavlen\u00e1 a polyesterov\u00e1 \u010dipka, sat\u00e9nov\u00e1 stu\u017eka<br \/>\n<strong><strong>Ve\u013ekos\u0165 p\u00e1su: <\/strong><\/strong>60-110 cm <strong><br \/>\n<strong>D\u013a\u017eka sukne:<\/strong><\/strong> 52 cm<strong><br \/>\n<\/strong><\/p>\n<div class=\"slideshow\"><div id=\"ngg_slideshow358981\" class=\"ngg-slideshow owl-carousel\" style=\"max-width: 600px; max-height: 400px;\"><img decoding=\"async\" src=\"http:\/\/lorinoko.com\/wp-content\/gallery\/dryas-nyx-yami-collection\/001_dscn6868.jpg\" alt=\"001_dscn6868\" style=\"max-width: 600px; max-height: 400px; width: auto; height:auto; margin:auto\"><img decoding=\"async\" src=\"http:\/\/lorinoko.com\/wp-content\/gallery\/dryas-nyx-yami-collection\/002_dscn6872.jpg\" alt=\"002_dscn6872\" style=\"max-width: 600px; max-height: 400px; width: auto; height:auto; margin:auto\"><img decoding=\"async\" src=\"http:\/\/lorinoko.com\/wp-content\/gallery\/dryas-nyx-yami-collection\/003_dsc06432.jpg\" alt=\"003_dsc06432\" style=\"max-width: 600px; max-height: 400px; width: auto; height:auto; margin:auto\"><img decoding=\"async\" src=\"http:\/\/lorinoko.com\/wp-content\/gallery\/dryas-nyx-yami-collection\/004_dscn6873.jpg\" alt=\"004_dscn6873\" style=\"max-width: 600px; max-height: 400px; width: auto; height:auto; margin:auto\"><img decoding=\"async\" src=\"http:\/\/lorinoko.com\/wp-content\/gallery\/dryas-nyx-yami-collection\/005_dsc06532.jpg\" alt=\"005_dsc06532\" style=\"max-width: 600px; max-height: 400px; width: auto; height:auto; margin:auto\"><img decoding=\"async\" src=\"http:\/\/lorinoko.com\/wp-content\/gallery\/dryas-nyx-yami-collection\/006_4081064.jpg\" alt=\"006_4081064\" style=\"max-width: 600px; max-height: 400px; width: auto; height:auto; margin:auto\"><img decoding=\"async\" src=\"http:\/\/lorinoko.com\/wp-content\/gallery\/dryas-nyx-yami-collection\/007_dscn6874.jpg\" alt=\"007_dscn6874\" style=\"max-width: 600px; max-height: 400px; width: auto; height:auto; margin:auto\"><\/div><\/div>\n\n<script type=\"text\/javascript\">jQuery(document).ready(function($) {\r\n\t\t\tvar owl = $('#ngg_slideshow358981');\r\n\t\t\towl.owlCarousel({\r\n\t\t\t\titems: 1,\r\n\t\t\t\tautoHeight: false,\r\n\t            dots: false,\r\n\t            autoplay: true,\r\n\t\t\t\tautoplayTimeout: 4000,\r\n\t\t\t\tautoplayHoverPause: true,\r\n\t\t\t\tanimateIn: 'fadeIn',\r\n\t\t\t\tanimateOut: 'fadeOut',\r\n\t\t\t\tloop: true,\r\n\t\t\t\tmouseDrag: true,\r\n\t\t\t\ttouchDrag: true\r\n\t\t\t});\nowl.click( function () {\r\n                    owl.trigger( 'next.owl.carousel' );\r\n                } );});\n<\/script>\n","protected":false},"excerpt":{"rendered":"<p>Suk\u0148a z kolekcie Dryas Nyx, tentokr\u00e1t v tmavej &#8211; Yami verzii. Hod\u00ed sa ku tmavomodr\u00fdm a \u010diernym kombin\u00e1ciam lolity alebo i trochu tmav\u0161ie p\u00f4sobiacim pod\u0161t\u00fdlom (gothic). Strihovo je rie\u0161en\u00e1 rovnako ako jej svetl\u00e1 sestri\u010dka Hikari. Prisp\u00f4sobite\u013en\u00e1 v p\u00e1se na gumi\u010dku. &hellip; <a href=\"http:\/\/lorinoko.com\/?page_id=898\">Continue reading <span class=\"meta-nav\">&rarr;<\/span><\/a><\/p>\n","protected":false},"author":1,"featured_media":0,"parent":1758,"menu_order":0,"comment_status":"open","ping_status":"closed","template":"","meta":{"_monsterinsights_skip_tracking":false,"_monsterinsights_sitenote_active":false,"_monsterinsights_sitenote_note":"","_monsterinsights_sitenote_category":0,"footnotes":""},"class_list":["post-898","page","type-page","status-publish","hentry"],"_links":{"self":[{"href":"http:\/\/lorinoko.com\/index.php?rest_route=\/wp\/v2\/pages\/898","targetHints":{"allow":["GET"]}}],"collection":[{"href":"http:\/\/lorinoko.com\/index.php?rest_route=\/wp\/v2\/pages"}],"about":[{"href":"http:\/\/lorinoko.com\/index.php?rest_route=\/wp\/v2\/types\/page"}],"author":[{"embeddable":true,"href":"http:\/\/lorinoko.com\/index.php?rest_route=\/wp\/v2\/users\/1"}],"replies":[{"embeddable":true,"href":"http:\/\/lorinoko.com\/index.php?rest_route=%2Fwp%2Fv2%2Fcomments&post=898"}],"version-history":[{"count":12,"href":"http:\/\/lorinoko.com\/index.php?rest_route=\/wp\/v2\/pages\/898\/revisions"}],"predecessor-version":[{"id":3461,"href":"http:\/\/lorinoko.com\/index.php?rest_route=\/wp\/v2\/pages\/898\/revisions\/3461"}],"up":[{"embeddable":true,"href":"http:\/\/lorinoko.com\/index.php?rest_route=\/wp\/v2\/pages\/1758"}],"wp:attachment":[{"href":"http:\/\/lorinoko.com\/index.php?rest_route=%2Fwp%2Fv2%2Fmedia&parent=898"}],"curies":[{"name":"wp","href":"https:\/\/api.w.org\/{rel}","templated":true}]}}