{"id":872,"date":"2013-03-07T17:16:43","date_gmt":"2013-03-07T16:16:43","guid":{"rendered":"http:\/\/intarbutt.info\/lorinoko\/?page_id=872"},"modified":"2014-05-21T19:08:32","modified_gmt":"2014-05-21T18:08:32","slug":"dryas-nyx-hikari-verzia","status":"publish","type":"page","link":"http:\/\/lorinoko.com\/?page_id=872","title":{"rendered":"Dryas Nyx: Hikari"},"content":{"rendered":"<p style=\"text-align: justify;\">Dryas Nyx, alebo in\u00fdmi slovami &#8220;noc v\u00edl&#8221; je suk\u0148a z bavlnenej l\u00e1tky s n\u00e1dhernou potla\u010dou zobrazuj\u00faca v\u00edly po\u010das hviezdnej noci. Je kombinovan\u00e1 s \u010fal\u0161ou kr\u00e1snou potla\u010dou no\u010dnej oblohy posiatej hviezdami. Suk\u0148a je zdoben\u00e1 kvalitnou \u0161irokou bavlnenou \u010dipkou a vol\u00e1nikov\u00fd doln\u00fd kraj je lemovan\u00fd jemnou bavlnenou madeirou v bielej a belasej &#8211; preto je ozna\u010den\u00e1 ako hikari &#8211; verzia svetla. P\u00e1sov\u00e1 \u010das\u0165 je na gumi\u010dku, a preto skvelo sadne na najr\u00f4znej\u0161ie typy post\u00e1v. Nechajte sa aj Vy unies\u0165 \u010darovnou nocou tancuj\u00facich v\u00edl! Ako s\u00fa\u010das\u0165 k sukni prid\u00e1vame aj \u010delenku so zdobenou dvojitou ma\u0161\u013eou, ktorou si dotvor\u00edte celkov\u00fd vzh\u013ead.<strong><br \/>\nMateri\u00e1l:\u00a0<\/strong>100% bavlna, bavlen\u00e1 \u010dipka, bavlnen\u00e1 madeira, sat\u00e9nov\u00e1 stu\u017eka<br \/>\n<strong> Obvod <strong>p\u00e1su: <\/strong><\/strong>60-110 cm<strong><br \/>\n<\/strong><strong>D\u013a\u017eka sukne: <\/strong>52 cm<\/p>\n<div class=\"slideshow\"><div id=\"ngg_slideshow348721\" class=\"ngg-slideshow owl-carousel\" style=\"max-width: 600px; max-height: 400px;\"><img decoding=\"async\" src=\"http:\/\/lorinoko.com\/wp-content\/gallery\/dryas-nyx-hikari-collection\/001_dscn6677.jpg\" alt=\"001_dscn6677\" style=\"max-width: 600px; max-height: 400px; width: auto; height:auto; margin:auto\"><img decoding=\"async\" src=\"http:\/\/lorinoko.com\/wp-content\/gallery\/dryas-nyx-hikari-collection\/002_dscn5882.jpg\" alt=\"002_dscn5882\" style=\"max-width: 600px; max-height: 400px; width: auto; height:auto; margin:auto\"><img decoding=\"async\" src=\"http:\/\/lorinoko.com\/wp-content\/gallery\/dryas-nyx-hikari-collection\/003_dscn6673.jpg\" alt=\"003_dscn6673\" style=\"max-width: 600px; max-height: 400px; width: auto; height:auto; margin:auto\"><img decoding=\"async\" src=\"http:\/\/lorinoko.com\/wp-content\/gallery\/dryas-nyx-hikari-collection\/004_dscn6669.jpg\" alt=\"004_dscn6669\" style=\"max-width: 600px; max-height: 400px; width: auto; height:auto; margin:auto\"><img decoding=\"async\" src=\"http:\/\/lorinoko.com\/wp-content\/gallery\/dryas-nyx-hikari-collection\/005_dscn6664.jpg\" alt=\"005_dscn6664\" style=\"max-width: 600px; max-height: 400px; width: auto; height:auto; margin:auto\"><img decoding=\"async\" src=\"http:\/\/lorinoko.com\/wp-content\/gallery\/dryas-nyx-hikari-collection\/006_dscn6911.jpg\" alt=\"006_dscn6911\" style=\"max-width: 600px; max-height: 400px; width: auto; height:auto; margin:auto\"><img decoding=\"async\" src=\"http:\/\/lorinoko.com\/wp-content\/gallery\/dryas-nyx-hikari-collection\/007_dscn6923.jpg\" alt=\"007_dscn6923\" style=\"max-width: 600px; max-height: 400px; width: auto; height:auto; margin:auto\"><img decoding=\"async\" src=\"http:\/\/lorinoko.com\/wp-content\/gallery\/dryas-nyx-hikari-collection\/008_dscn6806.jpg\" alt=\"008_dscn6806\" style=\"max-width: 600px; max-height: 400px; width: auto; height:auto; margin:auto\"><img decoding=\"async\" src=\"http:\/\/lorinoko.com\/wp-content\/gallery\/dryas-nyx-hikari-collection\/009_dscn6822.jpg\" alt=\"009_dscn6822\" style=\"max-width: 600px; max-height: 400px; width: auto; height:auto; margin:auto\"><img decoding=\"async\" src=\"http:\/\/lorinoko.com\/wp-content\/gallery\/dryas-nyx-hikari-collection\/010_dscn6825.jpg\" alt=\"010_dscn6825\" style=\"max-width: 600px; max-height: 400px; width: auto; height:auto; margin:auto\"><\/div><\/div>\n\n<script type=\"text\/javascript\">jQuery(document).ready(function($) {\r\n\t\t\tvar owl = $('#ngg_slideshow348721');\r\n\t\t\towl.owlCarousel({\r\n\t\t\t\titems: 1,\r\n\t\t\t\tautoHeight: false,\r\n\t            dots: false,\r\n\t            autoplay: true,\r\n\t\t\t\tautoplayTimeout: 4000,\r\n\t\t\t\tautoplayHoverPause: true,\r\n\t\t\t\tanimateIn: 'fadeIn',\r\n\t\t\t\tanimateOut: 'fadeOut',\r\n\t\t\t\tloop: true,\r\n\t\t\t\tmouseDrag: true,\r\n\t\t\t\ttouchDrag: true\r\n\t\t\t});\nowl.click( function () {\r\n                    owl.trigger( 'next.owl.carousel' );\r\n                } );});\n<\/script>\n","protected":false},"excerpt":{"rendered":"<p>Dryas Nyx, alebo in\u00fdmi slovami &#8220;noc v\u00edl&#8221; je suk\u0148a z bavlnenej l\u00e1tky s n\u00e1dhernou potla\u010dou zobrazuj\u00faca v\u00edly po\u010das hviezdnej noci. Je kombinovan\u00e1 s \u010fal\u0161ou kr\u00e1snou potla\u010dou no\u010dnej oblohy posiatej hviezdami. Suk\u0148a je zdoben\u00e1 kvalitnou \u0161irokou bavlnenou \u010dipkou a vol\u00e1nikov\u00fd doln\u00fd &hellip; <a href=\"http:\/\/lorinoko.com\/?page_id=872\">Continue reading <span class=\"meta-nav\">&rarr;<\/span><\/a><\/p>\n","protected":false},"author":1,"featured_media":0,"parent":1758,"menu_order":0,"comment_status":"open","ping_status":"closed","template":"","meta":{"_monsterinsights_skip_tracking":false,"_monsterinsights_sitenote_active":false,"_monsterinsights_sitenote_note":"","_monsterinsights_sitenote_category":0,"footnotes":""},"class_list":["post-872","page","type-page","status-publish","hentry"],"_links":{"self":[{"href":"http:\/\/lorinoko.com\/index.php?rest_route=\/wp\/v2\/pages\/872","targetHints":{"allow":["GET"]}}],"collection":[{"href":"http:\/\/lorinoko.com\/index.php?rest_route=\/wp\/v2\/pages"}],"about":[{"href":"http:\/\/lorinoko.com\/index.php?rest_route=\/wp\/v2\/types\/page"}],"author":[{"embeddable":true,"href":"http:\/\/lorinoko.com\/index.php?rest_route=\/wp\/v2\/users\/1"}],"replies":[{"embeddable":true,"href":"http:\/\/lorinoko.com\/index.php?rest_route=%2Fwp%2Fv2%2Fcomments&post=872"}],"version-history":[{"count":11,"href":"http:\/\/lorinoko.com\/index.php?rest_route=\/wp\/v2\/pages\/872\/revisions"}],"predecessor-version":[{"id":3458,"href":"http:\/\/lorinoko.com\/index.php?rest_route=\/wp\/v2\/pages\/872\/revisions\/3458"}],"up":[{"embeddable":true,"href":"http:\/\/lorinoko.com\/index.php?rest_route=\/wp\/v2\/pages\/1758"}],"wp:attachment":[{"href":"http:\/\/lorinoko.com\/index.php?rest_route=%2Fwp%2Fv2%2Fmedia&parent=872"}],"curies":[{"name":"wp","href":"https:\/\/api.w.org\/{rel}","templated":true}]}}