{"id":78,"date":"2011-09-23T15:15:12","date_gmt":"2011-09-23T14:15:12","guid":{"rendered":"http:\/\/intarbutt.info\/lorinoko\/?page_id=78"},"modified":"2014-05-17T14:58:52","modified_gmt":"2014-05-17T13:58:52","slug":"sukne","status":"publish","type":"page","link":"http:\/\/lorinoko.com\/?page_id=78","title":{"rendered":"Sukne"},"content":{"rendered":"\r\n<div class=\"ngg-albumoverview\">\t\r\n\t<!-- List of galleries -->\r\n\t\r\n\t<div class=\"ngg-album\">\r\n\t\t<div class=\"ngg-albumtitle\"><a href=\"http:\/\/lorinoko.com\/?page_id=4378\">Black Gothic Steam Butterfly Skirt<\/a><\/div>\r\n\t\t\t<div class=\"ngg-albumcontent\">\r\n\t\t\t\t<div class=\"ngg-thumbnail\">\r\n\t\t\t\t\t<a href=\"http:\/\/lorinoko.com\/?page_id=4378\"><img decoding=\"async\" class=\"Thumb\" alt=\"Black Gothic Steam Butterfly Skirt\" src=\"http:\/\/lorinoko.com\/wp-content\/gallery\/black-gothic-steam-butterfly-skirt\/thumbs\/thumbs_p1050394.jpg\"\/><\/a>\r\n\t\t\t\t<\/div>\r\n\t\t\t\t<div class=\"ngg-description\">\r\n\t\t\t\t<p>Tentokr\u00e1t na\u010drieme do v\u00f4d gotick\u00fdch a steampunkov\u00fdch z\u00e1rove\u0148. T\u00e1to bohato riasen\u00e1 suk\u0148a s tromi nazberan\u00fdmi vrstvami \u010diernej bavlny je \u0161t\u00fdlovo zdoben\u00e1 bronzov\u00fdmi doplnkami a kr\u00e1sne tvarovanou ozdobnou \u010dipkou v pevnom p\u00e1se. Jej predn\u00fa \u010das\u0165 tvoria ru\u010dne na\u0161\u00edvan\u00e9 bronzov\u00e9 ornamenty a odliata ozdoba v tvare mot\u00fd\u013ea. S\u00fa\u010das\u0165ou s\u00fa dve odop\u00ednacie bavlnen\u00e9 ma\u0161li\u010dky a takisto zap\u00ednacia ma\u0161\u013ea do vlasov. Tento model je ide\u00e1lny ku kombin\u00e1cii temnejsie ladenej steampunkovej alebo punkovej m\u00f3dy, elegantne doplnen\u00fd gotickou charakteristikou.<\/p>\r\n\t\t\t\t\t\t\t\t<p><strong>13<\/strong> Photos<\/p>\r\n\t\t\t\t\t\t\t<\/div>\r\n\t\t<\/div>\r\n\t<\/div>\r\n\r\n \t\r\n\t<div class=\"ngg-album\">\r\n\t\t<div class=\"ngg-albumtitle\"><a href=\"http:\/\/lorinoko.com\/?page_id=4249\">Nyx Hortusia<\/a><\/div>\r\n\t\t\t<div class=\"ngg-albumcontent\">\r\n\t\t\t\t<div class=\"ngg-thumbnail\">\r\n\t\t\t\t\t<a href=\"http:\/\/lorinoko.com\/?page_id=4249\"><img decoding=\"async\" class=\"Thumb\" alt=\"Nyx Hortusia\" src=\"http:\/\/lorinoko.com\/wp-content\/gallery\/nyx-hortusia\/thumbs\/thumbs_p1040520.jpg\"\/><\/a>\r\n\t\t\t\t<\/div>\r\n\t\t\t\t<div class=\"ngg-description\">\r\n\t\t\t\t<p>Suk\u0148a Nyx Hortusia svojou potla\u010dou predstavuje zoskupenie drobn\u00fdch v\u00edl spl\u00fdvaj\u00facich s rozkvitnutou fl\u00f3rou pod \u017eiarou no\u010dnej oblohy. Tmavofialov\u00e1 skladan\u00e1 potla\u010d v dotv\u00e1ra \u010diernou \u010dipkou zdoben\u00fd doln\u00fd kraj rovnako aj viazanie na ma\u0161\u013eu v zadnej p\u00e1sovej \u010dasti. S\u00fa\u010das\u0165ou modelu s\u00fa aj dve drobn\u00e9 zap\u00ednacie ma\u0161li\u010dky. T\u00e1to kombin\u00e1cia s tmavo laden\u00fdmi doplnkami dokazuje, \u017ee aj roztomil\u00e9 mot\u00edvy sa \u010dierne laden\u00e9mu zov\u0148aj\u0161ku n\u00e1ramne hodia.<\/p>\r\n\t\t\t\t\t\t\t\t<p><strong>7<\/strong> Photos<\/p>\r\n\t\t\t\t\t\t\t<\/div>\r\n\t\t<\/div>\r\n\t<\/div>\r\n\r\n \t\r\n\t<div class=\"ngg-album\">\r\n\t\t<div class=\"ngg-albumtitle\"><a href=\"http:\/\/lorinoko.com\/?page_id=4245\">Lilian Garden<\/a><\/div>\r\n\t\t\t<div class=\"ngg-albumcontent\">\r\n\t\t\t\t<div class=\"ngg-thumbnail\">\r\n\t\t\t\t\t<a href=\"http:\/\/lorinoko.com\/?page_id=4245\"><img decoding=\"async\" class=\"Thumb\" alt=\"Lilian Garden\" src=\"http:\/\/lorinoko.com\/wp-content\/gallery\/lilian-garden\/thumbs\/thumbs_p1040384.jpg\"\/><\/a>\r\n\t\t\t\t<\/div>\r\n\t\t\t\t<div class=\"ngg-description\">\r\n\t\t\t\t<p>Suk\u0148a Lilian Garden je prezentovan\u00e1 predov\u0161etk\u00fdm n\u00e1dhernou potla\u010dou s mot\u00edvom rozkvitnutej z\u00e1hrady a drobn\u00fdch v\u00edl, ladenou vo svetlo-ru\u017eovej farbe. Doln\u00fd kraj je bohato zdoben\u00fd riasenou \u010dipkou, ktor\u00e1 je rovnako pou\u017eit\u00e1 na dve kvetinov\u00e9 prip\u00ednacie ozd\u00f4bky. V zadnej \u010dasti p\u00e1su ju kr\u00e1\u0161li odop\u00ednacie viazanie na ma\u0161\u013eu. S pr\u00edchodom jari je t\u00e1to sweet-lolita suk\u0148a priam ide\u00e1lna na prech\u00e1dzky rozkvitnut\u00fdmi z\u00e1hradami.<\/p>\r\n\t\t\t\t\t\t\t\t<p><strong>9<\/strong> Photos<\/p>\r\n\t\t\t\t\t\t\t<\/div>\r\n\t\t<\/div>\r\n\t<\/div>\r\n\r\n \t\r\n\t<div class=\"ngg-album\">\r\n\t\t<div class=\"ngg-albumtitle\"><a href=\"http:\/\/lorinoko.com\/?page_id=3960\">RedLake Night Skirt<\/a><\/div>\r\n\t\t\t<div class=\"ngg-albumcontent\">\r\n\t\t\t\t<div class=\"ngg-thumbnail\">\r\n\t\t\t\t\t<a href=\"http:\/\/lorinoko.com\/?page_id=3960\"><img decoding=\"async\" class=\"Thumb\" alt=\"RedLake Night Skirt\" src=\"http:\/\/lorinoko.com\/wp-content\/gallery\/redlake-night-skirt\/thumbs\/thumbs_001_p1030359.jpg\"\/><\/a>\r\n\t\t\t\t<\/div>\r\n\t\t\t\t<div class=\"ngg-description\">\r\n\t\t\t\t<p>Suk\u0148a z bavlnenej \u010dervenej potla\u010de drobn\u00fdch bielych kvet\u00edn v kombin\u00e1cii s \u010diernym materi\u00e1lom rezonuje pocitom tichej noci nad jazerom, pravidelne sfarbovan\u00fdm z\u00e1padom slnka do \u010derven\u00e9ho \u0161atu. Elegantne je dotvoren\u00e1 \u0161irokou \u010diernou \u010dipkou, a zamatovou stuhou, ktor\u00e1 pocit ticha pokojnej noci umoc\u0148uje. Je vhodn\u00e1 k spolo\u010dnej kombin\u00e1cii s ma\u0161\u013eou do vlasov z kolekcie RedLake.<\/p>\r\n\t\t\t\t\t\t\t\t<p><strong>7<\/strong> Photos<\/p>\r\n\t\t\t\t\t\t\t<\/div>\r\n\t\t<\/div>\r\n\t<\/div>\r\n\r\n \t\r\n\t<div class=\"ngg-album\">\r\n\t\t<div class=\"ngg-albumtitle\"><a href=\"http:\/\/lorinoko.com\/?page_id=3719\">Rosalia Faries<\/a><\/div>\r\n\t\t\t<div class=\"ngg-albumcontent\">\r\n\t\t\t\t<div class=\"ngg-thumbnail\">\r\n\t\t\t\t\t<a href=\"http:\/\/lorinoko.com\/?page_id=3719\"><img decoding=\"async\" class=\"Thumb\" alt=\"Rosalia Faries\" src=\"http:\/\/lorinoko.com\/wp-content\/gallery\/rosalia-faries\/thumbs\/thumbs_p1010948.jpg\"\/><\/a>\r\n\t\t\t\t<\/div>\r\n\t\t\t\t<div class=\"ngg-description\">\r\n\t\t\t\t<p>E\u0161te z letnej n\u00e1dielky V\u00e1m predstavujeme nov\u00fa suk\u0148u z n\u00e1dhernej bavlnenej potla\u010de, ktor\u00e1 V\u00e1s zavedie do imagin\u00e1ria pln\u00e9ho mali\u010dk\u00fdch v\u00edl, schov\u00e1vaj\u00facich sa v z\u00e1hrade plnej rozkvitnut\u00fdch ru\u017e\u00ed. Sladk\u00fd a letn\u00fd n\u00e1dych dotv\u00e1ra jemn\u00e1 biela organza v dolnom kraji a lem z kr\u00e1snej \u010dipky z umel\u00e9ho hodv\u00e1bu, dokonale ladiacou k letn\u00fdm pr\u00edrodn\u00fdm farb\u00e1m. V p\u00e1se prisp\u00f4sobite\u013en\u00e1 na gumi\u010dku.<\/p>\r\n\t\t\t\t\t\t\t\t<p><strong>7<\/strong> Photos<\/p>\r\n\t\t\t\t\t\t\t<\/div>\r\n\t\t<\/div>\r\n\t<\/div>\r\n\r\n \t\r\n\t<div class=\"ngg-album\">\r\n\t\t<div class=\"ngg-albumtitle\"><a href=\"http:\/\/lorinoko.com\/?page_id=3220\">Archidealisa I<\/a><\/div>\r\n\t\t\t<div class=\"ngg-albumcontent\">\r\n\t\t\t\t<div class=\"ngg-thumbnail\">\r\n\t\t\t\t\t<a href=\"http:\/\/lorinoko.com\/?page_id=3220\"><img decoding=\"async\" class=\"Thumb\" alt=\"Archidealisa I\" src=\"http:\/\/lorinoko.com\/wp-content\/gallery\/archidealisa-i\/thumbs\/thumbs_001_p1010571.jpg\"\/><\/a>\r\n\t\t\t\t<\/div>\r\n\t\t\t\t<div class=\"ngg-description\">\r\n\t\t\t\t<p>Kr\u00e1sna suk\u0148a z l\u00e1tky s\u00e9rie Iron Orchid s n\u00e1dhernou potla\u010dou kvetov, mot\u00fdlikov a hod\u00edn vo v\u00ednovej farbe. Zdoben\u00e1 je sat\u00e9novou stu\u017ekou, bavlnenou \u010dipkou a \u0161irokou \u010dipkou z umel\u00e9ho hodv\u00e1bu v dolnom kraji, v\u0161etko v elegantne p\u00f4sobiacej \u010diernej. Je prisp\u00f4sobite\u013en\u00e1 v\u010faka elastick\u00e9mu p\u00e1su.<\/p>\r\n\t\t\t\t\t\t\t\t<p><strong>5<\/strong> Photos<\/p>\r\n\t\t\t\t\t\t\t<\/div>\r\n\t\t<\/div>\r\n\t<\/div>\r\n\r\n \t\r\n\t<div class=\"ngg-album\">\r\n\t\t<div class=\"ngg-albumtitle\"><a href=\"http:\/\/lorinoko.com\/?page_id=3226\">Archidealisa II<\/a><\/div>\r\n\t\t\t<div class=\"ngg-albumcontent\">\r\n\t\t\t\t<div class=\"ngg-thumbnail\">\r\n\t\t\t\t\t<a href=\"http:\/\/lorinoko.com\/?page_id=3226\"><img decoding=\"async\" class=\"Thumb\" alt=\"Archidealisa II\" src=\"http:\/\/lorinoko.com\/wp-content\/gallery\/archidealisa-ii\/thumbs\/thumbs_001_p1010584.jpg\"\/><\/a>\r\n\t\t\t\t<\/div>\r\n\t\t\t\t<div class=\"ngg-description\">\r\n\t\t\t\t<p>Kr\u00e1sna suk\u0148a z l\u00e1tky s\u00e9rie Iron Orchid s n\u00e1dhernou potla\u010dou kvetov, mot\u00fdlikov a hod\u00edn v jemnej tyrkysovo ladenej a \u010dervenej farbe. Bohat\u00e9 zdobenie bielou \u010dipkou z bavlny a sat\u00e9novou stu\u017ekou dotv\u00e1ra \u0161irok\u00e1 biela madeira v dolnom kraji. Elastick\u00fd p\u00e1s.<\/p>\r\n\t\t\t\t\t\t\t\t<p><strong>4<\/strong> Photos<\/p>\r\n\t\t\t\t\t\t\t<\/div>\r\n\t\t<\/div>\r\n\t<\/div>\r\n\r\n \t\r\n\t<div class=\"ngg-album\">\r\n\t\t<div class=\"ngg-albumtitle\"><a href=\"http:\/\/lorinoko.com\/?page_id=872\">Dryas Nyx Hikari (Collection)<\/a><\/div>\r\n\t\t\t<div class=\"ngg-albumcontent\">\r\n\t\t\t\t<div class=\"ngg-thumbnail\">\r\n\t\t\t\t\t<a href=\"http:\/\/lorinoko.com\/?page_id=872\"><img decoding=\"async\" class=\"Thumb\" alt=\"Dryas Nyx Hikari (Collection)\" src=\"http:\/\/lorinoko.com\/wp-content\/gallery\/dryas-nyx-hikari-collection\/thumbs\/thumbs_001_dscn6677.jpg\"\/><\/a>\r\n\t\t\t\t<\/div>\r\n\t\t\t\t<div class=\"ngg-description\">\r\n\t\t\t\t<p>Dryas Nyx, alebo in\u00fdmi slovami \"noc v\u00edl\" je suk\u0148a z bavlnenej l\u00e1tky s n\u00e1dhernou potla\u010dou zobrazuj\u00faca v\u00edly po\u010das hviezdnej noci. Je kombinovan\u00e1 s \u010fal\u0161ou kr\u00e1snou potla\u010dou no\u010dnej oblohy posiatej hviezdami. Suk\u0148a je zdoben\u00e1 kvalitnou \u0161irokou bavlnenou \u010dipkou a vol\u00e1nikov\u00fd doln\u00fd kraj je lemovan\u00fd jemnou bavlnenou madeirou. P\u00e1sov\u00e1 \u010das\u0165 je na gumi\u010dku, a preto skvelo sadne na najr\u00f4znej\u0161ie typy post\u00e1v. Nechajte sa aj Vy unies\u0165 \u010darovnou nocou tancuj\u00facich v\u00edl! Ako s\u00fa\u010das\u0165 k sukni prid\u00e1vame aj \u010delenku so zdobenou dvojitou ma\u0161\u013eou, ktorou si dotvor\u00edte celkov\u00fd vzh\u013ead.<\/p>\r\n\t\t\t\t\t\t\t\t<p><strong>10<\/strong> Photos<\/p>\r\n\t\t\t\t\t\t\t<\/div>\r\n\t\t<\/div>\r\n\t<\/div>\r\n\r\n \t\r\n\t<div class=\"ngg-album\">\r\n\t\t<div class=\"ngg-albumtitle\"><a href=\"http:\/\/lorinoko.com\/?page_id=898\">Dryas Nyx Yami (Collection)<\/a><\/div>\r\n\t\t\t<div class=\"ngg-albumcontent\">\r\n\t\t\t\t<div class=\"ngg-thumbnail\">\r\n\t\t\t\t\t<a href=\"http:\/\/lorinoko.com\/?page_id=898\"><img decoding=\"async\" class=\"Thumb\" alt=\"Dryas Nyx Yami (Collection)\" src=\"http:\/\/lorinoko.com\/wp-content\/gallery\/dryas-nyx-yami-collection\/thumbs\/thumbs_001_dscn6868.jpg\"\/><\/a>\r\n\t\t\t\t<\/div>\r\n\t\t\t\t<div class=\"ngg-description\">\r\n\t\t\t\t<p>Suk\u0148a z kolekcie Dryas Nyx, tentokr\u00e1t v tmavej - Yami verzii. Hod\u00ed sa ku tmavomodr\u00fdm a \u010diernym kombin\u00e1ciam lolity alebo i trochu tmav\u0161ie p\u00f4sobiacim pod\u0161t\u00fdlom (gothic). Strihovo je rie\u0161en\u00e1 rovnako ako jej svetl\u00e1 sestri\u010dka Hikari. Prisp\u00f4sobite\u013en\u00e1 v p\u00e1se na gumi\u010dku.<\/p>\r\n\t\t\t\t\t\t\t\t<p><strong>7<\/strong> Photos<\/p>\r\n\t\t\t\t\t\t\t<\/div>\r\n\t\t<\/div>\r\n\t<\/div>\r\n\r\n \t\r\n\t<div class=\"ngg-album\">\r\n\t\t<div class=\"ngg-albumtitle\"><a href=\"http:\/\/lorinoko.com\/?page_id=3023\">Atrata Sweet Pinku (Collection)<\/a><\/div>\r\n\t\t\t<div class=\"ngg-albumcontent\">\r\n\t\t\t\t<div class=\"ngg-thumbnail\">\r\n\t\t\t\t\t<a href=\"http:\/\/lorinoko.com\/?page_id=3023\"><img decoding=\"async\" class=\"Thumb\" alt=\"Atrata Sweet Pinku (Collection)\" src=\"http:\/\/lorinoko.com\/wp-content\/gallery\/atrata-sweet-pinku-collection\/thumbs\/thumbs_001_dscn1931.jpg\"\/><\/a>\r\n\t\t\t\t<\/div>\r\n\t\t\t\t<div class=\"ngg-description\">\r\n\t\t\t\t<p>Bitterwseet kolekcia Atrata Sweet je charakteristick\u00e1 \u010diernym bavlnen\u00fdm z\u00e1kladom a bohat\u00fdm zdoben\u00edm \u0161irok\u00fdmi sweet stu\u017ekami v dvoch farebn\u00fdch verzi\u00e1ch. Verzia Pinku je laden\u00e1 do ru\u017eova, zdoben\u00e1 ru\u017eovou vlnovkou a ma\u0161li\u010dkami zo stu\u017eiek. Doln\u00fd kraj tvor\u00ed vol\u00e1n z \u010diernej bavlny, a \u010fal\u0161\u00ed po obvode je vyroben\u00fd z organzy. V p\u00e1se na gumi\u010dku.<\/p>\r\n\t\t\t\t\t\t\t\t<p><strong>9<\/strong> Photos<\/p>\r\n\t\t\t\t\t\t\t<\/div>\r\n\t\t<\/div>\r\n\t<\/div>\r\n\r\n \t\r\n\t<div class=\"ngg-album\">\r\n\t\t<div class=\"ngg-albumtitle\"><a href=\"http:\/\/lorinoko.com\/?page_id=3027\">Atrata Sweet Violette (Collection)<\/a><\/div>\r\n\t\t\t<div class=\"ngg-albumcontent\">\r\n\t\t\t\t<div class=\"ngg-thumbnail\">\r\n\t\t\t\t\t<a href=\"http:\/\/lorinoko.com\/?page_id=3027\"><img decoding=\"async\" class=\"Thumb\" alt=\"Atrata Sweet Violette (Collection)\" src=\"http:\/\/lorinoko.com\/wp-content\/gallery\/atrata-sweet-violette-collection\/thumbs\/thumbs_001_dscn2223.jpg\"\/><\/a>\r\n\t\t\t\t<\/div>\r\n\t\t\t\t<div class=\"ngg-description\">\r\n\t\t\t\t<p>Bitterwseet kolekcia Atrata Sweet je charakteristick\u00e1 \u010diernym bavlnen\u00fdm z\u00e1kladom a bohat\u00fdm zdoben\u00edm \u0161irok\u00fdmi sweet stu\u017ekami v dvoch farebn\u00fdch verzi\u00e1ch. Verzia Violette je laden\u00e1 do svetlo fialova, zdoben\u00e1 fialovou vlnovkou a ma\u0161li\u010dkami zo stu\u017eiek. Doln\u00fd kraj tvor\u00ed vol\u00e1n z \u010diernej bavlny, a \u010fal\u0161\u00ed po obvode je vyroben\u00fd z organzy. V p\u00e1se na gumi\u010dku.<\/p>\r\n\t\t\t\t\t\t\t\t<p><strong>8<\/strong> Photos<\/p>\r\n\t\t\t\t\t\t\t<\/div>\r\n\t\t<\/div>\r\n\t<\/div>\r\n\r\n \t\r\n\t<div class=\"ngg-album\">\r\n\t\t<div class=\"ngg-albumtitle\"><a href=\"http:\/\/lorinoko.com\/?page_id=1582\">Black Wine Almondica I (Collection)<\/a><\/div>\r\n\t\t\t<div class=\"ngg-albumcontent\">\r\n\t\t\t\t<div class=\"ngg-thumbnail\">\r\n\t\t\t\t\t<a href=\"http:\/\/lorinoko.com\/?page_id=1582\"><img decoding=\"async\" class=\"Thumb\" alt=\"Black Wine Almondica I (Collection)\" src=\"http:\/\/lorinoko.com\/wp-content\/gallery\/black-wine-almondica-collection\/thumbs\/thumbs_001_dscn1390.jpg\"\/><\/a>\r\n\t\t\t\t<\/div>\r\n\t\t\t\t<div class=\"ngg-description\">\r\n\t\t\t\t<p>Suk\u0148a Black Wine Almondica predstavuje kombin\u00e1ciu materi\u00e1lu patchworkov\u00e9ho typu spolu s \u010diernou a v\u00ednovou farbou. Materi\u00e1ly su zladen\u00e9 pridan\u00edm vrstvy \u010dierneho tylu, ktor\u00fd rob\u00ed zdoben\u00fa \u010das\u0165 s\u00favislej\u0161ou a tak vynikne aj na pozad\u00ed r\u00f4znorod\u00e9ho z\u00e1kladn\u00e9ho materi\u00e1lu. P\u00e1s je poloelastick\u00fd, v bo\u010dnom kraji je zap\u00ednanie rie\u0161en\u00e9 zipsom a gomb\u00edkmi. S\u00fa\u010das\u0165ou je odn\u00edmate\u013en\u00e1 ma\u0161li\u010dka ako ozdoba.<\/p>\r\n\t\t\t\t\t\t\t\t<p><strong>9<\/strong> Photos<\/p>\r\n\t\t\t\t\t\t\t<\/div>\r\n\t\t<\/div>\r\n\t<\/div>\r\n\r\n \t\r\n\t<div class=\"ngg-album\">\r\n\t\t<div class=\"ngg-albumtitle\"><a href=\"http:\/\/lorinoko.com\/?page_id=2333\">Black Wine Almondica II (Collection)<\/a><\/div>\r\n\t\t\t<div class=\"ngg-albumcontent\">\r\n\t\t\t\t<div class=\"ngg-thumbnail\">\r\n\t\t\t\t\t<a href=\"http:\/\/lorinoko.com\/?page_id=2333\"><img decoding=\"async\" class=\"Thumb\" alt=\"Black Wine Almondica II (Collection)\" src=\"http:\/\/lorinoko.com\/wp-content\/gallery\/black-wine-almondica-ii\/thumbs\/thumbs_001_dscn1569.jpg\"\/><\/a>\r\n\t\t\t\t<\/div>\r\n\t\t\t\t<div class=\"ngg-description\">\r\n\t\t\t\t<p>Druh\u00e1 verzia sukne z kolekcie Black Wine Almondica je strihovo takmer identick\u00e1, l\u00ed\u0161i sa prehodenou farebnou kombin\u00e1ciou \u010diernej l\u00e1tky s jemn\u00fdm v\u0161it\u00fdm prie\u010dnym vzorom a v\u00ednovo \u010derven\u00fdm doln\u00fdm vol\u00e1nom. Rovnako s\u00fa obmenen\u00e9 aj pou\u017eit\u00e9 \u010dipky, ale suk\u0148a celkovo p\u00f4sob\u00ed ako jej klasick\u00e1 predchodky\u0148a, len so \u0161tipkou \u010dohosi nov\u00e9ho.<\/p>\r\n\t\t\t\t\t\t\t\t<p><strong>4<\/strong> Photos<\/p>\r\n\t\t\t\t\t\t\t<\/div>\r\n\t\t<\/div>\r\n\t<\/div>\r\n\r\n \t\r\n\t<div class=\"ngg-album\">\r\n\t\t<div class=\"ngg-albumtitle\"><a href=\"http:\/\/lorinoko.com\/?page_id=3031\">Atrata Sweet Prototypink! v0.1 (Collection)<\/a><\/div>\r\n\t\t\t<div class=\"ngg-albumcontent\">\r\n\t\t\t\t<div class=\"ngg-thumbnail\">\r\n\t\t\t\t\t<a href=\"http:\/\/lorinoko.com\/?page_id=3031\"><img decoding=\"async\" class=\"Thumb\" alt=\"Atrata Sweet Prototypink! v0.1 (Collection)\" src=\"http:\/\/lorinoko.com\/wp-content\/gallery\/atrata-sweet-prototypink-v0-1-collection\/thumbs\/thumbs_001_dscn1872.jpg\"\/><\/a>\r\n\t\t\t\t<\/div>\r\n\t\t\t\t<div class=\"ngg-description\">\r\n\t\t\t\t<p>Bitterwseet kolekcia Atrata Sweet je charakteristick\u00e1 \u010diernym bavlnen\u00fdm z\u00e1kladom a bohat\u00fdm zdoben\u00edm \u0161irok\u00fdmi sweet stu\u017ekami v dvoch farebn\u00fdch verzi\u00e1ch. Verzia Prototypink! v0.1 predstavuje prv\u00fd sk\u00fa\u0161obn\u00fd prototyp z tejto kolekcie. L\u00ed\u0161i sa predov\u0161etk\u00fdm pou\u017eit\u00edm \u0161irokej skladanej stu\u017eky s \u010dipkou namiesto spodn\u00e9ho vol\u00e1nika, inak je takmer identick\u00e1. V p\u00e1se taktie\u017e na gumi\u010dku.<\/p>\r\n\t\t\t\t\t\t\t\t<p><strong>4<\/strong> Photos<\/p>\r\n\t\t\t\t\t\t\t<\/div>\r\n\t\t<\/div>\r\n\t<\/div>\r\n\r\n \t\r\n\t<div class=\"ngg-album\">\r\n\t\t<div class=\"ngg-albumtitle\"><a href=\"http:\/\/lorinoko.com\/?page_id=1463\">Caeruliana<\/a><\/div>\r\n\t\t\t<div class=\"ngg-albumcontent\">\r\n\t\t\t\t<div class=\"ngg-thumbnail\">\r\n\t\t\t\t\t<a href=\"http:\/\/lorinoko.com\/?page_id=1463\"><img decoding=\"async\" class=\"Thumb\" alt=\"Caeruliana\" src=\"http:\/\/lorinoko.com\/wp-content\/gallery\/caeruliana-skirt\/thumbs\/thumbs_001_dscn0709.jpg\"\/><\/a>\r\n\t\t\t\t<\/div>\r\n\t\t\t\t<div class=\"ngg-description\">\r\n\t\t\t\t<p>Kr\u00e1sna modr\u00e1 kvetinov\u00e1 potla\u010d z holandskej produkcie v limitovanom mno\u017estve na bielom podklade v kombin\u00e1cii s \u010fal\u0161\u00edm bavlnen\u00fdm materi\u00e1lom v bielom preveden\u00ed. Zdobenie je vyhotoven\u00e9 z\u00e1hybmi a dvojakou \u010dipkou v spodnej \u010dasti, bavlnenou madeirou na dolnom leme a dekor\u00e1ciou dvojit\u00fdm materi\u00e1lom v p\u00e1se.<\/p>\r\n\t\t\t\t\t\t\t\t<p><strong>6<\/strong> Photos<\/p>\r\n\t\t\t\t\t\t\t<\/div>\r\n\t\t<\/div>\r\n\t<\/div>\r\n\r\n \t\r\n\t<div class=\"ngg-album\">\r\n\t\t<div class=\"ngg-albumtitle\"><a href=\"http:\/\/lorinoko.com\/?page_id=313\">Classic Sweet Flowers<\/a><\/div>\r\n\t\t\t<div class=\"ngg-albumcontent\">\r\n\t\t\t\t<div class=\"ngg-thumbnail\">\r\n\t\t\t\t\t<a href=\"http:\/\/lorinoko.com\/?page_id=313\"><img decoding=\"async\" class=\"Thumb\" alt=\"Classic Sweet Flowers\" src=\"http:\/\/lorinoko.com\/wp-content\/gallery\/classic-sweet-flowers\/thumbs\/thumbs_001_dscn1431_3.jpg\"\/><\/a>\r\n\t\t\t\t<\/div>\r\n\t\t\t\t<div class=\"ngg-description\">\r\n\t\t\t\t<p>Klasick\u00e1 lolita suk\u0148a s p\u00e1sikov\u00fdm kvetinov\u00fdm vzorom v jemn\u00fdch odtie\u0148och kr\u00e9movej a ru\u017eovej. V dolnom kraji zdoben\u00e1 stu\u017ekou, \u0161irokou \u010dipkou, trojit\u00fdmi z\u00e1hybmi a spodn\u00fdm vol\u00e1nikom. P\u00e1s je vy\u0161\u0161\u00ed ako obvykle a je prisp\u00f4soben\u00fd na viazanie na stu\u017eku. Viazanie si je mo\u017en\u00e9 prisp\u00f4sobi\u0165 ako vpredu tak aj na zadnej \u010dasti p\u00e1su a tak je mo\u017en\u00e9 hustotu zvisl\u00e9ho sp\u00e1du materi\u00e1lu prisp\u00f4sobi\u0165 pod\u013ea vlastnej \u013eubov\u00f4le. Mosadzn\u00e9 kr\u00fa\u017eky spev\u0148uj\u00fa otvory na viazanie a z\u00e1rove\u0148 p\u00e1sov\u00fa \u010das\u0165 sukne pekne zdobia.<\/p>\r\n\t\t\t\t\t\t\t\t<p><strong>9<\/strong> Photos<\/p>\r\n\t\t\t\t\t\t\t<\/div>\r\n\t\t<\/div>\r\n\t<\/div>\r\n\r\n \t\r\n\t<div class=\"ngg-album\">\r\n\t\t<div class=\"ngg-albumtitle\"><a href=\"http:\/\/lorinoko.com\/?page_id=160\">Red Dark<\/a><\/div>\r\n\t\t\t<div class=\"ngg-albumcontent\">\r\n\t\t\t\t<div class=\"ngg-thumbnail\">\r\n\t\t\t\t\t<a href=\"http:\/\/lorinoko.com\/?page_id=160\"><img decoding=\"async\" class=\"Thumb\" alt=\"Red Dark\" src=\"http:\/\/lorinoko.com\/wp-content\/gallery\/red-dark\/thumbs\/thumbs_dark_red_001_2.jpg\"\/><\/a>\r\n\t\t\t\t<\/div>\r\n\t\t\t\t<div class=\"ngg-description\">\r\n\t\t\t\t<p>Tmavo\u010derven\u00e1 k\u00e1rovan\u00e1 suk\u0148a, p\u00f4sobiaca temnej\u0161\u00edm dojmom, hodiaca sa ku kombin\u00e1cii prvkov punk lolity. Zachov\u00e1va eleganciu lolita \u0161t\u00fdlu roz\u0161\u00edren\u00fdm doln\u00fdm krajom s riasen\u00edm a z\u00e1rove\u0148 vzh\u013ead do stredu skladanej sukne. P\u00e1s sukne je \u0161ir\u0161\u00ed a pevn\u00fd, s dvomi gomb\u00edkmi a skryt\u00fdm zipsom na \u013eavej strane. \u0160ikmo aplikovan\u00fd tyl so zastrihnut\u00fdmi koncami vyzer\u00e1 trochu v\u00fdstredne, ale ako celok s na\u0161itou \u010dipkou a stu\u017ekov\u00fdm viazan\u00edm p\u00f4sob\u00ed neotrelo. <\/p>\r\n\t\t\t\t\t\t\t\t<p><strong>6<\/strong> Photos<\/p>\r\n\t\t\t\t\t\t\t<\/div>\r\n\t\t<\/div>\r\n\t<\/div>\r\n\r\n \t\r\n\t<div class=\"ngg-album\">\r\n\t\t<div class=\"ngg-albumtitle\"><a href=\"http:\/\/lorinoko.com\/?page_id=34\">Sweet Pink<\/a><\/div>\r\n\t\t\t<div class=\"ngg-albumcontent\">\r\n\t\t\t\t<div class=\"ngg-thumbnail\">\r\n\t\t\t\t\t<a href=\"http:\/\/lorinoko.com\/?page_id=34\"><img decoding=\"async\" class=\"Thumb\" alt=\"Sweet Pink\" src=\"http:\/\/lorinoko.com\/wp-content\/gallery\/sweet-pink-skirt\/thumbs\/thumbs_img_6331_2.jpg\"\/><\/a>\r\n\t\t\t\t<\/div>\r\n\t\t\t\t<div class=\"ngg-description\">\r\n\t\t\t\t<p>Ru\u017eov\u00e1 sweet suk\u0148a s drobn\u00fdm k\u00e1rovan\u00fdm vzorom, v\u0161itou spodnou vrstvou, zdoben\u00e1 dvojakou \u010dipkou, ma\u0161li\u010dkami a s prisp\u00f4sobite\u013en\u00fdm \u0161nurovan\u00edm v prednej \u010dasti. V p\u00e1se na gumi\u010dku.<\/p>\r\n\t\t\t\t\t\t\t\t<p><strong>3<\/strong> Photos<\/p>\r\n\t\t\t\t\t\t\t<\/div>\r\n\t\t<\/div>\r\n\t<\/div>\r\n\r\n \t\r\n\t<div class=\"ngg-album\">\r\n\t\t<div class=\"ngg-albumtitle\"><a href=\"http:\/\/lorinoko.com\/?page_id=30\">Blue Hearts<\/a><\/div>\r\n\t\t\t<div class=\"ngg-albumcontent\">\r\n\t\t\t\t<div class=\"ngg-thumbnail\">\r\n\t\t\t\t\t<a href=\"http:\/\/lorinoko.com\/?page_id=30\"><img decoding=\"async\" class=\"Thumb\" alt=\"Blue Hearts\" src=\"http:\/\/lorinoko.com\/wp-content\/gallery\/blue-hearts\/thumbs\/thumbs_img_6146_2.jpg\"\/><\/a>\r\n\t\t\t\t<\/div>\r\n\t\t\t\t<div class=\"ngg-description\">\r\n\t\t\t\t<p>Modr\u00e1 k\u00e1rovan\u00e1 suk\u0148a s potla\u010dou, v p\u00e1se na gumi\u010dku, zdoben\u00e1 dvojakou \u010dipkou a ru\u010dne na\u0161it\u00fdmi aplik\u00e1ciami. S\u00fa\u010das\u0165ou je aj \u010delenka s ma\u0161\u013eou.<\/p>\r\n\t\t\t\t\t\t\t\t<p><strong>4<\/strong> Photos<\/p>\r\n\t\t\t\t\t\t\t<\/div>\r\n\t\t<\/div>\r\n\t<\/div>\r\n\r\n \t\r\n\t<div class=\"ngg-album\">\r\n\t\t<div class=\"ngg-albumtitle\"><a href=\"http:\/\/lorinoko.com\/?page_id=2047\">Hned\u00e1 Lolita suk\u0148a (Special)<\/a><\/div>\r\n\t\t\t<div class=\"ngg-albumcontent\">\r\n\t\t\t\t<div class=\"ngg-thumbnail\">\r\n\t\t\t\t\t<a href=\"http:\/\/lorinoko.com\/?page_id=2047\"><img decoding=\"async\" class=\"Thumb\" alt=\"Hned\u00e1 Lolita suk\u0148a (Special)\" src=\"http:\/\/lorinoko.com\/wp-content\/gallery\/hneda-lolita-sukna\/thumbs\/thumbs_dscn7840.jpg\"\/><\/a>\r\n\t\t\t\t<\/div>\r\n\t\t\t\t<div class=\"ngg-description\">\r\n\t\t\t\t<p>Jednoduch\u00e1 hned\u00e1 Lolita suk\u0148a \u0161it\u00e1 na \u0161peci\u00e1lnu objedn\u00e1vku je zdoben\u00e1 bielou \u010dipkou a stuhou, v dolnom kraji riasen\u00e1 vol\u00e1nom. V p\u00e1se prisp\u00f4sobite\u013en\u00e1 na gumi\u010dku.<\/p>\r\n\t\t\t\t\t\t\t\t<p><strong>3<\/strong> Photos<\/p>\r\n\t\t\t\t\t\t\t<\/div>\r\n\t\t<\/div>\r\n\t<\/div>\r\n\r\n \t\r\n\t<div class=\"ngg-album\">\r\n\t\t<div class=\"ngg-albumtitle\"><a href=\"http:\/\/lorinoko.com\/?page_id=440\">Suk\u0148a Ruby Red (Special)<\/a><\/div>\r\n\t\t\t<div class=\"ngg-albumcontent\">\r\n\t\t\t\t<div class=\"ngg-thumbnail\">\r\n\t\t\t\t\t<a href=\"http:\/\/lorinoko.com\/?page_id=440\"><img decoding=\"async\" class=\"Thumb\" alt=\"Suk\u0148a Ruby Red (Special)\" src=\"http:\/\/lorinoko.com\/wp-content\/gallery\/ruby-red-skirt-special-order\/thumbs\/thumbs_002_dscn0860_2.jpg\"\/><\/a>\r\n\t\t\t\t<\/div>\r\n\t\t\t\t<div class=\"ngg-description\">\r\n\t\t\t\t<p>S\u00fdto \u010derven\u00e1 kruhov\u00e1 suk\u0148a s mohutn\u00fdm sp\u00e1dom a riasen\u00edm v dolnej \u010dasti. So spr\u00e1vnou spodni\u010dkou vytv\u00e1ra skuto\u010dne impozantn\u00fd objem. S\u00fa\u010das\u0165ou je aj jednoduch\u00e1 ve\u013ek\u00e1 ma\u0161\u013ea.<\/p>\r\n\t\t\t\t\t\t\t\t<p><strong>5<\/strong> Photos<\/p>\r\n\t\t\t\t\t\t\t<\/div>\r\n\t\t<\/div>\r\n\t<\/div>\r\n\r\n \t\r\n\t<div class=\"ngg-album\">\r\n\t\t<div class=\"ngg-albumtitle\"><a href=\"http:\/\/lorinoko.com\/?page_id=233\">Suk\u0148a \u010dierna (Special)<\/a><\/div>\r\n\t\t\t<div class=\"ngg-albumcontent\">\r\n\t\t\t\t<div class=\"ngg-thumbnail\">\r\n\t\t\t\t\t<a href=\"http:\/\/lorinoko.com\/?page_id=233\"><img decoding=\"async\" class=\"Thumb\" alt=\"Suk\u0148a \u010dierna (Special)\" src=\"http:\/\/lorinoko.com\/wp-content\/gallery\/sukna-cierna-special\/thumbs\/thumbs_002_img_4998_2.jpg\"\/><\/a>\r\n\t\t\t\t<\/div>\r\n\t\t\t\t<div class=\"ngg-description\">\r\n\t\t\t\t<p>\u010cierna suk\u0148a s jednoduch\u00fdm dvojit\u00fdm riasen\u00edm, in\u0161pirovan\u00e1 strihom z \u010dasopisu Gosurori, \u0161peci\u00e1lne u\u0161it\u00e1 pre Nat\u00e1liu. Ako jeden z prv\u00fdch v\u00fdrobkov nem\u00e1 najkvalitnej\u0161ie fotografie.<\/p>\r\n\t\t\t\t\t\t\t\t<p><strong>3<\/strong> Photos<\/p>\r\n\t\t\t\t\t\t\t<\/div>\r\n\t\t<\/div>\r\n\t<\/div>\r\n\r\n \t \t\r\n\t<!-- Pagination -->\r\n \t<div class=\"ngg-clear\"><\/div> \t\r\n<\/div>\r\n\r\n\n","protected":false},"excerpt":{"rendered":"","protected":false},"author":1,"featured_media":0,"parent":1751,"menu_order":1,"comment_status":"open","ping_status":"closed","template":"","meta":{"_monsterinsights_skip_tracking":false,"_monsterinsights_sitenote_active":false,"_monsterinsights_sitenote_note":"","_monsterinsights_sitenote_category":0,"footnotes":""},"class_list":["post-78","page","type-page","status-publish","hentry"],"_links":{"self":[{"href":"http:\/\/lorinoko.com\/index.php?rest_route=\/wp\/v2\/pages\/78","targetHints":{"allow":["GET"]}}],"collection":[{"href":"http:\/\/lorinoko.com\/index.php?rest_route=\/wp\/v2\/pages"}],"about":[{"href":"http:\/\/lorinoko.com\/index.php?rest_route=\/wp\/v2\/types\/page"}],"author":[{"embeddable":true,"href":"http:\/\/lorinoko.com\/index.php?rest_route=\/wp\/v2\/users\/1"}],"replies":[{"embeddable":true,"href":"http:\/\/lorinoko.com\/index.php?rest_route=%2Fwp%2Fv2%2Fcomments&post=78"}],"version-history":[{"count":16,"href":"http:\/\/lorinoko.com\/index.php?rest_route=\/wp\/v2\/pages\/78\/revisions"}],"predecessor-version":[{"id":3288,"href":"http:\/\/lorinoko.com\/index.php?rest_route=\/wp\/v2\/pages\/78\/revisions\/3288"}],"up":[{"embeddable":true,"href":"http:\/\/lorinoko.com\/index.php?rest_route=\/wp\/v2\/pages\/1751"}],"wp:attachment":[{"href":"http:\/\/lorinoko.com\/index.php?rest_route=%2Fwp%2Fv2%2Fmedia&parent=78"}],"curies":[{"name":"wp","href":"https:\/\/api.w.org\/{rel}","templated":true}]}}