{"id":74,"date":"2011-09-23T15:09:23","date_gmt":"2011-09-23T14:09:23","guid":{"rendered":"http:\/\/intarbutt.info\/lorinoko\/?page_id=74"},"modified":"2014-01-29T20:14:14","modified_gmt":"2014-01-29T19:14:14","slug":"kontakt","status":"publish","type":"page","link":"http:\/\/lorinoko.com\/?page_id=74","title":{"rendered":"Kontakt"},"content":{"rendered":"<p>V pr\u00edpadne z\u00e1ujmu n\u00e1s kontaktujte na <span style=\"text-decoration: underline;\">contact(at)lorinoko.com<\/span>, alebo p\u00ed\u0161te do koment\u00e1rov k jednotliv\u00fdm polo\u017ek\u00e1m. Rovnako sa m\u00f4\u017eete ozva\u0165 prostredn\u00edctvom <a href=\"http:\/\/www.facebook.com\/pages\/Lorinoko\/139009176200924\" target=\"_blank\">Facebooku<\/a>, kde m\u00e1 Lorinoko takie\u017e svoj profil, alebo cez <a href=\"https:\/\/plus.google.com\/b\/112836514792192780132\/112836514792192780132\/posts\" target=\"_blank\">Google+<\/a>.<\/p>\n<p>Tovar zasielame po\u0161tou pod\u013ea platn\u00e9ho cenn\u00edka Slovenskej po\u0161ty. Pokia\u013e ste z okolia Bratislavy alebo Svidn\u00edka, je mo\u017en\u00e9 aj osobn\u00e9 predanie. Niektor\u00e9 v\u00fdrobky s\u00fa dostupn\u00e9 aj v kamennom obchode na\u0161ej spriaznenej \u010deskej lolita zna\u010dky Porcelain Doll v Olomouci.<\/p>\n<p>Na Va\u0161e ot\u00e1zky radi zodpovieme na hore uvedenom e-maili, \u010di v koment\u00e1roch (pr\u00edpadne s\u00fakromn\u00fdmi spr\u00e1vami na soci\u00e1lnych sie\u0165ach).<\/p>\n<p>V pr\u00edpade z\u00e1ujmu mo\u017eete pou\u017ei\u0165 mal\u00fd banner Lorinoko na propag\u00e1ciu.<\/p>\n<p><img loading=\"lazy\" decoding=\"async\" style=\"margin-left: 5px; margin-right: 5px;\" title=\"lorinoko_banner_140x40_1.0\" alt=\"\" src=\"http:\/\/intarbutt.info\/lorinoko\/wp-content\/uploads\/2011\/09\/lorinoko_banner_140x40_1.0.png\" width=\"140\" height=\"40\" \/><img loading=\"lazy\" decoding=\"async\" style=\"margin-left: 5px; margin-right: 5px;\" title=\"lorinoko_banner_140x40_1.1\" alt=\"\" src=\"http:\/\/intarbutt.info\/lorinoko\/wp-content\/uploads\/2011\/09\/lorinoko_banner_140x40_1.1.png\" width=\"140\" height=\"40\" \/>\u00a0<img loading=\"lazy\" decoding=\"async\" class=\"alignnone\" style=\"margin-left: 5px; margin-right: 5px;\" alt=\"\" src=\"http:\/\/intarbutt.info\/lorinoko\/wp-content\/uploads\/2011\/09\/lorinoko_banner_small.gif\" width=\"88\" height=\"31\" \/><a href=\"http:\/\/intarbutt.info\/lorinoko\/wp-content\/uploads\/2011\/09\/lorinoko_banner_small.gif\"><br \/>\n<\/a><\/p>\n<p>&nbsp;<\/p>\n","protected":false},"excerpt":{"rendered":"<p>V pr\u00edpadne z\u00e1ujmu n\u00e1s kontaktujte na contact(at)lorinoko.com, alebo p\u00ed\u0161te do koment\u00e1rov k jednotliv\u00fdm polo\u017ek\u00e1m. Rovnako sa m\u00f4\u017eete ozva\u0165 prostredn\u00edctvom Facebooku, kde m\u00e1 Lorinoko takie\u017e svoj profil, alebo cez Google+. Tovar zasielame po\u0161tou pod\u013ea platn\u00e9ho cenn\u00edka Slovenskej po\u0161ty. Pokia\u013e ste z &hellip; <a href=\"http:\/\/lorinoko.com\/?page_id=74\">Continue reading <span class=\"meta-nav\">&rarr;<\/span><\/a><\/p>\n","protected":false},"author":1,"featured_media":0,"parent":1826,"menu_order":3,"comment_status":"open","ping_status":"closed","template":"","meta":{"_monsterinsights_skip_tracking":false,"_monsterinsights_sitenote_active":false,"_monsterinsights_sitenote_note":"","_monsterinsights_sitenote_category":0,"footnotes":""},"class_list":["post-74","page","type-page","status-publish","hentry"],"_links":{"self":[{"href":"http:\/\/lorinoko.com\/index.php?rest_route=\/wp\/v2\/pages\/74","targetHints":{"allow":["GET"]}}],"collection":[{"href":"http:\/\/lorinoko.com\/index.php?rest_route=\/wp\/v2\/pages"}],"about":[{"href":"http:\/\/lorinoko.com\/index.php?rest_route=\/wp\/v2\/types\/page"}],"author":[{"embeddable":true,"href":"http:\/\/lorinoko.com\/index.php?rest_route=\/wp\/v2\/users\/1"}],"replies":[{"embeddable":true,"href":"http:\/\/lorinoko.com\/index.php?rest_route=%2Fwp%2Fv2%2Fcomments&post=74"}],"version-history":[{"count":12,"href":"http:\/\/lorinoko.com\/index.php?rest_route=\/wp\/v2\/pages\/74\/revisions"}],"predecessor-version":[{"id":1576,"href":"http:\/\/lorinoko.com\/index.php?rest_route=\/wp\/v2\/pages\/74\/revisions\/1576"}],"up":[{"embeddable":true,"href":"http:\/\/lorinoko.com\/index.php?rest_route=\/wp\/v2\/pages\/1826"}],"wp:attachment":[{"href":"http:\/\/lorinoko.com\/index.php?rest_route=%2Fwp%2Fv2%2Fmedia&parent=74"}],"curies":[{"name":"wp","href":"https:\/\/api.w.org\/{rel}","templated":true}]}}