{"id":672,"date":"2012-07-03T22:20:28","date_gmt":"2012-07-03T21:20:28","guid":{"rendered":"http:\/\/intarbutt.info\/lorinoko\/?page_id=672"},"modified":"2014-05-21T18:45:47","modified_gmt":"2014-05-21T17:45:47","slug":"white-triplet-ribbon-podkolienky","status":"publish","type":"page","link":"http:\/\/lorinoko.com\/?page_id=672","title":{"rendered":"White Triplet Ribbon podkolienky"},"content":{"rendered":"<p style=\"text-align: justify;\">Ve\u013emi pohodln\u00e9 bavlnen\u00e9 podkolienky v trojitom farebnom preveden\u00ed stu\u017eiek s dvojakou bielou \u010dipkou. Biela stuha v hornom kraji je napevno, u\u017e\u0161ia stu\u017eka pod \u0148ou je vymenite\u013en\u00e1 a nebr\u00e1ni sa akejko\u013evek farebnej kombin\u00e1cii. Mentolov\u00e1, brosky\u0148ov\u00e1 a \u010dierna stu\u017eka s\u00fa samozrejme pribalenou s\u00fa\u010das\u0165ou. Podkolienky s\u00fa takto vhodn\u00e9 ku kombin\u00e1ciam Sweet Lolity, alebo bez stu\u017eiek ako \u010disto biele pre Shiro Lolitu \u010di ak\u00e9ko\u013eek \u010fal\u0161ie mo\u017enosti.<br \/>\n<strong>Materi\u00e1l:<\/strong>\u00a0bavlnen\u00e9 podkolienky, sat\u00e9nov\u00e9 stuhy, \u010dipka bavlna a polyester, aplik\u00e1cie a ozdoby z r\u00f4znych materi\u00e1lov<br \/>\n<strong>Ve\u013ekos\u0165:<\/strong> 37-41 cm<br \/>\n<strong>Obvod l\u00fdtka:<\/strong> do 42 cm<\/p>\n<div class=\"slideshow\"><div id=\"ngg_slideshow246721\" class=\"ngg-slideshow owl-carousel\" style=\"max-width: 600px; max-height: 800px;\"><img decoding=\"async\" src=\"http:\/\/lorinoko.com\/wp-content\/gallery\/white-triplet-ribbon-podkolienky\/002_dscn1233_2.jpg\" alt=\"002_dscn1233_2\" style=\"max-width: 600px; max-height: 800px; width: auto; height:auto; margin:auto\"><img decoding=\"async\" src=\"http:\/\/lorinoko.com\/wp-content\/gallery\/white-triplet-ribbon-podkolienky\/004_dscn1122_2.jpg\" alt=\"004_dscn1122_2\" style=\"max-width: 600px; max-height: 800px; width: auto; height:auto; margin:auto\"><img decoding=\"async\" src=\"http:\/\/lorinoko.com\/wp-content\/gallery\/white-triplet-ribbon-podkolienky\/005_dscn1140_2.jpg\" alt=\"005_dscn1140_2\" style=\"max-width: 600px; max-height: 800px; width: auto; height:auto; margin:auto\"><img decoding=\"async\" src=\"http:\/\/lorinoko.com\/wp-content\/gallery\/white-triplet-ribbon-podkolienky\/008_dscn1149_2.jpg\" alt=\"008_dscn1149_2\" style=\"max-width: 600px; max-height: 800px; width: auto; height:auto; margin:auto\"><img decoding=\"async\" src=\"http:\/\/lorinoko.com\/wp-content\/gallery\/white-triplet-ribbon-podkolienky\/011_dscn1197_2.jpg\" alt=\"011_dscn1197_2\" style=\"max-width: 600px; max-height: 800px; width: auto; height:auto; margin:auto\"><\/div><\/div>\n\n<script type=\"text\/javascript\">jQuery(document).ready(function($) {\r\n\t\t\tvar owl = $('#ngg_slideshow246721');\r\n\t\t\towl.owlCarousel({\r\n\t\t\t\titems: 1,\r\n\t\t\t\tautoHeight: false,\r\n\t            dots: false,\r\n\t            autoplay: true,\r\n\t\t\t\tautoplayTimeout: 4000,\r\n\t\t\t\tautoplayHoverPause: true,\r\n\t\t\t\tanimateIn: 'fadeIn',\r\n\t\t\t\tanimateOut: 'fadeOut',\r\n\t\t\t\tloop: true,\r\n\t\t\t\tmouseDrag: true,\r\n\t\t\t\ttouchDrag: true\r\n\t\t\t});\nowl.click( function () {\r\n                    owl.trigger( 'next.owl.carousel' );\r\n                } );});\n<\/script>\n","protected":false},"excerpt":{"rendered":"<p>Ve\u013emi pohodln\u00e9 bavlnen\u00e9 podkolienky v trojitom farebnom preveden\u00ed stu\u017eiek s dvojakou bielou \u010dipkou. Biela stuha v hornom kraji je napevno, u\u017e\u0161ia stu\u017eka pod \u0148ou je vymenite\u013en\u00e1 a nebr\u00e1ni sa akejko\u013evek farebnej kombin\u00e1cii. Mentolov\u00e1, brosky\u0148ov\u00e1 a \u010dierna stu\u017eka s\u00fa samozrejme pribalenou &hellip; <a href=\"http:\/\/lorinoko.com\/?page_id=672\">Continue reading <span class=\"meta-nav\">&rarr;<\/span><\/a><\/p>\n","protected":false},"author":1,"featured_media":0,"parent":1952,"menu_order":0,"comment_status":"open","ping_status":"closed","template":"","meta":{"_monsterinsights_skip_tracking":false,"_monsterinsights_sitenote_active":false,"_monsterinsights_sitenote_note":"","_monsterinsights_sitenote_category":0,"footnotes":""},"class_list":["post-672","page","type-page","status-publish","hentry"],"_links":{"self":[{"href":"http:\/\/lorinoko.com\/index.php?rest_route=\/wp\/v2\/pages\/672","targetHints":{"allow":["GET"]}}],"collection":[{"href":"http:\/\/lorinoko.com\/index.php?rest_route=\/wp\/v2\/pages"}],"about":[{"href":"http:\/\/lorinoko.com\/index.php?rest_route=\/wp\/v2\/types\/page"}],"author":[{"embeddable":true,"href":"http:\/\/lorinoko.com\/index.php?rest_route=\/wp\/v2\/users\/1"}],"replies":[{"embeddable":true,"href":"http:\/\/lorinoko.com\/index.php?rest_route=%2Fwp%2Fv2%2Fcomments&post=672"}],"version-history":[{"count":8,"href":"http:\/\/lorinoko.com\/index.php?rest_route=\/wp\/v2\/pages\/672\/revisions"}],"predecessor-version":[{"id":3438,"href":"http:\/\/lorinoko.com\/index.php?rest_route=\/wp\/v2\/pages\/672\/revisions\/3438"}],"up":[{"embeddable":true,"href":"http:\/\/lorinoko.com\/index.php?rest_route=\/wp\/v2\/pages\/1952"}],"wp:attachment":[{"href":"http:\/\/lorinoko.com\/index.php?rest_route=%2Fwp%2Fv2%2Fmedia&parent=672"}],"curies":[{"name":"wp","href":"https:\/\/api.w.org\/{rel}","templated":true}]}}