{"id":606,"date":"2012-06-29T15:20:50","date_gmt":"2012-06-29T14:20:50","guid":{"rendered":"http:\/\/intarbutt.info\/lorinoko\/?page_id=606"},"modified":"2014-05-21T19:26:04","modified_gmt":"2014-05-21T18:26:04","slug":"blue-navy-elegant-set","status":"publish","type":"page","link":"http:\/\/lorinoko.com\/?page_id=606","title":{"rendered":"Blue Navy Elegant Set"},"content":{"rendered":"<p style=\"text-align: justify;\">Elegentn\u00fdm a z\u00e1rove\u0148 roztomil\u00fdm dojmom p\u00f4sobiaci komplet d\u00e1mskeho saka a sukne. Sako nie je pod\u0161\u00edvkovan\u00e9, je bohato zdoben\u00e9 \u010dipkou hlavne v golierovej a faz\u00f3nkovej \u010dasti, na predn\u00fdch pr\u00edklopk\u00e1ch, ako aj na zadnej s\u00fa\u010dasti, \u010di man\u017eet\u00e1ch na ruk\u00e1voch. Skladan\u00e1 suk\u0148a je v dolnej \u010dasti roz\u0161\u00edren\u00e1 nariasen\u00fdm a dvojakou \u010dipkou zdoben\u00fdm dielom. Suk\u0148a m\u00e1 pevn\u00fd p\u00e1s a zap\u00ednanie na zips a gomb\u00edk. \u0160peci\u00e1lna objedn\u00e1vka pre Nezumi.<\/p>\n<div class=\"slideshow\"><div id=\"ngg_slideshow576061\" class=\"ngg-slideshow owl-carousel\" style=\"max-width: 600px; max-height: 800px;\"><img decoding=\"async\" src=\"http:\/\/lorinoko.com\/wp-content\/gallery\/blue-navy-elegant-set-special\/dscn3893_2.jpg\" alt=\"dscn3893_2\" style=\"max-width: 600px; max-height: 800px; width: auto; height:auto; margin:auto\"><img decoding=\"async\" src=\"http:\/\/lorinoko.com\/wp-content\/gallery\/blue-navy-elegant-set-special\/dscn3900_2.jpg\" alt=\"dscn3900_2\" style=\"max-width: 600px; max-height: 800px; width: auto; height:auto; margin:auto\"><img decoding=\"async\" src=\"http:\/\/lorinoko.com\/wp-content\/gallery\/blue-navy-elegant-set-special\/dscn3913_2.jpg\" alt=\"dscn3913_2\" style=\"max-width: 600px; max-height: 800px; width: auto; height:auto; margin:auto\"><img decoding=\"async\" src=\"http:\/\/lorinoko.com\/wp-content\/gallery\/blue-navy-elegant-set-special\/dscn3915_2.jpg\" alt=\"dscn3915_2\" style=\"max-width: 600px; max-height: 800px; width: auto; height:auto; margin:auto\"><img decoding=\"async\" src=\"http:\/\/lorinoko.com\/wp-content\/gallery\/blue-navy-elegant-set-special\/dscn3922_2.jpg\" alt=\"dscn3922_2\" style=\"max-width: 600px; max-height: 800px; width: auto; height:auto; margin:auto\"><img decoding=\"async\" src=\"http:\/\/lorinoko.com\/wp-content\/gallery\/blue-navy-elegant-set-special\/dscn3931_2.jpg\" alt=\"dscn3931_2\" style=\"max-width: 600px; max-height: 800px; width: auto; height:auto; margin:auto\"><img decoding=\"async\" src=\"http:\/\/lorinoko.com\/wp-content\/gallery\/blue-navy-elegant-set-special\/dscn3959_2.jpg\" alt=\"dscn3959_2\" style=\"max-width: 600px; max-height: 800px; width: auto; height:auto; margin:auto\"><img decoding=\"async\" src=\"http:\/\/lorinoko.com\/wp-content\/gallery\/blue-navy-elegant-set-special\/dscn3963_2.jpg\" alt=\"dscn3963_2\" style=\"max-width: 600px; max-height: 800px; width: auto; height:auto; margin:auto\"><img decoding=\"async\" src=\"http:\/\/lorinoko.com\/wp-content\/gallery\/blue-navy-elegant-set-special\/dscn3969_2.jpg\" alt=\"dscn3969_2\" style=\"max-width: 600px; max-height: 800px; width: auto; height:auto; margin:auto\"><\/div><\/div>\n\n<script type=\"text\/javascript\">jQuery(document).ready(function($) {\r\n\t\t\tvar owl = $('#ngg_slideshow576061');\r\n\t\t\towl.owlCarousel({\r\n\t\t\t\titems: 1,\r\n\t\t\t\tautoHeight: false,\r\n\t            dots: false,\r\n\t            autoplay: true,\r\n\t\t\t\tautoplayTimeout: 4000,\r\n\t\t\t\tautoplayHoverPause: true,\r\n\t\t\t\tanimateIn: 'fadeIn',\r\n\t\t\t\tanimateOut: 'fadeOut',\r\n\t\t\t\tloop: true,\r\n\t\t\t\tmouseDrag: true,\r\n\t\t\t\ttouchDrag: true\r\n\t\t\t});\nowl.click( function () {\r\n                    owl.trigger( 'next.owl.carousel' );\r\n                } );});\n<\/script>\n","protected":false},"excerpt":{"rendered":"<p>Elegentn\u00fdm a z\u00e1rove\u0148 roztomil\u00fdm dojmom p\u00f4sobiaci komplet d\u00e1mskeho saka a sukne. Sako nie je pod\u0161\u00edvkovan\u00e9, je bohato zdoben\u00e9 \u010dipkou hlavne v golierovej a faz\u00f3nkovej \u010dasti, na predn\u00fdch pr\u00edklopk\u00e1ch, ako aj na zadnej s\u00fa\u010dasti, \u010di man\u017eet\u00e1ch na ruk\u00e1voch. Skladan\u00e1 suk\u0148a je &hellip; <a href=\"http:\/\/lorinoko.com\/?page_id=606\">Continue reading <span class=\"meta-nav\">&rarr;<\/span><\/a><\/p>\n","protected":false},"author":1,"featured_media":0,"parent":226,"menu_order":0,"comment_status":"open","ping_status":"open","template":"","meta":{"_monsterinsights_skip_tracking":false,"_monsterinsights_sitenote_active":false,"_monsterinsights_sitenote_note":"","_monsterinsights_sitenote_category":0,"footnotes":""},"class_list":["post-606","page","type-page","status-publish","hentry"],"_links":{"self":[{"href":"http:\/\/lorinoko.com\/index.php?rest_route=\/wp\/v2\/pages\/606","targetHints":{"allow":["GET"]}}],"collection":[{"href":"http:\/\/lorinoko.com\/index.php?rest_route=\/wp\/v2\/pages"}],"about":[{"href":"http:\/\/lorinoko.com\/index.php?rest_route=\/wp\/v2\/types\/page"}],"author":[{"embeddable":true,"href":"http:\/\/lorinoko.com\/index.php?rest_route=\/wp\/v2\/users\/1"}],"replies":[{"embeddable":true,"href":"http:\/\/lorinoko.com\/index.php?rest_route=%2Fwp%2Fv2%2Fcomments&post=606"}],"version-history":[{"count":12,"href":"http:\/\/lorinoko.com\/index.php?rest_route=\/wp\/v2\/pages\/606\/revisions"}],"predecessor-version":[{"id":3471,"href":"http:\/\/lorinoko.com\/index.php?rest_route=\/wp\/v2\/pages\/606\/revisions\/3471"}],"up":[{"embeddable":true,"href":"http:\/\/lorinoko.com\/index.php?rest_route=\/wp\/v2\/pages\/226"}],"wp:attachment":[{"href":"http:\/\/lorinoko.com\/index.php?rest_route=%2Fwp%2Fv2%2Fmedia&parent=606"}],"curies":[{"name":"wp","href":"https:\/\/api.w.org\/{rel}","templated":true}]}}