{"id":473,"date":"2012-05-22T16:12:20","date_gmt":"2012-05-22T15:12:20","guid":{"rendered":"http:\/\/intarbutt.info\/lorinoko\/?page_id=473"},"modified":"2014-05-21T18:16:38","modified_gmt":"2014-05-21T17:16:38","slug":"peach-white-ribbon-headband","status":"publish","type":"page","link":"http:\/\/lorinoko.com\/?page_id=473","title":{"rendered":"Peach-White Ribbon Headband"},"content":{"rendered":"<p style=\"text-align: justify;\">Snehovo biela ma\u0161\u013ea na \u010delenke s jemn\u00fdm brosky\u0148ov\u00fdm n\u00e1dychom. Je decentne zdoben\u00e1 bielymi bavlenn\u00fdmi \u010dipkami a tenu\u010dkou stu\u017ekou brosky\u0148ov\u00e9ho odtie\u0148a. Po stran\u00e1ch dotv\u00e1ra dojem ozdobn\u00e1 stu\u017eka v tare kvetiny. Celkovo ma\u0161\u013ea nep\u00f4sob\u00ed rozmermi extravagantne, ale pekne vynik\u00e1.<br \/>\n<strong>Materi\u00e1l:<\/strong> z\u00e1klad bavlna, \u010dipky bavlna, sat\u00e9nov\u00e9 stu\u017eky a ozdoby, \u010delenka<\/p>\n<div class=\"slideshow\"><div id=\"ngg_slideshow94731\" class=\"ngg-slideshow owl-carousel\" style=\"max-width: 600px; max-height: 400px;\"><img decoding=\"async\" src=\"http:\/\/lorinoko.com\/wp-content\/gallery\/peach-white-ribbon-headband\/dscn2964_2.jpg\" alt=\"dscn2964_2\" style=\"max-width: 600px; max-height: 400px; width: auto; height:auto; margin:auto\"><img decoding=\"async\" src=\"http:\/\/lorinoko.com\/wp-content\/gallery\/peach-white-ribbon-headband\/dscn2965_2.jpg\" alt=\"dscn2965_2\" style=\"max-width: 600px; max-height: 400px; width: auto; height:auto; margin:auto\"><\/div><\/div>\n\n<script type=\"text\/javascript\">jQuery(document).ready(function($) {\r\n\t\t\tvar owl = $('#ngg_slideshow94731');\r\n\t\t\towl.owlCarousel({\r\n\t\t\t\titems: 1,\r\n\t\t\t\tautoHeight: false,\r\n\t            dots: false,\r\n\t            autoplay: true,\r\n\t\t\t\tautoplayTimeout: 4000,\r\n\t\t\t\tautoplayHoverPause: true,\r\n\t\t\t\tanimateIn: 'fadeIn',\r\n\t\t\t\tanimateOut: 'fadeOut',\r\n\t\t\t\tloop: true,\r\n\t\t\t\tmouseDrag: true,\r\n\t\t\t\ttouchDrag: true\r\n\t\t\t});\nowl.click( function () {\r\n                    owl.trigger( 'next.owl.carousel' );\r\n                } );});\n<\/script>\n","protected":false},"excerpt":{"rendered":"<p>Snehovo biela ma\u0161\u013ea na \u010delenke s jemn\u00fdm brosky\u0148ov\u00fdm n\u00e1dychom. Je decentne zdoben\u00e1 bielymi bavlenn\u00fdmi \u010dipkami a tenu\u010dkou stu\u017ekou brosky\u0148ov\u00e9ho odtie\u0148a. Po stran\u00e1ch dotv\u00e1ra dojem ozdobn\u00e1 stu\u017eka v tare kvetiny. Celkovo ma\u0161\u013ea nep\u00f4sob\u00ed rozmermi extravagantne, ale pekne vynik\u00e1. Materi\u00e1l: z\u00e1klad bavlna, &hellip; <a href=\"http:\/\/lorinoko.com\/?page_id=473\">Continue reading <span class=\"meta-nav\">&rarr;<\/span><\/a><\/p>\n","protected":false},"author":1,"featured_media":0,"parent":1942,"menu_order":0,"comment_status":"open","ping_status":"closed","template":"","meta":{"_monsterinsights_skip_tracking":false,"_monsterinsights_sitenote_active":false,"_monsterinsights_sitenote_note":"","_monsterinsights_sitenote_category":0,"footnotes":""},"class_list":["post-473","page","type-page","status-publish","hentry"],"_links":{"self":[{"href":"http:\/\/lorinoko.com\/index.php?rest_route=\/wp\/v2\/pages\/473","targetHints":{"allow":["GET"]}}],"collection":[{"href":"http:\/\/lorinoko.com\/index.php?rest_route=\/wp\/v2\/pages"}],"about":[{"href":"http:\/\/lorinoko.com\/index.php?rest_route=\/wp\/v2\/types\/page"}],"author":[{"embeddable":true,"href":"http:\/\/lorinoko.com\/index.php?rest_route=\/wp\/v2\/users\/1"}],"replies":[{"embeddable":true,"href":"http:\/\/lorinoko.com\/index.php?rest_route=%2Fwp%2Fv2%2Fcomments&post=473"}],"version-history":[{"count":11,"href":"http:\/\/lorinoko.com\/index.php?rest_route=\/wp\/v2\/pages\/473\/revisions"}],"predecessor-version":[{"id":3421,"href":"http:\/\/lorinoko.com\/index.php?rest_route=\/wp\/v2\/pages\/473\/revisions\/3421"}],"up":[{"embeddable":true,"href":"http:\/\/lorinoko.com\/index.php?rest_route=\/wp\/v2\/pages\/1942"}],"wp:attachment":[{"href":"http:\/\/lorinoko.com\/index.php?rest_route=%2Fwp%2Fv2%2Fmedia&parent=473"}],"curies":[{"name":"wp","href":"https:\/\/api.w.org\/{rel}","templated":true}]}}