{"id":4457,"date":"2018-06-08T22:37:58","date_gmt":"2018-06-08T21:37:58","guid":{"rendered":"http:\/\/lorinoko.com\/?page_id=4457"},"modified":"2018-06-08T22:42:47","modified_gmt":"2018-06-08T21:42:47","slug":"tea-time-pink-blue","status":"publish","type":"page","link":"http:\/\/lorinoko.com\/?page_id=4457","title":{"rendered":"Tea-time Pink &#038; Blue"},"content":{"rendered":"\r\n<div class=\"ngg-albumoverview\">\t\r\n\t<!-- List of galleries -->\r\n\t\r\n\t<div class=\"ngg-album\">\r\n\t\t<div class=\"ngg-albumtitle\"><a href=\"http:\/\/lorinoko.com\/?page_id=4456\">Tea-time Pink Skirt<\/a><\/div>\r\n\t\t\t<div class=\"ngg-albumcontent\">\r\n\t\t\t\t<div class=\"ngg-thumbnail\">\r\n\t\t\t\t\t<a href=\"http:\/\/lorinoko.com\/?page_id=4456\"><img decoding=\"async\" class=\"Thumb\" alt=\"Tea-time Pink Skirt\" src=\"http:\/\/lorinoko.com\/wp-content\/gallery\/tea-time-pink-skirt\/thumbs\/thumbs_p1060422.jpg\"\/><\/a>\r\n\t\t\t\t<\/div>\r\n\t\t\t\t<div class=\"ngg-description\">\r\n\t\t\t\t<p>Kr\u00e1sna potla\u010d so vzorom \u0161\u00e1lok na sukni ako stvorenej pre klasick\u00fa \u010dajov\u00fa p\u00e1rty. Elastick\u00e1 v p\u00e1se a zdoben\u00e1 viac druhmi \u010dipky a stu\u017eiek. Ru\u017eov\u00e1 verzia.<\/p>\r\n\t\t\t\t\t\t\t\t<p><strong>8<\/strong> Photos<\/p>\r\n\t\t\t\t\t\t\t<\/div>\r\n\t\t<\/div>\r\n\t<\/div>\r\n\r\n \t\r\n\t<div class=\"ngg-album\">\r\n\t\t<div class=\"ngg-albumtitle\"><a href=\"http:\/\/lorinoko.com\/?page_id=4465\">Tea-time Blue Skirt<\/a><\/div>\r\n\t\t\t<div class=\"ngg-albumcontent\">\r\n\t\t\t\t<div class=\"ngg-thumbnail\">\r\n\t\t\t\t\t<a href=\"http:\/\/lorinoko.com\/?page_id=4465\"><img decoding=\"async\" class=\"Thumb\" alt=\"Tea-time Blue Skirt\" src=\"http:\/\/lorinoko.com\/wp-content\/gallery\/tea-time-blue-skirt\/thumbs\/thumbs_p1060432.jpg\"\/><\/a>\r\n\t\t\t\t<\/div>\r\n\t\t\t\t<div class=\"ngg-description\">\r\n\t\t\t\t<p>Kr\u00e1sna potla\u010d so vzorom \u0161\u00e1lok na sukni ako stvorenej pre klasick\u00fa \u010dajov\u00fa p\u00e1rty. Elastick\u00e1 v p\u00e1se a zdoben\u00e1 viac druhmi \u010dipky a stu\u017eiek. Belas\u00e1 verzia.<\/p>\r\n\t\t\t\t\t\t\t\t<p><strong>8<\/strong> Photos<\/p>\r\n\t\t\t\t\t\t\t<\/div>\r\n\t\t<\/div>\r\n\t<\/div>\r\n\r\n \t\r\n\t<div class=\"ngg-album\">\r\n\t\t<div class=\"ngg-albumtitle\"><a href=\"http:\/\/lorinoko.com\/?page_id=4469\">Tea-time Pink Pochette<\/a><\/div>\r\n\t\t\t<div class=\"ngg-albumcontent\">\r\n\t\t\t\t<div class=\"ngg-thumbnail\">\r\n\t\t\t\t\t<a href=\"http:\/\/lorinoko.com\/?page_id=4469\"><img decoding=\"async\" class=\"Thumb\" alt=\"Tea-time Pink Pochette\" src=\"http:\/\/lorinoko.com\/wp-content\/gallery\/tea-time-pink-pochette\/thumbs\/thumbs_p1060584.jpg\"\/><\/a>\r\n\t\t\t\t<\/div>\r\n\t\t\t\t<div class=\"ngg-description\">\r\n\t\t\t\t<p>Zdoben\u00e1 ta\u0161ti\u010dka cez plece ladiaca k sukni Tea-time Pink Skirt. Ru\u017eov\u00e1 verzia.<\/p>\r\n\t\t\t\t\t\t\t\t<p><strong>9<\/strong> Photos<\/p>\r\n\t\t\t\t\t\t\t<\/div>\r\n\t\t<\/div>\r\n\t<\/div>\r\n\r\n \t\r\n\t<div class=\"ngg-album\">\r\n\t\t<div class=\"ngg-albumtitle\"><a href=\"http:\/\/lorinoko.com\/?page_id=4473\">Tea-time Blue Pochette<\/a><\/div>\r\n\t\t\t<div class=\"ngg-albumcontent\">\r\n\t\t\t\t<div class=\"ngg-thumbnail\">\r\n\t\t\t\t\t<a href=\"http:\/\/lorinoko.com\/?page_id=4473\"><img decoding=\"async\" class=\"Thumb\" alt=\"Tea-time Blue Pochette\" src=\"http:\/\/lorinoko.com\/wp-content\/gallery\/tea-time-blue-pochette\/thumbs\/thumbs_p1060588.jpg\"\/><\/a>\r\n\t\t\t\t<\/div>\r\n\t\t\t\t<div class=\"ngg-description\">\r\n\t\t\t\t<p>Zdoben\u00e1 ta\u0161ti\u010dka cez plece ladiaca k sukni Tea-time Pink Skirt. Belas\u00e1 verzia.<\/p>\r\n\t\t\t\t\t\t\t\t<p><strong>8<\/strong> Photos<\/p>\r\n\t\t\t\t\t\t\t<\/div>\r\n\t\t<\/div>\r\n\t<\/div>\r\n\r\n \t \t\r\n\t<!-- Pagination -->\r\n \t<div class=\"ngg-clear\"><\/div> \t\r\n<\/div>\r\n\r\n\n","protected":false},"excerpt":{"rendered":"","protected":false},"author":1,"featured_media":0,"parent":1756,"menu_order":0,"comment_status":"closed","ping_status":"closed","template":"","meta":{"_monsterinsights_skip_tracking":false,"_monsterinsights_sitenote_active":false,"_monsterinsights_sitenote_note":"","_monsterinsights_sitenote_category":0,"footnotes":""},"class_list":["post-4457","page","type-page","status-publish","hentry"],"_links":{"self":[{"href":"http:\/\/lorinoko.com\/index.php?rest_route=\/wp\/v2\/pages\/4457","targetHints":{"allow":["GET"]}}],"collection":[{"href":"http:\/\/lorinoko.com\/index.php?rest_route=\/wp\/v2\/pages"}],"about":[{"href":"http:\/\/lorinoko.com\/index.php?rest_route=\/wp\/v2\/types\/page"}],"author":[{"embeddable":true,"href":"http:\/\/lorinoko.com\/index.php?rest_route=\/wp\/v2\/users\/1"}],"replies":[{"embeddable":true,"href":"http:\/\/lorinoko.com\/index.php?rest_route=%2Fwp%2Fv2%2Fcomments&post=4457"}],"version-history":[{"count":1,"href":"http:\/\/lorinoko.com\/index.php?rest_route=\/wp\/v2\/pages\/4457\/revisions"}],"predecessor-version":[{"id":4458,"href":"http:\/\/lorinoko.com\/index.php?rest_route=\/wp\/v2\/pages\/4457\/revisions\/4458"}],"up":[{"embeddable":true,"href":"http:\/\/lorinoko.com\/index.php?rest_route=\/wp\/v2\/pages\/1756"}],"wp:attachment":[{"href":"http:\/\/lorinoko.com\/index.php?rest_route=%2Fwp%2Fv2%2Fmedia&parent=4457"}],"curies":[{"name":"wp","href":"https:\/\/api.w.org\/{rel}","templated":true}]}}