{"id":4430,"date":"2017-10-10T20:38:03","date_gmt":"2017-10-10T19:38:03","guid":{"rendered":"http:\/\/lorinoko.com\/?page_id=4430"},"modified":"2017-10-10T20:38:03","modified_gmt":"2017-10-10T19:38:03","slug":"black-star-bow-hairpin","status":"publish","type":"page","link":"http:\/\/lorinoko.com\/?page_id=4430","title":{"rendered":"Black Star Bow Hairpin"},"content":{"rendered":"<p>\u010cierna ma\u0161li\u010dka v okrajoch s bielo-\u010diernou maderiou. V strede zdoben\u00e1 zamatovou stu\u017ekou a trblietavou kovovou hviezdi\u010dkou. So \u0161tipcov\u00fdm zap\u00ednan\u00edm.<\/p>\n<div class=\"slideshow\"><div id=\"ngg_slideshow26244301\" class=\"ngg-slideshow owl-carousel\" style=\"max-width: 600px; max-height: 400px;\"><img decoding=\"async\" src=\"http:\/\/lorinoko.com\/wp-content\/gallery\/black-star-bow-hairpin\/p1050539.jpg\" alt=\"p1050539\" style=\"max-width: 600px; max-height: 400px; width: auto; height:auto; margin:auto\"><img decoding=\"async\" src=\"http:\/\/lorinoko.com\/wp-content\/gallery\/black-star-bow-hairpin\/p1050540.jpg\" alt=\"p1050540\" style=\"max-width: 600px; max-height: 400px; width: auto; height:auto; margin:auto\"><img decoding=\"async\" src=\"http:\/\/lorinoko.com\/wp-content\/gallery\/black-star-bow-hairpin\/p1050541.jpg\" alt=\"p1050541\" style=\"max-width: 600px; max-height: 400px; width: auto; height:auto; margin:auto\"><img decoding=\"async\" src=\"http:\/\/lorinoko.com\/wp-content\/gallery\/black-star-bow-hairpin\/p1050542.jpg\" alt=\"p1050542\" style=\"max-width: 600px; max-height: 400px; width: auto; height:auto; margin:auto\"><img decoding=\"async\" src=\"http:\/\/lorinoko.com\/wp-content\/gallery\/black-star-bow-hairpin\/p1050543.jpg\" alt=\"p1050543\" style=\"max-width: 600px; max-height: 400px; width: auto; height:auto; margin:auto\"><\/div><\/div>\n\n<script type=\"text\/javascript\">jQuery(document).ready(function($) {\r\n\t\t\tvar owl = $('#ngg_slideshow26244301');\r\n\t\t\towl.owlCarousel({\r\n\t\t\t\titems: 1,\r\n\t\t\t\tautoHeight: false,\r\n\t            dots: false,\r\n\t            autoplay: true,\r\n\t\t\t\tautoplayTimeout: 4000,\r\n\t\t\t\tautoplayHoverPause: true,\r\n\t\t\t\tanimateIn: 'fadeIn',\r\n\t\t\t\tanimateOut: 'fadeOut',\r\n\t\t\t\tloop: true,\r\n\t\t\t\tmouseDrag: true,\r\n\t\t\t\ttouchDrag: true\r\n\t\t\t});\nowl.click( function () {\r\n                    owl.trigger( 'next.owl.carousel' );\r\n                } );});\n<\/script>\n","protected":false},"excerpt":{"rendered":"<p>\u010cierna ma\u0161li\u010dka v okrajoch s bielo-\u010diernou maderiou. V strede zdoben\u00e1 zamatovou stu\u017ekou a trblietavou kovovou hviezdi\u010dkou. So \u0161tipcov\u00fdm zap\u00ednan\u00edm.<\/p>\n","protected":false},"author":1,"featured_media":0,"parent":1942,"menu_order":0,"comment_status":"closed","ping_status":"closed","template":"","meta":{"_monsterinsights_skip_tracking":false,"_monsterinsights_sitenote_active":false,"_monsterinsights_sitenote_note":"","_monsterinsights_sitenote_category":0,"footnotes":""},"class_list":["post-4430","page","type-page","status-publish","hentry"],"_links":{"self":[{"href":"http:\/\/lorinoko.com\/index.php?rest_route=\/wp\/v2\/pages\/4430","targetHints":{"allow":["GET"]}}],"collection":[{"href":"http:\/\/lorinoko.com\/index.php?rest_route=\/wp\/v2\/pages"}],"about":[{"href":"http:\/\/lorinoko.com\/index.php?rest_route=\/wp\/v2\/types\/page"}],"author":[{"embeddable":true,"href":"http:\/\/lorinoko.com\/index.php?rest_route=\/wp\/v2\/users\/1"}],"replies":[{"embeddable":true,"href":"http:\/\/lorinoko.com\/index.php?rest_route=%2Fwp%2Fv2%2Fcomments&post=4430"}],"version-history":[{"count":1,"href":"http:\/\/lorinoko.com\/index.php?rest_route=\/wp\/v2\/pages\/4430\/revisions"}],"predecessor-version":[{"id":4431,"href":"http:\/\/lorinoko.com\/index.php?rest_route=\/wp\/v2\/pages\/4430\/revisions\/4431"}],"up":[{"embeddable":true,"href":"http:\/\/lorinoko.com\/index.php?rest_route=\/wp\/v2\/pages\/1942"}],"wp:attachment":[{"href":"http:\/\/lorinoko.com\/index.php?rest_route=%2Fwp%2Fv2%2Fmedia&parent=4430"}],"curies":[{"name":"wp","href":"https:\/\/api.w.org\/{rel}","templated":true}]}}