{"id":440,"date":"2012-05-22T15:17:21","date_gmt":"2012-05-22T14:17:21","guid":{"rendered":"http:\/\/intarbutt.info\/lorinoko\/?page_id=440"},"modified":"2014-05-21T19:41:36","modified_gmt":"2014-05-21T18:41:36","slug":"ruby-red-sukna","status":"publish","type":"page","link":"http:\/\/lorinoko.com\/?page_id=440","title":{"rendered":"Ruby Red suk\u0148a"},"content":{"rendered":"<p style=\"text-align: justify;\">S\u00fdto \u010derven\u00e1 kruhov\u00e1 suk\u0148a s mohutn\u00fdm sp\u00e1dom a riasen\u00edm v dolnej \u010dasti. So spr\u00e1vnou spodni\u010dkou vytv\u00e1ra skuto\u010dne impozantn\u00fd objem. S\u00fa\u010das\u0165ou je aj jednoduch\u00e1 ve\u013ek\u00e1 ma\u0161\u013ea.<\/p>\n<div class=\"slideshow\"><div id=\"ngg_slideshow334401\" class=\"ngg-slideshow owl-carousel\" style=\"max-width: 600px; max-height: 400px;\"><img decoding=\"async\" src=\"http:\/\/lorinoko.com\/wp-content\/gallery\/ruby-red-skirt-special-order\/002_dscn0860_2.jpg\" alt=\"002_dscn0860_2\" style=\"max-width: 600px; max-height: 400px; width: auto; height:auto; margin:auto\"><img decoding=\"async\" src=\"http:\/\/lorinoko.com\/wp-content\/gallery\/ruby-red-skirt-special-order\/003_dscn0865_2.jpg\" alt=\"003_dscn0865_2\" style=\"max-width: 600px; max-height: 400px; width: auto; height:auto; margin:auto\"><img decoding=\"async\" src=\"http:\/\/lorinoko.com\/wp-content\/gallery\/ruby-red-skirt-special-order\/004_dscn0882_2.jpg\" alt=\"004_dscn0882_2\" style=\"max-width: 600px; max-height: 400px; width: auto; height:auto; margin:auto\"><img decoding=\"async\" src=\"http:\/\/lorinoko.com\/wp-content\/gallery\/ruby-red-skirt-special-order\/005_dscn0886_2.jpg\" alt=\"005_dscn0886_2\" style=\"max-width: 600px; max-height: 400px; width: auto; height:auto; margin:auto\"><img decoding=\"async\" src=\"http:\/\/lorinoko.com\/wp-content\/gallery\/ruby-red-skirt-special-order\/006_dscn0950_2.jpg\" alt=\"006_dscn0950_2\" style=\"max-width: 600px; max-height: 400px; width: auto; height:auto; margin:auto\"><\/div><\/div>\n\n<script type=\"text\/javascript\">jQuery(document).ready(function($) {\r\n\t\t\tvar owl = $('#ngg_slideshow334401');\r\n\t\t\towl.owlCarousel({\r\n\t\t\t\titems: 1,\r\n\t\t\t\tautoHeight: false,\r\n\t            dots: false,\r\n\t            autoplay: true,\r\n\t\t\t\tautoplayTimeout: 4000,\r\n\t\t\t\tautoplayHoverPause: true,\r\n\t\t\t\tanimateIn: 'fadeIn',\r\n\t\t\t\tanimateOut: 'fadeOut',\r\n\t\t\t\tloop: true,\r\n\t\t\t\tmouseDrag: true,\r\n\t\t\t\ttouchDrag: true\r\n\t\t\t});\nowl.click( function () {\r\n                    owl.trigger( 'next.owl.carousel' );\r\n                } );});\n<\/script>\n","protected":false},"excerpt":{"rendered":"<p>S\u00fdto \u010derven\u00e1 kruhov\u00e1 suk\u0148a s mohutn\u00fdm sp\u00e1dom a riasen\u00edm v dolnej \u010dasti. So spr\u00e1vnou spodni\u010dkou vytv\u00e1ra skuto\u010dne impozantn\u00fd objem. S\u00fa\u010das\u0165ou je aj jednoduch\u00e1 ve\u013ek\u00e1 ma\u0161\u013ea.<\/p>\n","protected":false},"author":1,"featured_media":0,"parent":226,"menu_order":0,"comment_status":"open","ping_status":"open","template":"","meta":{"_monsterinsights_skip_tracking":false,"_monsterinsights_sitenote_active":false,"_monsterinsights_sitenote_note":"","_monsterinsights_sitenote_category":0,"footnotes":""},"class_list":["post-440","page","type-page","status-publish","hentry"],"_links":{"self":[{"href":"http:\/\/lorinoko.com\/index.php?rest_route=\/wp\/v2\/pages\/440","targetHints":{"allow":["GET"]}}],"collection":[{"href":"http:\/\/lorinoko.com\/index.php?rest_route=\/wp\/v2\/pages"}],"about":[{"href":"http:\/\/lorinoko.com\/index.php?rest_route=\/wp\/v2\/types\/page"}],"author":[{"embeddable":true,"href":"http:\/\/lorinoko.com\/index.php?rest_route=\/wp\/v2\/users\/1"}],"replies":[{"embeddable":true,"href":"http:\/\/lorinoko.com\/index.php?rest_route=%2Fwp%2Fv2%2Fcomments&post=440"}],"version-history":[{"count":8,"href":"http:\/\/lorinoko.com\/index.php?rest_route=\/wp\/v2\/pages\/440\/revisions"}],"predecessor-version":[{"id":3473,"href":"http:\/\/lorinoko.com\/index.php?rest_route=\/wp\/v2\/pages\/440\/revisions\/3473"}],"up":[{"embeddable":true,"href":"http:\/\/lorinoko.com\/index.php?rest_route=\/wp\/v2\/pages\/226"}],"wp:attachment":[{"href":"http:\/\/lorinoko.com\/index.php?rest_route=%2Fwp%2Fv2%2Fmedia&parent=440"}],"curies":[{"name":"wp","href":"https:\/\/api.w.org\/{rel}","templated":true}]}}