{"id":4369,"date":"2016-04-28T20:33:05","date_gmt":"2016-04-28T19:33:05","guid":{"rendered":"http:\/\/lorinoko.com\/?page_id=4369"},"modified":"2016-04-28T20:33:05","modified_gmt":"2016-04-28T19:33:05","slug":"steam-bat-akarui-choker","status":"publish","type":"page","link":"http:\/\/lorinoko.com\/?page_id=4369","title":{"rendered":"Steam Bat Akarui Choker"},"content":{"rendered":"<p style=\"text-align: justify;\">B\u00e9\u017eovo biely obojok v steampunkovom laden\u00ed zhotoven\u00fd z bavlnenej \u010dipky. Ozdoben\u00fd bronzov\u00fdmi retiazkami, ozuben\u00fdm kolieskom a ve\u013ekou podobiz\u0148ou netopiera z bronzu. V dolnej \u010dasti aj pr\u00edveskom v tvare ma\u0161li\u010dky. Zap\u00ednanie je preveden\u00e9 taktie\u017e bronzovou retiazkom s zap\u00ednac\u00edm h\u00e1\u010dikom.<br \/>\n<strong>Obvod krku:<\/strong> 32+ cm<\/p>\n<p style=\"text-align: justify;\"><div class=\"slideshow\"><div id=\"ngg_slideshow25243691\" class=\"ngg-slideshow owl-carousel\" style=\"max-width: 600px; max-height: 400px;\"><img decoding=\"async\" src=\"http:\/\/lorinoko.com\/wp-content\/gallery\/steam-bat-akarui-choker\/p1050348.jpg\" alt=\"p1050348\" style=\"max-width: 600px; max-height: 400px; width: auto; height:auto; margin:auto\"><img decoding=\"async\" src=\"http:\/\/lorinoko.com\/wp-content\/gallery\/steam-bat-akarui-choker\/p1050349.jpg\" alt=\"p1050349\" style=\"max-width: 600px; max-height: 400px; width: auto; height:auto; margin:auto\"><img decoding=\"async\" src=\"http:\/\/lorinoko.com\/wp-content\/gallery\/steam-bat-akarui-choker\/p1050350.jpg\" alt=\"p1050350\" style=\"max-width: 600px; max-height: 400px; width: auto; height:auto; margin:auto\"><img decoding=\"async\" src=\"http:\/\/lorinoko.com\/wp-content\/gallery\/steam-bat-akarui-choker\/p1050351.jpg\" alt=\"p1050351\" style=\"max-width: 600px; max-height: 400px; width: auto; height:auto; margin:auto\"><img decoding=\"async\" src=\"http:\/\/lorinoko.com\/wp-content\/gallery\/steam-bat-akarui-choker\/p1050352.jpg\" alt=\"p1050352\" style=\"max-width: 600px; max-height: 400px; width: auto; height:auto; margin:auto\"><img decoding=\"async\" src=\"http:\/\/lorinoko.com\/wp-content\/gallery\/steam-bat-akarui-choker\/p1050353.jpg\" alt=\"p1050353\" style=\"max-width: 600px; max-height: 400px; width: auto; height:auto; margin:auto\"><img decoding=\"async\" src=\"http:\/\/lorinoko.com\/wp-content\/gallery\/steam-bat-akarui-choker\/p1050354.jpg\" alt=\"p1050354\" style=\"max-width: 600px; max-height: 400px; width: auto; height:auto; margin:auto\"><img decoding=\"async\" src=\"http:\/\/lorinoko.com\/wp-content\/gallery\/steam-bat-akarui-choker\/p1050363.jpg\" alt=\"p1050363\" style=\"max-width: 600px; max-height: 400px; width: auto; height:auto; margin:auto\"><img decoding=\"async\" src=\"http:\/\/lorinoko.com\/wp-content\/gallery\/steam-bat-akarui-choker\/p1050364.jpg\" alt=\"p1050364\" style=\"max-width: 600px; max-height: 400px; width: auto; height:auto; margin:auto\"><img decoding=\"async\" src=\"http:\/\/lorinoko.com\/wp-content\/gallery\/steam-bat-akarui-choker\/p1050366.jpg\" alt=\"p1050366\" style=\"max-width: 600px; max-height: 400px; width: auto; height:auto; margin:auto\"><\/div><\/div>\n\n<script type=\"text\/javascript\">jQuery(document).ready(function($) {\r\n\t\t\tvar owl = $('#ngg_slideshow25243691');\r\n\t\t\towl.owlCarousel({\r\n\t\t\t\titems: 1,\r\n\t\t\t\tautoHeight: false,\r\n\t            dots: false,\r\n\t            autoplay: true,\r\n\t\t\t\tautoplayTimeout: 4000,\r\n\t\t\t\tautoplayHoverPause: true,\r\n\t\t\t\tanimateIn: 'fadeIn',\r\n\t\t\t\tanimateOut: 'fadeOut',\r\n\t\t\t\tloop: true,\r\n\t\t\t\tmouseDrag: true,\r\n\t\t\t\ttouchDrag: true\r\n\t\t\t});\nowl.click( function () {\r\n                    owl.trigger( 'next.owl.carousel' );\r\n                } );});\n<\/script><\/p>\n","protected":false},"excerpt":{"rendered":"<p>B\u00e9\u017eovo biely obojok v steampunkovom laden\u00ed zhotoven\u00fd z bavlnenej \u010dipky. Ozdoben\u00fd bronzov\u00fdmi retiazkami, ozuben\u00fdm kolieskom a ve\u013ekou podobiz\u0148ou netopiera z bronzu. V dolnej \u010dasti aj pr\u00edveskom v tvare ma\u0161li\u010dky. Zap\u00ednanie je preveden\u00e9 taktie\u017e bronzovou retiazkom s zap\u00ednac\u00edm h\u00e1\u010dikom. Obvod krku: &hellip; <a href=\"http:\/\/lorinoko.com\/?page_id=4369\">Continue reading <span class=\"meta-nav\">&rarr;<\/span><\/a><\/p>\n","protected":false},"author":1,"featured_media":0,"parent":1956,"menu_order":0,"comment_status":"closed","ping_status":"closed","template":"","meta":{"_monsterinsights_skip_tracking":false,"_monsterinsights_sitenote_active":false,"_monsterinsights_sitenote_note":"","_monsterinsights_sitenote_category":0,"footnotes":""},"class_list":["post-4369","page","type-page","status-publish","hentry"],"_links":{"self":[{"href":"http:\/\/lorinoko.com\/index.php?rest_route=\/wp\/v2\/pages\/4369","targetHints":{"allow":["GET"]}}],"collection":[{"href":"http:\/\/lorinoko.com\/index.php?rest_route=\/wp\/v2\/pages"}],"about":[{"href":"http:\/\/lorinoko.com\/index.php?rest_route=\/wp\/v2\/types\/page"}],"author":[{"embeddable":true,"href":"http:\/\/lorinoko.com\/index.php?rest_route=\/wp\/v2\/users\/1"}],"replies":[{"embeddable":true,"href":"http:\/\/lorinoko.com\/index.php?rest_route=%2Fwp%2Fv2%2Fcomments&post=4369"}],"version-history":[{"count":1,"href":"http:\/\/lorinoko.com\/index.php?rest_route=\/wp\/v2\/pages\/4369\/revisions"}],"predecessor-version":[{"id":4370,"href":"http:\/\/lorinoko.com\/index.php?rest_route=\/wp\/v2\/pages\/4369\/revisions\/4370"}],"up":[{"embeddable":true,"href":"http:\/\/lorinoko.com\/index.php?rest_route=\/wp\/v2\/pages\/1956"}],"wp:attachment":[{"href":"http:\/\/lorinoko.com\/index.php?rest_route=%2Fwp%2Fv2%2Fmedia&parent=4369"}],"curies":[{"name":"wp","href":"https:\/\/api.w.org\/{rel}","templated":true}]}}