{"id":4341,"date":"2016-04-01T10:28:39","date_gmt":"2016-04-01T09:28:39","guid":{"rendered":"http:\/\/lorinoko.com\/?page_id=4341"},"modified":"2016-04-01T10:28:39","modified_gmt":"2016-04-01T09:28:39","slug":"snow-star-velvet-choker","status":"publish","type":"page","link":"http:\/\/lorinoko.com\/?page_id=4341","title":{"rendered":"Snow Star Velvet choker"},"content":{"rendered":"<p style=\"text-align: justify;\">Trblietav\u00fd obojok laden\u00fd v zimnom \u0161t\u00fdle sa vyzna\u010duje bohat\u00fdm zdoben\u00edm v poddobe kovov\u00fdch a umel\u00fdch ozd\u00f4b v tvaroch vlo\u010diek a hviezdi\u010diek &#8211; v\u0161etko na zamatovo-sat\u00e9novom podklade.<\/p>\n<div class=\"slideshow\"><div id=\"ngg_slideshow25043411\" class=\"ngg-slideshow owl-carousel\" style=\"max-width: 600px; max-height: 400px;\"><img decoding=\"async\" src=\"http:\/\/lorinoko.com\/wp-content\/gallery\/snow-star-velvet-choker\/001_p1050275.jpg\" alt=\"001_p1050275\" style=\"max-width: 600px; max-height: 400px; width: auto; height:auto; margin:auto\"><img decoding=\"async\" src=\"http:\/\/lorinoko.com\/wp-content\/gallery\/snow-star-velvet-choker\/002_p1050276.jpg\" alt=\"002_p1050276\" style=\"max-width: 600px; max-height: 400px; width: auto; height:auto; margin:auto\"><img decoding=\"async\" src=\"http:\/\/lorinoko.com\/wp-content\/gallery\/snow-star-velvet-choker\/003_p1050277.jpg\" alt=\"003_p1050277\" style=\"max-width: 600px; max-height: 400px; width: auto; height:auto; margin:auto\"><img decoding=\"async\" src=\"http:\/\/lorinoko.com\/wp-content\/gallery\/snow-star-velvet-choker\/004_p1050278.jpg\" alt=\"004_p1050278\" style=\"max-width: 600px; max-height: 400px; width: auto; height:auto; margin:auto\"><img decoding=\"async\" src=\"http:\/\/lorinoko.com\/wp-content\/gallery\/snow-star-velvet-choker\/005_p1050279.jpg\" alt=\"005_p1050279\" style=\"max-width: 600px; max-height: 400px; width: auto; height:auto; margin:auto\"><img decoding=\"async\" src=\"http:\/\/lorinoko.com\/wp-content\/gallery\/snow-star-velvet-choker\/006_p1050280.jpg\" alt=\"006_p1050280\" style=\"max-width: 600px; max-height: 400px; width: auto; height:auto; margin:auto\"><img decoding=\"async\" src=\"http:\/\/lorinoko.com\/wp-content\/gallery\/snow-star-velvet-choker\/007_p1050282.jpg\" alt=\"007_p1050282\" style=\"max-width: 600px; max-height: 400px; width: auto; height:auto; margin:auto\"><\/div><\/div>\n\n<script type=\"text\/javascript\">jQuery(document).ready(function($) {\r\n\t\t\tvar owl = $('#ngg_slideshow25043411');\r\n\t\t\towl.owlCarousel({\r\n\t\t\t\titems: 1,\r\n\t\t\t\tautoHeight: false,\r\n\t            dots: false,\r\n\t            autoplay: true,\r\n\t\t\t\tautoplayTimeout: 4000,\r\n\t\t\t\tautoplayHoverPause: true,\r\n\t\t\t\tanimateIn: 'fadeIn',\r\n\t\t\t\tanimateOut: 'fadeOut',\r\n\t\t\t\tloop: true,\r\n\t\t\t\tmouseDrag: true,\r\n\t\t\t\ttouchDrag: true\r\n\t\t\t});\nowl.click( function () {\r\n                    owl.trigger( 'next.owl.carousel' );\r\n                } );});\n<\/script>\n","protected":false},"excerpt":{"rendered":"<p>Trblietav\u00fd obojok laden\u00fd v zimnom \u0161t\u00fdle sa vyzna\u010duje bohat\u00fdm zdoben\u00edm v poddobe kovov\u00fdch a umel\u00fdch ozd\u00f4b v tvaroch vlo\u010diek a hviezdi\u010diek &#8211; v\u0161etko na zamatovo-sat\u00e9novom podklade.<\/p>\n","protected":false},"author":1,"featured_media":0,"parent":1956,"menu_order":0,"comment_status":"closed","ping_status":"closed","template":"","meta":{"_monsterinsights_skip_tracking":false,"_monsterinsights_sitenote_active":false,"_monsterinsights_sitenote_note":"","_monsterinsights_sitenote_category":0,"footnotes":""},"class_list":["post-4341","page","type-page","status-publish","hentry"],"_links":{"self":[{"href":"http:\/\/lorinoko.com\/index.php?rest_route=\/wp\/v2\/pages\/4341","targetHints":{"allow":["GET"]}}],"collection":[{"href":"http:\/\/lorinoko.com\/index.php?rest_route=\/wp\/v2\/pages"}],"about":[{"href":"http:\/\/lorinoko.com\/index.php?rest_route=\/wp\/v2\/types\/page"}],"author":[{"embeddable":true,"href":"http:\/\/lorinoko.com\/index.php?rest_route=\/wp\/v2\/users\/1"}],"replies":[{"embeddable":true,"href":"http:\/\/lorinoko.com\/index.php?rest_route=%2Fwp%2Fv2%2Fcomments&post=4341"}],"version-history":[{"count":1,"href":"http:\/\/lorinoko.com\/index.php?rest_route=\/wp\/v2\/pages\/4341\/revisions"}],"predecessor-version":[{"id":4342,"href":"http:\/\/lorinoko.com\/index.php?rest_route=\/wp\/v2\/pages\/4341\/revisions\/4342"}],"up":[{"embeddable":true,"href":"http:\/\/lorinoko.com\/index.php?rest_route=\/wp\/v2\/pages\/1956"}],"wp:attachment":[{"href":"http:\/\/lorinoko.com\/index.php?rest_route=%2Fwp%2Fv2%2Fmedia&parent=4341"}],"curies":[{"name":"wp","href":"https:\/\/api.w.org\/{rel}","templated":true}]}}