{"id":4337,"date":"2016-04-01T10:27:45","date_gmt":"2016-04-01T09:27:45","guid":{"rendered":"http:\/\/lorinoko.com\/?page_id=4337"},"modified":"2016-04-01T10:27:45","modified_gmt":"2016-04-01T09:27:45","slug":"burgundy-velvet-choker","status":"publish","type":"page","link":"http:\/\/lorinoko.com\/?page_id=4337","title":{"rendered":"Burgundy Velvet choker"},"content":{"rendered":"<p style=\"text-align: justify;\">V\u00ednovo-\u010derveno laden\u00fd ozdobn\u00fd obojok na krk pozost\u00e1vaj\u00faci z bavlnenej \u010dipky, zamatov\u00fdch a sat\u00e9nov\u00fdch stu\u017eiek a strieborno kovov\u00e9ho zdobenia. Vhodn\u00fd ku klasick\u00e9hu i gotick\u00e9mu \u0161t\u00fdlu.<\/p>\n<div class=\"slideshow\"><div id=\"ngg_slideshow24843371\" class=\"ngg-slideshow owl-carousel\" style=\"max-width: 600px; max-height: 400px;\"><img decoding=\"async\" src=\"http:\/\/lorinoko.com\/wp-content\/gallery\/burgundy-velvet-choker\/001_p1050245.jpg\" alt=\"001_p1050245\" style=\"max-width: 600px; max-height: 400px; width: auto; height:auto; margin:auto\"><img decoding=\"async\" src=\"http:\/\/lorinoko.com\/wp-content\/gallery\/burgundy-velvet-choker\/002_p1050246.jpg\" alt=\"002_p1050246\" style=\"max-width: 600px; max-height: 400px; width: auto; height:auto; margin:auto\"><img decoding=\"async\" src=\"http:\/\/lorinoko.com\/wp-content\/gallery\/burgundy-velvet-choker\/003_p1050247.jpg\" alt=\"003_p1050247\" style=\"max-width: 600px; max-height: 400px; width: auto; height:auto; margin:auto\"><img decoding=\"async\" src=\"http:\/\/lorinoko.com\/wp-content\/gallery\/burgundy-velvet-choker\/004_p1050248.jpg\" alt=\"004_p1050248\" style=\"max-width: 600px; max-height: 400px; width: auto; height:auto; margin:auto\"><img decoding=\"async\" src=\"http:\/\/lorinoko.com\/wp-content\/gallery\/burgundy-velvet-choker\/005_p1050249.jpg\" alt=\"005_p1050249\" style=\"max-width: 600px; max-height: 400px; width: auto; height:auto; margin:auto\"><img decoding=\"async\" src=\"http:\/\/lorinoko.com\/wp-content\/gallery\/burgundy-velvet-choker\/006_p1050250.jpg\" alt=\"006_p1050250\" style=\"max-width: 600px; max-height: 400px; width: auto; height:auto; margin:auto\"><img decoding=\"async\" src=\"http:\/\/lorinoko.com\/wp-content\/gallery\/burgundy-velvet-choker\/007_p1050251.jpg\" alt=\"007_p1050251\" style=\"max-width: 600px; max-height: 400px; width: auto; height:auto; margin:auto\"><\/div><\/div>\n\n<script type=\"text\/javascript\">jQuery(document).ready(function($) {\r\n\t\t\tvar owl = $('#ngg_slideshow24843371');\r\n\t\t\towl.owlCarousel({\r\n\t\t\t\titems: 1,\r\n\t\t\t\tautoHeight: false,\r\n\t            dots: false,\r\n\t            autoplay: true,\r\n\t\t\t\tautoplayTimeout: 4000,\r\n\t\t\t\tautoplayHoverPause: true,\r\n\t\t\t\tanimateIn: 'fadeIn',\r\n\t\t\t\tanimateOut: 'fadeOut',\r\n\t\t\t\tloop: true,\r\n\t\t\t\tmouseDrag: true,\r\n\t\t\t\ttouchDrag: true\r\n\t\t\t});\nowl.click( function () {\r\n                    owl.trigger( 'next.owl.carousel' );\r\n                } );});\n<\/script>\n","protected":false},"excerpt":{"rendered":"<p>V\u00ednovo-\u010derveno laden\u00fd ozdobn\u00fd obojok na krk pozost\u00e1vaj\u00faci z bavlnenej \u010dipky, zamatov\u00fdch a sat\u00e9nov\u00fdch stu\u017eiek a strieborno kovov\u00e9ho zdobenia. Vhodn\u00fd ku klasick\u00e9hu i gotick\u00e9mu \u0161t\u00fdlu.<\/p>\n","protected":false},"author":1,"featured_media":0,"parent":1956,"menu_order":0,"comment_status":"closed","ping_status":"closed","template":"","meta":{"_monsterinsights_skip_tracking":false,"_monsterinsights_sitenote_active":false,"_monsterinsights_sitenote_note":"","_monsterinsights_sitenote_category":0,"footnotes":""},"class_list":["post-4337","page","type-page","status-publish","hentry"],"_links":{"self":[{"href":"http:\/\/lorinoko.com\/index.php?rest_route=\/wp\/v2\/pages\/4337","targetHints":{"allow":["GET"]}}],"collection":[{"href":"http:\/\/lorinoko.com\/index.php?rest_route=\/wp\/v2\/pages"}],"about":[{"href":"http:\/\/lorinoko.com\/index.php?rest_route=\/wp\/v2\/types\/page"}],"author":[{"embeddable":true,"href":"http:\/\/lorinoko.com\/index.php?rest_route=\/wp\/v2\/users\/1"}],"replies":[{"embeddable":true,"href":"http:\/\/lorinoko.com\/index.php?rest_route=%2Fwp%2Fv2%2Fcomments&post=4337"}],"version-history":[{"count":1,"href":"http:\/\/lorinoko.com\/index.php?rest_route=\/wp\/v2\/pages\/4337\/revisions"}],"predecessor-version":[{"id":4338,"href":"http:\/\/lorinoko.com\/index.php?rest_route=\/wp\/v2\/pages\/4337\/revisions\/4338"}],"up":[{"embeddable":true,"href":"http:\/\/lorinoko.com\/index.php?rest_route=\/wp\/v2\/pages\/1956"}],"wp:attachment":[{"href":"http:\/\/lorinoko.com\/index.php?rest_route=%2Fwp%2Fv2%2Fmedia&parent=4337"}],"curies":[{"name":"wp","href":"https:\/\/api.w.org\/{rel}","templated":true}]}}