{"id":4329,"date":"2016-04-01T10:25:33","date_gmt":"2016-04-01T09:25:33","guid":{"rendered":"http:\/\/lorinoko.com\/?page_id=4329"},"modified":"2016-04-01T10:25:33","modified_gmt":"2016-04-01T09:25:33","slug":"mecha-nami-kuro-comb","status":"publish","type":"page","link":"http:\/\/lorinoko.com\/?page_id=4329","title":{"rendered":"Mecha-Nami Kuro Comb"},"content":{"rendered":"<p>Steampunkovo laden\u00fd hrebienok do vlasov v hnedom preveden\u00ed, zdoben\u00fd \u010diernou \u010dipkou a kombin\u00e1ciou bronzov\u00fdch ozd\u00f4b a retiazok.<\/p>\n<div class=\"slideshow\"><div id=\"ngg_slideshow24443291\" class=\"ngg-slideshow owl-carousel\" style=\"max-width: 600px; max-height: 400px;\"><img decoding=\"async\" src=\"http:\/\/lorinoko.com\/wp-content\/gallery\/mecha-nami-kuro-comb\/001_p1050210.jpg\" alt=\"001_p1050210\" style=\"max-width: 600px; max-height: 400px; width: auto; height:auto; margin:auto\"><img decoding=\"async\" src=\"http:\/\/lorinoko.com\/wp-content\/gallery\/mecha-nami-kuro-comb\/002_p1050208.jpg\" alt=\"002_p1050208\" style=\"max-width: 600px; max-height: 400px; width: auto; height:auto; margin:auto\"><img decoding=\"async\" src=\"http:\/\/lorinoko.com\/wp-content\/gallery\/mecha-nami-kuro-comb\/003_p1050211.jpg\" alt=\"003_p1050211\" style=\"max-width: 600px; max-height: 400px; width: auto; height:auto; margin:auto\"><img decoding=\"async\" src=\"http:\/\/lorinoko.com\/wp-content\/gallery\/mecha-nami-kuro-comb\/004_p1050212.jpg\" alt=\"004_p1050212\" style=\"max-width: 600px; max-height: 400px; width: auto; height:auto; margin:auto\"><img decoding=\"async\" src=\"http:\/\/lorinoko.com\/wp-content\/gallery\/mecha-nami-kuro-comb\/005_p1050214.jpg\" alt=\"005_p1050214\" style=\"max-width: 600px; max-height: 400px; width: auto; height:auto; margin:auto\"><img decoding=\"async\" src=\"http:\/\/lorinoko.com\/wp-content\/gallery\/mecha-nami-kuro-comb\/006_p1050233.jpg\" alt=\"006_p1050233\" style=\"max-width: 600px; max-height: 400px; width: auto; height:auto; margin:auto\"><\/div><\/div>\n\n<script type=\"text\/javascript\">jQuery(document).ready(function($) {\r\n\t\t\tvar owl = $('#ngg_slideshow24443291');\r\n\t\t\towl.owlCarousel({\r\n\t\t\t\titems: 1,\r\n\t\t\t\tautoHeight: false,\r\n\t            dots: false,\r\n\t            autoplay: true,\r\n\t\t\t\tautoplayTimeout: 4000,\r\n\t\t\t\tautoplayHoverPause: true,\r\n\t\t\t\tanimateIn: 'fadeIn',\r\n\t\t\t\tanimateOut: 'fadeOut',\r\n\t\t\t\tloop: true,\r\n\t\t\t\tmouseDrag: true,\r\n\t\t\t\ttouchDrag: true\r\n\t\t\t});\nowl.click( function () {\r\n                    owl.trigger( 'next.owl.carousel' );\r\n                } );});\n<\/script>\n","protected":false},"excerpt":{"rendered":"<p>Steampunkovo laden\u00fd hrebienok do vlasov v hnedom preveden\u00ed, zdoben\u00fd \u010diernou \u010dipkou a kombin\u00e1ciou bronzov\u00fdch ozd\u00f4b a retiazok.<\/p>\n","protected":false},"author":1,"featured_media":0,"parent":4134,"menu_order":0,"comment_status":"closed","ping_status":"closed","template":"","meta":{"_monsterinsights_skip_tracking":false,"_monsterinsights_sitenote_active":false,"_monsterinsights_sitenote_note":"","_monsterinsights_sitenote_category":0,"footnotes":""},"class_list":["post-4329","page","type-page","status-publish","hentry"],"_links":{"self":[{"href":"http:\/\/lorinoko.com\/index.php?rest_route=\/wp\/v2\/pages\/4329","targetHints":{"allow":["GET"]}}],"collection":[{"href":"http:\/\/lorinoko.com\/index.php?rest_route=\/wp\/v2\/pages"}],"about":[{"href":"http:\/\/lorinoko.com\/index.php?rest_route=\/wp\/v2\/types\/page"}],"author":[{"embeddable":true,"href":"http:\/\/lorinoko.com\/index.php?rest_route=\/wp\/v2\/users\/1"}],"replies":[{"embeddable":true,"href":"http:\/\/lorinoko.com\/index.php?rest_route=%2Fwp%2Fv2%2Fcomments&post=4329"}],"version-history":[{"count":1,"href":"http:\/\/lorinoko.com\/index.php?rest_route=\/wp\/v2\/pages\/4329\/revisions"}],"predecessor-version":[{"id":4330,"href":"http:\/\/lorinoko.com\/index.php?rest_route=\/wp\/v2\/pages\/4329\/revisions\/4330"}],"up":[{"embeddable":true,"href":"http:\/\/lorinoko.com\/index.php?rest_route=\/wp\/v2\/pages\/4134"}],"wp:attachment":[{"href":"http:\/\/lorinoko.com\/index.php?rest_route=%2Fwp%2Fv2%2Fmedia&parent=4329"}],"curies":[{"name":"wp","href":"https:\/\/api.w.org\/{rel}","templated":true}]}}