{"id":4245,"date":"2015-07-09T14:53:38","date_gmt":"2015-07-09T13:53:38","guid":{"rendered":"http:\/\/lorinoko.com\/?page_id=4245"},"modified":"2015-07-09T15:19:24","modified_gmt":"2015-07-09T14:19:24","slug":"lilian-garden","status":"publish","type":"page","link":"http:\/\/lorinoko.com\/?page_id=4245","title":{"rendered":"Lilian Garden"},"content":{"rendered":"<p style=\"text-align: justify;\">Suk\u0148a Lilian Garden je prezentovan\u00e1 predov\u0161etk\u00fdm n\u00e1dhernou potla\u010dou s mot\u00edvom rozkvitnutej z\u00e1hrady a drobn\u00fdch v\u00edl, ladenou vo svetlo-ru\u017eovej farbe. Doln\u00fd kraj je bohato zdoben\u00fd riasenou \u010dipkou, ktor\u00e1 je rovnako pou\u017eit\u00e1 na dve kvetinov\u00e9 prip\u00ednacie ozd\u00f4bky. V zadnej \u010dasti p\u00e1su ju kr\u00e1\u0161li odop\u00ednacie viazanie na ma\u0161\u013eu. S pr\u00edchodom jari je t\u00e1to sweet-lolita suk\u0148a priam ide\u00e1lna na prech\u00e1dzky rozkvitnut\u00fdmi z\u00e1hradami.<br \/>\n<strong>Materi\u00e1l:<\/strong> bavlna, umel\u00fd hodv\u00e1b<br \/>\n<strong>D\u013a\u017eka sukne:<\/strong> 58 cm<br \/>\n<strong>Obvod p\u00e1su:<\/strong> 65-85 cm<\/p>\n<p style=\"text-align: justify;\"><div class=\"slideshow\"><div id=\"ngg_slideshow23242451\" class=\"ngg-slideshow owl-carousel\" style=\"max-width: 600px; max-height: 400px;\"><img decoding=\"async\" src=\"http:\/\/lorinoko.com\/wp-content\/gallery\/lilian-garden\/p1040357.jpg\" alt=\"p1040357\" style=\"max-width: 600px; max-height: 400px; width: auto; height:auto; margin:auto\"><img decoding=\"async\" src=\"http:\/\/lorinoko.com\/wp-content\/gallery\/lilian-garden\/p1040365.jpg\" alt=\"p1040365\" style=\"max-width: 600px; max-height: 400px; width: auto; height:auto; margin:auto\"><img decoding=\"async\" src=\"http:\/\/lorinoko.com\/wp-content\/gallery\/lilian-garden\/p1040367.jpg\" alt=\"p1040367\" style=\"max-width: 600px; max-height: 400px; width: auto; height:auto; margin:auto\"><img decoding=\"async\" src=\"http:\/\/lorinoko.com\/wp-content\/gallery\/lilian-garden\/p1040371.jpg\" alt=\"p1040371\" style=\"max-width: 600px; max-height: 400px; width: auto; height:auto; margin:auto\"><img decoding=\"async\" src=\"http:\/\/lorinoko.com\/wp-content\/gallery\/lilian-garden\/p1040374.jpg\" alt=\"p1040374\" style=\"max-width: 600px; max-height: 400px; width: auto; height:auto; margin:auto\"><img decoding=\"async\" src=\"http:\/\/lorinoko.com\/wp-content\/gallery\/lilian-garden\/p1040381.jpg\" alt=\"p1040381\" style=\"max-width: 600px; max-height: 400px; width: auto; height:auto; margin:auto\"><img decoding=\"async\" src=\"http:\/\/lorinoko.com\/wp-content\/gallery\/lilian-garden\/p1040383.jpg\" alt=\"p1040383\" style=\"max-width: 600px; max-height: 400px; width: auto; height:auto; margin:auto\"><img decoding=\"async\" src=\"http:\/\/lorinoko.com\/wp-content\/gallery\/lilian-garden\/p1040384.jpg\" alt=\"p1040384\" style=\"max-width: 600px; max-height: 400px; width: auto; height:auto; margin:auto\"><img decoding=\"async\" src=\"http:\/\/lorinoko.com\/wp-content\/gallery\/lilian-garden\/p1040391.jpg\" alt=\"p1040391\" style=\"max-width: 600px; max-height: 400px; width: auto; height:auto; margin:auto\"><\/div><\/div>\n\n<script type=\"text\/javascript\">jQuery(document).ready(function($) {\r\n\t\t\tvar owl = $('#ngg_slideshow23242451');\r\n\t\t\towl.owlCarousel({\r\n\t\t\t\titems: 1,\r\n\t\t\t\tautoHeight: false,\r\n\t            dots: false,\r\n\t            autoplay: true,\r\n\t\t\t\tautoplayTimeout: 4000,\r\n\t\t\t\tautoplayHoverPause: true,\r\n\t\t\t\tanimateIn: 'fadeIn',\r\n\t\t\t\tanimateOut: 'fadeOut',\r\n\t\t\t\tloop: true,\r\n\t\t\t\tmouseDrag: true,\r\n\t\t\t\ttouchDrag: true\r\n\t\t\t});\nowl.click( function () {\r\n                    owl.trigger( 'next.owl.carousel' );\r\n                } );});\n<\/script><\/p>\n","protected":false},"excerpt":{"rendered":"<p>Suk\u0148a Lilian Garden je prezentovan\u00e1 predov\u0161etk\u00fdm n\u00e1dhernou potla\u010dou s mot\u00edvom rozkvitnutej z\u00e1hrady a drobn\u00fdch v\u00edl, ladenou vo svetlo-ru\u017eovej farbe. Doln\u00fd kraj je bohato zdoben\u00fd riasenou \u010dipkou, ktor\u00e1 je rovnako pou\u017eit\u00e1 na dve kvetinov\u00e9 prip\u00ednacie ozd\u00f4bky. V zadnej \u010dasti p\u00e1su ju &hellip; <a href=\"http:\/\/lorinoko.com\/?page_id=4245\">Continue reading <span class=\"meta-nav\">&rarr;<\/span><\/a><\/p>\n","protected":false},"author":1,"featured_media":0,"parent":78,"menu_order":0,"comment_status":"open","ping_status":"closed","template":"","meta":{"_monsterinsights_skip_tracking":false,"_monsterinsights_sitenote_active":false,"_monsterinsights_sitenote_note":"","_monsterinsights_sitenote_category":0,"footnotes":""},"class_list":["post-4245","page","type-page","status-publish","hentry"],"_links":{"self":[{"href":"http:\/\/lorinoko.com\/index.php?rest_route=\/wp\/v2\/pages\/4245","targetHints":{"allow":["GET"]}}],"collection":[{"href":"http:\/\/lorinoko.com\/index.php?rest_route=\/wp\/v2\/pages"}],"about":[{"href":"http:\/\/lorinoko.com\/index.php?rest_route=\/wp\/v2\/types\/page"}],"author":[{"embeddable":true,"href":"http:\/\/lorinoko.com\/index.php?rest_route=\/wp\/v2\/users\/1"}],"replies":[{"embeddable":true,"href":"http:\/\/lorinoko.com\/index.php?rest_route=%2Fwp%2Fv2%2Fcomments&post=4245"}],"version-history":[{"count":3,"href":"http:\/\/lorinoko.com\/index.php?rest_route=\/wp\/v2\/pages\/4245\/revisions"}],"predecessor-version":[{"id":4258,"href":"http:\/\/lorinoko.com\/index.php?rest_route=\/wp\/v2\/pages\/4245\/revisions\/4258"}],"up":[{"embeddable":true,"href":"http:\/\/lorinoko.com\/index.php?rest_route=\/wp\/v2\/pages\/78"}],"wp:attachment":[{"href":"http:\/\/lorinoko.com\/index.php?rest_route=%2Fwp%2Fv2%2Fmedia&parent=4245"}],"curies":[{"name":"wp","href":"https:\/\/api.w.org\/{rel}","templated":true}]}}