{"id":4175,"date":"2015-05-14T10:37:11","date_gmt":"2015-05-14T09:37:11","guid":{"rendered":"http:\/\/lorinoko.com\/?page_id=4175"},"modified":"2015-05-14T14:14:46","modified_gmt":"2015-05-14T13:14:46","slug":"ginkuro-dvojity-hrebienok","status":"publish","type":"page","link":"http:\/\/lorinoko.com\/?page_id=4175","title":{"rendered":"Ginkuro &#8211; dvojit\u00fd hrebienok"},"content":{"rendered":"<p style=\"text-align: justify;\">Dvojit\u00fd hrebienok je tvoren\u00fd z \u010dierneho bavlnen\u00e9ho z\u00e1kladu a \u010diernej \u010dipky. Strieborn\u00e9 zdobenie tvor\u00ed stredov\u00e1 stu\u017eka, dvojit\u00e1 retiazka a pr\u00edvesky v tvare hviezdi\u010diek. Ka\u017ed\u00fd kus m\u00e1 malink\u00fd pr\u00eddavn\u00fd pr\u00edvesok in\u00e9ho tvaru.<\/p>\n<p style=\"text-align: justify;\"><div class=\"slideshow\"><div id=\"ngg_slideshow22641751\" class=\"ngg-slideshow owl-carousel\" style=\"max-width: 600px; max-height: 400px;\"><img decoding=\"async\" src=\"http:\/\/lorinoko.com\/wp-content\/gallery\/ginkuro-dvojity-hrebienok\/p1040135.jpg\" alt=\"p1040135\" style=\"max-width: 600px; max-height: 400px; width: auto; height:auto; margin:auto\"><img decoding=\"async\" src=\"http:\/\/lorinoko.com\/wp-content\/gallery\/ginkuro-dvojity-hrebienok\/p1040136.jpg\" alt=\"p1040136\" style=\"max-width: 600px; max-height: 400px; width: auto; height:auto; margin:auto\"><img decoding=\"async\" src=\"http:\/\/lorinoko.com\/wp-content\/gallery\/ginkuro-dvojity-hrebienok\/p1040137.jpg\" alt=\"p1040137\" style=\"max-width: 600px; max-height: 400px; width: auto; height:auto; margin:auto\"><img decoding=\"async\" src=\"http:\/\/lorinoko.com\/wp-content\/gallery\/ginkuro-dvojity-hrebienok\/p1040138.jpg\" alt=\"p1040138\" style=\"max-width: 600px; max-height: 400px; width: auto; height:auto; margin:auto\"><img decoding=\"async\" src=\"http:\/\/lorinoko.com\/wp-content\/gallery\/ginkuro-dvojity-hrebienok\/p1040139.jpg\" alt=\"p1040139\" style=\"max-width: 600px; max-height: 400px; width: auto; height:auto; margin:auto\"><img decoding=\"async\" src=\"http:\/\/lorinoko.com\/wp-content\/gallery\/ginkuro-dvojity-hrebienok\/p1040140.jpg\" alt=\"p1040140\" style=\"max-width: 600px; max-height: 400px; width: auto; height:auto; margin:auto\"><img decoding=\"async\" src=\"http:\/\/lorinoko.com\/wp-content\/gallery\/ginkuro-dvojity-hrebienok\/p1040143.jpg\" alt=\"p1040143\" style=\"max-width: 600px; max-height: 400px; width: auto; height:auto; margin:auto\"><img decoding=\"async\" src=\"http:\/\/lorinoko.com\/wp-content\/gallery\/ginkuro-dvojity-hrebienok\/p1040144.jpg\" alt=\"p1040144\" style=\"max-width: 600px; max-height: 400px; width: auto; height:auto; margin:auto\"><img decoding=\"async\" src=\"http:\/\/lorinoko.com\/wp-content\/gallery\/ginkuro-dvojity-hrebienok\/p1040148.jpg\" alt=\"p1040148\" style=\"max-width: 600px; max-height: 400px; width: auto; height:auto; margin:auto\"><\/div><\/div>\n\n<script type=\"text\/javascript\">jQuery(document).ready(function($) {\r\n\t\t\tvar owl = $('#ngg_slideshow22641751');\r\n\t\t\towl.owlCarousel({\r\n\t\t\t\titems: 1,\r\n\t\t\t\tautoHeight: false,\r\n\t            dots: false,\r\n\t            autoplay: true,\r\n\t\t\t\tautoplayTimeout: 4000,\r\n\t\t\t\tautoplayHoverPause: true,\r\n\t\t\t\tanimateIn: 'fadeIn',\r\n\t\t\t\tanimateOut: 'fadeOut',\r\n\t\t\t\tloop: true,\r\n\t\t\t\tmouseDrag: true,\r\n\t\t\t\ttouchDrag: true\r\n\t\t\t});\nowl.click( function () {\r\n                    owl.trigger( 'next.owl.carousel' );\r\n                } );});\n<\/script><\/p>\n","protected":false},"excerpt":{"rendered":"<p>Dvojit\u00fd hrebienok je tvoren\u00fd z \u010dierneho bavlnen\u00e9ho z\u00e1kladu a \u010diernej \u010dipky. Strieborn\u00e9 zdobenie tvor\u00ed stredov\u00e1 stu\u017eka, dvojit\u00e1 retiazka a pr\u00edvesky v tvare hviezdi\u010diek. Ka\u017ed\u00fd kus m\u00e1 malink\u00fd pr\u00eddavn\u00fd pr\u00edvesok in\u00e9ho tvaru.<\/p>\n","protected":false},"author":1,"featured_media":0,"parent":4134,"menu_order":0,"comment_status":"open","ping_status":"closed","template":"","meta":{"_monsterinsights_skip_tracking":false,"_monsterinsights_sitenote_active":false,"_monsterinsights_sitenote_note":"","_monsterinsights_sitenote_category":0,"footnotes":""},"class_list":["post-4175","page","type-page","status-publish","hentry"],"_links":{"self":[{"href":"http:\/\/lorinoko.com\/index.php?rest_route=\/wp\/v2\/pages\/4175","targetHints":{"allow":["GET"]}}],"collection":[{"href":"http:\/\/lorinoko.com\/index.php?rest_route=\/wp\/v2\/pages"}],"about":[{"href":"http:\/\/lorinoko.com\/index.php?rest_route=\/wp\/v2\/types\/page"}],"author":[{"embeddable":true,"href":"http:\/\/lorinoko.com\/index.php?rest_route=\/wp\/v2\/users\/1"}],"replies":[{"embeddable":true,"href":"http:\/\/lorinoko.com\/index.php?rest_route=%2Fwp%2Fv2%2Fcomments&post=4175"}],"version-history":[{"count":2,"href":"http:\/\/lorinoko.com\/index.php?rest_route=\/wp\/v2\/pages\/4175\/revisions"}],"predecessor-version":[{"id":4203,"href":"http:\/\/lorinoko.com\/index.php?rest_route=\/wp\/v2\/pages\/4175\/revisions\/4203"}],"up":[{"embeddable":true,"href":"http:\/\/lorinoko.com\/index.php?rest_route=\/wp\/v2\/pages\/4134"}],"wp:attachment":[{"href":"http:\/\/lorinoko.com\/index.php?rest_route=%2Fwp%2Fv2%2Fmedia&parent=4175"}],"curies":[{"name":"wp","href":"https:\/\/api.w.org\/{rel}","templated":true}]}}