{"id":4171,"date":"2015-05-14T10:34:35","date_gmt":"2015-05-14T09:34:35","guid":{"rendered":"http:\/\/lorinoko.com\/?page_id=4171"},"modified":"2015-05-14T14:13:54","modified_gmt":"2015-05-14T13:13:54","slug":"shirohana","status":"publish","type":"page","link":"http:\/\/lorinoko.com\/?page_id=4171","title":{"rendered":"Shirohana"},"content":{"rendered":"<p style=\"text-align: justify;\">Hrebienok z bieleho z\u00e1kladu a potla\u010de \u010dervn\u00fdch kvet\u00edn. Je jednoducho zdoben\u00fd stu\u017ekou a \u010dipkou &#8211; obe v bielej farbe.<\/p>\n<p style=\"text-align: justify;\"><div class=\"slideshow\"><div id=\"ngg_slideshow22441711\" class=\"ngg-slideshow owl-carousel\" style=\"max-width: 600px; max-height: 400px;\"><img decoding=\"async\" src=\"http:\/\/lorinoko.com\/wp-content\/gallery\/shirohana\/p1040456.jpg\" alt=\"p1040456\" style=\"max-width: 600px; max-height: 400px; width: auto; height:auto; margin:auto\"><img decoding=\"async\" src=\"http:\/\/lorinoko.com\/wp-content\/gallery\/shirohana\/p1040458.jpg\" alt=\"p1040458\" style=\"max-width: 600px; max-height: 400px; width: auto; height:auto; margin:auto\"><img decoding=\"async\" src=\"http:\/\/lorinoko.com\/wp-content\/gallery\/shirohana\/p1040460.jpg\" alt=\"p1040460\" style=\"max-width: 600px; max-height: 400px; width: auto; height:auto; margin:auto\"><img decoding=\"async\" src=\"http:\/\/lorinoko.com\/wp-content\/gallery\/shirohana\/p1040462.jpg\" alt=\"p1040462\" style=\"max-width: 600px; max-height: 400px; width: auto; height:auto; margin:auto\"><img decoding=\"async\" src=\"http:\/\/lorinoko.com\/wp-content\/gallery\/shirohana\/p1040464.jpg\" alt=\"p1040464\" style=\"max-width: 600px; max-height: 400px; width: auto; height:auto; margin:auto\"><\/div><\/div>\n\n<script type=\"text\/javascript\">jQuery(document).ready(function($) {\r\n\t\t\tvar owl = $('#ngg_slideshow22441711');\r\n\t\t\towl.owlCarousel({\r\n\t\t\t\titems: 1,\r\n\t\t\t\tautoHeight: false,\r\n\t            dots: false,\r\n\t            autoplay: true,\r\n\t\t\t\tautoplayTimeout: 4000,\r\n\t\t\t\tautoplayHoverPause: true,\r\n\t\t\t\tanimateIn: 'fadeIn',\r\n\t\t\t\tanimateOut: 'fadeOut',\r\n\t\t\t\tloop: true,\r\n\t\t\t\tmouseDrag: true,\r\n\t\t\t\ttouchDrag: true\r\n\t\t\t});\nowl.click( function () {\r\n                    owl.trigger( 'next.owl.carousel' );\r\n                } );});\n<\/script><\/p>\n","protected":false},"excerpt":{"rendered":"<p>Hrebienok z bieleho z\u00e1kladu a potla\u010de \u010dervn\u00fdch kvet\u00edn. Je jednoducho zdoben\u00fd stu\u017ekou a \u010dipkou &#8211; obe v bielej farbe.<\/p>\n","protected":false},"author":1,"featured_media":0,"parent":4134,"menu_order":0,"comment_status":"open","ping_status":"closed","template":"","meta":{"_monsterinsights_skip_tracking":false,"_monsterinsights_sitenote_active":false,"_monsterinsights_sitenote_note":"","_monsterinsights_sitenote_category":0,"footnotes":""},"class_list":["post-4171","page","type-page","status-publish","hentry"],"_links":{"self":[{"href":"http:\/\/lorinoko.com\/index.php?rest_route=\/wp\/v2\/pages\/4171","targetHints":{"allow":["GET"]}}],"collection":[{"href":"http:\/\/lorinoko.com\/index.php?rest_route=\/wp\/v2\/pages"}],"about":[{"href":"http:\/\/lorinoko.com\/index.php?rest_route=\/wp\/v2\/types\/page"}],"author":[{"embeddable":true,"href":"http:\/\/lorinoko.com\/index.php?rest_route=\/wp\/v2\/users\/1"}],"replies":[{"embeddable":true,"href":"http:\/\/lorinoko.com\/index.php?rest_route=%2Fwp%2Fv2%2Fcomments&post=4171"}],"version-history":[{"count":2,"href":"http:\/\/lorinoko.com\/index.php?rest_route=\/wp\/v2\/pages\/4171\/revisions"}],"predecessor-version":[{"id":4201,"href":"http:\/\/lorinoko.com\/index.php?rest_route=\/wp\/v2\/pages\/4171\/revisions\/4201"}],"up":[{"embeddable":true,"href":"http:\/\/lorinoko.com\/index.php?rest_route=\/wp\/v2\/pages\/4134"}],"wp:attachment":[{"href":"http:\/\/lorinoko.com\/index.php?rest_route=%2Fwp%2Fv2%2Fmedia&parent=4171"}],"curies":[{"name":"wp","href":"https:\/\/api.w.org\/{rel}","templated":true}]}}