{"id":4163,"date":"2015-05-14T10:31:39","date_gmt":"2015-05-14T09:31:39","guid":{"rendered":"http:\/\/lorinoko.com\/?page_id=4163"},"modified":"2015-05-14T14:12:11","modified_gmt":"2015-05-14T13:12:11","slug":"kurobara-i","status":"publish","type":"page","link":"http:\/\/lorinoko.com\/?page_id=4163","title":{"rendered":"Kurobara I."},"content":{"rendered":"<p style=\"text-align: justify;\">Hrebienok s tmavo\u010dervenou potla\u010dou kvetov a mot\u00fdlikov je doplnen\u00fd \u010diernou \u010dipkou, polopriesvitnou \u010diernou stu\u017ekou a \u010diernou retiazkou.<\/p>\n<p style=\"text-align: justify;\"><div class=\"slideshow\"><div id=\"ngg_slideshow22041631\" class=\"ngg-slideshow owl-carousel\" style=\"max-width: 600px; max-height: 400px;\"><img decoding=\"async\" src=\"http:\/\/lorinoko.com\/wp-content\/gallery\/kurobara-i\/p1040177.jpg\" alt=\"p1040177\" style=\"max-width: 600px; max-height: 400px; width: auto; height:auto; margin:auto\"><img decoding=\"async\" src=\"http:\/\/lorinoko.com\/wp-content\/gallery\/kurobara-i\/p1040178.jpg\" alt=\"p1040178\" style=\"max-width: 600px; max-height: 400px; width: auto; height:auto; margin:auto\"><img decoding=\"async\" src=\"http:\/\/lorinoko.com\/wp-content\/gallery\/kurobara-i\/p1040180.jpg\" alt=\"p1040180\" style=\"max-width: 600px; max-height: 400px; width: auto; height:auto; margin:auto\"><\/div><\/div>\n\n<script type=\"text\/javascript\">jQuery(document).ready(function($) {\r\n\t\t\tvar owl = $('#ngg_slideshow22041631');\r\n\t\t\towl.owlCarousel({\r\n\t\t\t\titems: 1,\r\n\t\t\t\tautoHeight: false,\r\n\t            dots: false,\r\n\t            autoplay: true,\r\n\t\t\t\tautoplayTimeout: 4000,\r\n\t\t\t\tautoplayHoverPause: true,\r\n\t\t\t\tanimateIn: 'fadeIn',\r\n\t\t\t\tanimateOut: 'fadeOut',\r\n\t\t\t\tloop: true,\r\n\t\t\t\tmouseDrag: true,\r\n\t\t\t\ttouchDrag: true\r\n\t\t\t});\nowl.click( function () {\r\n                    owl.trigger( 'next.owl.carousel' );\r\n                } );});\n<\/script><\/p>\n","protected":false},"excerpt":{"rendered":"<p>Hrebienok s tmavo\u010dervenou potla\u010dou kvetov a mot\u00fdlikov je doplnen\u00fd \u010diernou \u010dipkou, polopriesvitnou \u010diernou stu\u017ekou a \u010diernou retiazkou.<\/p>\n","protected":false},"author":1,"featured_media":0,"parent":4134,"menu_order":0,"comment_status":"open","ping_status":"closed","template":"","meta":{"_monsterinsights_skip_tracking":false,"_monsterinsights_sitenote_active":false,"_monsterinsights_sitenote_note":"","_monsterinsights_sitenote_category":0,"footnotes":""},"class_list":["post-4163","page","type-page","status-publish","hentry"],"_links":{"self":[{"href":"http:\/\/lorinoko.com\/index.php?rest_route=\/wp\/v2\/pages\/4163","targetHints":{"allow":["GET"]}}],"collection":[{"href":"http:\/\/lorinoko.com\/index.php?rest_route=\/wp\/v2\/pages"}],"about":[{"href":"http:\/\/lorinoko.com\/index.php?rest_route=\/wp\/v2\/types\/page"}],"author":[{"embeddable":true,"href":"http:\/\/lorinoko.com\/index.php?rest_route=\/wp\/v2\/users\/1"}],"replies":[{"embeddable":true,"href":"http:\/\/lorinoko.com\/index.php?rest_route=%2Fwp%2Fv2%2Fcomments&post=4163"}],"version-history":[{"count":2,"href":"http:\/\/lorinoko.com\/index.php?rest_route=\/wp\/v2\/pages\/4163\/revisions"}],"predecessor-version":[{"id":4197,"href":"http:\/\/lorinoko.com\/index.php?rest_route=\/wp\/v2\/pages\/4163\/revisions\/4197"}],"up":[{"embeddable":true,"href":"http:\/\/lorinoko.com\/index.php?rest_route=\/wp\/v2\/pages\/4134"}],"wp:attachment":[{"href":"http:\/\/lorinoko.com\/index.php?rest_route=%2Fwp%2Fv2%2Fmedia&parent=4163"}],"curies":[{"name":"wp","href":"https:\/\/api.w.org\/{rel}","templated":true}]}}