{"id":4134,"date":"2015-05-14T09:58:39","date_gmt":"2015-05-14T08:58:39","guid":{"rendered":"http:\/\/lorinoko.com\/?page_id=4134"},"modified":"2015-05-15T10:18:02","modified_gmt":"2015-05-15T09:18:02","slug":"hrebienky","status":"publish","type":"page","link":"http:\/\/lorinoko.com\/?page_id=4134","title":{"rendered":"Hrebienky"},"content":{"rendered":"<p>R\u00f4znorod\u00e9 verzie hrebienkov so zdoben\u00fdmi ma\u0161\u013eami ako doplnky do vlasov.<\/p>\n\r\n<div class=\"ngg-albumoverview\">\t\r\n\t<!-- List of galleries -->\r\n\t\r\n\t<div class=\"ngg-album\">\r\n\t\t<div class=\"ngg-albumtitle\"><a href=\"http:\/\/lorinoko.com\/?page_id=4329\">Mecha-Nami Kuro Comb<\/a><\/div>\r\n\t\t\t<div class=\"ngg-albumcontent\">\r\n\t\t\t\t<div class=\"ngg-thumbnail\">\r\n\t\t\t\t\t<a href=\"http:\/\/lorinoko.com\/?page_id=4329\"><img decoding=\"async\" class=\"Thumb\" alt=\"Mecha-Nami Kuro Comb\" src=\"http:\/\/lorinoko.com\/wp-content\/gallery\/mecha-nami-kuro-comb\/thumbs\/thumbs_006_p1050233.jpg\"\/><\/a>\r\n\t\t\t\t<\/div>\r\n\t\t\t\t<div class=\"ngg-description\">\r\n\t\t\t\t<p>Steampunkovo laden\u00fd hrebienok do vlasov v hnedom preveden\u00ed, zdoben\u00fd \u010diernou \u010dipkou a kombin\u00e1ciou bronzov\u00fdch ozd\u00f4b a retiazok.<\/p>\r\n\t\t\t\t\t\t\t\t<p><strong>6<\/strong> Photos<\/p>\r\n\t\t\t\t\t\t\t<\/div>\r\n\t\t<\/div>\r\n\t<\/div>\r\n\r\n \t\r\n\t<div class=\"ngg-album\">\r\n\t\t<div class=\"ngg-albumtitle\"><a href=\"http:\/\/lorinoko.com\/?page_id=4333\">Mecha-Nami Shiro Comb<\/a><\/div>\r\n\t\t\t<div class=\"ngg-albumcontent\">\r\n\t\t\t\t<div class=\"ngg-thumbnail\">\r\n\t\t\t\t\t<a href=\"http:\/\/lorinoko.com\/?page_id=4333\"><img decoding=\"async\" class=\"Thumb\" alt=\"Mecha-Nami Shiro Comb\" src=\"http:\/\/lorinoko.com\/wp-content\/gallery\/mecha-nami-shiro-comb\/thumbs\/thumbs_001_p1050225.jpg\"\/><\/a>\r\n\t\t\t\t<\/div>\r\n\t\t\t\t<div class=\"ngg-description\">\r\n\t\t\t\t<p>Steampunkovo laden\u00fd hrebienok do vlasov v hnedom preveden\u00ed, zdoben\u00fd bielou \u010dipkou a kombin\u00e1ciou bronzov\u00fdch ozd\u00f4b a retiazok.<\/p>\r\n\t\t\t\t\t\t\t\t<p><strong>7<\/strong> Photos<\/p>\r\n\t\t\t\t\t\t\t<\/div>\r\n\t\t<\/div>\r\n\t<\/div>\r\n\r\n \t\r\n\t<div class=\"ngg-album\">\r\n\t\t<div class=\"ngg-albumtitle\"><a href=\"http:\/\/lorinoko.com\/?page_id=4275\">Black Crystal Clip<\/a><\/div>\r\n\t\t\t<div class=\"ngg-albumcontent\">\r\n\t\t\t\t<div class=\"ngg-thumbnail\">\r\n\t\t\t\t\t<a href=\"http:\/\/lorinoko.com\/?page_id=4275\"><img decoding=\"async\" class=\"Thumb\" alt=\"Black Crystal Clip\" src=\"http:\/\/lorinoko.com\/wp-content\/gallery\/black-crystal-clip\/thumbs\/thumbs_p1050010.jpg\"\/><\/a>\r\n\t\t\t\t<\/div>\r\n\t\t\t\t<div class=\"ngg-description\">\r\n\t\t\t\t<p>\u010cierna ma\u0161li\u010dka do vlasov so zamatovou stu\u017ekou a ozdobou v tvare \u010diern\u00e9ho kri\u0161t\u00e1lu. Zap\u00ednanie je rie\u0161en\u00e9 \u010diernym \u0161tipcom na spodnej strane.<\/p>\r\n\t\t\t\t\t\t\t\t<p><strong>5<\/strong> Photos<\/p>\r\n\t\t\t\t\t\t\t<\/div>\r\n\t\t<\/div>\r\n\t<\/div>\r\n\r\n \t\r\n\t<div class=\"ngg-album\">\r\n\t\t<div class=\"ngg-albumtitle\"><a href=\"http:\/\/lorinoko.com\/?page_id=4281\">Crystal Snowflake Comb<\/a><\/div>\r\n\t\t\t<div class=\"ngg-albumcontent\">\r\n\t\t\t\t<div class=\"ngg-thumbnail\">\r\n\t\t\t\t\t<a href=\"http:\/\/lorinoko.com\/?page_id=4281\"><img decoding=\"async\" class=\"Thumb\" alt=\"Crystal Snowflake Comb\" src=\"http:\/\/lorinoko.com\/wp-content\/gallery\/crystal-snowflake-comb\/thumbs\/thumbs_p1050018.jpg\"\/><\/a>\r\n\t\t\t\t<\/div>\r\n\t\t\t\t<div class=\"ngg-description\">\r\n\t\t\t\t<p>Hrebienok s bielou ma\u0161li\u010dkou zdobenou belasou bavlnenou \u010dipkou a zamatovou stu\u017ekou. Doplnen\u00fd je dvomi pr\u00edveskami - kovov\u00fdm v tvare vlo\u010dky a imit\u00e1ciou polopriesvin\u00e9ho belas\u00e9ho kri\u0161t\u00e1lu.<\/p>\r\n\t\t\t\t\t\t\t\t<p><strong>4<\/strong> Photos<\/p>\r\n\t\t\t\t\t\t\t<\/div>\r\n\t\t<\/div>\r\n\t<\/div>\r\n\r\n \t\r\n\t<div class=\"ngg-album\">\r\n\t\t<div class=\"ngg-albumtitle\"><a href=\"http:\/\/lorinoko.com\/?page_id=4285\">Gothic Cross Comb I-III<\/a><\/div>\r\n\t\t\t<div class=\"ngg-albumcontent\">\r\n\t\t\t\t<div class=\"ngg-thumbnail\">\r\n\t\t\t\t\t<a href=\"http:\/\/lorinoko.com\/?page_id=4285\"><img decoding=\"async\" class=\"Thumb\" alt=\"Gothic Cross Comb I-III\" src=\"http:\/\/lorinoko.com\/wp-content\/gallery\/gothic-cross-comb-i-iii\/thumbs\/thumbs_p1050035.jpg\"\/><\/a>\r\n\t\t\t\t<\/div>\r\n\t\t\t\t<div class=\"ngg-description\">\r\n\t\t\t\t<p>Tri hrebienky zdoben\u00e9 rozdieln\u00fdmi pr\u00edveskami v tvare kr\u00ed\u017ea a striebornou stu\u017ekou.<\/p>\r\n\t\t\t\t\t\t\t\t<p><strong>6<\/strong> Photos<\/p>\r\n\t\t\t\t\t\t\t<\/div>\r\n\t\t<\/div>\r\n\t<\/div>\r\n\r\n \t\r\n\t<div class=\"ngg-album\">\r\n\t\t<div class=\"ngg-albumtitle\"><a href=\"http:\/\/lorinoko.com\/?page_id=4175\">Ginkuro - dvojit\u00fd hrebienok<\/a><\/div>\r\n\t\t\t<div class=\"ngg-albumcontent\">\r\n\t\t\t\t<div class=\"ngg-thumbnail\">\r\n\t\t\t\t\t<a href=\"http:\/\/lorinoko.com\/?page_id=4175\"><img decoding=\"async\" class=\"Thumb\" alt=\"Ginkuro - dvojit\u00fd hrebienok\" src=\"http:\/\/lorinoko.com\/wp-content\/gallery\/ginkuro-dvojity-hrebienok\/thumbs\/thumbs_p1040148.jpg\"\/><\/a>\r\n\t\t\t\t<\/div>\r\n\t\t\t\t<div class=\"ngg-description\">\r\n\t\t\t\t<p>Dvojit\u00fd hrebienok je tvoren\u00fd z \u010dierneho bavlnen\u00e9ho z\u00e1kladu a \u010diernej \u010dipky. Strieborn\u00e9 zdobenie tvor\u00ed stredov\u00e1 stu\u017eka, dvojit\u00e1 retiazka a pr\u00edvesky v tvare hviezdi\u010diek. Ka\u017ed\u00fd kus m\u00e1 malink\u00fd pr\u00eddavn\u00fd pr\u00edvesok in\u00e9ho tvaru.<\/p>\r\n\t\t\t\t\t\t\t\t<p><strong>9<\/strong> Photos<\/p>\r\n\t\t\t\t\t\t\t<\/div>\r\n\t\t<\/div>\r\n\t<\/div>\r\n\r\n \t\r\n\t<div class=\"ngg-album\">\r\n\t\t<div class=\"ngg-albumtitle\"><a href=\"http:\/\/lorinoko.com\/?page_id=4183\">Kagi-ribbon<\/a><\/div>\r\n\t\t\t<div class=\"ngg-albumcontent\">\r\n\t\t\t\t<div class=\"ngg-thumbnail\">\r\n\t\t\t\t\t<a href=\"http:\/\/lorinoko.com\/?page_id=4183\"><img decoding=\"async\" class=\"Thumb\" alt=\"Kagi-ribbon\" src=\"http:\/\/lorinoko.com\/wp-content\/gallery\/kagi-ribbon\/thumbs\/thumbs_p1040437.jpg\"\/><\/a>\r\n\t\t\t\t<\/div>\r\n\t\t\t\t<div class=\"ngg-description\">\r\n\t\t\t\t<p>Hrebienok tvor\u00ed z\u00e1klad z bordovej bavlny, \u010dierno-zlatej \u010dipky a zamatovej stu\u017eky vin\u00facej sa stredom. Luxusn\u00fd vzh\u013ead dotv\u00e1ra bronzov\u00e1 retiazka, samotn\u00fd hrebienok a kr\u00e1sny viktori\u00e1nsky k\u013e\u00fa\u010dik.<\/p>\r\n\t\t\t\t\t\t\t\t<p><strong>5<\/strong> Photos<\/p>\r\n\t\t\t\t\t\t\t<\/div>\r\n\t\t<\/div>\r\n\t<\/div>\r\n\r\n \t\r\n\t<div class=\"ngg-album\">\r\n\t\t<div class=\"ngg-albumtitle\"><a href=\"http:\/\/lorinoko.com\/?page_id=4143\">Lilian Garden Butterfly<\/a><\/div>\r\n\t\t\t<div class=\"ngg-albumcontent\">\r\n\t\t\t\t<div class=\"ngg-thumbnail\">\r\n\t\t\t\t\t<a href=\"http:\/\/lorinoko.com\/?page_id=4143\"><img decoding=\"async\" class=\"Thumb\" alt=\"Lilian Garden Butterfly\" src=\"http:\/\/lorinoko.com\/wp-content\/gallery\/lilian-garden-butterfly\/thumbs\/thumbs_p1040538.jpg\"\/><\/a>\r\n\t\t\t\t<\/div>\r\n\t\t\t\t<div class=\"ngg-description\">\r\n\t\t\t\t<p>Hrebienok s ma\u0161\u013eou z ru\u017eovej potla\u010de k modelu Lilian Garden. \u0160irok\u00e1 dvojit\u00e1 ma\u0161\u013ea zdoben\u00e1 jemnou ru\u017eovou stu\u017ekou je stiahnut\u00e1 do tvaru rozprestret\u00fdch mot\u00fdl\u00edch kr\u00eddel.<\/p>\r\n\t\t\t\t\t\t\t\t<p><strong>4<\/strong> Photos<\/p>\r\n\t\t\t\t\t\t\t<\/div>\r\n\t\t<\/div>\r\n\t<\/div>\r\n\r\n \t\r\n\t<div class=\"ngg-album\">\r\n\t\t<div class=\"ngg-albumtitle\"><a href=\"http:\/\/lorinoko.com\/?page_id=4155\">Hoshizora I.<\/a><\/div>\r\n\t\t\t<div class=\"ngg-albumcontent\">\r\n\t\t\t\t<div class=\"ngg-thumbnail\">\r\n\t\t\t\t\t<a href=\"http:\/\/lorinoko.com\/?page_id=4155\"><img decoding=\"async\" class=\"Thumb\" alt=\"Hoshizora I.\" src=\"http:\/\/lorinoko.com\/wp-content\/gallery\/hoshizora-i\/thumbs\/thumbs_p1040174.jpg\"\/><\/a>\r\n\t\t\t\t<\/div>\r\n\t\t\t\t<div class=\"ngg-description\">\r\n\t\t\t\t<p>Hrebienok s kr\u00e1snym svetlomodr\u00fdm z\u00e1kladom s potla\u010dou no\u010dnej hviezdnej oblohy. Doplnen\u00fd bielou \u010dipkou, striebornou stu\u017ekou a retiazkou s ozdobn\u00fdmi hviezdi\u010dkami.<\/p>\r\n\t\t\t\t\t\t\t\t<p><strong>4<\/strong> Photos<\/p>\r\n\t\t\t\t\t\t\t<\/div>\r\n\t\t<\/div>\r\n\t<\/div>\r\n\r\n \t\r\n\t<div class=\"ngg-album\">\r\n\t\t<div class=\"ngg-albumtitle\"><a href=\"http:\/\/lorinoko.com\/?page_id=4159\">Hoshizora II.<\/a><\/div>\r\n\t\t\t<div class=\"ngg-albumcontent\">\r\n\t\t\t\t<div class=\"ngg-thumbnail\">\r\n\t\t\t\t\t<a href=\"http:\/\/lorinoko.com\/?page_id=4159\"><img decoding=\"async\" class=\"Thumb\" alt=\"Hoshizora II.\" src=\"http:\/\/lorinoko.com\/wp-content\/gallery\/hoshizora-ii\/thumbs\/thumbs_p1040162.jpg\"\/><\/a>\r\n\t\t\t\t<\/div>\r\n\t\t\t\t<div class=\"ngg-description\">\r\n\t\t\t\t<p>Hrebienok s kr\u00e1snym tmavomodr\u00fdm z\u00e1kladom s potla\u010dou no\u010dnej hviezdnej oblohy. Doplnen\u00fd bielou \u010dipkou, striebornou stu\u017ekou a retiazkou s ozdobn\u00fdmi hviezdi\u010dkami.<\/p>\r\n\t\t\t\t\t\t\t\t<p><strong>6<\/strong> Photos<\/p>\r\n\t\t\t\t\t\t\t<\/div>\r\n\t\t<\/div>\r\n\t<\/div>\r\n\r\n \t\r\n\t<div class=\"ngg-album\">\r\n\t\t<div class=\"ngg-albumtitle\"><a href=\"http:\/\/lorinoko.com\/?page_id=4163\">Kurobara I.<\/a><\/div>\r\n\t\t\t<div class=\"ngg-albumcontent\">\r\n\t\t\t\t<div class=\"ngg-thumbnail\">\r\n\t\t\t\t\t<a href=\"http:\/\/lorinoko.com\/?page_id=4163\"><img decoding=\"async\" class=\"Thumb\" alt=\"Kurobara I.\" src=\"http:\/\/lorinoko.com\/wp-content\/gallery\/kurobara-i\/thumbs\/thumbs_p1040178.jpg\"\/><\/a>\r\n\t\t\t\t<\/div>\r\n\t\t\t\t<div class=\"ngg-description\">\r\n\t\t\t\t<p>Hrebienok s tmavo\u010dervenou potla\u010dou kvetov a mot\u00fdlikov je doplnen\u00fd \u010diernou \u010dipkou, polopriesvitnou \u010diernou stu\u017ekou a \u010diernou retiazkou.<\/p>\r\n\t\t\t\t\t\t\t\t<p><strong>3<\/strong> Photos<\/p>\r\n\t\t\t\t\t\t\t<\/div>\r\n\t\t<\/div>\r\n\t<\/div>\r\n\r\n \t\r\n\t<div class=\"ngg-album\">\r\n\t\t<div class=\"ngg-albumtitle\"><a href=\"http:\/\/lorinoko.com\/?page_id=4167\">Kurobara II.<\/a><\/div>\r\n\t\t\t<div class=\"ngg-albumcontent\">\r\n\t\t\t\t<div class=\"ngg-thumbnail\">\r\n\t\t\t\t\t<a href=\"http:\/\/lorinoko.com\/?page_id=4167\"><img decoding=\"async\" class=\"Thumb\" alt=\"Kurobara II.\" src=\"http:\/\/lorinoko.com\/wp-content\/gallery\/kurobara-ii\/thumbs\/thumbs_p1040182.jpg\"\/><\/a>\r\n\t\t\t\t<\/div>\r\n\t\t\t\t<div class=\"ngg-description\">\r\n\t\t\t\t<p>Tmavo\u010derven\u00e1 potla\u010d s drobn\u00fdmi bielymi kvietkami je doplnen\u00e1 \u010diernou \u010dipkou, polopriesvitnou \u010diernou stu\u017ekou a \u010diernou retiazkou.<\/p>\r\n\t\t\t\t\t\t\t\t<p><strong>3<\/strong> Photos<\/p>\r\n\t\t\t\t\t\t\t<\/div>\r\n\t\t<\/div>\r\n\t<\/div>\r\n\r\n \t\r\n\t<div class=\"ngg-album\">\r\n\t\t<div class=\"ngg-albumtitle\"><a href=\"http:\/\/lorinoko.com\/?page_id=4151\">Shirokon seppen<\/a><\/div>\r\n\t\t\t<div class=\"ngg-albumcontent\">\r\n\t\t\t\t<div class=\"ngg-thumbnail\">\r\n\t\t\t\t\t<a href=\"http:\/\/lorinoko.com\/?page_id=4151\"><img decoding=\"async\" class=\"Thumb\" alt=\"Shirokon seppen\" src=\"http:\/\/lorinoko.com\/wp-content\/gallery\/shirokon-seppen\/thumbs\/thumbs_p1040154.jpg\"\/><\/a>\r\n\t\t\t\t<\/div>\r\n\t\t\t\t<div class=\"ngg-description\">\r\n\t\t\t\t<p>Hrebienok z tmavomodrej bavlny, snehovobielej \u010dipky, retiazkou a kovovou ozdobou snehovej vlo\u010dky v striebornej farbe.<\/p>\r\n\t\t\t\t\t\t\t\t<p><strong>6<\/strong> Photos<\/p>\r\n\t\t\t\t\t\t\t<\/div>\r\n\t\t<\/div>\r\n\t<\/div>\r\n\r\n \t\r\n\t<div class=\"ngg-album\">\r\n\t\t<div class=\"ngg-albumtitle\"><a href=\"http:\/\/lorinoko.com\/?page_id=4147\">Kinkuro<\/a><\/div>\r\n\t\t\t<div class=\"ngg-albumcontent\">\r\n\t\t\t\t<div class=\"ngg-thumbnail\">\r\n\t\t\t\t\t<a href=\"http:\/\/lorinoko.com\/?page_id=4147\"><img decoding=\"async\" class=\"Thumb\" alt=\"Kinkuro\" src=\"http:\/\/lorinoko.com\/wp-content\/gallery\/kinkuro\/thumbs\/thumbs_p1040150.jpg\"\/><\/a>\r\n\t\t\t\t<\/div>\r\n\t\t\t\t<div class=\"ngg-description\">\r\n\t\t\t\t<p>Zlato-\u010diern\u00fd hrebienok z \u010dierneho bavlnen\u00e9ho z\u00e1kladu, \u010dierno-zlatej \u010dipky, zdoben\u00fd retiazkou, stu\u017ekou a samotn\u00fdm hrebienkom - v\u0161etko v zlatej farbe.<\/p>\r\n\t\t\t\t\t\t\t\t<p><strong>7<\/strong> Photos<\/p>\r\n\t\t\t\t\t\t\t<\/div>\r\n\t\t<\/div>\r\n\t<\/div>\r\n\r\n \t\r\n\t<div class=\"ngg-album\">\r\n\t\t<div class=\"ngg-albumtitle\"><a href=\"http:\/\/lorinoko.com\/?page_id=4179\">Hrebienok z patchworku<\/a><\/div>\r\n\t\t\t<div class=\"ngg-albumcontent\">\r\n\t\t\t\t<div class=\"ngg-thumbnail\">\r\n\t\t\t\t\t<a href=\"http:\/\/lorinoko.com\/?page_id=4179\"><img decoding=\"async\" class=\"Thumb\" alt=\"Hrebienok z patchworku\" src=\"http:\/\/lorinoko.com\/wp-content\/gallery\/hrebienok-z-patchworku\/thumbs\/thumbs_p1040407.jpg\"\/><\/a>\r\n\t\t\t\t<\/div>\r\n\t\t\t\t<div class=\"ngg-description\">\r\n\t\t\t\t<p>\u0160ir\u0161ia ma\u0161\u013ea z kr\u00e1snej patchworkovej l\u00e1tky je po krajoch zdoben\u00e1 bordovo-ru\u017eovou \u010dipkou a \u010diernou retiazkou.<\/p>\r\n\t\t\t\t\t\t\t\t<p><strong>7<\/strong> Photos<\/p>\r\n\t\t\t\t\t\t\t<\/div>\r\n\t\t<\/div>\r\n\t<\/div>\r\n\r\n \t\r\n\t<div class=\"ngg-album\">\r\n\t\t<div class=\"ngg-albumtitle\"><a href=\"http:\/\/lorinoko.com\/?page_id=4171\">Shirohana<\/a><\/div>\r\n\t\t\t<div class=\"ngg-albumcontent\">\r\n\t\t\t\t<div class=\"ngg-thumbnail\">\r\n\t\t\t\t\t<a href=\"http:\/\/lorinoko.com\/?page_id=4171\"><img decoding=\"async\" class=\"Thumb\" alt=\"Shirohana\" src=\"http:\/\/lorinoko.com\/wp-content\/gallery\/shirohana\/thumbs\/thumbs_p1040456.jpg\"\/><\/a>\r\n\t\t\t\t<\/div>\r\n\t\t\t\t<div class=\"ngg-description\">\r\n\t\t\t\t<p>Hrebienok z bieleho z\u00e1kladu a potla\u010de \u010dervn\u00fdch kvet\u00edn. Je jednoducho zdoben\u00fd stu\u017ekou a \u010dipkou - obe v bielej farbe.<\/p>\r\n\t\t\t\t\t\t\t\t<p><strong>5<\/strong> Photos<\/p>\r\n\t\t\t\t\t\t\t<\/div>\r\n\t\t<\/div>\r\n\t<\/div>\r\n\r\n \t \t\r\n\t<!-- Pagination -->\r\n \t<div class=\"ngg-clear\"><\/div> \t\r\n<\/div>\r\n\r\n\n","protected":false},"excerpt":{"rendered":"<p>R\u00f4znorod\u00e9 verzie hrebienkov so zdoben\u00fdmi ma\u0161\u013eami ako doplnky do vlasov.<\/p>\n","protected":false},"author":1,"featured_media":0,"parent":88,"menu_order":0,"comment_status":"open","ping_status":"closed","template":"","meta":{"_monsterinsights_skip_tracking":false,"_monsterinsights_sitenote_active":false,"_monsterinsights_sitenote_note":"","_monsterinsights_sitenote_category":0,"footnotes":""},"class_list":["post-4134","page","type-page","status-publish","hentry"],"_links":{"self":[{"href":"http:\/\/lorinoko.com\/index.php?rest_route=\/wp\/v2\/pages\/4134","targetHints":{"allow":["GET"]}}],"collection":[{"href":"http:\/\/lorinoko.com\/index.php?rest_route=\/wp\/v2\/pages"}],"about":[{"href":"http:\/\/lorinoko.com\/index.php?rest_route=\/wp\/v2\/types\/page"}],"author":[{"embeddable":true,"href":"http:\/\/lorinoko.com\/index.php?rest_route=\/wp\/v2\/users\/1"}],"replies":[{"embeddable":true,"href":"http:\/\/lorinoko.com\/index.php?rest_route=%2Fwp%2Fv2%2Fcomments&post=4134"}],"version-history":[{"count":3,"href":"http:\/\/lorinoko.com\/index.php?rest_route=\/wp\/v2\/pages\/4134\/revisions"}],"predecessor-version":[{"id":4233,"href":"http:\/\/lorinoko.com\/index.php?rest_route=\/wp\/v2\/pages\/4134\/revisions\/4233"}],"up":[{"embeddable":true,"href":"http:\/\/lorinoko.com\/index.php?rest_route=\/wp\/v2\/pages\/88"}],"wp:attachment":[{"href":"http:\/\/lorinoko.com\/index.php?rest_route=%2Fwp%2Fv2%2Fmedia&parent=4134"}],"curies":[{"name":"wp","href":"https:\/\/api.w.org\/{rel}","templated":true}]}}