{"id":4092,"date":"2015-05-05T21:29:20","date_gmt":"2015-05-05T20:29:20","guid":{"rendered":"http:\/\/lorinoko.com\/?page_id=4092"},"modified":"2015-05-05T21:37:02","modified_gmt":"2015-05-05T20:37:02","slug":"suzumiya-haruhi-cosplay-headband","status":"publish","type":"page","link":"http:\/\/lorinoko.com\/?page_id=4092","title":{"rendered":"Suzumiya Haruhi Cosplay Headband"},"content":{"rendered":"<p style=\"text-align: justify;\">\u010celenka s ma\u0161li\u010dkami po stran\u00e1ch ur\u010den\u00e1 pre cosplay postavy Haruhi Suzumiya z rovnomenn\u00e9ho anime. \u0160peci\u00e1lna objedn\u00e1vka.<\/p>\n<div class=\"slideshow\"><div id=\"ngg_slideshow20740921\" class=\"ngg-slideshow owl-carousel\" style=\"max-width: 600px; max-height: 400px;\"><img decoding=\"async\" src=\"http:\/\/lorinoko.com\/wp-content\/gallery\/suzumiya-haruhi-cosplay-headband\/p1040290.jpg\" alt=\"p1040290\" style=\"max-width: 600px; max-height: 400px; width: auto; height:auto; margin:auto\"><img decoding=\"async\" src=\"http:\/\/lorinoko.com\/wp-content\/gallery\/suzumiya-haruhi-cosplay-headband\/p1040291.jpg\" alt=\"p1040291\" style=\"max-width: 600px; max-height: 400px; width: auto; height:auto; margin:auto\"><img decoding=\"async\" src=\"http:\/\/lorinoko.com\/wp-content\/gallery\/suzumiya-haruhi-cosplay-headband\/p1040292.jpg\" alt=\"p1040292\" style=\"max-width: 600px; max-height: 400px; width: auto; height:auto; margin:auto\"><img decoding=\"async\" src=\"http:\/\/lorinoko.com\/wp-content\/gallery\/suzumiya-haruhi-cosplay-headband\/p1040293.jpg\" alt=\"p1040293\" style=\"max-width: 600px; max-height: 400px; width: auto; height:auto; margin:auto\"><img decoding=\"async\" src=\"http:\/\/lorinoko.com\/wp-content\/gallery\/suzumiya-haruhi-cosplay-headband\/p1040298.jpg\" alt=\"p1040298\" style=\"max-width: 600px; max-height: 400px; width: auto; height:auto; margin:auto\"><img decoding=\"async\" src=\"http:\/\/lorinoko.com\/wp-content\/gallery\/suzumiya-haruhi-cosplay-headband\/p1040300.jpg\" alt=\"p1040300\" style=\"max-width: 600px; max-height: 400px; width: auto; height:auto; margin:auto\"><\/div><\/div>\n\n<script type=\"text\/javascript\">jQuery(document).ready(function($) {\r\n\t\t\tvar owl = $('#ngg_slideshow20740921');\r\n\t\t\towl.owlCarousel({\r\n\t\t\t\titems: 1,\r\n\t\t\t\tautoHeight: false,\r\n\t            dots: false,\r\n\t            autoplay: true,\r\n\t\t\t\tautoplayTimeout: 4000,\r\n\t\t\t\tautoplayHoverPause: true,\r\n\t\t\t\tanimateIn: 'fadeIn',\r\n\t\t\t\tanimateOut: 'fadeOut',\r\n\t\t\t\tloop: true,\r\n\t\t\t\tmouseDrag: true,\r\n\t\t\t\ttouchDrag: true\r\n\t\t\t});\nowl.click( function () {\r\n                    owl.trigger( 'next.owl.carousel' );\r\n                } );});\n<\/script>\n","protected":false},"excerpt":{"rendered":"<p>\u010celenka s ma\u0161li\u010dkami po stran\u00e1ch ur\u010den\u00e1 pre cosplay postavy Haruhi Suzumiya z rovnomenn\u00e9ho anime. \u0160peci\u00e1lna objedn\u00e1vka.<\/p>\n","protected":false},"author":1,"featured_media":0,"parent":226,"menu_order":0,"comment_status":"open","ping_status":"closed","template":"","meta":{"_monsterinsights_skip_tracking":false,"_monsterinsights_sitenote_active":false,"_monsterinsights_sitenote_note":"","_monsterinsights_sitenote_category":0,"footnotes":""},"class_list":["post-4092","page","type-page","status-publish","hentry"],"_links":{"self":[{"href":"http:\/\/lorinoko.com\/index.php?rest_route=\/wp\/v2\/pages\/4092","targetHints":{"allow":["GET"]}}],"collection":[{"href":"http:\/\/lorinoko.com\/index.php?rest_route=\/wp\/v2\/pages"}],"about":[{"href":"http:\/\/lorinoko.com\/index.php?rest_route=\/wp\/v2\/types\/page"}],"author":[{"embeddable":true,"href":"http:\/\/lorinoko.com\/index.php?rest_route=\/wp\/v2\/users\/1"}],"replies":[{"embeddable":true,"href":"http:\/\/lorinoko.com\/index.php?rest_route=%2Fwp%2Fv2%2Fcomments&post=4092"}],"version-history":[{"count":2,"href":"http:\/\/lorinoko.com\/index.php?rest_route=\/wp\/v2\/pages\/4092\/revisions"}],"predecessor-version":[{"id":4100,"href":"http:\/\/lorinoko.com\/index.php?rest_route=\/wp\/v2\/pages\/4092\/revisions\/4100"}],"up":[{"embeddable":true,"href":"http:\/\/lorinoko.com\/index.php?rest_route=\/wp\/v2\/pages\/226"}],"wp:attachment":[{"href":"http:\/\/lorinoko.com\/index.php?rest_route=%2Fwp%2Fv2%2Fmedia&parent=4092"}],"curies":[{"name":"wp","href":"https:\/\/api.w.org\/{rel}","templated":true}]}}