{"id":4003,"date":"2015-01-28T16:41:21","date_gmt":"2015-01-28T15:41:21","guid":{"rendered":"http:\/\/lorinoko.com\/?page_id=4003"},"modified":"2015-01-28T16:41:21","modified_gmt":"2015-01-28T15:41:21","slug":"white-romantica-headband","status":"publish","type":"page","link":"http:\/\/lorinoko.com\/?page_id=4003","title":{"rendered":"White Romantica Headband"},"content":{"rendered":"<p style=\"text-align: justify;\">Dvojit\u00e1 ma\u0161\u013ea z bielej bavlny zdoben\u00e1 dvojakou \u010dipkou a kr\u00e1snou \u0161irokou stuhou jarn\u00fdch farieb a kvetov. Vrchn\u00e1 ma\u0161\u013ea je skr\u00e1\u0161len\u00e1 dvojitou radou ru\u010dne na\u0161itej kvetinovej aplik\u00e1cie.<\/p>\n<div class=\"slideshow\"><div id=\"ngg_slideshow19340031\" class=\"ngg-slideshow owl-carousel\" style=\"max-width: 600px; max-height: 400px;\"><img decoding=\"async\" src=\"http:\/\/lorinoko.com\/wp-content\/gallery\/white-romantica-headband\/001_p1030424.jpg\" alt=\"001_p1030424\" style=\"max-width: 600px; max-height: 400px; width: auto; height:auto; margin:auto\"><img decoding=\"async\" src=\"http:\/\/lorinoko.com\/wp-content\/gallery\/white-romantica-headband\/002_p1030416.jpg\" alt=\"002_p1030416\" style=\"max-width: 600px; max-height: 400px; width: auto; height:auto; margin:auto\"><img decoding=\"async\" src=\"http:\/\/lorinoko.com\/wp-content\/gallery\/white-romantica-headband\/003_p1030417.jpg\" alt=\"003_p1030417\" style=\"max-width: 600px; max-height: 400px; width: auto; height:auto; margin:auto\"><img decoding=\"async\" src=\"http:\/\/lorinoko.com\/wp-content\/gallery\/white-romantica-headband\/004_p1030414.jpg\" alt=\"004_p1030414\" style=\"max-width: 600px; max-height: 400px; width: auto; height:auto; margin:auto\"><img decoding=\"async\" src=\"http:\/\/lorinoko.com\/wp-content\/gallery\/white-romantica-headband\/005_p1030419.jpg\" alt=\"005_p1030419\" style=\"max-width: 600px; max-height: 400px; width: auto; height:auto; margin:auto\"><img decoding=\"async\" src=\"http:\/\/lorinoko.com\/wp-content\/gallery\/white-romantica-headband\/006_p1030423.jpg\" alt=\"006_p1030423\" style=\"max-width: 600px; max-height: 400px; width: auto; height:auto; margin:auto\"><img decoding=\"async\" src=\"http:\/\/lorinoko.com\/wp-content\/gallery\/white-romantica-headband\/007_p1030420.jpg\" alt=\"007_p1030420\" style=\"max-width: 600px; max-height: 400px; width: auto; height:auto; margin:auto\"><\/div><\/div>\n\n<script type=\"text\/javascript\">jQuery(document).ready(function($) {\r\n\t\t\tvar owl = $('#ngg_slideshow19340031');\r\n\t\t\towl.owlCarousel({\r\n\t\t\t\titems: 1,\r\n\t\t\t\tautoHeight: false,\r\n\t            dots: false,\r\n\t            autoplay: true,\r\n\t\t\t\tautoplayTimeout: 4000,\r\n\t\t\t\tautoplayHoverPause: true,\r\n\t\t\t\tanimateIn: 'fadeIn',\r\n\t\t\t\tanimateOut: 'fadeOut',\r\n\t\t\t\tloop: true,\r\n\t\t\t\tmouseDrag: true,\r\n\t\t\t\ttouchDrag: true\r\n\t\t\t});\nowl.click( function () {\r\n                    owl.trigger( 'next.owl.carousel' );\r\n                } );});\n<\/script>\n","protected":false},"excerpt":{"rendered":"<p>Dvojit\u00e1 ma\u0161\u013ea z bielej bavlny zdoben\u00e1 dvojakou \u010dipkou a kr\u00e1snou \u0161irokou stuhou jarn\u00fdch farieb a kvetov. Vrchn\u00e1 ma\u0161\u013ea je skr\u00e1\u0161len\u00e1 dvojitou radou ru\u010dne na\u0161itej kvetinovej aplik\u00e1cie.<\/p>\n","protected":false},"author":1,"featured_media":0,"parent":1942,"menu_order":0,"comment_status":"open","ping_status":"open","template":"","meta":{"_monsterinsights_skip_tracking":false,"_monsterinsights_sitenote_active":false,"_monsterinsights_sitenote_note":"","_monsterinsights_sitenote_category":0,"footnotes":""},"class_list":["post-4003","page","type-page","status-publish","hentry"],"_links":{"self":[{"href":"http:\/\/lorinoko.com\/index.php?rest_route=\/wp\/v2\/pages\/4003","targetHints":{"allow":["GET"]}}],"collection":[{"href":"http:\/\/lorinoko.com\/index.php?rest_route=\/wp\/v2\/pages"}],"about":[{"href":"http:\/\/lorinoko.com\/index.php?rest_route=\/wp\/v2\/types\/page"}],"author":[{"embeddable":true,"href":"http:\/\/lorinoko.com\/index.php?rest_route=\/wp\/v2\/users\/1"}],"replies":[{"embeddable":true,"href":"http:\/\/lorinoko.com\/index.php?rest_route=%2Fwp%2Fv2%2Fcomments&post=4003"}],"version-history":[{"count":2,"href":"http:\/\/lorinoko.com\/index.php?rest_route=\/wp\/v2\/pages\/4003\/revisions"}],"predecessor-version":[{"id":4005,"href":"http:\/\/lorinoko.com\/index.php?rest_route=\/wp\/v2\/pages\/4003\/revisions\/4005"}],"up":[{"embeddable":true,"href":"http:\/\/lorinoko.com\/index.php?rest_route=\/wp\/v2\/pages\/1942"}],"wp:attachment":[{"href":"http:\/\/lorinoko.com\/index.php?rest_route=%2Fwp%2Fv2%2Fmedia&parent=4003"}],"curies":[{"name":"wp","href":"https:\/\/api.w.org\/{rel}","templated":true}]}}