{"id":3979,"date":"2015-01-26T16:25:52","date_gmt":"2015-01-26T15:25:52","guid":{"rendered":"http:\/\/lorinoko.com\/?page_id=3979"},"modified":"2015-01-26T16:25:52","modified_gmt":"2015-01-26T15:25:52","slug":"oldschool-classic-headband-1","status":"publish","type":"page","link":"http:\/\/lorinoko.com\/?page_id=3979","title":{"rendered":"Oldschool Classic Headband 1"},"content":{"rendered":"<p style=\"text-align: justify;\">S\u00e9ria ma\u0161l\u00ed v klasickom preveden\u00ed v kombin\u00e1cii \u010diernej a bielej. Na zdobenie je s\u00fa pou\u017eit\u00e9 roznorod\u00e9 \u010dipky a stu\u017eky, z materi\u00e1lov preva\u017euje bavlna, ktor\u00ed je pr\u00edjemn\u00e1 na dotyk. Prv\u00e1 zo s\u00e9rie je skr\u00e1\u0161len\u00e1 kvetinovou ozdobou zo sat\u00e9nov\u00fdch stu\u017eiek, ktor\u00e1 je odn\u00edmate\u013en\u00e1.<\/p>\n<div class=\"slideshow\"><div id=\"ngg_slideshow18739791\" class=\"ngg-slideshow owl-carousel\" style=\"max-width: 600px; max-height: 400px;\"><img decoding=\"async\" src=\"http:\/\/lorinoko.com\/wp-content\/gallery\/oldschool-classic-headband-1\/001_p1030285.jpg\" alt=\"001_p1030285\" style=\"max-width: 600px; max-height: 400px; width: auto; height:auto; margin:auto\"><img decoding=\"async\" src=\"http:\/\/lorinoko.com\/wp-content\/gallery\/oldschool-classic-headband-1\/002_p1030279.jpg\" alt=\"002_p1030279\" style=\"max-width: 600px; max-height: 400px; width: auto; height:auto; margin:auto\"><img decoding=\"async\" src=\"http:\/\/lorinoko.com\/wp-content\/gallery\/oldschool-classic-headband-1\/003_p1030286.jpg\" alt=\"003_p1030286\" style=\"max-width: 600px; max-height: 400px; width: auto; height:auto; margin:auto\"><img decoding=\"async\" src=\"http:\/\/lorinoko.com\/wp-content\/gallery\/oldschool-classic-headband-1\/004_p1030282.jpg\" alt=\"004_p1030282\" style=\"max-width: 600px; max-height: 400px; width: auto; height:auto; margin:auto\"><img decoding=\"async\" src=\"http:\/\/lorinoko.com\/wp-content\/gallery\/oldschool-classic-headband-1\/005_p1030280.jpg\" alt=\"005_p1030280\" style=\"max-width: 600px; max-height: 400px; width: auto; height:auto; margin:auto\"><img decoding=\"async\" src=\"http:\/\/lorinoko.com\/wp-content\/gallery\/oldschool-classic-headband-1\/006_p1030314.jpg\" alt=\"006_p1030314\" style=\"max-width: 600px; max-height: 400px; width: auto; height:auto; margin:auto\"><img decoding=\"async\" src=\"http:\/\/lorinoko.com\/wp-content\/gallery\/oldschool-classic-headband-1\/007_p1030316.jpg\" alt=\"007_p1030316\" style=\"max-width: 600px; max-height: 400px; width: auto; height:auto; margin:auto\"><\/div><\/div>\n\n<script type=\"text\/javascript\">jQuery(document).ready(function($) {\r\n\t\t\tvar owl = $('#ngg_slideshow18739791');\r\n\t\t\towl.owlCarousel({\r\n\t\t\t\titems: 1,\r\n\t\t\t\tautoHeight: false,\r\n\t            dots: false,\r\n\t            autoplay: true,\r\n\t\t\t\tautoplayTimeout: 4000,\r\n\t\t\t\tautoplayHoverPause: true,\r\n\t\t\t\tanimateIn: 'fadeIn',\r\n\t\t\t\tanimateOut: 'fadeOut',\r\n\t\t\t\tloop: true,\r\n\t\t\t\tmouseDrag: true,\r\n\t\t\t\ttouchDrag: true\r\n\t\t\t});\nowl.click( function () {\r\n                    owl.trigger( 'next.owl.carousel' );\r\n                } );});\n<\/script>\n","protected":false},"excerpt":{"rendered":"<p>S\u00e9ria ma\u0161l\u00ed v klasickom preveden\u00ed v kombin\u00e1cii \u010diernej a bielej. Na zdobenie je s\u00fa pou\u017eit\u00e9 roznorod\u00e9 \u010dipky a stu\u017eky, z materi\u00e1lov preva\u017euje bavlna, ktor\u00ed je pr\u00edjemn\u00e1 na dotyk. Prv\u00e1 zo s\u00e9rie je skr\u00e1\u0161len\u00e1 kvetinovou ozdobou zo sat\u00e9nov\u00fdch stu\u017eiek, ktor\u00e1 je &hellip; <a href=\"http:\/\/lorinoko.com\/?page_id=3979\">Continue reading <span class=\"meta-nav\">&rarr;<\/span><\/a><\/p>\n","protected":false},"author":1,"featured_media":0,"parent":1942,"menu_order":0,"comment_status":"open","ping_status":"open","template":"","meta":{"_monsterinsights_skip_tracking":false,"_monsterinsights_sitenote_active":false,"_monsterinsights_sitenote_note":"","_monsterinsights_sitenote_category":0,"footnotes":""},"class_list":["post-3979","page","type-page","status-publish","hentry"],"_links":{"self":[{"href":"http:\/\/lorinoko.com\/index.php?rest_route=\/wp\/v2\/pages\/3979","targetHints":{"allow":["GET"]}}],"collection":[{"href":"http:\/\/lorinoko.com\/index.php?rest_route=\/wp\/v2\/pages"}],"about":[{"href":"http:\/\/lorinoko.com\/index.php?rest_route=\/wp\/v2\/types\/page"}],"author":[{"embeddable":true,"href":"http:\/\/lorinoko.com\/index.php?rest_route=\/wp\/v2\/users\/1"}],"replies":[{"embeddable":true,"href":"http:\/\/lorinoko.com\/index.php?rest_route=%2Fwp%2Fv2%2Fcomments&post=3979"}],"version-history":[{"count":2,"href":"http:\/\/lorinoko.com\/index.php?rest_route=\/wp\/v2\/pages\/3979\/revisions"}],"predecessor-version":[{"id":3981,"href":"http:\/\/lorinoko.com\/index.php?rest_route=\/wp\/v2\/pages\/3979\/revisions\/3981"}],"up":[{"embeddable":true,"href":"http:\/\/lorinoko.com\/index.php?rest_route=\/wp\/v2\/pages\/1942"}],"wp:attachment":[{"href":"http:\/\/lorinoko.com\/index.php?rest_route=%2Fwp%2Fv2%2Fmedia&parent=3979"}],"curies":[{"name":"wp","href":"https:\/\/api.w.org\/{rel}","templated":true}]}}