{"id":3960,"date":"2015-01-06T01:00:41","date_gmt":"2015-01-06T00:00:41","guid":{"rendered":"http:\/\/lorinoko.com\/?page_id=3960"},"modified":"2015-07-09T15:18:32","modified_gmt":"2015-07-09T14:18:32","slug":"redlake-night-skirt","status":"publish","type":"page","link":"http:\/\/lorinoko.com\/?page_id=3960","title":{"rendered":"RedLake Night Skirt"},"content":{"rendered":"<p style=\"text-align: justify;\">Suk\u0148a z bavlnenej \u010dervenej potla\u010de drobn\u00fdch bielych kvet\u00edn v kombin\u00e1cii s \u010diernym materi\u00e1lom rezonuje pocitom tichej noci nad jazerom, pravidelne sfarbovan\u00fdm z\u00e1padom slnka do \u010derven\u00e9ho \u0161atu. Elegantne je dotvoren\u00e1 \u0161irokou \u010diernou \u010dipkou, a zamatovou stuhou, ktor\u00e1 pocit ticha pokojnej noci umoc\u0148uje. Je vhodn\u00e1 k spolo\u010dnej kombin\u00e1cii s ma\u0161\u013eou do vlasov z kolekcie RedLake.<br \/>\n<strong>Materi\u00e1l:<\/strong> bavlnen\u00fd z\u00e1klad, bavlnen\u00e1 a polyesterov\u00e1 \u010dipka, zamatov\u00e1 a sat\u00e9nov\u00e1 stu\u017eka<br \/>\n<strong>Obvod p\u00e1su:<\/strong> 60-100 cm<br \/>\n<strong>D\u013a\u017eka sukne:<\/strong> 54 cm<\/p>\n<div class=\"slideshow\"><div id=\"ngg_slideshow18539601\" class=\"ngg-slideshow owl-carousel\" style=\"max-width: 600px; max-height: 400px;\"><img decoding=\"async\" src=\"http:\/\/lorinoko.com\/wp-content\/gallery\/redlake-night-skirt\/001_p1030359.jpg\" alt=\"001_p1030359\" style=\"max-width: 600px; max-height: 400px; width: auto; height:auto; margin:auto\"><img decoding=\"async\" src=\"http:\/\/lorinoko.com\/wp-content\/gallery\/redlake-night-skirt\/002_p1030257.jpg\" alt=\"002_p1030257\" style=\"max-width: 600px; max-height: 400px; width: auto; height:auto; margin:auto\"><img decoding=\"async\" src=\"http:\/\/lorinoko.com\/wp-content\/gallery\/redlake-night-skirt\/003_p1030256.jpg\" alt=\"003_p1030256\" style=\"max-width: 600px; max-height: 400px; width: auto; height:auto; margin:auto\"><img decoding=\"async\" src=\"http:\/\/lorinoko.com\/wp-content\/gallery\/redlake-night-skirt\/004_p1030347.jpg\" alt=\"004_p1030347\" style=\"max-width: 600px; max-height: 400px; width: auto; height:auto; margin:auto\"><img decoding=\"async\" src=\"http:\/\/lorinoko.com\/wp-content\/gallery\/redlake-night-skirt\/005_p1030339.jpg\" alt=\"005_p1030339\" style=\"max-width: 600px; max-height: 400px; width: auto; height:auto; margin:auto\"><img decoding=\"async\" src=\"http:\/\/lorinoko.com\/wp-content\/gallery\/redlake-night-skirt\/006_p1030348.jpg\" alt=\"006_p1030348\" style=\"max-width: 600px; max-height: 400px; width: auto; height:auto; margin:auto\"><img decoding=\"async\" src=\"http:\/\/lorinoko.com\/wp-content\/gallery\/redlake-night-skirt\/007_p1030366.jpg\" alt=\"007_p1030366\" style=\"max-width: 600px; max-height: 400px; width: auto; height:auto; margin:auto\"><\/div><\/div>\n\n<script type=\"text\/javascript\">jQuery(document).ready(function($) {\r\n\t\t\tvar owl = $('#ngg_slideshow18539601');\r\n\t\t\towl.owlCarousel({\r\n\t\t\t\titems: 1,\r\n\t\t\t\tautoHeight: false,\r\n\t            dots: false,\r\n\t            autoplay: true,\r\n\t\t\t\tautoplayTimeout: 4000,\r\n\t\t\t\tautoplayHoverPause: true,\r\n\t\t\t\tanimateIn: 'fadeIn',\r\n\t\t\t\tanimateOut: 'fadeOut',\r\n\t\t\t\tloop: true,\r\n\t\t\t\tmouseDrag: true,\r\n\t\t\t\ttouchDrag: true\r\n\t\t\t});\nowl.click( function () {\r\n                    owl.trigger( 'next.owl.carousel' );\r\n                } );});\n<\/script>\n","protected":false},"excerpt":{"rendered":"<p>Suk\u0148a z bavlnenej \u010dervenej potla\u010de drobn\u00fdch bielych kvet\u00edn v kombin\u00e1cii s \u010diernym materi\u00e1lom rezonuje pocitom tichej noci nad jazerom, pravidelne sfarbovan\u00fdm z\u00e1padom slnka do \u010derven\u00e9ho \u0161atu. Elegantne je dotvoren\u00e1 \u0161irokou \u010diernou \u010dipkou, a zamatovou stuhou, ktor\u00e1 pocit ticha pokojnej noci &hellip; <a href=\"http:\/\/lorinoko.com\/?page_id=3960\">Continue reading <span class=\"meta-nav\">&rarr;<\/span><\/a><\/p>\n","protected":false},"author":1,"featured_media":0,"parent":78,"menu_order":0,"comment_status":"open","ping_status":"open","template":"","meta":{"_monsterinsights_skip_tracking":false,"_monsterinsights_sitenote_active":false,"_monsterinsights_sitenote_note":"","_monsterinsights_sitenote_category":0,"footnotes":""},"class_list":["post-3960","page","type-page","status-publish","hentry"],"_links":{"self":[{"href":"http:\/\/lorinoko.com\/index.php?rest_route=\/wp\/v2\/pages\/3960","targetHints":{"allow":["GET"]}}],"collection":[{"href":"http:\/\/lorinoko.com\/index.php?rest_route=\/wp\/v2\/pages"}],"about":[{"href":"http:\/\/lorinoko.com\/index.php?rest_route=\/wp\/v2\/types\/page"}],"author":[{"embeddable":true,"href":"http:\/\/lorinoko.com\/index.php?rest_route=\/wp\/v2\/users\/1"}],"replies":[{"embeddable":true,"href":"http:\/\/lorinoko.com\/index.php?rest_route=%2Fwp%2Fv2%2Fcomments&post=3960"}],"version-history":[{"count":3,"href":"http:\/\/lorinoko.com\/index.php?rest_route=\/wp\/v2\/pages\/3960\/revisions"}],"predecessor-version":[{"id":4257,"href":"http:\/\/lorinoko.com\/index.php?rest_route=\/wp\/v2\/pages\/3960\/revisions\/4257"}],"up":[{"embeddable":true,"href":"http:\/\/lorinoko.com\/index.php?rest_route=\/wp\/v2\/pages\/78"}],"wp:attachment":[{"href":"http:\/\/lorinoko.com\/index.php?rest_route=%2Fwp%2Fv2%2Fmedia&parent=3960"}],"curies":[{"name":"wp","href":"https:\/\/api.w.org\/{rel}","templated":true}]}}