{"id":3937,"date":"2014-12-30T18:17:50","date_gmt":"2014-12-30T17:17:50","guid":{"rendered":"http:\/\/lorinoko.com\/?page_id=3937"},"modified":"2014-12-30T18:17:50","modified_gmt":"2014-12-30T17:17:50","slug":"black-jade-snowflakes-choker","status":"publish","type":"page","link":"http:\/\/lorinoko.com\/?page_id=3937","title":{"rendered":"Black Jade Snowflakes &#8211; choker"},"content":{"rendered":"<p style=\"text-align: justify;\">Zdoben\u00fd obojok v \u010diernom a jadeitovom prevden\u00ed &#8211; priam ako stvoren\u00fd ako doplnok pre zimn\u00e9 obdobie. \u0160irok\u00e1 \u010dipka z umel\u00e9ho hodv\u00e1bu s prepletenou sat\u00e9novou stu\u017ekou ur\u010denou na viazanie je ozdoben\u00e1 zamatovou stuhou v zelenom jadeitovom sfarben\u00ed. Zdobenie je preveden\u00e9 z trojak\u00fdch pr\u00edveskov v tvaroch snehov\u00fdch vlo\u010diek a kovovou retiazkou &#8211; v\u0161etko laden\u00e9 do striebornej farby.<br \/>\n<strong>Materi\u00e1l:<\/strong> \u010dipka z umel\u00e9ho hodv\u00e1bu, zamatov\u00e1 a sat\u00e9nov\u00e1 stuha, kovov\u00e9 ozdoby, retiazka<br \/>\n<strong>Obvod krku:<\/strong> 32+ cm<\/p>\n<div class=\"slideshow\"><div id=\"ngg_slideshow18339371\" class=\"ngg-slideshow owl-carousel\" style=\"max-width: 600px; max-height: 400px;\"><img decoding=\"async\" src=\"http:\/\/lorinoko.com\/wp-content\/gallery\/black-jade-snowflakes-choker\/001_p1030210.jpg\" alt=\"001_p1030210\" style=\"max-width: 600px; max-height: 400px; width: auto; height:auto; margin:auto\"><img decoding=\"async\" src=\"http:\/\/lorinoko.com\/wp-content\/gallery\/black-jade-snowflakes-choker\/002_p1030198.jpg\" alt=\"002_p1030198\" style=\"max-width: 600px; max-height: 400px; width: auto; height:auto; margin:auto\"><img decoding=\"async\" src=\"http:\/\/lorinoko.com\/wp-content\/gallery\/black-jade-snowflakes-choker\/003_p1030206.jpg\" alt=\"003_p1030206\" style=\"max-width: 600px; max-height: 400px; width: auto; height:auto; margin:auto\"><img decoding=\"async\" src=\"http:\/\/lorinoko.com\/wp-content\/gallery\/black-jade-snowflakes-choker\/004_p1030202.jpg\" alt=\"004_p1030202\" style=\"max-width: 600px; max-height: 400px; width: auto; height:auto; margin:auto\"><img decoding=\"async\" src=\"http:\/\/lorinoko.com\/wp-content\/gallery\/black-jade-snowflakes-choker\/005_p1030207.jpg\" alt=\"005_p1030207\" style=\"max-width: 600px; max-height: 400px; width: auto; height:auto; margin:auto\"><img decoding=\"async\" src=\"http:\/\/lorinoko.com\/wp-content\/gallery\/black-jade-snowflakes-choker\/006_p1030203.jpg\" alt=\"006_p1030203\" style=\"max-width: 600px; max-height: 400px; width: auto; height:auto; margin:auto\"><img decoding=\"async\" src=\"http:\/\/lorinoko.com\/wp-content\/gallery\/black-jade-snowflakes-choker\/007_p1030209.jpg\" alt=\"007_p1030209\" style=\"max-width: 600px; max-height: 400px; width: auto; height:auto; margin:auto\"><\/div><\/div>\n\n<script type=\"text\/javascript\">jQuery(document).ready(function($) {\r\n\t\t\tvar owl = $('#ngg_slideshow18339371');\r\n\t\t\towl.owlCarousel({\r\n\t\t\t\titems: 1,\r\n\t\t\t\tautoHeight: false,\r\n\t            dots: false,\r\n\t            autoplay: true,\r\n\t\t\t\tautoplayTimeout: 4000,\r\n\t\t\t\tautoplayHoverPause: true,\r\n\t\t\t\tanimateIn: 'fadeIn',\r\n\t\t\t\tanimateOut: 'fadeOut',\r\n\t\t\t\tloop: true,\r\n\t\t\t\tmouseDrag: true,\r\n\t\t\t\ttouchDrag: true\r\n\t\t\t});\nowl.click( function () {\r\n                    owl.trigger( 'next.owl.carousel' );\r\n                } );});\n<\/script>\n","protected":false},"excerpt":{"rendered":"<p>Zdoben\u00fd obojok v \u010diernom a jadeitovom prevden\u00ed &#8211; priam ako stvoren\u00fd ako doplnok pre zimn\u00e9 obdobie. \u0160irok\u00e1 \u010dipka z umel\u00e9ho hodv\u00e1bu s prepletenou sat\u00e9novou stu\u017ekou ur\u010denou na viazanie je ozdoben\u00e1 zamatovou stuhou v zelenom jadeitovom sfarben\u00ed. Zdobenie je preveden\u00e9 z &hellip; <a href=\"http:\/\/lorinoko.com\/?page_id=3937\">Continue reading <span class=\"meta-nav\">&rarr;<\/span><\/a><\/p>\n","protected":false},"author":1,"featured_media":0,"parent":1956,"menu_order":0,"comment_status":"open","ping_status":"open","template":"","meta":{"_monsterinsights_skip_tracking":false,"_monsterinsights_sitenote_active":false,"_monsterinsights_sitenote_note":"","_monsterinsights_sitenote_category":0,"footnotes":""},"class_list":["post-3937","page","type-page","status-publish","hentry"],"_links":{"self":[{"href":"http:\/\/lorinoko.com\/index.php?rest_route=\/wp\/v2\/pages\/3937","targetHints":{"allow":["GET"]}}],"collection":[{"href":"http:\/\/lorinoko.com\/index.php?rest_route=\/wp\/v2\/pages"}],"about":[{"href":"http:\/\/lorinoko.com\/index.php?rest_route=\/wp\/v2\/types\/page"}],"author":[{"embeddable":true,"href":"http:\/\/lorinoko.com\/index.php?rest_route=\/wp\/v2\/users\/1"}],"replies":[{"embeddable":true,"href":"http:\/\/lorinoko.com\/index.php?rest_route=%2Fwp%2Fv2%2Fcomments&post=3937"}],"version-history":[{"count":2,"href":"http:\/\/lorinoko.com\/index.php?rest_route=\/wp\/v2\/pages\/3937\/revisions"}],"predecessor-version":[{"id":3939,"href":"http:\/\/lorinoko.com\/index.php?rest_route=\/wp\/v2\/pages\/3937\/revisions\/3939"}],"up":[{"embeddable":true,"href":"http:\/\/lorinoko.com\/index.php?rest_route=\/wp\/v2\/pages\/1956"}],"wp:attachment":[{"href":"http:\/\/lorinoko.com\/index.php?rest_route=%2Fwp%2Fv2%2Fmedia&parent=3937"}],"curies":[{"name":"wp","href":"https:\/\/api.w.org\/{rel}","templated":true}]}}