{"id":3917,"date":"2014-12-30T16:43:25","date_gmt":"2014-12-30T15:43:25","guid":{"rendered":"http:\/\/lorinoko.com\/?page_id=3917"},"modified":"2014-12-30T16:43:25","modified_gmt":"2014-12-30T15:43:25","slug":"silver-white-choker-iii","status":"publish","type":"page","link":"http:\/\/lorinoko.com\/?page_id=3917","title":{"rendered":"Silver White Choker III"},"content":{"rendered":"<p style=\"text-align: justify;\">S\u00e9ria troch snehovo-bielych obojkov z preva\u017ene bavlnenej \u010dipky a sat\u00e9nov\u00fdch stu\u017eiek. Ka\u017ed\u00fd je zdoben\u00fd \u0161pecificky rozdielne pomocou umel\u00fdch strieborn\u00fdch perli\u010diek, sat\u00e9nov\u00fdch ma\u0161li\u010diek a bielych ozd\u00f4b v tvare ma\u0161l\u00ed \u010di drobn\u00fdch kovov\u00fdch srdie\u010dok.<br \/>\n<strong>Materi\u00e1l:<\/strong> \u010dipka z bavlny, sat\u00e9nov\u00e9 stu\u017eky, umel\u00e9 perly, umel\u00e9 a kovov\u00e9 ozdoby<br \/>\n<strong>Obvod krku:<\/strong> 34+ cm<\/p>\n<div class=\"slideshow\"><div id=\"ngg_slideshow17939171\" class=\"ngg-slideshow owl-carousel\" style=\"max-width: 600px; max-height: 400px;\"><img decoding=\"async\" src=\"http:\/\/lorinoko.com\/wp-content\/gallery\/silver-white-choker-iii\/001_p1020640.jpg\" alt=\"001_p1020640\" style=\"max-width: 600px; max-height: 400px; width: auto; height:auto; margin:auto\"><img decoding=\"async\" src=\"http:\/\/lorinoko.com\/wp-content\/gallery\/silver-white-choker-iii\/002_p1020701.jpg\" alt=\"002_p1020701\" style=\"max-width: 600px; max-height: 400px; width: auto; height:auto; margin:auto\"><img decoding=\"async\" src=\"http:\/\/lorinoko.com\/wp-content\/gallery\/silver-white-choker-iii\/003_p1020643.jpg\" alt=\"003_p1020643\" style=\"max-width: 600px; max-height: 400px; width: auto; height:auto; margin:auto\"><img decoding=\"async\" src=\"http:\/\/lorinoko.com\/wp-content\/gallery\/silver-white-choker-iii\/004_p1020702.jpg\" alt=\"004_p1020702\" style=\"max-width: 600px; max-height: 400px; width: auto; height:auto; margin:auto\"><img decoding=\"async\" src=\"http:\/\/lorinoko.com\/wp-content\/gallery\/silver-white-choker-iii\/005_p1020645.jpg\" alt=\"005_p1020645\" style=\"max-width: 600px; max-height: 400px; width: auto; height:auto; margin:auto\"><img decoding=\"async\" src=\"http:\/\/lorinoko.com\/wp-content\/gallery\/silver-white-choker-iii\/006_p1020703.jpg\" alt=\"006_p1020703\" style=\"max-width: 600px; max-height: 400px; width: auto; height:auto; margin:auto\"><img decoding=\"async\" src=\"http:\/\/lorinoko.com\/wp-content\/gallery\/silver-white-choker-iii\/007_p1020646.jpg\" alt=\"007_p1020646\" style=\"max-width: 600px; max-height: 400px; width: auto; height:auto; margin:auto\"><img decoding=\"async\" src=\"http:\/\/lorinoko.com\/wp-content\/gallery\/silver-white-choker-iii\/008_p1020648.jpg\" alt=\"008_p1020648\" style=\"max-width: 600px; max-height: 400px; width: auto; height:auto; margin:auto\"><img decoding=\"async\" src=\"http:\/\/lorinoko.com\/wp-content\/gallery\/silver-white-choker-iii\/009_p1020651.jpg\" alt=\"009_p1020651\" style=\"max-width: 600px; max-height: 400px; width: auto; height:auto; margin:auto\"><\/div><\/div>\n\n<script type=\"text\/javascript\">jQuery(document).ready(function($) {\r\n\t\t\tvar owl = $('#ngg_slideshow17939171');\r\n\t\t\towl.owlCarousel({\r\n\t\t\t\titems: 1,\r\n\t\t\t\tautoHeight: false,\r\n\t            dots: false,\r\n\t            autoplay: true,\r\n\t\t\t\tautoplayTimeout: 4000,\r\n\t\t\t\tautoplayHoverPause: true,\r\n\t\t\t\tanimateIn: 'fadeIn',\r\n\t\t\t\tanimateOut: 'fadeOut',\r\n\t\t\t\tloop: true,\r\n\t\t\t\tmouseDrag: true,\r\n\t\t\t\ttouchDrag: true\r\n\t\t\t});\nowl.click( function () {\r\n                    owl.trigger( 'next.owl.carousel' );\r\n                } );});\n<\/script>\n","protected":false},"excerpt":{"rendered":"<p>S\u00e9ria troch snehovo-bielych obojkov z preva\u017ene bavlnenej \u010dipky a sat\u00e9nov\u00fdch stu\u017eiek. Ka\u017ed\u00fd je zdoben\u00fd \u0161pecificky rozdielne pomocou umel\u00fdch strieborn\u00fdch perli\u010diek, sat\u00e9nov\u00fdch ma\u0161li\u010diek a bielych ozd\u00f4b v tvare ma\u0161l\u00ed \u010di drobn\u00fdch kovov\u00fdch srdie\u010dok. Materi\u00e1l: \u010dipka z bavlny, sat\u00e9nov\u00e9 stu\u017eky, umel\u00e9 perly, &hellip; <a href=\"http:\/\/lorinoko.com\/?page_id=3917\">Continue reading <span class=\"meta-nav\">&rarr;<\/span><\/a><\/p>\n","protected":false},"author":1,"featured_media":0,"parent":1956,"menu_order":0,"comment_status":"open","ping_status":"open","template":"","meta":{"_monsterinsights_skip_tracking":false,"_monsterinsights_sitenote_active":false,"_monsterinsights_sitenote_note":"","_monsterinsights_sitenote_category":0,"footnotes":""},"class_list":["post-3917","page","type-page","status-publish","hentry"],"_links":{"self":[{"href":"http:\/\/lorinoko.com\/index.php?rest_route=\/wp\/v2\/pages\/3917","targetHints":{"allow":["GET"]}}],"collection":[{"href":"http:\/\/lorinoko.com\/index.php?rest_route=\/wp\/v2\/pages"}],"about":[{"href":"http:\/\/lorinoko.com\/index.php?rest_route=\/wp\/v2\/types\/page"}],"author":[{"embeddable":true,"href":"http:\/\/lorinoko.com\/index.php?rest_route=\/wp\/v2\/users\/1"}],"replies":[{"embeddable":true,"href":"http:\/\/lorinoko.com\/index.php?rest_route=%2Fwp%2Fv2%2Fcomments&post=3917"}],"version-history":[{"count":2,"href":"http:\/\/lorinoko.com\/index.php?rest_route=\/wp\/v2\/pages\/3917\/revisions"}],"predecessor-version":[{"id":3919,"href":"http:\/\/lorinoko.com\/index.php?rest_route=\/wp\/v2\/pages\/3917\/revisions\/3919"}],"up":[{"embeddable":true,"href":"http:\/\/lorinoko.com\/index.php?rest_route=\/wp\/v2\/pages\/1956"}],"wp:attachment":[{"href":"http:\/\/lorinoko.com\/index.php?rest_route=%2Fwp%2Fv2%2Fmedia&parent=3917"}],"curies":[{"name":"wp","href":"https:\/\/api.w.org\/{rel}","templated":true}]}}