{"id":3871,"date":"2014-12-29T20:19:01","date_gmt":"2014-12-29T19:19:01","guid":{"rendered":"http:\/\/lorinoko.com\/?page_id=3871"},"modified":"2014-12-29T20:19:01","modified_gmt":"2014-12-29T19:19:01","slug":"black-butterfly-choker-ii","status":"publish","type":"page","link":"http:\/\/lorinoko.com\/?page_id=3871","title":{"rendered":"Black Butterfly Choker II"},"content":{"rendered":"<p style=\"text-align: justify;\">S\u00e9ria obojkov v \u010diernom preveden\u00ed ka\u017ed\u00fd so \u0161pecifick\u00fdm pou\u017eit\u00edm kombin\u00e1cie \u010dipiek a stu\u017eiek. Podobnos\u0165\u009d je zachovan\u00e1 predov\u0161etk\u00fdm v\u010faka pr\u00edvesku mot\u00fdlika z kovu. V\u00fdnimo\u010dn\u00fd vzh\u013ead dotv\u00e1ra zdobenie z ozdobn\u00fdch retiazok a stu\u017eiek, ktor\u00e9 je pre ka\u017ed\u00fd kus jedine\u010dn\u00e9.<br \/>\n<strong>Materi\u00e1l:<\/strong> \u010dipka z bavlny, polyesteru a umel\u00e9ho hodv\u00e1bu, sat\u00e9nov\u00e9 stu\u017eky, kovov\u00e9 ozdoby a retiazky<br \/>\n<strong>Obvod krku:<\/strong> 34+ cm<\/p>\n<div class=\"slideshow\"><div id=\"ngg_slideshow16738711\" class=\"ngg-slideshow owl-carousel\" style=\"max-width: 600px; max-height: 400px;\"><img decoding=\"async\" src=\"http:\/\/lorinoko.com\/wp-content\/gallery\/black-butterfly-choker-ii\/001_p1020592.jpg\" alt=\"001_p1020592\" style=\"max-width: 600px; max-height: 400px; width: auto; height:auto; margin:auto\"><img decoding=\"async\" src=\"http:\/\/lorinoko.com\/wp-content\/gallery\/black-butterfly-choker-ii\/002_p1020684.jpg\" alt=\"002_p1020684\" style=\"max-width: 600px; max-height: 400px; width: auto; height:auto; margin:auto\"><img decoding=\"async\" src=\"http:\/\/lorinoko.com\/wp-content\/gallery\/black-butterfly-choker-ii\/003_p1020594.jpg\" alt=\"003_p1020594\" style=\"max-width: 600px; max-height: 400px; width: auto; height:auto; margin:auto\"><img decoding=\"async\" src=\"http:\/\/lorinoko.com\/wp-content\/gallery\/black-butterfly-choker-ii\/004_p1020685.jpg\" alt=\"004_p1020685\" style=\"max-width: 600px; max-height: 400px; width: auto; height:auto; margin:auto\"><img decoding=\"async\" src=\"http:\/\/lorinoko.com\/wp-content\/gallery\/black-butterfly-choker-ii\/005_p1020595.jpg\" alt=\"005_p1020595\" style=\"max-width: 600px; max-height: 400px; width: auto; height:auto; margin:auto\"><img decoding=\"async\" src=\"http:\/\/lorinoko.com\/wp-content\/gallery\/black-butterfly-choker-ii\/006_p1020686.jpg\" alt=\"006_p1020686\" style=\"max-width: 600px; max-height: 400px; width: auto; height:auto; margin:auto\"><img decoding=\"async\" src=\"http:\/\/lorinoko.com\/wp-content\/gallery\/black-butterfly-choker-ii\/p1020616.jpg\" alt=\"p1020616\" style=\"max-width: 600px; max-height: 400px; width: auto; height:auto; margin:auto\"><\/div><\/div>\n\n<script type=\"text\/javascript\">jQuery(document).ready(function($) {\r\n\t\t\tvar owl = $('#ngg_slideshow16738711');\r\n\t\t\towl.owlCarousel({\r\n\t\t\t\titems: 1,\r\n\t\t\t\tautoHeight: false,\r\n\t            dots: false,\r\n\t            autoplay: true,\r\n\t\t\t\tautoplayTimeout: 4000,\r\n\t\t\t\tautoplayHoverPause: true,\r\n\t\t\t\tanimateIn: 'fadeIn',\r\n\t\t\t\tanimateOut: 'fadeOut',\r\n\t\t\t\tloop: true,\r\n\t\t\t\tmouseDrag: true,\r\n\t\t\t\ttouchDrag: true\r\n\t\t\t});\nowl.click( function () {\r\n                    owl.trigger( 'next.owl.carousel' );\r\n                } );});\n<\/script>\n","protected":false},"excerpt":{"rendered":"<p>S\u00e9ria obojkov v \u010diernom preveden\u00ed ka\u017ed\u00fd so \u0161pecifick\u00fdm pou\u017eit\u00edm kombin\u00e1cie \u010dipiek a stu\u017eiek. Podobnos\u0165\u009d je zachovan\u00e1 predov\u0161etk\u00fdm v\u010faka pr\u00edvesku mot\u00fdlika z kovu. V\u00fdnimo\u010dn\u00fd vzh\u013ead dotv\u00e1ra zdobenie z ozdobn\u00fdch retiazok a stu\u017eiek, ktor\u00e9 je pre ka\u017ed\u00fd kus jedine\u010dn\u00e9. Materi\u00e1l: \u010dipka z &hellip; <a href=\"http:\/\/lorinoko.com\/?page_id=3871\">Continue reading <span class=\"meta-nav\">&rarr;<\/span><\/a><\/p>\n","protected":false},"author":1,"featured_media":0,"parent":1956,"menu_order":0,"comment_status":"open","ping_status":"open","template":"","meta":{"_monsterinsights_skip_tracking":false,"_monsterinsights_sitenote_active":false,"_monsterinsights_sitenote_note":"","_monsterinsights_sitenote_category":0,"footnotes":""},"class_list":["post-3871","page","type-page","status-publish","hentry"],"_links":{"self":[{"href":"http:\/\/lorinoko.com\/index.php?rest_route=\/wp\/v2\/pages\/3871","targetHints":{"allow":["GET"]}}],"collection":[{"href":"http:\/\/lorinoko.com\/index.php?rest_route=\/wp\/v2\/pages"}],"about":[{"href":"http:\/\/lorinoko.com\/index.php?rest_route=\/wp\/v2\/types\/page"}],"author":[{"embeddable":true,"href":"http:\/\/lorinoko.com\/index.php?rest_route=\/wp\/v2\/users\/1"}],"replies":[{"embeddable":true,"href":"http:\/\/lorinoko.com\/index.php?rest_route=%2Fwp%2Fv2%2Fcomments&post=3871"}],"version-history":[{"count":2,"href":"http:\/\/lorinoko.com\/index.php?rest_route=\/wp\/v2\/pages\/3871\/revisions"}],"predecessor-version":[{"id":3873,"href":"http:\/\/lorinoko.com\/index.php?rest_route=\/wp\/v2\/pages\/3871\/revisions\/3873"}],"up":[{"embeddable":true,"href":"http:\/\/lorinoko.com\/index.php?rest_route=\/wp\/v2\/pages\/1956"}],"wp:attachment":[{"href":"http:\/\/lorinoko.com\/index.php?rest_route=%2Fwp%2Fv2%2Fmedia&parent=3871"}],"curies":[{"name":"wp","href":"https:\/\/api.w.org\/{rel}","templated":true}]}}