{"id":3824,"date":"2014-11-27T16:01:26","date_gmt":"2014-11-27T15:01:26","guid":{"rendered":"http:\/\/lorinoko.com\/?page_id=3824"},"modified":"2014-11-27T16:01:34","modified_gmt":"2014-11-27T15:01:34","slug":"3824-2","status":"publish","type":"page","link":"http:\/\/lorinoko.com\/?page_id=3824","title":{"rendered":"Sunset RedLake Headband"},"content":{"rendered":"<p style=\"text-align: justify;\">Dvojit\u00e1 ma\u0161\u013ea do vlasov v \u010dervenej farbe zapadaj\u00faceho slnka a bl\u00ed\u017eiacej sa \u010diernej noci nad pokojnou hladinou jazera. Bavelnen\u00fd z\u00e1kladn\u00fd materi\u00e1l m\u00e1 zdoben\u00fd \u010diernou zamatovou stuhou a trojakou \u010diernou \u010dipkou z umel\u00e9ho hodv\u00e1bu, syntetiky a bavlny. Vhodn\u00e1 ku klasickej lolite.<\/p>\n<p style=\"text-align: justify;\"><div class=\"slideshow\"><div id=\"ngg_slideshow16138241\" class=\"ngg-slideshow owl-carousel\" style=\"max-width: 600px; max-height: 400px;\"><img decoding=\"async\" src=\"http:\/\/lorinoko.com\/wp-content\/gallery\/sunset-redlake-headband\/p1020717.jpg\" alt=\"p1020717\" style=\"max-width: 600px; max-height: 400px; width: auto; height:auto; margin:auto\"><img decoding=\"async\" src=\"http:\/\/lorinoko.com\/wp-content\/gallery\/sunset-redlake-headband\/p1020719.jpg\" alt=\"p1020719\" style=\"max-width: 600px; max-height: 400px; width: auto; height:auto; margin:auto\"><img decoding=\"async\" src=\"http:\/\/lorinoko.com\/wp-content\/gallery\/sunset-redlake-headband\/p1020723.jpg\" alt=\"p1020723\" style=\"max-width: 600px; max-height: 400px; width: auto; height:auto; margin:auto\"><img decoding=\"async\" src=\"http:\/\/lorinoko.com\/wp-content\/gallery\/sunset-redlake-headband\/p1020724.jpg\" alt=\"p1020724\" style=\"max-width: 600px; max-height: 400px; width: auto; height:auto; margin:auto\"><img decoding=\"async\" src=\"http:\/\/lorinoko.com\/wp-content\/gallery\/sunset-redlake-headband\/p1020728.jpg\" alt=\"p1020728\" style=\"max-width: 600px; max-height: 400px; width: auto; height:auto; margin:auto\"><img decoding=\"async\" src=\"http:\/\/lorinoko.com\/wp-content\/gallery\/sunset-redlake-headband\/p1020729.jpg\" alt=\"p1020729\" style=\"max-width: 600px; max-height: 400px; width: auto; height:auto; margin:auto\"><\/div><\/div>\n\n<script type=\"text\/javascript\">jQuery(document).ready(function($) {\r\n\t\t\tvar owl = $('#ngg_slideshow16138241');\r\n\t\t\towl.owlCarousel({\r\n\t\t\t\titems: 1,\r\n\t\t\t\tautoHeight: false,\r\n\t            dots: false,\r\n\t            autoplay: true,\r\n\t\t\t\tautoplayTimeout: 4000,\r\n\t\t\t\tautoplayHoverPause: true,\r\n\t\t\t\tanimateIn: 'fadeIn',\r\n\t\t\t\tanimateOut: 'fadeOut',\r\n\t\t\t\tloop: true,\r\n\t\t\t\tmouseDrag: true,\r\n\t\t\t\ttouchDrag: true\r\n\t\t\t});\nowl.click( function () {\r\n                    owl.trigger( 'next.owl.carousel' );\r\n                } );});\n<\/script><\/p>\n","protected":false},"excerpt":{"rendered":"<p>Dvojit\u00e1 ma\u0161\u013ea do vlasov v \u010dervenej farbe zapadaj\u00faceho slnka a bl\u00ed\u017eiacej sa \u010diernej noci nad pokojnou hladinou jazera. Bavelnen\u00fd z\u00e1kladn\u00fd materi\u00e1l m\u00e1 zdoben\u00fd \u010diernou zamatovou stuhou a trojakou \u010diernou \u010dipkou z umel\u00e9ho hodv\u00e1bu, syntetiky a bavlny. Vhodn\u00e1 ku klasickej lolite.<\/p>\n","protected":false},"author":1,"featured_media":0,"parent":1942,"menu_order":0,"comment_status":"open","ping_status":"open","template":"","meta":{"_monsterinsights_skip_tracking":false,"_monsterinsights_sitenote_active":false,"_monsterinsights_sitenote_note":"","_monsterinsights_sitenote_category":0,"footnotes":""},"class_list":["post-3824","page","type-page","status-publish","hentry"],"_links":{"self":[{"href":"http:\/\/lorinoko.com\/index.php?rest_route=\/wp\/v2\/pages\/3824","targetHints":{"allow":["GET"]}}],"collection":[{"href":"http:\/\/lorinoko.com\/index.php?rest_route=\/wp\/v2\/pages"}],"about":[{"href":"http:\/\/lorinoko.com\/index.php?rest_route=\/wp\/v2\/types\/page"}],"author":[{"embeddable":true,"href":"http:\/\/lorinoko.com\/index.php?rest_route=\/wp\/v2\/users\/1"}],"replies":[{"embeddable":true,"href":"http:\/\/lorinoko.com\/index.php?rest_route=%2Fwp%2Fv2%2Fcomments&post=3824"}],"version-history":[{"count":2,"href":"http:\/\/lorinoko.com\/index.php?rest_route=\/wp\/v2\/pages\/3824\/revisions"}],"predecessor-version":[{"id":3826,"href":"http:\/\/lorinoko.com\/index.php?rest_route=\/wp\/v2\/pages\/3824\/revisions\/3826"}],"up":[{"embeddable":true,"href":"http:\/\/lorinoko.com\/index.php?rest_route=\/wp\/v2\/pages\/1942"}],"wp:attachment":[{"href":"http:\/\/lorinoko.com\/index.php?rest_route=%2Fwp%2Fv2%2Fmedia&parent=3824"}],"curies":[{"name":"wp","href":"https:\/\/api.w.org\/{rel}","templated":true}]}}