{"id":3787,"date":"2014-11-25T17:22:49","date_gmt":"2014-11-25T16:22:49","guid":{"rendered":"http:\/\/lorinoko.com\/?page_id=3787"},"modified":"2014-11-26T11:33:41","modified_gmt":"2014-11-26T10:33:41","slug":"pink-romancia-black","status":"publish","type":"page","link":"http:\/\/lorinoko.com\/?page_id=3787","title":{"rendered":"Pink Romancia Black"},"content":{"rendered":"<p style=\"text-align: justify;\">\u010cierno laden\u00e1 ma\u0161\u013ea do vlasov, materi\u00e1lom aj dizajnom takmer identick\u00e1 s bielou verziou Pink Romancia Headband. Zdoben\u00e1 je ru\u017eovou \u010dipkou, stu\u017ekami a kr\u00e1sne zdobenou ru\u017eovo-bielou stuhou s kvetinkami. Lemovanie je rie\u0161en\u00e9 ru\u017eovou bavlnenou \u010dipkou.<\/p>\n<div class=\"slideshow\"><div id=\"ngg_slideshow15537871\" class=\"ngg-slideshow owl-carousel\" style=\"max-width: 600px; max-height: 400px;\"><img decoding=\"async\" src=\"http:\/\/lorinoko.com\/wp-content\/gallery\/pink-romancia-black\/p1020040.jpg\" alt=\"p1020040\" style=\"max-width: 600px; max-height: 400px; width: auto; height:auto; margin:auto\"><img decoding=\"async\" src=\"http:\/\/lorinoko.com\/wp-content\/gallery\/pink-romancia-black\/p1020041.jpg\" alt=\"p1020041\" style=\"max-width: 600px; max-height: 400px; width: auto; height:auto; margin:auto\"><img decoding=\"async\" src=\"http:\/\/lorinoko.com\/wp-content\/gallery\/pink-romancia-black\/p1020042.jpg\" alt=\"p1020042\" style=\"max-width: 600px; max-height: 400px; width: auto; height:auto; margin:auto\"><img decoding=\"async\" src=\"http:\/\/lorinoko.com\/wp-content\/gallery\/pink-romancia-black\/p1020043.jpg\" alt=\"p1020043\" style=\"max-width: 600px; max-height: 400px; width: auto; height:auto; margin:auto\"><img decoding=\"async\" src=\"http:\/\/lorinoko.com\/wp-content\/gallery\/pink-romancia-black\/p1020045.jpg\" alt=\"p1020045\" style=\"max-width: 600px; max-height: 400px; width: auto; height:auto; margin:auto\"><img decoding=\"async\" src=\"http:\/\/lorinoko.com\/wp-content\/gallery\/pink-romancia-black\/p1020053.jpg\" alt=\"p1020053\" style=\"max-width: 600px; max-height: 400px; width: auto; height:auto; margin:auto\"><img decoding=\"async\" src=\"http:\/\/lorinoko.com\/wp-content\/gallery\/pink-romancia-black\/p1020056.jpg\" alt=\"p1020056\" style=\"max-width: 600px; max-height: 400px; width: auto; height:auto; margin:auto\"><img decoding=\"async\" src=\"http:\/\/lorinoko.com\/wp-content\/gallery\/pink-romancia-black\/p1020057.jpg\" alt=\"p1020057\" style=\"max-width: 600px; max-height: 400px; width: auto; height:auto; margin:auto\"><\/div><\/div>\n\n<script type=\"text\/javascript\">jQuery(document).ready(function($) {\r\n\t\t\tvar owl = $('#ngg_slideshow15537871');\r\n\t\t\towl.owlCarousel({\r\n\t\t\t\titems: 1,\r\n\t\t\t\tautoHeight: false,\r\n\t            dots: false,\r\n\t            autoplay: true,\r\n\t\t\t\tautoplayTimeout: 4000,\r\n\t\t\t\tautoplayHoverPause: true,\r\n\t\t\t\tanimateIn: 'fadeIn',\r\n\t\t\t\tanimateOut: 'fadeOut',\r\n\t\t\t\tloop: true,\r\n\t\t\t\tmouseDrag: true,\r\n\t\t\t\ttouchDrag: true\r\n\t\t\t});\nowl.click( function () {\r\n                    owl.trigger( 'next.owl.carousel' );\r\n                } );});\n<\/script>\n","protected":false},"excerpt":{"rendered":"<p>\u010cierno laden\u00e1 ma\u0161\u013ea do vlasov, materi\u00e1lom aj dizajnom takmer identick\u00e1 s bielou verziou Pink Romancia Headband. Zdoben\u00e1 je ru\u017eovou \u010dipkou, stu\u017ekami a kr\u00e1sne zdobenou ru\u017eovo-bielou stuhou s kvetinkami. Lemovanie je rie\u0161en\u00e9 ru\u017eovou bavlnenou \u010dipkou.<\/p>\n","protected":false},"author":1,"featured_media":0,"parent":1942,"menu_order":0,"comment_status":"open","ping_status":"open","template":"","meta":{"_monsterinsights_skip_tracking":false,"_monsterinsights_sitenote_active":false,"_monsterinsights_sitenote_note":"","_monsterinsights_sitenote_category":0,"footnotes":""},"class_list":["post-3787","page","type-page","status-publish","hentry"],"_links":{"self":[{"href":"http:\/\/lorinoko.com\/index.php?rest_route=\/wp\/v2\/pages\/3787","targetHints":{"allow":["GET"]}}],"collection":[{"href":"http:\/\/lorinoko.com\/index.php?rest_route=\/wp\/v2\/pages"}],"about":[{"href":"http:\/\/lorinoko.com\/index.php?rest_route=\/wp\/v2\/types\/page"}],"author":[{"embeddable":true,"href":"http:\/\/lorinoko.com\/index.php?rest_route=\/wp\/v2\/users\/1"}],"replies":[{"embeddable":true,"href":"http:\/\/lorinoko.com\/index.php?rest_route=%2Fwp%2Fv2%2Fcomments&post=3787"}],"version-history":[{"count":3,"href":"http:\/\/lorinoko.com\/index.php?rest_route=\/wp\/v2\/pages\/3787\/revisions"}],"predecessor-version":[{"id":3804,"href":"http:\/\/lorinoko.com\/index.php?rest_route=\/wp\/v2\/pages\/3787\/revisions\/3804"}],"up":[{"embeddable":true,"href":"http:\/\/lorinoko.com\/index.php?rest_route=\/wp\/v2\/pages\/1942"}],"wp:attachment":[{"href":"http:\/\/lorinoko.com\/index.php?rest_route=%2Fwp%2Fv2%2Fmedia&parent=3787"}],"curies":[{"name":"wp","href":"https:\/\/api.w.org\/{rel}","templated":true}]}}