{"id":3768,"date":"2014-11-20T21:23:08","date_gmt":"2014-11-20T20:23:08","guid":{"rendered":"http:\/\/lorinoko.com\/?page_id=3768"},"modified":"2014-11-20T22:39:33","modified_gmt":"2014-11-20T21:39:33","slug":"dark-blue-star-headband","status":"publish","type":"page","link":"http:\/\/lorinoko.com\/?page_id=3768","title":{"rendered":"Dark Blue Star Headband"},"content":{"rendered":"<p style=\"text-align: justify;\">Dvojica ma\u0161l\u00ed s \u010diernym bavlnen\u00fdm z\u00e1kladom. Dark Blue Star verzia je dotvoren\u00e1 bavlnen\u00fdm p\u00e1sikom v tmavomodrej potla\u010di no\u010dnej oblohy posiatej \u017eiariacimi hviezdami. Zdoben\u00e1 je tmavomodrou a \u010diernou \u010dipkou a modrou sat\u00e9novou stu\u017ekou.<br \/>\n<strong>Materi\u00e1l:<\/strong> z\u00e1klad bavlna, \u010dipka bavlna a syntetika, sat\u00e9nov\u00e1 stu\u017eka<\/p>\n<p style=\"text-align: justify;\"><div class=\"slideshow\"><div id=\"ngg_slideshow15137681\" class=\"ngg-slideshow owl-carousel\" style=\"max-width: 600px; max-height: 400px;\"><img decoding=\"async\" src=\"http:\/\/lorinoko.com\/wp-content\/gallery\/dark-blue-star-headband\/p1020417.jpg\" alt=\"p1020417\" style=\"max-width: 600px; max-height: 400px; width: auto; height:auto; margin:auto\"><img decoding=\"async\" src=\"http:\/\/lorinoko.com\/wp-content\/gallery\/dark-blue-star-headband\/p1020419.jpg\" alt=\"p1020419\" style=\"max-width: 600px; max-height: 400px; width: auto; height:auto; margin:auto\"><img decoding=\"async\" src=\"http:\/\/lorinoko.com\/wp-content\/gallery\/dark-blue-star-headband\/p1020444.jpg\" alt=\"p1020444\" style=\"max-width: 600px; max-height: 400px; width: auto; height:auto; margin:auto\"><img decoding=\"async\" src=\"http:\/\/lorinoko.com\/wp-content\/gallery\/dark-blue-star-headband\/p1020446.jpg\" alt=\"p1020446\" style=\"max-width: 600px; max-height: 400px; width: auto; height:auto; margin:auto\"><img decoding=\"async\" src=\"http:\/\/lorinoko.com\/wp-content\/gallery\/dark-blue-star-headband\/p1020447.jpg\" alt=\"p1020447\" style=\"max-width: 600px; max-height: 400px; width: auto; height:auto; margin:auto\"><img decoding=\"async\" src=\"http:\/\/lorinoko.com\/wp-content\/gallery\/dark-blue-star-headband\/p1020449.jpg\" alt=\"p1020449\" style=\"max-width: 600px; max-height: 400px; width: auto; height:auto; margin:auto\"><img decoding=\"async\" src=\"http:\/\/lorinoko.com\/wp-content\/gallery\/dark-blue-star-headband\/p1020452.jpg\" alt=\"p1020452\" style=\"max-width: 600px; max-height: 400px; width: auto; height:auto; margin:auto\"><img decoding=\"async\" src=\"http:\/\/lorinoko.com\/wp-content\/gallery\/dark-blue-star-headband\/p1020455.jpg\" alt=\"p1020455\" style=\"max-width: 600px; max-height: 400px; width: auto; height:auto; margin:auto\"><img decoding=\"async\" src=\"http:\/\/lorinoko.com\/wp-content\/gallery\/dark-blue-star-headband\/p1020457.jpg\" alt=\"p1020457\" style=\"max-width: 600px; max-height: 400px; width: auto; height:auto; margin:auto\"><\/div><\/div>\n\n<script type=\"text\/javascript\">jQuery(document).ready(function($) {\r\n\t\t\tvar owl = $('#ngg_slideshow15137681');\r\n\t\t\towl.owlCarousel({\r\n\t\t\t\titems: 1,\r\n\t\t\t\tautoHeight: false,\r\n\t            dots: false,\r\n\t            autoplay: true,\r\n\t\t\t\tautoplayTimeout: 4000,\r\n\t\t\t\tautoplayHoverPause: true,\r\n\t\t\t\tanimateIn: 'fadeIn',\r\n\t\t\t\tanimateOut: 'fadeOut',\r\n\t\t\t\tloop: true,\r\n\t\t\t\tmouseDrag: true,\r\n\t\t\t\ttouchDrag: true\r\n\t\t\t});\nowl.click( function () {\r\n                    owl.trigger( 'next.owl.carousel' );\r\n                } );});\n<\/script><\/p>\n","protected":false},"excerpt":{"rendered":"<p>Dvojica ma\u0161l\u00ed s \u010diernym bavlnen\u00fdm z\u00e1kladom. Dark Blue Star verzia je dotvoren\u00e1 bavlnen\u00fdm p\u00e1sikom v tmavomodrej potla\u010di no\u010dnej oblohy posiatej \u017eiariacimi hviezdami. Zdoben\u00e1 je tmavomodrou a \u010diernou \u010dipkou a modrou sat\u00e9novou stu\u017ekou. Materi\u00e1l: z\u00e1klad bavlna, \u010dipka bavlna a syntetika, sat\u00e9nov\u00e1 &hellip; <a href=\"http:\/\/lorinoko.com\/?page_id=3768\">Continue reading <span class=\"meta-nav\">&rarr;<\/span><\/a><\/p>\n","protected":false},"author":1,"featured_media":0,"parent":1942,"menu_order":0,"comment_status":"open","ping_status":"open","template":"","meta":{"_monsterinsights_skip_tracking":false,"_monsterinsights_sitenote_active":false,"_monsterinsights_sitenote_note":"","_monsterinsights_sitenote_category":0,"footnotes":""},"class_list":["post-3768","page","type-page","status-publish","hentry"],"_links":{"self":[{"href":"http:\/\/lorinoko.com\/index.php?rest_route=\/wp\/v2\/pages\/3768","targetHints":{"allow":["GET"]}}],"collection":[{"href":"http:\/\/lorinoko.com\/index.php?rest_route=\/wp\/v2\/pages"}],"about":[{"href":"http:\/\/lorinoko.com\/index.php?rest_route=\/wp\/v2\/types\/page"}],"author":[{"embeddable":true,"href":"http:\/\/lorinoko.com\/index.php?rest_route=\/wp\/v2\/users\/1"}],"replies":[{"embeddable":true,"href":"http:\/\/lorinoko.com\/index.php?rest_route=%2Fwp%2Fv2%2Fcomments&post=3768"}],"version-history":[{"count":2,"href":"http:\/\/lorinoko.com\/index.php?rest_route=\/wp\/v2\/pages\/3768\/revisions"}],"predecessor-version":[{"id":3774,"href":"http:\/\/lorinoko.com\/index.php?rest_route=\/wp\/v2\/pages\/3768\/revisions\/3774"}],"up":[{"embeddable":true,"href":"http:\/\/lorinoko.com\/index.php?rest_route=\/wp\/v2\/pages\/1942"}],"wp:attachment":[{"href":"http:\/\/lorinoko.com\/index.php?rest_route=%2Fwp%2Fv2%2Fmedia&parent=3768"}],"curies":[{"name":"wp","href":"https:\/\/api.w.org\/{rel}","templated":true}]}}