{"id":3719,"date":"2014-10-14T15:26:34","date_gmt":"2014-10-14T14:26:34","guid":{"rendered":"http:\/\/lorinoko.com\/?page_id=3719"},"modified":"2014-10-14T15:35:25","modified_gmt":"2014-10-14T14:35:25","slug":"rosalia-faries","status":"publish","type":"page","link":"http:\/\/lorinoko.com\/?page_id=3719","title":{"rendered":"Rosalia Faries"},"content":{"rendered":"<p style=\"text-align: justify;\">E\u0161te z letnej n\u00e1dielky V\u00e1m predstavujeme nov\u00fa suk\u0148u z n\u00e1dhernej bavlnenej potla\u010de, ktor\u00e1 V\u00e1s zavedie do imagin\u00e1ria pln\u00e9ho mali\u010dk\u00fdch v\u00edl, schov\u00e1vaj\u00facich sa v z\u00e1hrade plnej rozkvitnut\u00fdch ru\u017e\u00ed. Sladk\u00fd a letn\u00fd n\u00e1dych dotv\u00e1ra jemn\u00e1 biela organza v dolnom kraji a lem z kr\u00e1snej \u010dipky z umel\u00e9ho hodv\u00e1bu, dokonale ladiacou k letn\u00fdm pr\u00edrodn\u00fdm farb\u00e1m.<br \/>\nV p\u00e1se prisp\u00f4sobite\u013en\u00e1 na gumi\u010dku.<br \/>\n<strong>D\u013a\u017eka:<\/strong> 52 cm<br \/>\n<strong>P\u00e1s:<\/strong> 60-100 cm<\/p>\n<div class=\"slideshow\"><div id=\"ngg_slideshow14737191\" class=\"ngg-slideshow owl-carousel\" style=\"max-width: 600px; max-height: 400px;\"><img decoding=\"async\" src=\"http:\/\/lorinoko.com\/wp-content\/gallery\/rosalia-faries\/p1010948.jpg\" alt=\"p1010948\" style=\"max-width: 600px; max-height: 400px; width: auto; height:auto; margin:auto\"><img decoding=\"async\" src=\"http:\/\/lorinoko.com\/wp-content\/gallery\/rosalia-faries\/p1010949.jpg\" alt=\"p1010949\" style=\"max-width: 600px; max-height: 400px; width: auto; height:auto; margin:auto\"><img decoding=\"async\" src=\"http:\/\/lorinoko.com\/wp-content\/gallery\/rosalia-faries\/p1010950.jpg\" alt=\"p1010950\" style=\"max-width: 600px; max-height: 400px; width: auto; height:auto; margin:auto\"><img decoding=\"async\" src=\"http:\/\/lorinoko.com\/wp-content\/gallery\/rosalia-faries\/p1010951.jpg\" alt=\"p1010951\" style=\"max-width: 600px; max-height: 400px; width: auto; height:auto; margin:auto\"><img decoding=\"async\" src=\"http:\/\/lorinoko.com\/wp-content\/gallery\/rosalia-faries\/p1010953.jpg\" alt=\"p1010953\" style=\"max-width: 600px; max-height: 400px; width: auto; height:auto; margin:auto\"><img decoding=\"async\" src=\"http:\/\/lorinoko.com\/wp-content\/gallery\/rosalia-faries\/p1010957.jpg\" alt=\"p1010957\" style=\"max-width: 600px; max-height: 400px; width: auto; height:auto; margin:auto\"><img decoding=\"async\" src=\"http:\/\/lorinoko.com\/wp-content\/gallery\/rosalia-faries\/p1010958.jpg\" alt=\"p1010958\" style=\"max-width: 600px; max-height: 400px; width: auto; height:auto; margin:auto\"><\/div><\/div>\n\n<script type=\"text\/javascript\">jQuery(document).ready(function($) {\r\n\t\t\tvar owl = $('#ngg_slideshow14737191');\r\n\t\t\towl.owlCarousel({\r\n\t\t\t\titems: 1,\r\n\t\t\t\tautoHeight: false,\r\n\t            dots: false,\r\n\t            autoplay: true,\r\n\t\t\t\tautoplayTimeout: 4000,\r\n\t\t\t\tautoplayHoverPause: true,\r\n\t\t\t\tanimateIn: 'fadeIn',\r\n\t\t\t\tanimateOut: 'fadeOut',\r\n\t\t\t\tloop: true,\r\n\t\t\t\tmouseDrag: true,\r\n\t\t\t\ttouchDrag: true\r\n\t\t\t});\nowl.click( function () {\r\n                    owl.trigger( 'next.owl.carousel' );\r\n                } );});\n<\/script>\n","protected":false},"excerpt":{"rendered":"<p>E\u0161te z letnej n\u00e1dielky V\u00e1m predstavujeme nov\u00fa suk\u0148u z n\u00e1dhernej bavlnenej potla\u010de, ktor\u00e1 V\u00e1s zavedie do imagin\u00e1ria pln\u00e9ho mali\u010dk\u00fdch v\u00edl, schov\u00e1vaj\u00facich sa v z\u00e1hrade plnej rozkvitnut\u00fdch ru\u017e\u00ed. Sladk\u00fd a letn\u00fd n\u00e1dych dotv\u00e1ra jemn\u00e1 biela organza v dolnom kraji a lem &hellip; <a href=\"http:\/\/lorinoko.com\/?page_id=3719\">Continue reading <span class=\"meta-nav\">&rarr;<\/span><\/a><\/p>\n","protected":false},"author":1,"featured_media":0,"parent":78,"menu_order":0,"comment_status":"open","ping_status":"open","template":"","meta":{"_monsterinsights_skip_tracking":false,"_monsterinsights_sitenote_active":false,"_monsterinsights_sitenote_note":"","_monsterinsights_sitenote_category":0,"footnotes":""},"class_list":["post-3719","page","type-page","status-publish","hentry"],"_links":{"self":[{"href":"http:\/\/lorinoko.com\/index.php?rest_route=\/wp\/v2\/pages\/3719","targetHints":{"allow":["GET"]}}],"collection":[{"href":"http:\/\/lorinoko.com\/index.php?rest_route=\/wp\/v2\/pages"}],"about":[{"href":"http:\/\/lorinoko.com\/index.php?rest_route=\/wp\/v2\/types\/page"}],"author":[{"embeddable":true,"href":"http:\/\/lorinoko.com\/index.php?rest_route=\/wp\/v2\/users\/1"}],"replies":[{"embeddable":true,"href":"http:\/\/lorinoko.com\/index.php?rest_route=%2Fwp%2Fv2%2Fcomments&post=3719"}],"version-history":[{"count":2,"href":"http:\/\/lorinoko.com\/index.php?rest_route=\/wp\/v2\/pages\/3719\/revisions"}],"predecessor-version":[{"id":3728,"href":"http:\/\/lorinoko.com\/index.php?rest_route=\/wp\/v2\/pages\/3719\/revisions\/3728"}],"up":[{"embeddable":true,"href":"http:\/\/lorinoko.com\/index.php?rest_route=\/wp\/v2\/pages\/78"}],"wp:attachment":[{"href":"http:\/\/lorinoko.com\/index.php?rest_route=%2Fwp%2Fv2%2Fmedia&parent=3719"}],"curies":[{"name":"wp","href":"https:\/\/api.w.org\/{rel}","templated":true}]}}