{"id":3711,"date":"2014-10-11T16:19:50","date_gmt":"2014-10-11T15:19:50","guid":{"rendered":"http:\/\/lorinoko.com\/?page_id=3711"},"modified":"2014-10-11T16:19:50","modified_gmt":"2014-10-11T15:19:50","slug":"archidealisa-i-big-headbow","status":"publish","type":"page","link":"http:\/\/lorinoko.com\/?page_id=3711","title":{"rendered":"Archidealisa I &#8211; Big Headbow"},"content":{"rendered":"<p>Ve\u013ek\u00e1 dvojit\u00e1 ma\u0161\u013ea do vlasov na \u010delenke ladiaca k sukni Archidealisa I. Potla\u010d na bordovom podklade je doplnen\u00e1 lemom z jemnej \u010diernej \u010dipky.<\/p>\n<div class=\"slideshow\"><div id=\"ngg_slideshow14537111\" class=\"ngg-slideshow owl-carousel\" style=\"max-width: 600px; max-height: 400px;\"><img decoding=\"async\" src=\"http:\/\/lorinoko.com\/wp-content\/gallery\/archidealisa-i-big-headbow\/p1010762.jpg\" alt=\"p1010762\" style=\"max-width: 600px; max-height: 400px; width: auto; height:auto; margin:auto\"><img decoding=\"async\" src=\"http:\/\/lorinoko.com\/wp-content\/gallery\/archidealisa-i-big-headbow\/p1010771.jpg\" alt=\"p1010771\" style=\"max-width: 600px; max-height: 400px; width: auto; height:auto; margin:auto\"><img decoding=\"async\" src=\"http:\/\/lorinoko.com\/wp-content\/gallery\/archidealisa-i-big-headbow\/p1020377.jpg\" alt=\"p1020377\" style=\"max-width: 600px; max-height: 400px; width: auto; height:auto; margin:auto\"><img decoding=\"async\" src=\"http:\/\/lorinoko.com\/wp-content\/gallery\/archidealisa-i-big-headbow\/p1020381.jpg\" alt=\"p1020381\" style=\"max-width: 600px; max-height: 400px; width: auto; height:auto; margin:auto\"><img decoding=\"async\" src=\"http:\/\/lorinoko.com\/wp-content\/gallery\/archidealisa-i-big-headbow\/p1020383.jpg\" alt=\"p1020383\" style=\"max-width: 600px; max-height: 400px; width: auto; height:auto; margin:auto\"><img decoding=\"async\" src=\"http:\/\/lorinoko.com\/wp-content\/gallery\/archidealisa-i-big-headbow\/p1020385.jpg\" alt=\"p1020385\" style=\"max-width: 600px; max-height: 400px; width: auto; height:auto; margin:auto\"><\/div><\/div>\n\n<script type=\"text\/javascript\">jQuery(document).ready(function($) {\r\n\t\t\tvar owl = $('#ngg_slideshow14537111');\r\n\t\t\towl.owlCarousel({\r\n\t\t\t\titems: 1,\r\n\t\t\t\tautoHeight: false,\r\n\t            dots: false,\r\n\t            autoplay: true,\r\n\t\t\t\tautoplayTimeout: 4000,\r\n\t\t\t\tautoplayHoverPause: true,\r\n\t\t\t\tanimateIn: 'fadeIn',\r\n\t\t\t\tanimateOut: 'fadeOut',\r\n\t\t\t\tloop: true,\r\n\t\t\t\tmouseDrag: true,\r\n\t\t\t\ttouchDrag: true\r\n\t\t\t});\nowl.click( function () {\r\n                    owl.trigger( 'next.owl.carousel' );\r\n                } );});\n<\/script>\n","protected":false},"excerpt":{"rendered":"<p>Ve\u013ek\u00e1 dvojit\u00e1 ma\u0161\u013ea do vlasov na \u010delenke ladiaca k sukni Archidealisa I. Potla\u010d na bordovom podklade je doplnen\u00e1 lemom z jemnej \u010diernej \u010dipky.<\/p>\n","protected":false},"author":1,"featured_media":0,"parent":1942,"menu_order":0,"comment_status":"open","ping_status":"open","template":"","meta":{"_monsterinsights_skip_tracking":false,"_monsterinsights_sitenote_active":false,"_monsterinsights_sitenote_note":"","_monsterinsights_sitenote_category":0,"footnotes":""},"class_list":["post-3711","page","type-page","status-publish","hentry"],"_links":{"self":[{"href":"http:\/\/lorinoko.com\/index.php?rest_route=\/wp\/v2\/pages\/3711","targetHints":{"allow":["GET"]}}],"collection":[{"href":"http:\/\/lorinoko.com\/index.php?rest_route=\/wp\/v2\/pages"}],"about":[{"href":"http:\/\/lorinoko.com\/index.php?rest_route=\/wp\/v2\/types\/page"}],"author":[{"embeddable":true,"href":"http:\/\/lorinoko.com\/index.php?rest_route=\/wp\/v2\/users\/1"}],"replies":[{"embeddable":true,"href":"http:\/\/lorinoko.com\/index.php?rest_route=%2Fwp%2Fv2%2Fcomments&post=3711"}],"version-history":[{"count":1,"href":"http:\/\/lorinoko.com\/index.php?rest_route=\/wp\/v2\/pages\/3711\/revisions"}],"predecessor-version":[{"id":3712,"href":"http:\/\/lorinoko.com\/index.php?rest_route=\/wp\/v2\/pages\/3711\/revisions\/3712"}],"up":[{"embeddable":true,"href":"http:\/\/lorinoko.com\/index.php?rest_route=\/wp\/v2\/pages\/1942"}],"wp:attachment":[{"href":"http:\/\/lorinoko.com\/index.php?rest_route=%2Fwp%2Fv2%2Fmedia&parent=3711"}],"curies":[{"name":"wp","href":"https:\/\/api.w.org\/{rel}","templated":true}]}}