{"id":3699,"date":"2014-10-06T09:18:49","date_gmt":"2014-10-06T08:18:49","guid":{"rendered":"http:\/\/lorinoko.com\/?page_id=3699"},"modified":"2014-10-06T09:44:41","modified_gmt":"2014-10-06T08:44:41","slug":"archidealisa-i-headdress","status":"publish","type":"page","link":"http:\/\/lorinoko.com\/?page_id=3699","title":{"rendered":"Archidealisa I &#8211; headdress"},"content":{"rendered":"<p style=\"text-align: justify;\">Headdress v bordovej a \u010diernej kombin\u00e1cii potla\u010dou vhodne dopl\u0148aj\u00faci suk\u0148u <a title=\"Archidealisa I\" href=\"http:\/\/lorinoko.com\/?page_id=3220\">Archidealisa I<\/a>. Bohato zdoben\u00fd \u010dipkou a ozdobami z umel\u00e9ho hodv\u00e1bu a sat\u00e9nov\u00fdmi stu\u017ekami.<br \/>\n<strong>Materi\u00e1l:<\/strong> z\u00e1klad bavlna, \u010dipka syntetick\u00e1 a umel\u00fd hodv\u00e1b, sat\u00e9nov\u00e9 stu\u017eky<\/p>\n<div class=\"slideshow\"><div id=\"ngg_slideshow14336991\" class=\"ngg-slideshow owl-carousel\" style=\"max-width: 600px; max-height: 400px;\"><img decoding=\"async\" src=\"http:\/\/lorinoko.com\/wp-content\/gallery\/archidealisa-i-headdress\/p1010724.jpg\" alt=\"p1010724\" style=\"max-width: 600px; max-height: 400px; width: auto; height:auto; margin:auto\"><img decoding=\"async\" src=\"http:\/\/lorinoko.com\/wp-content\/gallery\/archidealisa-i-headdress\/p1010725.jpg\" alt=\"p1010725\" style=\"max-width: 600px; max-height: 400px; width: auto; height:auto; margin:auto\"><img decoding=\"async\" src=\"http:\/\/lorinoko.com\/wp-content\/gallery\/archidealisa-i-headdress\/p1010726.jpg\" alt=\"p1010726\" style=\"max-width: 600px; max-height: 400px; width: auto; height:auto; margin:auto\"><img decoding=\"async\" src=\"http:\/\/lorinoko.com\/wp-content\/gallery\/archidealisa-i-headdress\/p1010727.jpg\" alt=\"p1010727\" style=\"max-width: 600px; max-height: 400px; width: auto; height:auto; margin:auto\"><img decoding=\"async\" src=\"http:\/\/lorinoko.com\/wp-content\/gallery\/archidealisa-i-headdress\/p1010728.jpg\" alt=\"p1010728\" style=\"max-width: 600px; max-height: 400px; width: auto; height:auto; margin:auto\"><img decoding=\"async\" src=\"http:\/\/lorinoko.com\/wp-content\/gallery\/archidealisa-i-headdress\/p1010731.jpg\" alt=\"p1010731\" style=\"max-width: 600px; max-height: 400px; width: auto; height:auto; margin:auto\"><\/div><\/div>\n\n<script type=\"text\/javascript\">jQuery(document).ready(function($) {\r\n\t\t\tvar owl = $('#ngg_slideshow14336991');\r\n\t\t\towl.owlCarousel({\r\n\t\t\t\titems: 1,\r\n\t\t\t\tautoHeight: false,\r\n\t            dots: false,\r\n\t            autoplay: true,\r\n\t\t\t\tautoplayTimeout: 4000,\r\n\t\t\t\tautoplayHoverPause: true,\r\n\t\t\t\tanimateIn: 'fadeIn',\r\n\t\t\t\tanimateOut: 'fadeOut',\r\n\t\t\t\tloop: true,\r\n\t\t\t\tmouseDrag: true,\r\n\t\t\t\ttouchDrag: true\r\n\t\t\t});\nowl.click( function () {\r\n                    owl.trigger( 'next.owl.carousel' );\r\n                } );});\n<\/script>\n","protected":false},"excerpt":{"rendered":"<p>Headdress v bordovej a \u010diernej kombin\u00e1cii potla\u010dou vhodne dopl\u0148aj\u00faci suk\u0148u Archidealisa I. Bohato zdoben\u00fd \u010dipkou a ozdobami z umel\u00e9ho hodv\u00e1bu a sat\u00e9nov\u00fdmi stu\u017ekami. Materi\u00e1l: z\u00e1klad bavlna, \u010dipka syntetick\u00e1 a umel\u00fd hodv\u00e1b, sat\u00e9nov\u00e9 stu\u017eky<\/p>\n","protected":false},"author":1,"featured_media":0,"parent":1939,"menu_order":0,"comment_status":"open","ping_status":"open","template":"","meta":{"_monsterinsights_skip_tracking":false,"_monsterinsights_sitenote_active":false,"_monsterinsights_sitenote_note":"","_monsterinsights_sitenote_category":0,"footnotes":""},"class_list":["post-3699","page","type-page","status-publish","hentry"],"_links":{"self":[{"href":"http:\/\/lorinoko.com\/index.php?rest_route=\/wp\/v2\/pages\/3699","targetHints":{"allow":["GET"]}}],"collection":[{"href":"http:\/\/lorinoko.com\/index.php?rest_route=\/wp\/v2\/pages"}],"about":[{"href":"http:\/\/lorinoko.com\/index.php?rest_route=\/wp\/v2\/types\/page"}],"author":[{"embeddable":true,"href":"http:\/\/lorinoko.com\/index.php?rest_route=\/wp\/v2\/users\/1"}],"replies":[{"embeddable":true,"href":"http:\/\/lorinoko.com\/index.php?rest_route=%2Fwp%2Fv2%2Fcomments&post=3699"}],"version-history":[{"count":5,"href":"http:\/\/lorinoko.com\/index.php?rest_route=\/wp\/v2\/pages\/3699\/revisions"}],"predecessor-version":[{"id":3706,"href":"http:\/\/lorinoko.com\/index.php?rest_route=\/wp\/v2\/pages\/3699\/revisions\/3706"}],"up":[{"embeddable":true,"href":"http:\/\/lorinoko.com\/index.php?rest_route=\/wp\/v2\/pages\/1939"}],"wp:attachment":[{"href":"http:\/\/lorinoko.com\/index.php?rest_route=%2Fwp%2Fv2%2Fmedia&parent=3699"}],"curies":[{"name":"wp","href":"https:\/\/api.w.org\/{rel}","templated":true}]}}