{"id":3220,"date":"2014-05-15T12:18:03","date_gmt":"2014-05-15T11:18:03","guid":{"rendered":"http:\/\/lorinoko.com\/?page_id=3220"},"modified":"2014-10-14T15:28:14","modified_gmt":"2014-10-14T14:28:14","slug":"archidealisa-i","status":"publish","type":"page","link":"http:\/\/lorinoko.com\/?page_id=3220","title":{"rendered":"Archidealisa I"},"content":{"rendered":"<p style=\"text-align: justify;\">Kr\u00e1sna suk\u0148a z l\u00e1tky s\u00e9rie Iron Orchid s n\u00e1dhernou potla\u010dou kvetov, mot\u00fdlikov a hod\u00edn vo v\u00ednovej farbe. Zdoben\u00e1 je sat\u00e9novou stu\u017ekou, bavlnenou \u010dipkou a \u0161irokou \u010dipkou z umel\u00e9ho hodv\u00e1bu v dolnom kraji, v\u0161etko v elegantne p\u00f4sobiacej \u010diernej. Je prisp\u00f4sobite\u013en\u00e1 v\u010faka elastick\u00e9mu p\u00e1su.<br \/>\n<strong>Materi\u00e1l:<\/strong> l\u00e1tka bavlna, \u010dipka umel\u00fd hodv\u00e1b a bavlna, sat\u00e9nov\u00e1 stu\u017eka<br \/>\n<strong style=\"text-align: justify;\">P\u00e1s:<\/strong><span style=\"text-align: justify;\"> 60-100 cm<\/span><\/p>\n<p style=\"text-align: justify;\"><div class=\"slideshow\"><div id=\"ngg_slideshow13532201\" class=\"ngg-slideshow owl-carousel\" style=\"max-width: 600px; max-height: 400px;\"><img decoding=\"async\" src=\"http:\/\/lorinoko.com\/wp-content\/gallery\/archidealisa-i\/001_p1010571.jpg\" alt=\"001_p1010571\" style=\"max-width: 600px; max-height: 400px; width: auto; height:auto; margin:auto\"><img decoding=\"async\" src=\"http:\/\/lorinoko.com\/wp-content\/gallery\/archidealisa-i\/002_p1010569.jpg\" alt=\"002_p1010569\" style=\"max-width: 600px; max-height: 400px; width: auto; height:auto; margin:auto\"><img decoding=\"async\" src=\"http:\/\/lorinoko.com\/wp-content\/gallery\/archidealisa-i\/003_p1010570.jpg\" alt=\"003_p1010570\" style=\"max-width: 600px; max-height: 400px; width: auto; height:auto; margin:auto\"><img decoding=\"async\" src=\"http:\/\/lorinoko.com\/wp-content\/gallery\/archidealisa-i\/004_p1010572.jpg\" alt=\"004_p1010572\" style=\"max-width: 600px; max-height: 400px; width: auto; height:auto; margin:auto\"><img decoding=\"async\" src=\"http:\/\/lorinoko.com\/wp-content\/gallery\/archidealisa-i\/005_p1010564.jpg\" alt=\"005_p1010564\" style=\"max-width: 600px; max-height: 400px; width: auto; height:auto; margin:auto\"><\/div><\/div>\n\n<script type=\"text\/javascript\">jQuery(document).ready(function($) {\r\n\t\t\tvar owl = $('#ngg_slideshow13532201');\r\n\t\t\towl.owlCarousel({\r\n\t\t\t\titems: 1,\r\n\t\t\t\tautoHeight: false,\r\n\t            dots: false,\r\n\t            autoplay: true,\r\n\t\t\t\tautoplayTimeout: 4000,\r\n\t\t\t\tautoplayHoverPause: true,\r\n\t\t\t\tanimateIn: 'fadeIn',\r\n\t\t\t\tanimateOut: 'fadeOut',\r\n\t\t\t\tloop: true,\r\n\t\t\t\tmouseDrag: true,\r\n\t\t\t\ttouchDrag: true\r\n\t\t\t});\nowl.click( function () {\r\n                    owl.trigger( 'next.owl.carousel' );\r\n                } );});\n<\/script><\/p>\n","protected":false},"excerpt":{"rendered":"<p>Kr\u00e1sna suk\u0148a z l\u00e1tky s\u00e9rie Iron Orchid s n\u00e1dhernou potla\u010dou kvetov, mot\u00fdlikov a hod\u00edn vo v\u00ednovej farbe. Zdoben\u00e1 je sat\u00e9novou stu\u017ekou, bavlnenou \u010dipkou a \u0161irokou \u010dipkou z umel\u00e9ho hodv\u00e1bu v dolnom kraji, v\u0161etko v elegantne p\u00f4sobiacej \u010diernej. Je prisp\u00f4sobite\u013en\u00e1 v\u010faka &hellip; <a href=\"http:\/\/lorinoko.com\/?page_id=3220\">Continue reading <span class=\"meta-nav\">&rarr;<\/span><\/a><\/p>\n","protected":false},"author":1,"featured_media":0,"parent":78,"menu_order":0,"comment_status":"open","ping_status":"open","template":"","meta":{"_monsterinsights_skip_tracking":false,"_monsterinsights_sitenote_active":false,"_monsterinsights_sitenote_note":"","_monsterinsights_sitenote_category":0,"footnotes":""},"class_list":["post-3220","page","type-page","status-publish","hentry"],"_links":{"self":[{"href":"http:\/\/lorinoko.com\/index.php?rest_route=\/wp\/v2\/pages\/3220","targetHints":{"allow":["GET"]}}],"collection":[{"href":"http:\/\/lorinoko.com\/index.php?rest_route=\/wp\/v2\/pages"}],"about":[{"href":"http:\/\/lorinoko.com\/index.php?rest_route=\/wp\/v2\/types\/page"}],"author":[{"embeddable":true,"href":"http:\/\/lorinoko.com\/index.php?rest_route=\/wp\/v2\/users\/1"}],"replies":[{"embeddable":true,"href":"http:\/\/lorinoko.com\/index.php?rest_route=%2Fwp%2Fv2%2Fcomments&post=3220"}],"version-history":[{"count":14,"href":"http:\/\/lorinoko.com\/index.php?rest_route=\/wp\/v2\/pages\/3220\/revisions"}],"predecessor-version":[{"id":3725,"href":"http:\/\/lorinoko.com\/index.php?rest_route=\/wp\/v2\/pages\/3220\/revisions\/3725"}],"up":[{"embeddable":true,"href":"http:\/\/lorinoko.com\/index.php?rest_route=\/wp\/v2\/pages\/78"}],"wp:attachment":[{"href":"http:\/\/lorinoko.com\/index.php?rest_route=%2Fwp%2Fv2%2Fmedia&parent=3220"}],"curies":[{"name":"wp","href":"https:\/\/api.w.org\/{rel}","templated":true}]}}