{"id":3158,"date":"2014-04-03T23:16:54","date_gmt":"2014-04-03T22:16:54","guid":{"rendered":"http:\/\/lorinoko.com\/?page_id=3158"},"modified":"2014-05-21T18:41:21","modified_gmt":"2014-05-21T17:41:21","slug":"black-wine-choker-iii","status":"publish","type":"page","link":"http:\/\/lorinoko.com\/?page_id=3158","title":{"rendered":"Black Wine Choker III"},"content":{"rendered":"<p style=\"text-align: justify;\">Tretia verzia ozdoby na krk vo v\u00ednovo \u010dervenej a \u010diernej kombin\u00e1cii, zhotovenej z bavlnenej \u010dipky a sat\u00e9nov\u00fdch ma\u0161l\u00ed. Celok dotv\u00e1raj\u00fa dve rady retiazok a mali\u010dk\u00e1 ozdoba v tvarde srdca.<br \/>\n<strong>Materi\u00e1l:<\/strong> \u010dipka bavlna, sat\u00e9nov\u00e9 stuhy, kovov\u00e9 ozdoby<\/p>\n<div class=\"slideshow\"><div id=\"ngg_slideshow13331581\" class=\"ngg-slideshow owl-carousel\" style=\"max-width: 600px; max-height: 400px;\"><img decoding=\"async\" src=\"http:\/\/lorinoko.com\/wp-content\/gallery\/black-wine-choker-iii\/dscn2381.jpg\" alt=\"dscn2381\" style=\"max-width: 600px; max-height: 400px; width: auto; height:auto; margin:auto\"><img decoding=\"async\" src=\"http:\/\/lorinoko.com\/wp-content\/gallery\/black-wine-choker-iii\/dscn2384.jpg\" alt=\"dscn2384\" style=\"max-width: 600px; max-height: 400px; width: auto; height:auto; margin:auto\"><img decoding=\"async\" src=\"http:\/\/lorinoko.com\/wp-content\/gallery\/black-wine-choker-iii\/dscn2386.jpg\" alt=\"dscn2386\" style=\"max-width: 600px; max-height: 400px; width: auto; height:auto; margin:auto\"><img decoding=\"async\" src=\"http:\/\/lorinoko.com\/wp-content\/gallery\/black-wine-choker-iii\/dscn2387.jpg\" alt=\"dscn2387\" style=\"max-width: 600px; max-height: 400px; width: auto; height:auto; margin:auto\"><img decoding=\"async\" src=\"http:\/\/lorinoko.com\/wp-content\/gallery\/black-wine-choker-iii\/dscn2389.jpg\" alt=\"dscn2389\" style=\"max-width: 600px; max-height: 400px; width: auto; height:auto; margin:auto\"><img decoding=\"async\" src=\"http:\/\/lorinoko.com\/wp-content\/gallery\/black-wine-choker-iii\/dscn2390.jpg\" alt=\"dscn2390\" style=\"max-width: 600px; max-height: 400px; width: auto; height:auto; margin:auto\"><img decoding=\"async\" src=\"http:\/\/lorinoko.com\/wp-content\/gallery\/black-wine-choker-iii\/dscn2391.jpg\" alt=\"dscn2391\" style=\"max-width: 600px; max-height: 400px; width: auto; height:auto; margin:auto\"><\/div><\/div>\n\n<script type=\"text\/javascript\">jQuery(document).ready(function($) {\r\n\t\t\tvar owl = $('#ngg_slideshow13331581');\r\n\t\t\towl.owlCarousel({\r\n\t\t\t\titems: 1,\r\n\t\t\t\tautoHeight: false,\r\n\t            dots: false,\r\n\t            autoplay: true,\r\n\t\t\t\tautoplayTimeout: 4000,\r\n\t\t\t\tautoplayHoverPause: true,\r\n\t\t\t\tanimateIn: 'fadeIn',\r\n\t\t\t\tanimateOut: 'fadeOut',\r\n\t\t\t\tloop: true,\r\n\t\t\t\tmouseDrag: true,\r\n\t\t\t\ttouchDrag: true\r\n\t\t\t});\nowl.click( function () {\r\n                    owl.trigger( 'next.owl.carousel' );\r\n                } );});\n<\/script>\n","protected":false},"excerpt":{"rendered":"<p>Tretia verzia ozdoby na krk vo v\u00ednovo \u010dervenej a \u010diernej kombin\u00e1cii, zhotovenej z bavlnenej \u010dipky a sat\u00e9nov\u00fdch ma\u0161l\u00ed. Celok dotv\u00e1raj\u00fa dve rady retiazok a mali\u010dk\u00e1 ozdoba v tvarde srdca. Materi\u00e1l: \u010dipka bavlna, sat\u00e9nov\u00e9 stuhy, kovov\u00e9 ozdoby<\/p>\n","protected":false},"author":1,"featured_media":0,"parent":1956,"menu_order":0,"comment_status":"open","ping_status":"open","template":"","meta":{"_monsterinsights_skip_tracking":false,"_monsterinsights_sitenote_active":false,"_monsterinsights_sitenote_note":"","_monsterinsights_sitenote_category":0,"footnotes":""},"class_list":["post-3158","page","type-page","status-publish","hentry"],"_links":{"self":[{"href":"http:\/\/lorinoko.com\/index.php?rest_route=\/wp\/v2\/pages\/3158","targetHints":{"allow":["GET"]}}],"collection":[{"href":"http:\/\/lorinoko.com\/index.php?rest_route=\/wp\/v2\/pages"}],"about":[{"href":"http:\/\/lorinoko.com\/index.php?rest_route=\/wp\/v2\/types\/page"}],"author":[{"embeddable":true,"href":"http:\/\/lorinoko.com\/index.php?rest_route=\/wp\/v2\/users\/1"}],"replies":[{"embeddable":true,"href":"http:\/\/lorinoko.com\/index.php?rest_route=%2Fwp%2Fv2%2Fcomments&post=3158"}],"version-history":[{"count":5,"href":"http:\/\/lorinoko.com\/index.php?rest_route=\/wp\/v2\/pages\/3158\/revisions"}],"predecessor-version":[{"id":3437,"href":"http:\/\/lorinoko.com\/index.php?rest_route=\/wp\/v2\/pages\/3158\/revisions\/3437"}],"up":[{"embeddable":true,"href":"http:\/\/lorinoko.com\/index.php?rest_route=\/wp\/v2\/pages\/1956"}],"wp:attachment":[{"href":"http:\/\/lorinoko.com\/index.php?rest_route=%2Fwp%2Fv2%2Fmedia&parent=3158"}],"curies":[{"name":"wp","href":"https:\/\/api.w.org\/{rel}","templated":true}]}}