{"id":3025,"date":"2014-03-30T14:11:56","date_gmt":"2014-03-30T13:11:56","guid":{"rendered":"http:\/\/lorinoko.com\/?page_id=3025"},"modified":"2014-06-08T15:48:59","modified_gmt":"2014-06-08T14:48:59","slug":"atrata-sweet-pinku-cuffs","status":"publish","type":"page","link":"http:\/\/lorinoko.com\/?page_id=3025","title":{"rendered":"Atrata Sweet Pinku Cuffs"},"content":{"rendered":"<p style=\"text-align: justify;\">Bittersweet kolekcia Atrata Sweet je charakteristick\u00e1 \u010diernym bavlnen\u00fdm z\u00e1kladom a bohat\u00fdm zdoben\u00edm \u0161irok\u00fdmi sweet stu\u017ekami v dvoch farebn\u00fdch verzi\u00e1ch. Ozdobn\u00e9 n\u00e1ramky ktor\u00e9 ladia k ru\u017eovej verzii s\u00fa zhotoven\u00e9 zo \u0161irokej bavlnenej \u010dipky a identickej stu\u017eky pou\u017eitej ako pri sukni. Rovnako s\u00fa zdoben\u00e9 identickou ma\u0161li\u010dkou zo stu\u017eiek.<br \/>\n<strong>Materi\u00e1l:<\/strong> \u010dipka bavlna, sat\u00e9nov\u00e9 stu\u017eky<br \/>\n<strong> Obvod z\u00e1p\u00e4stia:<\/strong> 26-34 cm<\/p>\n<div class=\"slideshow\"><div id=\"ngg_slideshow12530251\" class=\"ngg-slideshow owl-carousel\" style=\"max-width: 600px; max-height: 400px;\"><img decoding=\"async\" src=\"http:\/\/lorinoko.com\/wp-content\/gallery\/atrata-sweet-pinku-cuffs-collection\/001_dscn2350.jpg\" alt=\"001_dscn2350\" style=\"max-width: 600px; max-height: 400px; width: auto; height:auto; margin:auto\"><img decoding=\"async\" src=\"http:\/\/lorinoko.com\/wp-content\/gallery\/atrata-sweet-pinku-cuffs-collection\/002_dscn2352.jpg\" alt=\"002_dscn2352\" style=\"max-width: 600px; max-height: 400px; width: auto; height:auto; margin:auto\"><img decoding=\"async\" src=\"http:\/\/lorinoko.com\/wp-content\/gallery\/atrata-sweet-pinku-cuffs-collection\/003_dscn2351.jpg\" alt=\"003_dscn2351\" style=\"max-width: 600px; max-height: 400px; width: auto; height:auto; margin:auto\"><img decoding=\"async\" src=\"http:\/\/lorinoko.com\/wp-content\/gallery\/atrata-sweet-pinku-cuffs-collection\/004_dscn2353.jpg\" alt=\"004_dscn2353\" style=\"max-width: 600px; max-height: 400px; width: auto; height:auto; margin:auto\"><img decoding=\"async\" src=\"http:\/\/lorinoko.com\/wp-content\/gallery\/atrata-sweet-pinku-cuffs-collection\/005_dscn2354.jpg\" alt=\"005_dscn2354\" style=\"max-width: 600px; max-height: 400px; width: auto; height:auto; margin:auto\"><img decoding=\"async\" src=\"http:\/\/lorinoko.com\/wp-content\/gallery\/atrata-sweet-pinku-cuffs-collection\/006_dscn2361.jpg\" alt=\"006_dscn2361\" style=\"max-width: 600px; max-height: 400px; width: auto; height:auto; margin:auto\"><\/div><\/div>\n\n<script type=\"text\/javascript\">jQuery(document).ready(function($) {\r\n\t\t\tvar owl = $('#ngg_slideshow12530251');\r\n\t\t\towl.owlCarousel({\r\n\t\t\t\titems: 1,\r\n\t\t\t\tautoHeight: false,\r\n\t            dots: false,\r\n\t            autoplay: true,\r\n\t\t\t\tautoplayTimeout: 4000,\r\n\t\t\t\tautoplayHoverPause: true,\r\n\t\t\t\tanimateIn: 'fadeIn',\r\n\t\t\t\tanimateOut: 'fadeOut',\r\n\t\t\t\tloop: true,\r\n\t\t\t\tmouseDrag: true,\r\n\t\t\t\ttouchDrag: true\r\n\t\t\t});\nowl.click( function () {\r\n                    owl.trigger( 'next.owl.carousel' );\r\n                } );});\n<\/script>\n","protected":false},"excerpt":{"rendered":"<p>Bittersweet kolekcia Atrata Sweet je charakteristick\u00e1 \u010diernym bavlnen\u00fdm z\u00e1kladom a bohat\u00fdm zdoben\u00edm \u0161irok\u00fdmi sweet stu\u017ekami v dvoch farebn\u00fdch verzi\u00e1ch. Ozdobn\u00e9 n\u00e1ramky ktor\u00e9 ladia k ru\u017eovej verzii s\u00fa zhotoven\u00e9 zo \u0161irokej bavlnenej \u010dipky a identickej stu\u017eky pou\u017eitej ako pri sukni. Rovnako &hellip; <a href=\"http:\/\/lorinoko.com\/?page_id=3025\">Continue reading <span class=\"meta-nav\">&rarr;<\/span><\/a><\/p>\n","protected":false},"author":1,"featured_media":0,"parent":3021,"menu_order":1,"comment_status":"open","ping_status":"open","template":"","meta":{"_monsterinsights_skip_tracking":false,"_monsterinsights_sitenote_active":false,"_monsterinsights_sitenote_note":"","_monsterinsights_sitenote_category":0,"footnotes":""},"class_list":["post-3025","page","type-page","status-publish","hentry"],"_links":{"self":[{"href":"http:\/\/lorinoko.com\/index.php?rest_route=\/wp\/v2\/pages\/3025","targetHints":{"allow":["GET"]}}],"collection":[{"href":"http:\/\/lorinoko.com\/index.php?rest_route=\/wp\/v2\/pages"}],"about":[{"href":"http:\/\/lorinoko.com\/index.php?rest_route=\/wp\/v2\/types\/page"}],"author":[{"embeddable":true,"href":"http:\/\/lorinoko.com\/index.php?rest_route=\/wp\/v2\/users\/1"}],"replies":[{"embeddable":true,"href":"http:\/\/lorinoko.com\/index.php?rest_route=%2Fwp%2Fv2%2Fcomments&post=3025"}],"version-history":[{"count":7,"href":"http:\/\/lorinoko.com\/index.php?rest_route=\/wp\/v2\/pages\/3025\/revisions"}],"predecessor-version":[{"id":3633,"href":"http:\/\/lorinoko.com\/index.php?rest_route=\/wp\/v2\/pages\/3025\/revisions\/3633"}],"up":[{"embeddable":true,"href":"http:\/\/lorinoko.com\/index.php?rest_route=\/wp\/v2\/pages\/3021"}],"wp:attachment":[{"href":"http:\/\/lorinoko.com\/index.php?rest_route=%2Fwp%2Fv2%2Fmedia&parent=3025"}],"curies":[{"name":"wp","href":"https:\/\/api.w.org\/{rel}","templated":true}]}}