{"id":3023,"date":"2014-03-30T14:11:13","date_gmt":"2014-03-30T13:11:13","guid":{"rendered":"http:\/\/lorinoko.com\/?page_id=3023"},"modified":"2014-06-08T15:57:23","modified_gmt":"2014-06-08T14:57:23","slug":"atrata-sweet-pinku","status":"publish","type":"page","link":"http:\/\/lorinoko.com\/?page_id=3023","title":{"rendered":"Atrata Sweet Pinku"},"content":{"rendered":"<p style=\"text-align: justify;\">Bittersweet kolekcia Atrata Sweet je charakteristick\u00e1 \u010diernym bavlnen\u00fdm z\u00e1kladom a bohat\u00fdm zdoben\u00edm \u0161irok\u00fdmi sweet stu\u017ekami v dvoch farebn\u00fdch verzi\u00e1ch. Verzia Pinku je laden\u00e1 do ru\u017eova, zdoben\u00e1 ru\u017eovou vlnovkou a ma\u0161li\u010dkami zo stu\u017eiek. Doln\u00fd kraj tvor\u00ed vol\u00e1n z \u010diernej bavlny, a \u010fal\u0161\u00ed po obvode je vyroben\u00fd z organzy. V p\u00e1se na gumi\u010dku.<br \/>\n<strong>Materi\u00e1l:<\/strong> z\u00e1klad bavlna, \u010dipka bavlna, sat\u00e9nov\u00e9 stu\u017eky, organza<br \/>\n<strong>Ve\u013ekos\u0165 p\u00e1su:<\/strong> 60-110 cm<br \/>\n<strong>D\u013a\u017eka sukne:<\/strong> 48-50 cm<\/p>\n<div class=\"slideshow\"><div id=\"ngg_slideshow12330231\" class=\"ngg-slideshow owl-carousel\" style=\"max-width: 600px; max-height: 400px;\"><img decoding=\"async\" src=\"http:\/\/lorinoko.com\/wp-content\/gallery\/atrata-sweet-pinku-collection\/001_dscn1931.jpg\" alt=\"001_dscn1931\" style=\"max-width: 600px; max-height: 400px; width: auto; height:auto; margin:auto\"><img decoding=\"async\" src=\"http:\/\/lorinoko.com\/wp-content\/gallery\/atrata-sweet-pinku-collection\/002_dscn1923.jpg\" alt=\"002_dscn1923\" style=\"max-width: 600px; max-height: 400px; width: auto; height:auto; margin:auto\"><img decoding=\"async\" src=\"http:\/\/lorinoko.com\/wp-content\/gallery\/atrata-sweet-pinku-collection\/003_dscn1904.jpg\" alt=\"003_dscn1904\" style=\"max-width: 600px; max-height: 400px; width: auto; height:auto; margin:auto\"><img decoding=\"async\" src=\"http:\/\/lorinoko.com\/wp-content\/gallery\/atrata-sweet-pinku-collection\/004_dscn1908.jpg\" alt=\"004_dscn1908\" style=\"max-width: 600px; max-height: 400px; width: auto; height:auto; margin:auto\"><img decoding=\"async\" src=\"http:\/\/lorinoko.com\/wp-content\/gallery\/atrata-sweet-pinku-collection\/005_dscn1916.jpg\" alt=\"005_dscn1916\" style=\"max-width: 600px; max-height: 400px; width: auto; height:auto; margin:auto\"><img decoding=\"async\" src=\"http:\/\/lorinoko.com\/wp-content\/gallery\/atrata-sweet-pinku-collection\/006_dscn1913.jpg\" alt=\"006_dscn1913\" style=\"max-width: 600px; max-height: 400px; width: auto; height:auto; margin:auto\"><img decoding=\"async\" src=\"http:\/\/lorinoko.com\/wp-content\/gallery\/atrata-sweet-pinku-collection\/dscn2200_2.jpg\" alt=\"dscn2200_2\" style=\"max-width: 600px; max-height: 400px; width: auto; height:auto; margin:auto\"><img decoding=\"async\" src=\"http:\/\/lorinoko.com\/wp-content\/gallery\/atrata-sweet-pinku-collection\/dscn2363.jpg\" alt=\"dscn2363\" style=\"max-width: 600px; max-height: 400px; width: auto; height:auto; margin:auto\"><img decoding=\"async\" src=\"http:\/\/lorinoko.com\/wp-content\/gallery\/atrata-sweet-pinku-collection\/dscn2368.jpg\" alt=\"dscn2368\" style=\"max-width: 600px; max-height: 400px; width: auto; height:auto; margin:auto\"><\/div><\/div>\n\n<script type=\"text\/javascript\">jQuery(document).ready(function($) {\r\n\t\t\tvar owl = $('#ngg_slideshow12330231');\r\n\t\t\towl.owlCarousel({\r\n\t\t\t\titems: 1,\r\n\t\t\t\tautoHeight: false,\r\n\t            dots: false,\r\n\t            autoplay: true,\r\n\t\t\t\tautoplayTimeout: 4000,\r\n\t\t\t\tautoplayHoverPause: true,\r\n\t\t\t\tanimateIn: 'fadeIn',\r\n\t\t\t\tanimateOut: 'fadeOut',\r\n\t\t\t\tloop: true,\r\n\t\t\t\tmouseDrag: true,\r\n\t\t\t\ttouchDrag: true\r\n\t\t\t});\nowl.click( function () {\r\n                    owl.trigger( 'next.owl.carousel' );\r\n                } );});\n<\/script>\n","protected":false},"excerpt":{"rendered":"<p>Bittersweet kolekcia Atrata Sweet je charakteristick\u00e1 \u010diernym bavlnen\u00fdm z\u00e1kladom a bohat\u00fdm zdoben\u00edm \u0161irok\u00fdmi sweet stu\u017ekami v dvoch farebn\u00fdch verzi\u00e1ch. Verzia Pinku je laden\u00e1 do ru\u017eova, zdoben\u00e1 ru\u017eovou vlnovkou a ma\u0161li\u010dkami zo stu\u017eiek. Doln\u00fd kraj tvor\u00ed vol\u00e1n z \u010diernej bavlny, a &hellip; <a href=\"http:\/\/lorinoko.com\/?page_id=3023\">Continue reading <span class=\"meta-nav\">&rarr;<\/span><\/a><\/p>\n","protected":false},"author":1,"featured_media":0,"parent":3021,"menu_order":0,"comment_status":"open","ping_status":"open","template":"","meta":{"_monsterinsights_skip_tracking":false,"_monsterinsights_sitenote_active":false,"_monsterinsights_sitenote_note":"","_monsterinsights_sitenote_category":0,"footnotes":""},"class_list":["post-3023","page","type-page","status-publish","hentry"],"_links":{"self":[{"href":"http:\/\/lorinoko.com\/index.php?rest_route=\/wp\/v2\/pages\/3023","targetHints":{"allow":["GET"]}}],"collection":[{"href":"http:\/\/lorinoko.com\/index.php?rest_route=\/wp\/v2\/pages"}],"about":[{"href":"http:\/\/lorinoko.com\/index.php?rest_route=\/wp\/v2\/types\/page"}],"author":[{"embeddable":true,"href":"http:\/\/lorinoko.com\/index.php?rest_route=\/wp\/v2\/users\/1"}],"replies":[{"embeddable":true,"href":"http:\/\/lorinoko.com\/index.php?rest_route=%2Fwp%2Fv2%2Fcomments&post=3023"}],"version-history":[{"count":8,"href":"http:\/\/lorinoko.com\/index.php?rest_route=\/wp\/v2\/pages\/3023\/revisions"}],"predecessor-version":[{"id":3635,"href":"http:\/\/lorinoko.com\/index.php?rest_route=\/wp\/v2\/pages\/3023\/revisions\/3635"}],"up":[{"embeddable":true,"href":"http:\/\/lorinoko.com\/index.php?rest_route=\/wp\/v2\/pages\/3021"}],"wp:attachment":[{"href":"http:\/\/lorinoko.com\/index.php?rest_route=%2Fwp%2Fv2%2Fmedia&parent=3023"}],"curies":[{"name":"wp","href":"https:\/\/api.w.org\/{rel}","templated":true}]}}