{"id":3021,"date":"2014-03-30T14:10:17","date_gmt":"2014-03-30T13:10:17","guid":{"rendered":"http:\/\/lorinoko.com\/?page_id=3021"},"modified":"2014-05-15T15:24:40","modified_gmt":"2014-05-15T14:24:40","slug":"atrata-sweet","status":"publish","type":"page","link":"http:\/\/lorinoko.com\/?page_id=3021","title":{"rendered":"Atrata Sweet"},"content":{"rendered":"<p style=\"text-align: justify;\">\r\n<div class=\"ngg-albumoverview\">\t\r\n\t<!-- List of galleries -->\r\n\t\r\n\t<div class=\"ngg-album\">\r\n\t\t<div class=\"ngg-albumtitle\"><a href=\"http:\/\/lorinoko.com\/?page_id=3023\">Atrata Sweet Pinku (Collection)<\/a><\/div>\r\n\t\t\t<div class=\"ngg-albumcontent\">\r\n\t\t\t\t<div class=\"ngg-thumbnail\">\r\n\t\t\t\t\t<a href=\"http:\/\/lorinoko.com\/?page_id=3023\"><img decoding=\"async\" class=\"Thumb\" alt=\"Atrata Sweet Pinku (Collection)\" src=\"http:\/\/lorinoko.com\/wp-content\/gallery\/atrata-sweet-pinku-collection\/thumbs\/thumbs_001_dscn1931.jpg\"\/><\/a>\r\n\t\t\t\t<\/div>\r\n\t\t\t\t<div class=\"ngg-description\">\r\n\t\t\t\t<p>Bitterwseet kolekcia Atrata Sweet je charakteristick\u00e1 \u010diernym bavlnen\u00fdm z\u00e1kladom a bohat\u00fdm zdoben\u00edm \u0161irok\u00fdmi sweet stu\u017ekami v dvoch farebn\u00fdch verzi\u00e1ch. Verzia Pinku je laden\u00e1 do ru\u017eova, zdoben\u00e1 ru\u017eovou vlnovkou a ma\u0161li\u010dkami zo stu\u017eiek. Doln\u00fd kraj tvor\u00ed vol\u00e1n z \u010diernej bavlny, a \u010fal\u0161\u00ed po obvode je vyroben\u00fd z organzy. V p\u00e1se na gumi\u010dku.<\/p>\r\n\t\t\t\t\t\t\t\t<p><strong>9<\/strong> Photos<\/p>\r\n\t\t\t\t\t\t\t<\/div>\r\n\t\t<\/div>\r\n\t<\/div>\r\n\r\n \t\r\n\t<div class=\"ngg-album\">\r\n\t\t<div class=\"ngg-albumtitle\"><a href=\"http:\/\/lorinoko.com\/?page_id=3025\">Atrata Sweet Pinku Cuffs (Collection)<\/a><\/div>\r\n\t\t\t<div class=\"ngg-albumcontent\">\r\n\t\t\t\t<div class=\"ngg-thumbnail\">\r\n\t\t\t\t\t<a href=\"http:\/\/lorinoko.com\/?page_id=3025\"><img decoding=\"async\" class=\"Thumb\" alt=\"Atrata Sweet Pinku Cuffs (Collection)\" src=\"http:\/\/lorinoko.com\/wp-content\/gallery\/atrata-sweet-pinku-cuffs-collection\/thumbs\/thumbs_001_dscn2350.jpg\"\/><\/a>\r\n\t\t\t\t<\/div>\r\n\t\t\t\t<div class=\"ngg-description\">\r\n\t\t\t\t<p>Bitterwseet kolekcia Atrata Sweet je charakteristick\u00e1 \u010diernym bavlnen\u00fdm z\u00e1kladom a bohat\u00fdm zdoben\u00edm \u0161irok\u00fdmi sweet stu\u017ekami v dvoch farebn\u00fdch verzi\u00e1ch. Ozdobn\u00e9 n\u00e1ramky ktor\u00e9 ladia k ru\u017eovej verzii s\u00fa zhotoven\u00e9 zo \u0161irokej bavlnenej \u010dipky a identickej stu\u017eky pou\u017eitej ako pri sukni. Rovnako s\u00fa zdoben\u00e9 identickou ma\u0161li\u010dkou zo stu\u017eiek.<\/p>\r\n\t\t\t\t\t\t\t\t<p><strong>6<\/strong> Photos<\/p>\r\n\t\t\t\t\t\t\t<\/div>\r\n\t\t<\/div>\r\n\t<\/div>\r\n\r\n \t\r\n\t<div class=\"ngg-album\">\r\n\t\t<div class=\"ngg-albumtitle\"><a href=\"http:\/\/lorinoko.com\/?page_id=3027\">Atrata Sweet Violette (Collection)<\/a><\/div>\r\n\t\t\t<div class=\"ngg-albumcontent\">\r\n\t\t\t\t<div class=\"ngg-thumbnail\">\r\n\t\t\t\t\t<a href=\"http:\/\/lorinoko.com\/?page_id=3027\"><img decoding=\"async\" class=\"Thumb\" alt=\"Atrata Sweet Violette (Collection)\" src=\"http:\/\/lorinoko.com\/wp-content\/gallery\/atrata-sweet-violette-collection\/thumbs\/thumbs_001_dscn2223.jpg\"\/><\/a>\r\n\t\t\t\t<\/div>\r\n\t\t\t\t<div class=\"ngg-description\">\r\n\t\t\t\t<p>Bitterwseet kolekcia Atrata Sweet je charakteristick\u00e1 \u010diernym bavlnen\u00fdm z\u00e1kladom a bohat\u00fdm zdoben\u00edm \u0161irok\u00fdmi sweet stu\u017ekami v dvoch farebn\u00fdch verzi\u00e1ch. Verzia Violette je laden\u00e1 do svetlo fialova, zdoben\u00e1 fialovou vlnovkou a ma\u0161li\u010dkami zo stu\u017eiek. Doln\u00fd kraj tvor\u00ed vol\u00e1n z \u010diernej bavlny, a \u010fal\u0161\u00ed po obvode je vyroben\u00fd z organzy. V p\u00e1se na gumi\u010dku.<\/p>\r\n\t\t\t\t\t\t\t\t<p><strong>8<\/strong> Photos<\/p>\r\n\t\t\t\t\t\t\t<\/div>\r\n\t\t<\/div>\r\n\t<\/div>\r\n\r\n \t\r\n\t<div class=\"ngg-album\">\r\n\t\t<div class=\"ngg-albumtitle\"><a href=\"http:\/\/lorinoko.com\/?page_id=3029\">Atrata Sweet Violette Cuffs (Collection)<\/a><\/div>\r\n\t\t\t<div class=\"ngg-albumcontent\">\r\n\t\t\t\t<div class=\"ngg-thumbnail\">\r\n\t\t\t\t\t<a href=\"http:\/\/lorinoko.com\/?page_id=3029\"><img decoding=\"async\" class=\"Thumb\" alt=\"Atrata Sweet Violette Cuffs (Collection)\" src=\"http:\/\/lorinoko.com\/wp-content\/gallery\/atrata-sweet-violette-cuffs-collection\/thumbs\/thumbs_001_dscn2356.jpg\"\/><\/a>\r\n\t\t\t\t<\/div>\r\n\t\t\t\t<div class=\"ngg-description\">\r\n\t\t\t\t<p>Bitterwseet kolekcia Atrata Sweet je charakteristick\u00e1 \u010diernym bavlnen\u00fdm z\u00e1kladom a bohat\u00fdm zdoben\u00edm \u0161irok\u00fdmi sweet stu\u017ekami v dvoch farebn\u00fdch verzi\u00e1ch. Ozdobn\u00e9 n\u00e1ramky ktor\u00e9 ladia k svetlo fialovej verzii s\u00fa zhotoven\u00e9 zo \u0161irokej bavlnenej \u010dipky a identickej stu\u017eky pou\u017eitej ako pri sukni. Rovnako s\u00fa zdoben\u00e9 identickou ma\u0161li\u010dkou zo stu\u017eiek.<\/p>\r\n\t\t\t\t\t\t\t\t<p><strong>5<\/strong> Photos<\/p>\r\n\t\t\t\t\t\t\t<\/div>\r\n\t\t<\/div>\r\n\t<\/div>\r\n\r\n \t\r\n\t<div class=\"ngg-album\">\r\n\t\t<div class=\"ngg-albumtitle\"><a href=\"http:\/\/lorinoko.com\/?page_id=3031\">Atrata Sweet Prototypink! v0.1 (Collection)<\/a><\/div>\r\n\t\t\t<div class=\"ngg-albumcontent\">\r\n\t\t\t\t<div class=\"ngg-thumbnail\">\r\n\t\t\t\t\t<a href=\"http:\/\/lorinoko.com\/?page_id=3031\"><img decoding=\"async\" class=\"Thumb\" alt=\"Atrata Sweet Prototypink! v0.1 (Collection)\" src=\"http:\/\/lorinoko.com\/wp-content\/gallery\/atrata-sweet-prototypink-v0-1-collection\/thumbs\/thumbs_001_dscn1872.jpg\"\/><\/a>\r\n\t\t\t\t<\/div>\r\n\t\t\t\t<div class=\"ngg-description\">\r\n\t\t\t\t<p>Bitterwseet kolekcia Atrata Sweet je charakteristick\u00e1 \u010diernym bavlnen\u00fdm z\u00e1kladom a bohat\u00fdm zdoben\u00edm \u0161irok\u00fdmi sweet stu\u017ekami v dvoch farebn\u00fdch verzi\u00e1ch. Verzia Prototypink! v0.1 predstavuje prv\u00fd sk\u00fa\u0161obn\u00fd prototyp z tejto kolekcie. L\u00ed\u0161i sa predov\u0161etk\u00fdm pou\u017eit\u00edm \u0161irokej skladanej stu\u017eky s \u010dipkou namiesto spodn\u00e9ho vol\u00e1nika, inak je takmer identick\u00e1. V p\u00e1se taktie\u017e na gumi\u010dku.<\/p>\r\n\t\t\t\t\t\t\t\t<p><strong>4<\/strong> Photos<\/p>\r\n\t\t\t\t\t\t\t<\/div>\r\n\t\t<\/div>\r\n\t<\/div>\r\n\r\n \t \t\r\n\t<!-- Pagination -->\r\n \t<div class=\"ngg-clear\"><\/div> \t\r\n<\/div>\r\n\r\n<\/p>\n<p style=\"text-align: justify;\">\n","protected":false},"excerpt":{"rendered":"","protected":false},"author":1,"featured_media":0,"parent":1756,"menu_order":0,"comment_status":"open","ping_status":"open","template":"","meta":{"_monsterinsights_skip_tracking":false,"_monsterinsights_sitenote_active":false,"_monsterinsights_sitenote_note":"","_monsterinsights_sitenote_category":0,"footnotes":""},"class_list":["post-3021","page","type-page","status-publish","hentry"],"_links":{"self":[{"href":"http:\/\/lorinoko.com\/index.php?rest_route=\/wp\/v2\/pages\/3021","targetHints":{"allow":["GET"]}}],"collection":[{"href":"http:\/\/lorinoko.com\/index.php?rest_route=\/wp\/v2\/pages"}],"about":[{"href":"http:\/\/lorinoko.com\/index.php?rest_route=\/wp\/v2\/types\/page"}],"author":[{"embeddable":true,"href":"http:\/\/lorinoko.com\/index.php?rest_route=\/wp\/v2\/users\/1"}],"replies":[{"embeddable":true,"href":"http:\/\/lorinoko.com\/index.php?rest_route=%2Fwp%2Fv2%2Fcomments&post=3021"}],"version-history":[{"count":5,"href":"http:\/\/lorinoko.com\/index.php?rest_route=\/wp\/v2\/pages\/3021\/revisions"}],"predecessor-version":[{"id":3254,"href":"http:\/\/lorinoko.com\/index.php?rest_route=\/wp\/v2\/pages\/3021\/revisions\/3254"}],"up":[{"embeddable":true,"href":"http:\/\/lorinoko.com\/index.php?rest_route=\/wp\/v2\/pages\/1756"}],"wp:attachment":[{"href":"http:\/\/lorinoko.com\/index.php?rest_route=%2Fwp%2Fv2%2Fmedia&parent=3021"}],"curies":[{"name":"wp","href":"https:\/\/api.w.org\/{rel}","templated":true}]}}