{"id":30,"date":"2013-03-07T17:14:14","date_gmt":"2013-03-07T16:14:14","guid":{"rendered":"http:\/\/intarbutt.info\/lorinoko\/?page_id=30"},"modified":"2014-05-21T17:19:26","modified_gmt":"2014-05-21T16:19:26","slug":"lorinoko-blue-skirt","status":"publish","type":"page","link":"http:\/\/lorinoko.com\/?page_id=30","title":{"rendered":"Blue Hearts"},"content":{"rendered":"<p style=\"text-align: justify;\">Modr\u00e1 k\u00e1rovan\u00e1 suk\u0148a s potla\u010dou, v p\u00e1se na gumi\u010dku, zdoben\u00e1 dvojakou \u010dipkou a ru\u010dne na\u0161it\u00fdmi aplik\u00e1ciami. S\u00fa\u010das\u0165ou je aj \u010delenka s ma\u0161\u013eou.<br \/>\n<strong>Materi\u00e1l:<\/strong> bavlna 100%, \u010dipka a aplik\u00e1cie polyester<br \/>\n<strong>Obvod p\u00e1su:<\/strong> 55-95 cm<br \/>\n<strong>D\u013a\u017eka sukne: <\/strong>55 cm (po doln\u00fd kraj \u010dipky)<\/p>\n<p><div class=\"slideshow\"><div id=\"ngg_slideshow28301\" class=\"ngg-slideshow owl-carousel\" style=\"max-width: 600px; max-height: 400px;\"><img decoding=\"async\" src=\"http:\/\/lorinoko.com\/wp-content\/gallery\/blue-hearts\/dscn3973_2.jpg\" alt=\"dscn3973_2\" style=\"max-width: 600px; max-height: 400px; width: auto; height:auto; margin:auto\"><img decoding=\"async\" src=\"http:\/\/lorinoko.com\/wp-content\/gallery\/blue-hearts\/img_5914_2.jpg\" alt=\"img_5914_2\" style=\"max-width: 600px; max-height: 400px; width: auto; height:auto; margin:auto\"><img decoding=\"async\" src=\"http:\/\/lorinoko.com\/wp-content\/gallery\/blue-hearts\/img_6146_2.jpg\" alt=\"img_6146_2\" style=\"max-width: 600px; max-height: 400px; width: auto; height:auto; margin:auto\"><img decoding=\"async\" src=\"http:\/\/lorinoko.com\/wp-content\/gallery\/blue-hearts\/img_6157_2.jpg\" alt=\"img_6157_2\" style=\"max-width: 600px; max-height: 400px; width: auto; height:auto; margin:auto\"><\/div><\/div>\n\n<script type=\"text\/javascript\">jQuery(document).ready(function($) {\r\n\t\t\tvar owl = $('#ngg_slideshow28301');\r\n\t\t\towl.owlCarousel({\r\n\t\t\t\titems: 1,\r\n\t\t\t\tautoHeight: false,\r\n\t            dots: false,\r\n\t            autoplay: true,\r\n\t\t\t\tautoplayTimeout: 4000,\r\n\t\t\t\tautoplayHoverPause: true,\r\n\t\t\t\tanimateIn: 'fadeIn',\r\n\t\t\t\tanimateOut: 'fadeOut',\r\n\t\t\t\tloop: true,\r\n\t\t\t\tmouseDrag: true,\r\n\t\t\t\ttouchDrag: true\r\n\t\t\t});\nowl.click( function () {\r\n                    owl.trigger( 'next.owl.carousel' );\r\n                } );});\n<\/script><strong><br \/>\n<\/strong><\/p>\n","protected":false},"excerpt":{"rendered":"<p>Modr\u00e1 k\u00e1rovan\u00e1 suk\u0148a s potla\u010dou, v p\u00e1se na gumi\u010dku, zdoben\u00e1 dvojakou \u010dipkou a ru\u010dne na\u0161it\u00fdmi aplik\u00e1ciami. S\u00fa\u010das\u0165ou je aj \u010delenka s ma\u0161\u013eou. Materi\u00e1l: bavlna 100%, \u010dipka a aplik\u00e1cie polyester Obvod p\u00e1su: 55-95 cm D\u013a\u017eka sukne: 55 cm (po doln\u00fd kraj &hellip; <a href=\"http:\/\/lorinoko.com\/?page_id=30\">Continue reading <span class=\"meta-nav\">&rarr;<\/span><\/a><\/p>\n","protected":false},"author":1,"featured_media":0,"parent":78,"menu_order":0,"comment_status":"open","ping_status":"closed","template":"","meta":{"_monsterinsights_skip_tracking":false,"_monsterinsights_sitenote_active":false,"_monsterinsights_sitenote_note":"","_monsterinsights_sitenote_category":0,"footnotes":""},"class_list":["post-30","page","type-page","status-publish","hentry"],"_links":{"self":[{"href":"http:\/\/lorinoko.com\/index.php?rest_route=\/wp\/v2\/pages\/30","targetHints":{"allow":["GET"]}}],"collection":[{"href":"http:\/\/lorinoko.com\/index.php?rest_route=\/wp\/v2\/pages"}],"about":[{"href":"http:\/\/lorinoko.com\/index.php?rest_route=\/wp\/v2\/types\/page"}],"author":[{"embeddable":true,"href":"http:\/\/lorinoko.com\/index.php?rest_route=\/wp\/v2\/users\/1"}],"replies":[{"embeddable":true,"href":"http:\/\/lorinoko.com\/index.php?rest_route=%2Fwp%2Fv2%2Fcomments&post=30"}],"version-history":[{"count":31,"href":"http:\/\/lorinoko.com\/index.php?rest_route=\/wp\/v2\/pages\/30\/revisions"}],"predecessor-version":[{"id":3399,"href":"http:\/\/lorinoko.com\/index.php?rest_route=\/wp\/v2\/pages\/30\/revisions\/3399"}],"up":[{"embeddable":true,"href":"http:\/\/lorinoko.com\/index.php?rest_route=\/wp\/v2\/pages\/78"}],"wp:attachment":[{"href":"http:\/\/lorinoko.com\/index.php?rest_route=%2Fwp%2Fv2%2Fmedia&parent=30"}],"curies":[{"name":"wp","href":"https:\/\/api.w.org\/{rel}","templated":true}]}}