{"id":299,"date":"2012-02-19T17:39:34","date_gmt":"2012-02-19T16:39:34","guid":{"rendered":"http:\/\/intarbutt.info\/lorinoko\/?page_id=299"},"modified":"2015-03-12T11:37:16","modified_gmt":"2015-03-12T10:37:16","slug":"obchodne-podmienky","status":"publish","type":"page","link":"http:\/\/lorinoko.com\/?page_id=299","title":{"rendered":"Obchodn\u00e9 podmienky"},"content":{"rendered":"<p style=\"text-align: justify;\"><strong>Sp\u00f4sob platby a dodania<\/strong><\/p>\n<p style=\"text-align: justify;\">Materi\u00e1l pou\u017eit\u00fd na v\u00fdrobu je nakupovan\u00fd s DPH, preto aj v cene v\u00fdrobku je t\u00e1to da\u0148 zahrnut\u00e1. Ceny s\u00fa kone\u010dn\u00e9, av\u0161ak pri \u0161peci\u00e1lnych objedn\u00e1vkach, alebo objedn\u00e1vkach tovaru, ktor\u00fd nie je moment\u00e1lne k dispoz\u00edcii, sa m\u00f4\u017ee cena pohybova\u0165 pod\u013ea aktu\u00e1lnej ceny materi\u00e1lu potrebn\u00e9ho na jeho v\u00fdrobu.<\/p>\n<p style=\"text-align: justify;\">V pr\u00edpade z\u00e1ujmu o ak\u00fdko\u013evek v\u00fdrobok \u010di inform\u00e1ciu, pou\u017eite e-mailov\u00fd <a title=\"Kontakt\" href=\"http:\/\/intarbutt.info\/lorinoko\/?page_id=74\">kontakt<\/a>. Tovar je mo\u017en\u00e9 objedna\u0165 si prostredn\u00edctvom e-shopu (!moment\u00e1lne vo v\u00fdstavbe!) alebo priamo po dohode e-mailom \u010di osobne. Plati\u0165 je mo\u017en\u00e9 PayPal prevodom, v hotovosti pri osobnom odbere, alebo prevodom na slovensk\u00fd \u00fa\u010det (\u010d\u00edslo \u00fa\u010dtu v\u00e1m bude zaslan\u00e9).<\/p>\n<p style=\"text-align: justify;\">Na\u0161e v\u00fdrobky s\u00fa dostupn\u00e9 aj v kamennej predajni spriaznenej \u010deskej lolita zna\u010dky Porcelain Doll v cenovom ekvivalente \u010desk\u00fdch kor\u00fan. Zoznam dostupn\u00fdch v\u00fdrobkov v predajni m\u00f4\u017eete sledova\u0165 na <a href=\"http:\/\/lorinoko.com\/?page_id=1566\">tejto str\u00e1nke<\/a>.<\/p>\n<p style=\"text-align: justify;\">V\u0161etky v\u00fdrobky je po dohode mo\u017en\u00e9 preda\u0165 pri osobnom odbere, pokia\u013e ste z okolia Bratislavy alebo Svidn\u00edka, pr\u00edpadne pokia\u013e bude na\u0161a zna\u010dka pred\u00e1va\u0165 na nejakom podujat\u00ed. V tomto pr\u00edpade bude po dohode mo\u017en\u00e9 prevzia\u0165 si tovar aj tam (o \u00fa\u010dasti na podujatiach V\u00e1s budeme informova\u0165). V pr\u00edpade, ak m\u00e1te in\u00fd n\u00e1vrh, nap\u00ed\u0161te a je mo\u017en\u00e9 sa dohodn\u00fa\u0165.<\/p>\n<p style=\"text-align: justify;\">Na\u0161e v\u00fdrobky <span style=\"text-decoration: underline;\">zasielame okrem Slovenska aj do zahrani\u010dia<\/span>. Ceny za po\u0161tovn\u00e9 s\u00fa ur\u010den\u00e9 pod\u013ea aktu\u00e1lne platn\u00fdch <a href=\"http:\/\/www.posta.sk\/stranky\/tarifa-sp\" target=\"_blank\">cenn\u00edkov Slovenskej po\u0161ty<\/a> v de\u0148 objednania, rovnako kurz inej meny ako EUR (USD, CZK) sa ur\u010duje pod\u013ea aktu\u00e1lneho <a href=\"http:\/\/www.nbs.sk\/sk\/statisticke-udaje\/kurzovy-listok\/denny-kurzovy-listok-ecb\" target=\"_blank\">kurzu N\u00e1rodnej banky Slovenska.<\/a> (v pr\u00edpade platby cez Paypal aktu\u00e1lnym kurzom Paypal). V\u0161etky z\u00e1sielky na Slovensko i do cel\u00e9ho sveta s\u00fa odosielan\u00e9 <span style=\"text-decoration: underline;\">doporu\u010dene<\/span> (dohoda zaslania prvou triedou mo\u017en\u00e1).<\/p>\n<p style=\"text-align: justify;\"><strong>Aktu\u00e1lny preh\u013ead cien po\u0161tovn\u00e9ho:<\/strong><\/p>\n<p style=\"text-align: justify;\"><span style=\"text-decoration: underline;\"><em>Slovensko<\/em><\/span><br \/>\nZ\u00e1sielka 2. triedy do 1 kg &#8211; 2,30 \u20ac (dodanie najnesk\u00f4r tret\u00ed pracovn\u00fd de\u0148 po dni odoslan\u00ed)<br \/>\nZ\u00e1sielka 1. triedy do 1 kg &#8211; 2,50 \u20ac (dodanie najnesk\u00f4r druh\u00fd pracovn\u00fd de\u0148 po dni odoslan\u00ed)<br \/>\nV pr\u00edpade v\u00e4\u010d\u0161ej objedn\u00e1vky naraz sa cena po\u010d\u00edta pod\u013ea v\u00e1hy, m\u00f4\u017ee sa pohybova\u0165 v rozmedz\u00ed 2 a viac EUR.<\/p>\n<p style=\"text-align: justify;\"><span style=\"text-decoration: underline;\"><em>\u00a0\u010cesk\u00e1 republika<\/em><\/span><br \/>\nZ\u00e1sielka 2. triedy do 1 kg &#8211; 6,80 \u20ac<br \/>\nZ\u00e1sielka 1. triedy do 1 kg &#8211; 8,10 \u20ac<br \/>\nDodacie lehoty s\u00fa z\u00e1visl\u00e9 na spolo\u010dnosti, ktor\u00e1 ofici\u00e1lne z\u00e1sielky posiela v \u010ceskej republike \u010falej a preto sa m\u00f4\u017ee lehota dodania l\u00ed\u0161i\u0165. Pre r\u00fdchlej\u0161ie dodanie je mo\u017en\u00e9 pou\u017ei\u0165 1. triedu. Cena z\u00e1sielky sa rovnako odv\u00edja od v\u00e1hy tovaru a balenia, z\u00e1vis\u00ed teda od ve\u013ekosti objedn\u00e1vky.<\/p>\n<p style=\"text-align: justify;\"><span style=\"text-decoration: underline;\"><em>Krajiny Eur\u00f3py<\/em><\/span><br \/>\nZ\u00e1sielka 2. triedy do 1 kg &#8211; 8,20 \u20ac<br \/>\nZ\u00e1sielka 1. triedy do 1 kg &#8211; 8,80 \u20ac<br \/>\n\u00dadaje o v\u00e1he, cene a lehote doru\u010denia s\u00fa podobn\u00e9, ak\u00e9 s\u00fa uveden\u00e9 pri \u010ceskej republike.<\/p>\n<p style=\"text-align: justify;\"><span style=\"text-decoration: underline;\"><em>Ostatn\u00e9 krajiny sveta<\/em><\/span><br \/>\nZ\u00e1sielka 2. triedy do 1 kg &#8211; 13,80 \u20ac<br \/>\nZ\u00e1sielka 1. triedy do 1 kg \u00a0&#8211; 15,80 \u20ac<br \/>\n\u00dadaje o v\u00e1he, cene a lehote doru\u010denia s\u00fa podobn\u00e9, ak\u00e9 s\u00fa uveden\u00e9 pri \u010ceskej republike.<\/p>\n<p style=\"text-align: justify;\"><strong>Reklam\u00e1cia<\/strong><\/p>\n<p style=\"text-align: justify;\">V\u0161etok tovar je vyr\u00e1ban\u00fd ru\u010dne, pou\u017eit\u00fd materi\u00e1l je uv\u00e1dzan\u00fd pri ka\u017edom v\u00fdrobku, no napriek snahe vyvarova\u0165 sa v\u0161etk\u00fdch ch\u00fdb, ktor\u00e9 by mohli nasta\u0165, nikto nie je dokonal\u00fd. Preto sa m\u00f4\u017ee sta\u0165, \u017ee z\u00e1kazn\u00edk nemus\u00ed by\u0165 s v\u00fdrobkom alebo pou\u017eit\u00fdm materi\u00e1lom spokojn\u00fd.<\/p>\n<p style=\"text-align: justify;\">Pod\u013ea z\u00e1konov Slovenskej republiky m\u00e1 spotrebite\u013e pr\u00e1vo na vr\u00e1tenie tovaru bez udania d\u00f4vodu do 14 kalend\u00e1rnych\u00a0dn\u00ed od jeho prevzatia. V pr\u00edpade, \u017ee nie ste spokojn\u00ed s tovarom, m\u00f4\u017eete ho zasla\u0165 nasp\u00e4\u0165, peniaze V\u00e1m bud\u00fa v plnej v\u00fd\u0161ke vr\u00e1ten\u00e9 vr\u00e1tane zaplaten\u00e9ho po\u0161tovn\u00e9ho. Tovar v\u0161ak nesmie by\u0165 vidite\u013ene nosen\u00fd, alebo inak po\u0161koden\u00fd, pokia\u013e to nebola v\u00fdrobn\u00e1 vada v\u00fdrobku. Po\u0161tovn\u00e9 za odoslanie tovaru nasp\u00e4\u0165 v\u0161ak hrad\u00ed z\u00e1kazn\u00edk.<\/p>\n<p style=\"text-align: justify;\">Ak chcete uplatni\u0165 svoj n\u00e1rok na reklam\u00e1ciu, kontaktujte n\u00e1s <a title=\"Kontakt\" href=\"http:\/\/intarbutt.info\/lorinoko\/?page_id=74\">e-mailom<\/a>, kde V\u00e1m bude uveden\u00e1 adresa, na ktor\u00fa m\u00e1te tovar odosla\u0165. N\u00e1sledne po obdr\u017ean\u00ed tovaru V\u00e1m bud\u00fa peniaze odoslan\u00e9 na V\u00e1\u0161 \u00fa\u010det, ktor\u00fd uvediete, pr\u00edpadne je mo\u017en\u00e9 peniaze odosla\u0165 na Va\u0161u adresu, alebo \u00fa\u010det po\u0161tovou pouk\u00e1\u017ekou (od\u010d\u00edtaj\u00fac manipula\u010dn\u00fd poplatok za cenu pouk\u00e1\u017eky okolo 0,50 \u20ac pod\u013ea aktu\u00e1lneho cenn\u00edka Slovenskej po\u0161ty).<\/p>\n<p style=\"text-align: justify;\">V pr\u00edpade, \u017ee i napriek tomu m\u00e1te st\u00e1le z\u00e1ujem o ten ist\u00fd alebo in\u00fd tovar z ponuky, je v na\u0161om plnom z\u00e1ujme V\u00e1m vyhovie\u0165 a dohodn\u00fa\u0165 sa na pr\u00edpadnej v\u00fdmene. Ak je to v na\u0161ich sil\u00e1ch, je mo\u017en\u00e9 Vami reklamovan\u00fd tovar opravi\u0165, ak n\u00e1m uvediete d\u00f4vod Va\u0161ej nespokojnosti. Ver\u00edme, \u017ee dohodn\u00fa\u0165 sa d\u00e1 na v\u0161etkom tak, aby ste boli ako na\u0161i z\u00e1kazn\u00edci spokojn\u00ed.<\/p>\n","protected":false},"excerpt":{"rendered":"<p>Sp\u00f4sob platby a dodania Materi\u00e1l pou\u017eit\u00fd na v\u00fdrobu je nakupovan\u00fd s DPH, preto aj v cene v\u00fdrobku je t\u00e1to da\u0148 zahrnut\u00e1. Ceny s\u00fa kone\u010dn\u00e9, av\u0161ak pri \u0161peci\u00e1lnych objedn\u00e1vkach, alebo objedn\u00e1vkach tovaru, ktor\u00fd nie je moment\u00e1lne k dispoz\u00edcii, sa m\u00f4\u017ee cena &hellip; <a href=\"http:\/\/lorinoko.com\/?page_id=299\">Continue reading <span class=\"meta-nav\">&rarr;<\/span><\/a><\/p>\n","protected":false},"author":1,"featured_media":0,"parent":1826,"menu_order":2,"comment_status":"open","ping_status":"closed","template":"","meta":{"_monsterinsights_skip_tracking":false,"_monsterinsights_sitenote_active":false,"_monsterinsights_sitenote_note":"","_monsterinsights_sitenote_category":0,"footnotes":""},"class_list":["post-299","page","type-page","status-publish","hentry"],"_links":{"self":[{"href":"http:\/\/lorinoko.com\/index.php?rest_route=\/wp\/v2\/pages\/299","targetHints":{"allow":["GET"]}}],"collection":[{"href":"http:\/\/lorinoko.com\/index.php?rest_route=\/wp\/v2\/pages"}],"about":[{"href":"http:\/\/lorinoko.com\/index.php?rest_route=\/wp\/v2\/types\/page"}],"author":[{"embeddable":true,"href":"http:\/\/lorinoko.com\/index.php?rest_route=\/wp\/v2\/users\/1"}],"replies":[{"embeddable":true,"href":"http:\/\/lorinoko.com\/index.php?rest_route=%2Fwp%2Fv2%2Fcomments&post=299"}],"version-history":[{"count":19,"href":"http:\/\/lorinoko.com\/index.php?rest_route=\/wp\/v2\/pages\/299\/revisions"}],"predecessor-version":[{"id":4036,"href":"http:\/\/lorinoko.com\/index.php?rest_route=\/wp\/v2\/pages\/299\/revisions\/4036"}],"up":[{"embeddable":true,"href":"http:\/\/lorinoko.com\/index.php?rest_route=\/wp\/v2\/pages\/1826"}],"wp:attachment":[{"href":"http:\/\/lorinoko.com\/index.php?rest_route=%2Fwp%2Fv2%2Fmedia&parent=299"}],"curies":[{"name":"wp","href":"https:\/\/api.w.org\/{rel}","templated":true}]}}