{"id":272,"date":"2012-02-17T16:48:51","date_gmt":"2012-02-17T15:48:51","guid":{"rendered":"http:\/\/intarbutt.info\/lorinoko\/?page_id=272"},"modified":"2014-05-21T19:22:19","modified_gmt":"2014-05-21T18:22:19","slug":"headband-cierno-biely-so-stuhou","status":"publish","type":"page","link":"http:\/\/lorinoko.com\/?page_id=272","title":{"rendered":"Headband so stuhou"},"content":{"rendered":"<p style=\"text-align: justify;\">\u010celenka s ma\u0161\u013eou. Z\u00e1klad spodnej vrstvy tvor\u00ed \u0161irok\u00e1 sat\u00e9nov\u00e1 stuha. Zdob\u00ed ju bavlnen\u00e1 \u010dipka a \u010fal\u0161ie \u010dierne sat\u00e9nov\u00e9 stuhy. Zhotoven\u00e1 \u0161peci\u00e1lne ako dar\u010dek pre Bro\u017eu.<\/p>\n<div class=\"slideshow\"><div id=\"ngg_slideshow602721\" class=\"ngg-slideshow owl-carousel\" style=\"max-width: 600px; max-height: 400px;\"><img decoding=\"async\" src=\"http:\/\/lorinoko.com\/wp-content\/gallery\/headband-so-stuhou-special\/dsc02496.jpg\" alt=\"dsc02496\" style=\"max-width: 600px; max-height: 400px; width: auto; height:auto; margin:auto\"><img decoding=\"async\" src=\"http:\/\/lorinoko.com\/wp-content\/gallery\/headband-so-stuhou-special\/dsc02497.jpg\" alt=\"dsc02497\" style=\"max-width: 600px; max-height: 400px; width: auto; height:auto; margin:auto\"><\/div><\/div>\n\n<script type=\"text\/javascript\">jQuery(document).ready(function($) {\r\n\t\t\tvar owl = $('#ngg_slideshow602721');\r\n\t\t\towl.owlCarousel({\r\n\t\t\t\titems: 1,\r\n\t\t\t\tautoHeight: false,\r\n\t            dots: false,\r\n\t            autoplay: true,\r\n\t\t\t\tautoplayTimeout: 4000,\r\n\t\t\t\tautoplayHoverPause: true,\r\n\t\t\t\tanimateIn: 'fadeIn',\r\n\t\t\t\tanimateOut: 'fadeOut',\r\n\t\t\t\tloop: true,\r\n\t\t\t\tmouseDrag: true,\r\n\t\t\t\ttouchDrag: true\r\n\t\t\t});\nowl.click( function () {\r\n                    owl.trigger( 'next.owl.carousel' );\r\n                } );});\n<\/script>\n","protected":false},"excerpt":{"rendered":"<p>\u010celenka s ma\u0161\u013eou. Z\u00e1klad spodnej vrstvy tvor\u00ed \u0161irok\u00e1 sat\u00e9nov\u00e1 stuha. Zdob\u00ed ju bavlnen\u00e1 \u010dipka a \u010fal\u0161ie \u010dierne sat\u00e9nov\u00e9 stuhy. Zhotoven\u00e1 \u0161peci\u00e1lne ako dar\u010dek pre Bro\u017eu.<\/p>\n","protected":false},"author":1,"featured_media":0,"parent":226,"menu_order":0,"comment_status":"open","ping_status":"open","template":"","meta":{"_monsterinsights_skip_tracking":false,"_monsterinsights_sitenote_active":false,"_monsterinsights_sitenote_note":"","_monsterinsights_sitenote_category":0,"footnotes":""},"class_list":["post-272","page","type-page","status-publish","hentry"],"_links":{"self":[{"href":"http:\/\/lorinoko.com\/index.php?rest_route=\/wp\/v2\/pages\/272","targetHints":{"allow":["GET"]}}],"collection":[{"href":"http:\/\/lorinoko.com\/index.php?rest_route=\/wp\/v2\/pages"}],"about":[{"href":"http:\/\/lorinoko.com\/index.php?rest_route=\/wp\/v2\/types\/page"}],"author":[{"embeddable":true,"href":"http:\/\/lorinoko.com\/index.php?rest_route=\/wp\/v2\/users\/1"}],"replies":[{"embeddable":true,"href":"http:\/\/lorinoko.com\/index.php?rest_route=%2Fwp%2Fv2%2Fcomments&post=272"}],"version-history":[{"count":9,"href":"http:\/\/lorinoko.com\/index.php?rest_route=\/wp\/v2\/pages\/272\/revisions"}],"predecessor-version":[{"id":3468,"href":"http:\/\/lorinoko.com\/index.php?rest_route=\/wp\/v2\/pages\/272\/revisions\/3468"}],"up":[{"embeddable":true,"href":"http:\/\/lorinoko.com\/index.php?rest_route=\/wp\/v2\/pages\/226"}],"wp:attachment":[{"href":"http:\/\/lorinoko.com\/index.php?rest_route=%2Fwp%2Fv2%2Fmedia&parent=272"}],"curies":[{"name":"wp","href":"https:\/\/api.w.org\/{rel}","templated":true}]}}