{"id":2333,"date":"2014-02-16T21:28:13","date_gmt":"2014-02-16T20:28:13","guid":{"rendered":"http:\/\/lorinoko.com\/?page_id=2333"},"modified":"2014-05-21T19:05:58","modified_gmt":"2014-05-21T18:05:58","slug":"black-wine-almondica-ii","status":"publish","type":"page","link":"http:\/\/lorinoko.com\/?page_id=2333","title":{"rendered":"Black Wine Almondica II"},"content":{"rendered":"<p style=\"text-align: justify;\">Druh\u00e1 verzia sukne z kolekcie Black Wine Almondica je strihovo takmer identick\u00e1, l\u00ed\u0161i sa prehodenou farebnou kombin\u00e1ciou \u010diernej l\u00e1tky s jemn\u00fdm v\u0161it\u00fdm prie\u010dnym vzorom a v\u00ednovo \u010derven\u00fdm doln\u00fdm vol\u00e1nom. Rovnako s\u00fa obmenen\u00e9 aj pou\u017eit\u00e9 \u010dipky, ale suk\u0148a celkovo p\u00f4sob\u00ed ako jej klasick\u00e1 predchodky\u0148a, len so \u0161tipkou \u010dohosi nov\u00e9ho.<br \/>\n<strong>Materi\u00e1l: <\/strong>l\u00e1tky bavlna, tyl, \u010dipka bavlna<br \/>\n<strong>Obvod p\u00e1su:<\/strong> 71-81 cm, zap\u00ednanie na zips a gomb\u00edky<br \/>\n<strong>D\u013a\u017eka sukne: <\/strong>54 cm<\/p>\n<div class=\"slideshow\"><div id=\"ngg_slideshow3823331\" class=\"ngg-slideshow owl-carousel\" style=\"max-width: 600px; max-height: 400px;\"><img decoding=\"async\" src=\"http:\/\/lorinoko.com\/wp-content\/gallery\/black-wine-almondica-ii\/001_dscn1569.jpg\" alt=\"001_dscn1569\" style=\"max-width: 600px; max-height: 400px; width: auto; height:auto; margin:auto\"><img decoding=\"async\" src=\"http:\/\/lorinoko.com\/wp-content\/gallery\/black-wine-almondica-ii\/002_dscn1517.jpg\" alt=\"002_dscn1517\" style=\"max-width: 600px; max-height: 400px; width: auto; height:auto; margin:auto\"><img decoding=\"async\" src=\"http:\/\/lorinoko.com\/wp-content\/gallery\/black-wine-almondica-ii\/003_dscn1565.jpg\" alt=\"003_dscn1565\" style=\"max-width: 600px; max-height: 400px; width: auto; height:auto; margin:auto\"><img decoding=\"async\" src=\"http:\/\/lorinoko.com\/wp-content\/gallery\/black-wine-almondica-ii\/004_dscn1566.jpg\" alt=\"004_dscn1566\" style=\"max-width: 600px; max-height: 400px; width: auto; height:auto; margin:auto\"><\/div><\/div>\n\n<script type=\"text\/javascript\">jQuery(document).ready(function($) {\r\n\t\t\tvar owl = $('#ngg_slideshow3823331');\r\n\t\t\towl.owlCarousel({\r\n\t\t\t\titems: 1,\r\n\t\t\t\tautoHeight: false,\r\n\t            dots: false,\r\n\t            autoplay: true,\r\n\t\t\t\tautoplayTimeout: 4000,\r\n\t\t\t\tautoplayHoverPause: true,\r\n\t\t\t\tanimateIn: 'fadeIn',\r\n\t\t\t\tanimateOut: 'fadeOut',\r\n\t\t\t\tloop: true,\r\n\t\t\t\tmouseDrag: true,\r\n\t\t\t\ttouchDrag: true\r\n\t\t\t});\nowl.click( function () {\r\n                    owl.trigger( 'next.owl.carousel' );\r\n                } );});\n<\/script>\n","protected":false},"excerpt":{"rendered":"<p>Druh\u00e1 verzia sukne z kolekcie Black Wine Almondica je strihovo takmer identick\u00e1, l\u00ed\u0161i sa prehodenou farebnou kombin\u00e1ciou \u010diernej l\u00e1tky s jemn\u00fdm v\u0161it\u00fdm prie\u010dnym vzorom a v\u00ednovo \u010derven\u00fdm doln\u00fdm vol\u00e1nom. Rovnako s\u00fa obmenen\u00e9 aj pou\u017eit\u00e9 \u010dipky, ale suk\u0148a celkovo p\u00f4sob\u00ed ako &hellip; <a href=\"http:\/\/lorinoko.com\/?page_id=2333\">Continue reading <span class=\"meta-nav\">&rarr;<\/span><\/a><\/p>\n","protected":false},"author":1,"featured_media":0,"parent":1935,"menu_order":0,"comment_status":"open","ping_status":"open","template":"","meta":{"_monsterinsights_skip_tracking":false,"_monsterinsights_sitenote_active":false,"_monsterinsights_sitenote_note":"","_monsterinsights_sitenote_category":0,"footnotes":""},"class_list":["post-2333","page","type-page","status-publish","hentry"],"_links":{"self":[{"href":"http:\/\/lorinoko.com\/index.php?rest_route=\/wp\/v2\/pages\/2333","targetHints":{"allow":["GET"]}}],"collection":[{"href":"http:\/\/lorinoko.com\/index.php?rest_route=\/wp\/v2\/pages"}],"about":[{"href":"http:\/\/lorinoko.com\/index.php?rest_route=\/wp\/v2\/types\/page"}],"author":[{"embeddable":true,"href":"http:\/\/lorinoko.com\/index.php?rest_route=\/wp\/v2\/users\/1"}],"replies":[{"embeddable":true,"href":"http:\/\/lorinoko.com\/index.php?rest_route=%2Fwp%2Fv2%2Fcomments&post=2333"}],"version-history":[{"count":13,"href":"http:\/\/lorinoko.com\/index.php?rest_route=\/wp\/v2\/pages\/2333\/revisions"}],"predecessor-version":[{"id":3457,"href":"http:\/\/lorinoko.com\/index.php?rest_route=\/wp\/v2\/pages\/2333\/revisions\/3457"}],"up":[{"embeddable":true,"href":"http:\/\/lorinoko.com\/index.php?rest_route=\/wp\/v2\/pages\/1935"}],"wp:attachment":[{"href":"http:\/\/lorinoko.com\/index.php?rest_route=%2Fwp%2Fv2%2Fmedia&parent=2333"}],"curies":[{"name":"wp","href":"https:\/\/api.w.org\/{rel}","templated":true}]}}