{"id":233,"date":"2012-02-17T16:08:50","date_gmt":"2012-02-17T15:08:50","guid":{"rendered":"http:\/\/intarbutt.info\/lorinoko\/?page_id=233"},"modified":"2014-05-21T19:42:15","modified_gmt":"2014-05-21T18:42:15","slug":"sukna-cierna-pre-nataliu","status":"publish","type":"page","link":"http:\/\/lorinoko.com\/?page_id=233","title":{"rendered":"Suk\u0148a \u010dierna"},"content":{"rendered":"<p style=\"text-align: justify;\">\u010cierna suk\u0148a s jednoduch\u00fdm dvojit\u00fdm riasen\u00edm, in\u0161pirovan\u00e1 strihom z \u010dasopisu Gosurori, \u0161peci\u00e1lne u\u0161it\u00e1 pre Nat\u00e1liu. Ako jeden z prv\u00fdch v\u00fdrobkov nem\u00e1 najkvalitnej\u0161ie fotografie.<\/p>\n<div class=\"slideshow\"><div id=\"ngg_slideshow642331\" class=\"ngg-slideshow owl-carousel\" style=\"max-width: 600px; max-height: 800px;\"><img decoding=\"async\" src=\"http:\/\/lorinoko.com\/wp-content\/gallery\/sukna-cierna-special\/002_img_4998_2.jpg\" alt=\"002_img_4998_2\" style=\"max-width: 600px; max-height: 800px; width: auto; height:auto; margin:auto\"><img decoding=\"async\" src=\"http:\/\/lorinoko.com\/wp-content\/gallery\/sukna-cierna-special\/003_img_4981.jpg\" alt=\"003_img_4981\" style=\"max-width: 600px; max-height: 800px; width: auto; height:auto; margin:auto\"><img decoding=\"async\" src=\"http:\/\/lorinoko.com\/wp-content\/gallery\/sukna-cierna-special\/004_img_4983_2.jpg\" alt=\"004_img_4983_2\" style=\"max-width: 600px; max-height: 800px; width: auto; height:auto; margin:auto\"><\/div><\/div>\n\n<script type=\"text\/javascript\">jQuery(document).ready(function($) {\r\n\t\t\tvar owl = $('#ngg_slideshow642331');\r\n\t\t\towl.owlCarousel({\r\n\t\t\t\titems: 1,\r\n\t\t\t\tautoHeight: false,\r\n\t            dots: false,\r\n\t            autoplay: true,\r\n\t\t\t\tautoplayTimeout: 4000,\r\n\t\t\t\tautoplayHoverPause: true,\r\n\t\t\t\tanimateIn: 'fadeIn',\r\n\t\t\t\tanimateOut: 'fadeOut',\r\n\t\t\t\tloop: true,\r\n\t\t\t\tmouseDrag: true,\r\n\t\t\t\ttouchDrag: true\r\n\t\t\t});\nowl.click( function () {\r\n                    owl.trigger( 'next.owl.carousel' );\r\n                } );});\n<\/script>\n","protected":false},"excerpt":{"rendered":"<p>\u010cierna suk\u0148a s jednoduch\u00fdm dvojit\u00fdm riasen\u00edm, in\u0161pirovan\u00e1 strihom z \u010dasopisu Gosurori, \u0161peci\u00e1lne u\u0161it\u00e1 pre Nat\u00e1liu. Ako jeden z prv\u00fdch v\u00fdrobkov nem\u00e1 najkvalitnej\u0161ie fotografie. \u00a0<\/p>\n","protected":false},"author":1,"featured_media":0,"parent":226,"menu_order":0,"comment_status":"open","ping_status":"open","template":"","meta":{"_monsterinsights_skip_tracking":false,"_monsterinsights_sitenote_active":false,"_monsterinsights_sitenote_note":"","_monsterinsights_sitenote_category":0,"footnotes":""},"class_list":["post-233","page","type-page","status-publish","hentry"],"_links":{"self":[{"href":"http:\/\/lorinoko.com\/index.php?rest_route=\/wp\/v2\/pages\/233","targetHints":{"allow":["GET"]}}],"collection":[{"href":"http:\/\/lorinoko.com\/index.php?rest_route=\/wp\/v2\/pages"}],"about":[{"href":"http:\/\/lorinoko.com\/index.php?rest_route=\/wp\/v2\/types\/page"}],"author":[{"embeddable":true,"href":"http:\/\/lorinoko.com\/index.php?rest_route=\/wp\/v2\/users\/1"}],"replies":[{"embeddable":true,"href":"http:\/\/lorinoko.com\/index.php?rest_route=%2Fwp%2Fv2%2Fcomments&post=233"}],"version-history":[{"count":12,"href":"http:\/\/lorinoko.com\/index.php?rest_route=\/wp\/v2\/pages\/233\/revisions"}],"predecessor-version":[{"id":3476,"href":"http:\/\/lorinoko.com\/index.php?rest_route=\/wp\/v2\/pages\/233\/revisions\/3476"}],"up":[{"embeddable":true,"href":"http:\/\/lorinoko.com\/index.php?rest_route=\/wp\/v2\/pages\/226"}],"wp:attachment":[{"href":"http:\/\/lorinoko.com\/index.php?rest_route=%2Fwp%2Fv2%2Fmedia&parent=233"}],"curies":[{"name":"wp","href":"https:\/\/api.w.org\/{rel}","templated":true}]}}