{"id":2061,"date":"2014-02-14T00:52:02","date_gmt":"2014-02-13T23:52:02","guid":{"rendered":"http:\/\/lorinoko.com\/?page_id=2061"},"modified":"2014-05-21T19:18:35","modified_gmt":"2014-05-21T18:18:35","slug":"black-wine-choker","status":"publish","type":"page","link":"http:\/\/lorinoko.com\/?page_id=2061","title":{"rendered":"Black Wine Choker"},"content":{"rendered":"<p style=\"text-align: justify;\">V\u00ednovo \u010derven\u00fd a \u010dierny obojok, zdoben\u00fd v rovnak\u00fdch kombin\u00e1ciach. Zhotoven\u00fd a venovan\u00fd ako dar\u010dek \u0161peci\u00e1lne pri pr\u00edle\u017eitosti ofici\u00e1lneho otvorenia kamennej predajne Porcelain Doll.<\/p>\n<div class=\"slideshow\"><div id=\"ngg_slideshow5620611\" class=\"ngg-slideshow owl-carousel\" style=\"max-width: 600px; max-height: 400px;\"><img decoding=\"async\" src=\"http:\/\/lorinoko.com\/wp-content\/gallery\/black-wine-choker-special\/001_dscn0759.jpg\" alt=\"001_dscn0759\" style=\"max-width: 600px; max-height: 400px; width: auto; height:auto; margin:auto\"><img decoding=\"async\" src=\"http:\/\/lorinoko.com\/wp-content\/gallery\/black-wine-choker-special\/002_dscn0760.jpg\" alt=\"002_dscn0760\" style=\"max-width: 600px; max-height: 400px; width: auto; height:auto; margin:auto\"><img decoding=\"async\" src=\"http:\/\/lorinoko.com\/wp-content\/gallery\/black-wine-choker-special\/003_dscn0762.jpg\" alt=\"003_dscn0762\" style=\"max-width: 600px; max-height: 400px; width: auto; height:auto; margin:auto\"><img decoding=\"async\" src=\"http:\/\/lorinoko.com\/wp-content\/gallery\/black-wine-choker-special\/004_dscn0763.jpg\" alt=\"004_dscn0763\" style=\"max-width: 600px; max-height: 400px; width: auto; height:auto; margin:auto\"><img decoding=\"async\" src=\"http:\/\/lorinoko.com\/wp-content\/gallery\/black-wine-choker-special\/005_dscn0764.jpg\" alt=\"005_dscn0764\" style=\"max-width: 600px; max-height: 400px; width: auto; height:auto; margin:auto\"><img decoding=\"async\" src=\"http:\/\/lorinoko.com\/wp-content\/gallery\/black-wine-choker-special\/006_dscn0767.jpg\" alt=\"006_dscn0767\" style=\"max-width: 600px; max-height: 400px; width: auto; height:auto; margin:auto\"><img decoding=\"async\" src=\"http:\/\/lorinoko.com\/wp-content\/gallery\/black-wine-choker-special\/007_dscn0768.jpg\" alt=\"007_dscn0768\" style=\"max-width: 600px; max-height: 400px; width: auto; height:auto; margin:auto\"><\/div><\/div>\n\n<script type=\"text\/javascript\">jQuery(document).ready(function($) {\r\n\t\t\tvar owl = $('#ngg_slideshow5620611');\r\n\t\t\towl.owlCarousel({\r\n\t\t\t\titems: 1,\r\n\t\t\t\tautoHeight: false,\r\n\t            dots: false,\r\n\t            autoplay: true,\r\n\t\t\t\tautoplayTimeout: 4000,\r\n\t\t\t\tautoplayHoverPause: true,\r\n\t\t\t\tanimateIn: 'fadeIn',\r\n\t\t\t\tanimateOut: 'fadeOut',\r\n\t\t\t\tloop: true,\r\n\t\t\t\tmouseDrag: true,\r\n\t\t\t\ttouchDrag: true\r\n\t\t\t});\nowl.click( function () {\r\n                    owl.trigger( 'next.owl.carousel' );\r\n                } );});\n<\/script>\n","protected":false},"excerpt":{"rendered":"<p>V\u00ednovo \u010derven\u00fd a \u010dierny obojok, zdoben\u00fd v rovnak\u00fdch kombin\u00e1ciach. Zhotoven\u00fd a venovan\u00fd ako dar\u010dek \u0161peci\u00e1lne pri pr\u00edle\u017eitosti ofici\u00e1lneho otvorenia kamennej predajne Porcelain Doll.<\/p>\n","protected":false},"author":1,"featured_media":0,"parent":226,"menu_order":0,"comment_status":"open","ping_status":"closed","template":"","meta":{"_monsterinsights_skip_tracking":false,"_monsterinsights_sitenote_active":false,"_monsterinsights_sitenote_note":"","_monsterinsights_sitenote_category":0,"footnotes":""},"class_list":["post-2061","page","type-page","status-publish","hentry"],"_links":{"self":[{"href":"http:\/\/lorinoko.com\/index.php?rest_route=\/wp\/v2\/pages\/2061","targetHints":{"allow":["GET"]}}],"collection":[{"href":"http:\/\/lorinoko.com\/index.php?rest_route=\/wp\/v2\/pages"}],"about":[{"href":"http:\/\/lorinoko.com\/index.php?rest_route=\/wp\/v2\/types\/page"}],"author":[{"embeddable":true,"href":"http:\/\/lorinoko.com\/index.php?rest_route=\/wp\/v2\/users\/1"}],"replies":[{"embeddable":true,"href":"http:\/\/lorinoko.com\/index.php?rest_route=%2Fwp%2Fv2%2Fcomments&post=2061"}],"version-history":[{"count":5,"href":"http:\/\/lorinoko.com\/index.php?rest_route=\/wp\/v2\/pages\/2061\/revisions"}],"predecessor-version":[{"id":3467,"href":"http:\/\/lorinoko.com\/index.php?rest_route=\/wp\/v2\/pages\/2061\/revisions\/3467"}],"up":[{"embeddable":true,"href":"http:\/\/lorinoko.com\/index.php?rest_route=\/wp\/v2\/pages\/226"}],"wp:attachment":[{"href":"http:\/\/lorinoko.com\/index.php?rest_route=%2Fwp%2Fv2%2Fmedia&parent=2061"}],"curies":[{"name":"wp","href":"https:\/\/api.w.org\/{rel}","templated":true}]}}