{"id":2047,"date":"2014-02-14T00:45:08","date_gmt":"2014-02-13T23:45:08","guid":{"rendered":"http:\/\/lorinoko.com\/?page_id=2047"},"modified":"2014-05-21T19:42:00","modified_gmt":"2014-05-21T18:42:00","slug":"hneda-lolita-sukna","status":"publish","type":"page","link":"http:\/\/lorinoko.com\/?page_id=2047","title":{"rendered":"Hned\u00e1 Lolita suk\u0148a"},"content":{"rendered":"<p style=\"text-align: justify;\">Jednoduch\u00e1 hned\u00e1 Lolita suk\u0148a \u0161it\u00e1 na \u0161peci\u00e1lnu objedn\u00e1vku je zdoben\u00e1 bielou \u010dipkou a stuhou, v dolnom kraji riasen\u00e1 vol\u00e1nom. V p\u00e1se prisp\u00f4sobite\u013en\u00e1 na gumi\u010dku.<\/p>\n<div class=\"slideshow\"><div id=\"ngg_slideshow3620471\" class=\"ngg-slideshow owl-carousel\" style=\"max-width: 600px; max-height: 400px;\"><img decoding=\"async\" src=\"http:\/\/lorinoko.com\/wp-content\/gallery\/hneda-lolita-sukna\/dscn7840.jpg\" alt=\"dscn7840\" style=\"max-width: 600px; max-height: 400px; width: auto; height:auto; margin:auto\"><img decoding=\"async\" src=\"http:\/\/lorinoko.com\/wp-content\/gallery\/hneda-lolita-sukna\/dscn7844.jpg\" alt=\"dscn7844\" style=\"max-width: 600px; max-height: 400px; width: auto; height:auto; margin:auto\"><img decoding=\"async\" src=\"http:\/\/lorinoko.com\/wp-content\/gallery\/hneda-lolita-sukna\/dscn7845.jpg\" alt=\"dscn7845\" style=\"max-width: 600px; max-height: 400px; width: auto; height:auto; margin:auto\"><\/div><\/div>\n\n<script type=\"text\/javascript\">jQuery(document).ready(function($) {\r\n\t\t\tvar owl = $('#ngg_slideshow3620471');\r\n\t\t\towl.owlCarousel({\r\n\t\t\t\titems: 1,\r\n\t\t\t\tautoHeight: false,\r\n\t            dots: false,\r\n\t            autoplay: true,\r\n\t\t\t\tautoplayTimeout: 4000,\r\n\t\t\t\tautoplayHoverPause: true,\r\n\t\t\t\tanimateIn: 'fadeIn',\r\n\t\t\t\tanimateOut: 'fadeOut',\r\n\t\t\t\tloop: true,\r\n\t\t\t\tmouseDrag: true,\r\n\t\t\t\ttouchDrag: true\r\n\t\t\t});\nowl.click( function () {\r\n                    owl.trigger( 'next.owl.carousel' );\r\n                } );});\n<\/script>\n","protected":false},"excerpt":{"rendered":"<p>Jednoduch\u00e1 hned\u00e1 Lolita suk\u0148a \u0161it\u00e1 na \u0161peci\u00e1lnu objedn\u00e1vku je zdoben\u00e1 bielou \u010dipkou a stuhou, v dolnom kraji riasen\u00e1 vol\u00e1nom. V p\u00e1se prisp\u00f4sobite\u013en\u00e1 na gumi\u010dku.<\/p>\n","protected":false},"author":1,"featured_media":0,"parent":226,"menu_order":0,"comment_status":"open","ping_status":"closed","template":"","meta":{"_monsterinsights_skip_tracking":false,"_monsterinsights_sitenote_active":false,"_monsterinsights_sitenote_note":"","_monsterinsights_sitenote_category":0,"footnotes":""},"class_list":["post-2047","page","type-page","status-publish","hentry"],"_links":{"self":[{"href":"http:\/\/lorinoko.com\/index.php?rest_route=\/wp\/v2\/pages\/2047","targetHints":{"allow":["GET"]}}],"collection":[{"href":"http:\/\/lorinoko.com\/index.php?rest_route=\/wp\/v2\/pages"}],"about":[{"href":"http:\/\/lorinoko.com\/index.php?rest_route=\/wp\/v2\/types\/page"}],"author":[{"embeddable":true,"href":"http:\/\/lorinoko.com\/index.php?rest_route=\/wp\/v2\/users\/1"}],"replies":[{"embeddable":true,"href":"http:\/\/lorinoko.com\/index.php?rest_route=%2Fwp%2Fv2%2Fcomments&post=2047"}],"version-history":[{"count":8,"href":"http:\/\/lorinoko.com\/index.php?rest_route=\/wp\/v2\/pages\/2047\/revisions"}],"predecessor-version":[{"id":3475,"href":"http:\/\/lorinoko.com\/index.php?rest_route=\/wp\/v2\/pages\/2047\/revisions\/3475"}],"up":[{"embeddable":true,"href":"http:\/\/lorinoko.com\/index.php?rest_route=\/wp\/v2\/pages\/226"}],"wp:attachment":[{"href":"http:\/\/lorinoko.com\/index.php?rest_route=%2Fwp%2Fv2%2Fmedia&parent=2047"}],"curies":[{"name":"wp","href":"https:\/\/api.w.org\/{rel}","templated":true}]}}