{"id":198,"date":"2012-01-14T15:27:13","date_gmt":"2012-01-14T14:27:13","guid":{"rendered":"http:\/\/intarbutt.info\/lorinoko\/?page_id=198"},"modified":"2014-05-21T18:18:23","modified_gmt":"2014-05-21T17:18:23","slug":"snowy-sweet-pink-white-headband","status":"publish","type":"page","link":"http:\/\/lorinoko.com\/?page_id=198","title":{"rendered":"Snowy Sweet Pink-White Headband"},"content":{"rendered":"<p style=\"text-align: justify;\">Nevinne p\u00f4sobiaca biela \u010delenka s ma\u0161\u013eou, tvoren\u00e1 bavlnen\u00fdm z\u00e1kladom a bohat\u00fdm zdoben\u00edm. \u010cierne a ru\u017eov\u00e9 sat\u00e9nove stuhy s\u00fa doplnen\u00e9 dvojakou \u010dipkou. Vrchn\u00fd diel je zhora prepleten\u00fd stu\u017ekou s ma\u0161li\u010dkami na konci, ktor\u00e9 sa daj\u00fa rozviaza\u0165, vrchn\u00e9 stu\u017eky pr\u00edpadne aj vytiahnu\u0165. Model je vhodn\u00fd k sweet lolite, ale kreat\u00edvne sle\u010dny ur\u010dite n\u00e1jdu uplatnenie aj pri in\u00fdch typoch.<br \/>\n<strong>Materi\u00e1l:<\/strong> sat\u00e9nov\u00e9 stuhy, z\u00e1klad bavlna, \u010dipka bavlna a polyester, plastov\u00e1 \u010delenka<\/p>\n<div class=\"slideshow\"><div id=\"ngg_slideshow71981\" class=\"ngg-slideshow owl-carousel\" style=\"max-width: 600px; max-height: 400px;\"><img decoding=\"async\" src=\"http:\/\/lorinoko.com\/wp-content\/gallery\/snowy-sweet-pink-white-headband\/dscn0218_2.jpg\" alt=\"dscn0218_2\" style=\"max-width: 600px; max-height: 400px; width: auto; height:auto; margin:auto\"><img decoding=\"async\" src=\"http:\/\/lorinoko.com\/wp-content\/gallery\/snowy-sweet-pink-white-headband\/dscn0219_2.jpg\" alt=\"dscn0219_2\" style=\"max-width: 600px; max-height: 400px; width: auto; height:auto; margin:auto\"><img decoding=\"async\" src=\"http:\/\/lorinoko.com\/wp-content\/gallery\/snowy-sweet-pink-white-headband\/dscn0220_2.jpg\" alt=\"dscn0220_2\" style=\"max-width: 600px; max-height: 400px; width: auto; height:auto; margin:auto\"><\/div><\/div>\n\n<script type=\"text\/javascript\">jQuery(document).ready(function($) {\r\n\t\t\tvar owl = $('#ngg_slideshow71981');\r\n\t\t\towl.owlCarousel({\r\n\t\t\t\titems: 1,\r\n\t\t\t\tautoHeight: false,\r\n\t            dots: false,\r\n\t            autoplay: true,\r\n\t\t\t\tautoplayTimeout: 4000,\r\n\t\t\t\tautoplayHoverPause: true,\r\n\t\t\t\tanimateIn: 'fadeIn',\r\n\t\t\t\tanimateOut: 'fadeOut',\r\n\t\t\t\tloop: true,\r\n\t\t\t\tmouseDrag: true,\r\n\t\t\t\ttouchDrag: true\r\n\t\t\t});\nowl.click( function () {\r\n                    owl.trigger( 'next.owl.carousel' );\r\n                } );});\n<\/script>\n","protected":false},"excerpt":{"rendered":"<p>Nevinne p\u00f4sobiaca biela \u010delenka s ma\u0161\u013eou, tvoren\u00e1 bavlnen\u00fdm z\u00e1kladom a bohat\u00fdm zdoben\u00edm. \u010cierne a ru\u017eov\u00e9 sat\u00e9nove stuhy s\u00fa doplnen\u00e9 dvojakou \u010dipkou. Vrchn\u00fd diel je zhora prepleten\u00fd stu\u017ekou s ma\u0161li\u010dkami na konci, ktor\u00e9 sa daj\u00fa rozviaza\u0165, vrchn\u00e9 stu\u017eky pr\u00edpadne aj vytiahnu\u0165. &hellip; <a href=\"http:\/\/lorinoko.com\/?page_id=198\">Continue reading <span class=\"meta-nav\">&rarr;<\/span><\/a><\/p>\n","protected":false},"author":1,"featured_media":0,"parent":1942,"menu_order":0,"comment_status":"open","ping_status":"closed","template":"","meta":{"_monsterinsights_skip_tracking":false,"_monsterinsights_sitenote_active":false,"_monsterinsights_sitenote_note":"","_monsterinsights_sitenote_category":0,"footnotes":""},"class_list":["post-198","page","type-page","status-publish","hentry"],"_links":{"self":[{"href":"http:\/\/lorinoko.com\/index.php?rest_route=\/wp\/v2\/pages\/198","targetHints":{"allow":["GET"]}}],"collection":[{"href":"http:\/\/lorinoko.com\/index.php?rest_route=\/wp\/v2\/pages"}],"about":[{"href":"http:\/\/lorinoko.com\/index.php?rest_route=\/wp\/v2\/types\/page"}],"author":[{"embeddable":true,"href":"http:\/\/lorinoko.com\/index.php?rest_route=\/wp\/v2\/users\/1"}],"replies":[{"embeddable":true,"href":"http:\/\/lorinoko.com\/index.php?rest_route=%2Fwp%2Fv2%2Fcomments&post=198"}],"version-history":[{"count":15,"href":"http:\/\/lorinoko.com\/index.php?rest_route=\/wp\/v2\/pages\/198\/revisions"}],"predecessor-version":[{"id":3425,"href":"http:\/\/lorinoko.com\/index.php?rest_route=\/wp\/v2\/pages\/198\/revisions\/3425"}],"up":[{"embeddable":true,"href":"http:\/\/lorinoko.com\/index.php?rest_route=\/wp\/v2\/pages\/1942"}],"wp:attachment":[{"href":"http:\/\/lorinoko.com\/index.php?rest_route=%2Fwp%2Fv2%2Fmedia&parent=198"}],"curies":[{"name":"wp","href":"https:\/\/api.w.org\/{rel}","templated":true}]}}