{"id":1956,"date":"2014-02-13T00:34:24","date_gmt":"2014-02-12T23:34:24","guid":{"rendered":"http:\/\/lorinoko.com\/?page_id=1956"},"modified":"2016-05-26T09:29:11","modified_gmt":"2016-05-26T08:29:11","slug":"obojky-a-nahrdelniky","status":"publish","type":"page","link":"http:\/\/lorinoko.com\/?page_id=1956","title":{"rendered":"Obojky"},"content":{"rendered":"\r\n<div class=\"ngg-albumoverview\">\t\r\n\t<!-- List of galleries -->\r\n\t\r\n\t<div class=\"ngg-album\">\r\n\t\t<div class=\"ngg-albumtitle\"><a href=\"http:\/\/lorinoko.com\/?page_id=4369\">Steam Bat Akarui Choker<\/a><\/div>\r\n\t\t\t<div class=\"ngg-albumcontent\">\r\n\t\t\t\t<div class=\"ngg-thumbnail\">\r\n\t\t\t\t\t<a href=\"http:\/\/lorinoko.com\/?page_id=4369\"><img decoding=\"async\" class=\"Thumb\" alt=\"Steam Bat Akarui Choker\" src=\"http:\/\/lorinoko.com\/wp-content\/gallery\/steam-bat-akarui-choker\/thumbs\/thumbs_p1050349.jpg\"\/><\/a>\r\n\t\t\t\t<\/div>\r\n\t\t\t\t<div class=\"ngg-description\">\r\n\t\t\t\t<p>B\u00e9\u017eovo biely obojok v steampunkovom laden\u00ed zhotoven\u00fd z bavlnenej \u010dipky. Ozdoben\u00fd bronzov\u00fdmi retiazkami, ozuben\u00fdm kolieskom a ve\u013ekou podobiz\u0148ou netopiera z bronzu. V dolnej \u010dasti aj pr\u00edveskom v tvare ma\u0161li\u010dky. Zap\u00ednanie je preveden\u00e9 taktie\u017e bronzovou retiazkom s zap\u00ednac\u00edm h\u00e1\u010dikom.<\/p>\r\n\t\t\t\t\t\t\t\t<p><strong>10<\/strong> Photos<\/p>\r\n\t\t\t\t\t\t\t<\/div>\r\n\t\t<\/div>\r\n\t<\/div>\r\n\r\n \t\r\n\t<div class=\"ngg-album\">\r\n\t\t<div class=\"ngg-albumtitle\"><a href=\"http:\/\/lorinoko.com\/?page_id=4374\">Steam Bat Kurai Choker<\/a><\/div>\r\n\t\t\t<div class=\"ngg-albumcontent\">\r\n\t\t\t\t<div class=\"ngg-thumbnail\">\r\n\t\t\t\t\t<a href=\"http:\/\/lorinoko.com\/?page_id=4374\"><img decoding=\"async\" class=\"Thumb\" alt=\"Steam Bat Kurai Choker\" src=\"http:\/\/lorinoko.com\/wp-content\/gallery\/steam-bat-kurai-choker\/thumbs\/thumbs_p1050358.jpg\"\/><\/a>\r\n\t\t\t\t<\/div>\r\n\t\t\t\t<div class=\"ngg-description\">\r\n\t\t\t\t<p>\u010cierny obojok v steampunkovom laden\u00ed zhotoven\u00fd z bavlnenej \u010dipky. Ozdoben\u00fd bronzov\u00fdmi retiazkami, ozuben\u00fdm kolieskom a ve\u013ekou podobiz\u0148ou netopiera z bronzu. V dolnej \u010dasti aj pr\u00edveskom v tvare ma\u0161li\u010dky. Zap\u00ednanie je preveden\u00e9 taktie\u017e bronzovou retiazkom s zap\u00ednac\u00edm h\u00e1\u010dikom.<\/p>\r\n\t\t\t\t\t\t\t\t<p><strong>11<\/strong> Photos<\/p>\r\n\t\t\t\t\t\t\t<\/div>\r\n\t\t<\/div>\r\n\t<\/div>\r\n\r\n \t\r\n\t<div class=\"ngg-album\">\r\n\t\t<div class=\"ngg-albumtitle\"><a href=\"http:\/\/lorinoko.com\/?page_id=4341\">Snow Star Velvet choker<\/a><\/div>\r\n\t\t\t<div class=\"ngg-albumcontent\">\r\n\t\t\t\t<div class=\"ngg-thumbnail\">\r\n\t\t\t\t\t<a href=\"http:\/\/lorinoko.com\/?page_id=4341\"><img decoding=\"async\" class=\"Thumb\" alt=\"Snow Star Velvet choker\" src=\"http:\/\/lorinoko.com\/wp-content\/gallery\/snow-star-velvet-choker\/thumbs\/thumbs_001_p1050275.jpg\"\/><\/a>\r\n\t\t\t\t<\/div>\r\n\t\t\t\t<div class=\"ngg-description\">\r\n\t\t\t\t<p>Trblietav\u00fd obojok laden\u00fd v zimnom \u0161t\u00fdle sa vyzna\u010duje bohat\u00fdm zdoben\u00edm v poddobe kovov\u00fdch a umel\u00fdch ozd\u00f4b v tvaroch vlo\u010diek a hviezdi\u010diek - v\u0161etko na zamatovo-sat\u00e9novom podklade.<\/p>\r\n\t\t\t\t\t\t\t\t<p><strong>7<\/strong> Photos<\/p>\r\n\t\t\t\t\t\t\t<\/div>\r\n\t\t<\/div>\r\n\t<\/div>\r\n\r\n \t\r\n\t<div class=\"ngg-album\">\r\n\t\t<div class=\"ngg-albumtitle\"><a href=\"http:\/\/lorinoko.com\/?page_id=4337\">Burgundy Velvet choker<\/a><\/div>\r\n\t\t\t<div class=\"ngg-albumcontent\">\r\n\t\t\t\t<div class=\"ngg-thumbnail\">\r\n\t\t\t\t\t<a href=\"http:\/\/lorinoko.com\/?page_id=4337\"><img decoding=\"async\" class=\"Thumb\" alt=\"Burgundy Velvet choker\" src=\"http:\/\/lorinoko.com\/wp-content\/gallery\/burgundy-velvet-choker\/thumbs\/thumbs_001_p1050245.jpg\"\/><\/a>\r\n\t\t\t\t<\/div>\r\n\t\t\t\t<div class=\"ngg-description\">\r\n\t\t\t\t<p>V\u00ednovo-\u010derveno laden\u00fd ozdobn\u00fd obojok na krk pozost\u00e1vaj\u00faci z bavlnenej \u010dipky, zamatov\u00fdch a sat\u00e9nov\u00fdch stu\u017eiek a strieborno kovov\u00e9ho zdobenia. Vhodn\u00fd ku klasick\u00e9hu i gotick\u00e9mu \u0161t\u00fdlu.<\/p>\r\n\t\t\t\t\t\t\t\t<p><strong>7<\/strong> Photos<\/p>\r\n\t\t\t\t\t\t\t<\/div>\r\n\t\t<\/div>\r\n\t<\/div>\r\n\r\n \t\r\n\t<div class=\"ngg-album\">\r\n\t\t<div class=\"ngg-albumtitle\"><a href=\"http:\/\/lorinoko.com\/?page_id=4297\">Spider Cross Choker<\/a><\/div>\r\n\t\t\t<div class=\"ngg-albumcontent\">\r\n\t\t\t\t<div class=\"ngg-thumbnail\">\r\n\t\t\t\t\t<a href=\"http:\/\/lorinoko.com\/?page_id=4297\"><img decoding=\"async\" class=\"Thumb\" alt=\"Spider Cross Choker\" src=\"http:\/\/lorinoko.com\/wp-content\/gallery\/spider-cross-choker\/thumbs\/thumbs_p1040449.jpg\"\/><\/a>\r\n\t\t\t\t<\/div>\r\n\t\t\t\t<div class=\"ngg-description\">\r\n\t\t\t\t<p>\u010cierny obojok z dvojitej jemnej \u010dipky a sat\u00e9novej stu\u017eky na viazanie vzadu. V kombin\u00e1cii s \u010diernou kovovou retiazkou vytv\u00e1ra dojem jemne utkanej pavu\u010diny. Zdoben\u00fd je kovov\u00fdm kr\u00ed\u017eikom v striebornej farbe.<\/p>\r\n\t\t\t\t\t\t\t\t<p><strong>7<\/strong> Photos<\/p>\r\n\t\t\t\t\t\t\t<\/div>\r\n\t\t<\/div>\r\n\t<\/div>\r\n\r\n \t\r\n\t<div class=\"ngg-album\">\r\n\t\t<div class=\"ngg-albumtitle\"><a href=\"http:\/\/lorinoko.com\/?page_id=3937\">Black Jade Snowflakes - choker<\/a><\/div>\r\n\t\t\t<div class=\"ngg-albumcontent\">\r\n\t\t\t\t<div class=\"ngg-thumbnail\">\r\n\t\t\t\t\t<a href=\"http:\/\/lorinoko.com\/?page_id=3937\"><img decoding=\"async\" class=\"Thumb\" alt=\"Black Jade Snowflakes - choker\" src=\"http:\/\/lorinoko.com\/wp-content\/gallery\/black-jade-snowflakes-choker\/thumbs\/thumbs_001_p1030210.jpg\"\/><\/a>\r\n\t\t\t\t<\/div>\r\n\t\t\t\t<div class=\"ngg-description\">\r\n\t\t\t\t<p>Zdoben\u00fd obojok v \u010diernom a jadeitovom prevden\u00ed - priam ako stvoren\u00fd ako doplnok pre zimn\u00e9 obdobie. \u0160irok\u00e1 \u010dipka z umel\u00e9ho hodv\u00e1bu s prepletenou sat\u00e9novou stu\u017ekou ur\u010denou na viazanie je ozdoben\u00e1 zamatovou stuhou v zelenom jadeitovom sfarben\u00ed. Zdobenie je preveden\u00e9 z trojak\u00fdch pr\u00edveskov v tvaroch snehov\u00fdch vlo\u010diek a kovovou retiazkou - v\u0161etko laden\u00e9 do striebornej farby.<\/p>\r\n\t\t\t\t\t\t\t\t<p><strong>7<\/strong> Photos<\/p>\r\n\t\t\t\t\t\t\t<\/div>\r\n\t\t<\/div>\r\n\t<\/div>\r\n\r\n \t\r\n\t<div class=\"ngg-album\">\r\n\t\t<div class=\"ngg-albumtitle\"><a href=\"http:\/\/lorinoko.com\/?page_id=3931\">Black Velvet Cross - choker<\/a><\/div>\r\n\t\t\t<div class=\"ngg-albumcontent\">\r\n\t\t\t\t<div class=\"ngg-thumbnail\">\r\n\t\t\t\t\t<a href=\"http:\/\/lorinoko.com\/?page_id=3931\"><img decoding=\"async\" class=\"Thumb\" alt=\"Black Velvet Cross - choker\" src=\"http:\/\/lorinoko.com\/wp-content\/gallery\/black-velvet-cross-choker\/thumbs\/thumbs_001_p1030195.jpg\"\/><\/a>\r\n\t\t\t\t<\/div>\r\n\t\t\t\t<div class=\"ngg-description\">\r\n\t\t\t\t<p>Zdoben\u00fd obojok v \u010diernom preveden\u00ed. \u0160irok\u00e1 \u010dipka z umel\u00e9ho hodv\u00e1bu s prepletenou sat\u00e9novou stu\u017ekou ur\u010denou na viazanie je ozdoben\u00e1 kr\u00e1snou \u010diernou zamatovou stuhou. Celkov\u00fd vzh\u013ead dop\u013a\u0148a kovov\u00e1 ozdoba v tvare kr\u00ed\u017ea.<\/p>\r\n\t\t\t\t\t\t\t\t<p><strong>8<\/strong> Photos<\/p>\r\n\t\t\t\t\t\t\t<\/div>\r\n\t\t<\/div>\r\n\t<\/div>\r\n\r\n \t\r\n\t<div class=\"ngg-album\">\r\n\t\t<div class=\"ngg-albumtitle\"><a href=\"http:\/\/lorinoko.com\/?page_id=3905\">Silver White Choker I<\/a><\/div>\r\n\t\t\t<div class=\"ngg-albumcontent\">\r\n\t\t\t\t<div class=\"ngg-thumbnail\">\r\n\t\t\t\t\t<a href=\"http:\/\/lorinoko.com\/?page_id=3905\"><img decoding=\"async\" class=\"Thumb\" alt=\"Silver White Choker I\" src=\"http:\/\/lorinoko.com\/wp-content\/gallery\/silver-white-choker-i\/thumbs\/thumbs_001_p1020628.jpg\"\/><\/a>\r\n\t\t\t\t<\/div>\r\n\t\t\t\t<div class=\"ngg-description\">\r\n\t\t\t\t<p>S\u00e9ria troch snehovo-bielych obojkov z preva\u017ene bavlnenej \u010dipky a sat\u00e9nov\u00fdch stu\u017eiek. Ka\u017ed\u00fd je zdoben\u00fd \u0161pecificky rozdielne pomocou umel\u00fdch strieborn\u00fdch perli\u010diek, sat\u00e9nov\u00fdch ma\u0161li\u010diek a bielych ozd\u00f4b v tvare ma\u0161l\u00ed \u010di drobn\u00fdch kovov\u00fdch srdie\u010dok. <\/p>\r\n\t\t\t\t\t\t\t\t<p><strong>6<\/strong> Photos<\/p>\r\n\t\t\t\t\t\t\t<\/div>\r\n\t\t<\/div>\r\n\t<\/div>\r\n\r\n \t\r\n\t<div class=\"ngg-album\">\r\n\t\t<div class=\"ngg-albumtitle\"><a href=\"http:\/\/lorinoko.com\/?page_id=3911\">Silver White Choker II<\/a><\/div>\r\n\t\t\t<div class=\"ngg-albumcontent\">\r\n\t\t\t\t<div class=\"ngg-thumbnail\">\r\n\t\t\t\t\t<a href=\"http:\/\/lorinoko.com\/?page_id=3911\"><img decoding=\"async\" class=\"Thumb\" alt=\"Silver White Choker II\" src=\"http:\/\/lorinoko.com\/wp-content\/gallery\/silver-white-choker-ii\/thumbs\/thumbs_001_p1020633.jpg\"\/><\/a>\r\n\t\t\t\t<\/div>\r\n\t\t\t\t<div class=\"ngg-description\">\r\n\t\t\t\t<p>S\u00e9ria troch snehovo-bielych obojkov z preva\u017ene bavlnenej \u010dipky a sat\u00e9nov\u00fdch stu\u017eiek. Ka\u017ed\u00fd je zdoben\u00fd \u0161pecificky rozdielne pomocou umel\u00fdch strieborn\u00fdch perli\u010diek, sat\u00e9nov\u00fdch ma\u0161li\u010diek a bielych ozd\u00f4b v tvare ma\u0161l\u00ed \u010di drobn\u00fdch kovov\u00fdch srdie\u010dok. <\/p>\r\n\t\t\t\t\t\t\t\t<p><strong>7<\/strong> Photos<\/p>\r\n\t\t\t\t\t\t\t<\/div>\r\n\t\t<\/div>\r\n\t<\/div>\r\n\r\n \t\r\n\t<div class=\"ngg-album\">\r\n\t\t<div class=\"ngg-albumtitle\"><a href=\"http:\/\/lorinoko.com\/?page_id=3917\">Silver White Choker III<\/a><\/div>\r\n\t\t\t<div class=\"ngg-albumcontent\">\r\n\t\t\t\t<div class=\"ngg-thumbnail\">\r\n\t\t\t\t\t<a href=\"http:\/\/lorinoko.com\/?page_id=3917\"><img decoding=\"async\" class=\"Thumb\" alt=\"Silver White Choker III\" src=\"http:\/\/lorinoko.com\/wp-content\/gallery\/silver-white-choker-iii\/thumbs\/thumbs_001_p1020640.jpg\"\/><\/a>\r\n\t\t\t\t<\/div>\r\n\t\t\t\t<div class=\"ngg-description\">\r\n\t\t\t\t<p>S\u00e9ria troch snehovo-bielych obojkov z preva\u017ene bavlnenej \u010dipky a sat\u00e9nov\u00fdch stu\u017eiek. Ka\u017ed\u00fd je zdoben\u00fd \u0161pecificky rozdielne pomocou umel\u00fdch strieborn\u00fdch perli\u010diek, sat\u00e9nov\u00fdch ma\u0161li\u010diek a bielych ozd\u00f4b v tvare ma\u0161l\u00ed \u010di drobn\u00fdch kovov\u00fdch srdie\u010dok. <\/p>\r\n\t\t\t\t\t\t\t\t<p><strong>9<\/strong> Photos<\/p>\r\n\t\t\t\t\t\t\t<\/div>\r\n\t\t<\/div>\r\n\t<\/div>\r\n\r\n \t\r\n\t<div class=\"ngg-album\">\r\n\t\t<div class=\"ngg-albumtitle\"><a href=\"http:\/\/lorinoko.com\/?page_id=3865\">Black Butterfly Choker I<\/a><\/div>\r\n\t\t\t<div class=\"ngg-albumcontent\">\r\n\t\t\t\t<div class=\"ngg-thumbnail\">\r\n\t\t\t\t\t<a href=\"http:\/\/lorinoko.com\/?page_id=3865\"><img decoding=\"async\" class=\"Thumb\" alt=\"Black Butterfly Choker I\" src=\"http:\/\/lorinoko.com\/wp-content\/gallery\/black-butterfly-choker-i\/thumbs\/thumbs_001_p1020589.jpg\"\/><\/a>\r\n\t\t\t\t<\/div>\r\n\t\t\t\t<div class=\"ngg-description\">\r\n\t\t\t\t<p>S\u00e9ria obojkov v \u010diernom preveden\u00ed ka\u017ed\u00fd so \u0161pecifick\u00fdm pou\u017eit\u00edm kombin\u00e1cie \u010dipiek a stu\u017eiek. Podobnos\u0165 je zachovan\u00e1 predov\u0161etk\u00fdm v\u010faka pr\u00edvesku mot\u00fdlika z kovu. V\u00fdnimo\u010dn\u00fd vzh\u013ead dotv\u00e1ra zdobenie z ozdobn\u00fdch retiazok a stu\u017eiek, ktor\u00e9 je pre ka\u017ed\u00fd kus jedine\u010dn\u00e9.<\/p>\r\n\t\t\t\t\t\t\t\t<p><strong>6<\/strong> Photos<\/p>\r\n\t\t\t\t\t\t\t<\/div>\r\n\t\t<\/div>\r\n\t<\/div>\r\n\r\n \t\r\n\t<div class=\"ngg-album\">\r\n\t\t<div class=\"ngg-albumtitle\"><a href=\"http:\/\/lorinoko.com\/?page_id=3871\">Black Butterfly Choker II<\/a><\/div>\r\n\t\t\t<div class=\"ngg-albumcontent\">\r\n\t\t\t\t<div class=\"ngg-thumbnail\">\r\n\t\t\t\t\t<a href=\"http:\/\/lorinoko.com\/?page_id=3871\"><img decoding=\"async\" class=\"Thumb\" alt=\"Black Butterfly Choker II\" src=\"http:\/\/lorinoko.com\/wp-content\/gallery\/black-butterfly-choker-ii\/thumbs\/thumbs_001_p1020592.jpg\"\/><\/a>\r\n\t\t\t\t<\/div>\r\n\t\t\t\t<div class=\"ngg-description\">\r\n\t\t\t\t<p>S\u00e9ria obojkov v \u010diernom preveden\u00ed ka\u017ed\u00fd so \u0161pecifick\u00fdm pou\u017eit\u00edm kombin\u00e1cie \u010dipiek a stu\u017eiek. Podobnos\u0165 je zachovan\u00e1 predov\u0161etk\u00fdm v\u010faka pr\u00edvesku mot\u00fdlika z kovu. V\u00fdnimo\u010dn\u00fd vzh\u013ead dotv\u00e1ra zdobenie z ozdobn\u00fdch retiazok a stu\u017eiek, ktor\u00e9 je pre ka\u017ed\u00fd kus jedine\u010dn\u00e9.<\/p>\r\n\t\t\t\t\t\t\t\t<p><strong>7<\/strong> Photos<\/p>\r\n\t\t\t\t\t\t\t<\/div>\r\n\t\t<\/div>\r\n\t<\/div>\r\n\r\n \t\r\n\t<div class=\"ngg-album\">\r\n\t\t<div class=\"ngg-albumtitle\"><a href=\"http:\/\/lorinoko.com\/?page_id=3877\">Black Butterfly Choker III<\/a><\/div>\r\n\t\t\t<div class=\"ngg-albumcontent\">\r\n\t\t\t\t<div class=\"ngg-thumbnail\">\r\n\t\t\t\t\t<a href=\"http:\/\/lorinoko.com\/?page_id=3877\"><img decoding=\"async\" class=\"Thumb\" alt=\"Black Butterfly Choker III\" src=\"http:\/\/lorinoko.com\/wp-content\/gallery\/black-butterfly-choker-iii\/thumbs\/thumbs_001_p1020597.jpg\"\/><\/a>\r\n\t\t\t\t<\/div>\r\n\t\t\t\t<div class=\"ngg-description\">\r\n\t\t\t\t<p>S\u00e9ria obojkov v \u010diernom preveden\u00ed ka\u017ed\u00fd so \u0161pecifick\u00fdm pou\u017eit\u00edm kombin\u00e1cie \u010dipiek a stu\u017eiek. Podobnos\u0165 je zachovan\u00e1 predov\u0161etk\u00fdm v\u010faka pr\u00edvesku mot\u00fdlika z kovu. V\u00fdnimo\u010dn\u00fd vzh\u013ead dotv\u00e1ra zdobenie z ozdobn\u00fdch retiazok a stu\u017eiek, ktor\u00e9 je pre ka\u017ed\u00fd kus jedine\u010dn\u00e9.<\/p>\r\n\t\t\t\t\t\t\t\t<p><strong>5<\/strong> Photos<\/p>\r\n\t\t\t\t\t\t\t<\/div>\r\n\t\t<\/div>\r\n\t<\/div>\r\n\r\n \t\r\n\t<div class=\"ngg-album\">\r\n\t\t<div class=\"ngg-albumtitle\"><a href=\"http:\/\/lorinoko.com\/?page_id=3883\">Black Butterfly Choker IV<\/a><\/div>\r\n\t\t\t<div class=\"ngg-albumcontent\">\r\n\t\t\t\t<div class=\"ngg-thumbnail\">\r\n\t\t\t\t\t<a href=\"http:\/\/lorinoko.com\/?page_id=3883\"><img decoding=\"async\" class=\"Thumb\" alt=\"Black Butterfly Choker IV\" src=\"http:\/\/lorinoko.com\/wp-content\/gallery\/black-butterfly-choker-iv\/thumbs\/thumbs_001_p1020602.jpg\"\/><\/a>\r\n\t\t\t\t<\/div>\r\n\t\t\t\t<div class=\"ngg-description\">\r\n\t\t\t\t<p>S\u00e9ria obojkov v \u010diernom preveden\u00ed ka\u017ed\u00fd so \u0161pecifick\u00fdm pou\u017eit\u00edm kombin\u00e1cie \u010dipiek a stu\u017eiek. Podobnos\u0165 je zachovan\u00e1 predov\u0161etk\u00fdm v\u010faka pr\u00edvesku mot\u00fdlika z kovu. V\u00fdnimo\u010dn\u00fd vzh\u013ead dotv\u00e1ra zdobenie z ozdobn\u00fdch retiazok a stu\u017eiek, ktor\u00e9 je pre ka\u017ed\u00fd kus jedine\u010dn\u00e9.<\/p>\r\n\t\t\t\t\t\t\t\t<p><strong>6<\/strong> Photos<\/p>\r\n\t\t\t\t\t\t\t<\/div>\r\n\t\t<\/div>\r\n\t<\/div>\r\n\r\n \t\r\n\t<div class=\"ngg-album\">\r\n\t\t<div class=\"ngg-albumtitle\"><a href=\"http:\/\/lorinoko.com\/?page_id=3889\">Black Butterfly Choker V<\/a><\/div>\r\n\t\t\t<div class=\"ngg-albumcontent\">\r\n\t\t\t\t<div class=\"ngg-thumbnail\">\r\n\t\t\t\t\t<a href=\"http:\/\/lorinoko.com\/?page_id=3889\"><img decoding=\"async\" class=\"Thumb\" alt=\"Black Butterfly Choker V\" src=\"http:\/\/lorinoko.com\/wp-content\/gallery\/black-butterfly-choker-v\/thumbs\/thumbs_001_p1020606.jpg\"\/><\/a>\r\n\t\t\t\t<\/div>\r\n\t\t\t\t<div class=\"ngg-description\">\r\n\t\t\t\t<p>S\u00e9ria obojkov v \u010diernom preveden\u00ed ka\u017ed\u00fd so \u0161pecifick\u00fdm pou\u017eit\u00edm kombin\u00e1cie \u010dipiek a stu\u017eiek. Podobnos\u0165 je zachovan\u00e1 predov\u0161etk\u00fdm v\u010faka pr\u00edvesku mot\u00fdlika z kovu. V\u00fdnimo\u010dn\u00fd vzh\u013ead dotv\u00e1ra zdobenie z ozdobn\u00fdch retiazok a stu\u017eiek, ktor\u00e9 je pre ka\u017ed\u00fd kus jedine\u010dn\u00e9.<\/p>\r\n\t\t\t\t\t\t\t\t<p><strong>7<\/strong> Photos<\/p>\r\n\t\t\t\t\t\t\t<\/div>\r\n\t\t<\/div>\r\n\t<\/div>\r\n\r\n \t\r\n\t<div class=\"ngg-album\">\r\n\t\t<div class=\"ngg-albumtitle\"><a href=\"http:\/\/lorinoko.com\/?page_id=3667\">White Pink Choker (Special)<\/a><\/div>\r\n\t\t\t<div class=\"ngg-albumcontent\">\r\n\t\t\t\t<div class=\"ngg-thumbnail\">\r\n\t\t\t\t\t<a href=\"http:\/\/lorinoko.com\/?page_id=3667\"><img decoding=\"async\" class=\"Thumb\" alt=\"White Pink Choker (Special)\" src=\"http:\/\/lorinoko.com\/wp-content\/gallery\/white-pink-choker\/thumbs\/thumbs_img_280690192193250.jpg\"\/><\/a>\r\n\t\t\t\t<\/div>\r\n\t\t\t\t<div class=\"ngg-description\">\r\n\t\t\t\t<p>Ozdobn\u00fd obojok na krk v kr\u00e1snej kombin\u00e1cii bielej a ru\u017eovej. Zhotoven\u00fd ako svadobn\u00fd dar\u010dek pre kr\u00e1snu nevestu.<\/p>\r\n\t\t\t\t\t\t\t\t<p><strong>9<\/strong> Photos<\/p>\r\n\t\t\t\t\t\t\t<\/div>\r\n\t\t<\/div>\r\n\t<\/div>\r\n\r\n \t\r\n\t<div class=\"ngg-album\">\r\n\t\t<div class=\"ngg-albumtitle\"><a href=\"http:\/\/lorinoko.com\/?page_id=3158\">Black Wine Choker III<\/a><\/div>\r\n\t\t\t<div class=\"ngg-albumcontent\">\r\n\t\t\t\t<div class=\"ngg-thumbnail\">\r\n\t\t\t\t\t<a href=\"http:\/\/lorinoko.com\/?page_id=3158\"><img decoding=\"async\" class=\"Thumb\" alt=\"Black Wine Choker III\" src=\"http:\/\/lorinoko.com\/wp-content\/gallery\/black-wine-choker-iii\/thumbs\/thumbs_dscn2384.jpg\"\/><\/a>\r\n\t\t\t\t<\/div>\r\n\t\t\t\t<div class=\"ngg-description\">\r\n\t\t\t\t<p>Tretia verzia ozdoby na krk vo v\u00ednovo \u010dervenej a \u010diernej kombin\u00e1cii, zhotovenej z bavlnenej \u010dipky a sat\u00e9nov\u00fdch ma\u0161l\u00ed. Celok dotv\u00e1raj\u00fa dve rady retiazok a mali\u010dk\u00e1 ozdoba v tvarde srdca.<\/p>\r\n\t\t\t\t\t\t\t\t<p><strong>7<\/strong> Photos<\/p>\r\n\t\t\t\t\t\t\t<\/div>\r\n\t\t<\/div>\r\n\t<\/div>\r\n\r\n \t\r\n\t<div class=\"ngg-album\">\r\n\t\t<div class=\"ngg-albumtitle\"><a href=\"http:\/\/lorinoko.com\/?page_id=1664\">Black Wine Choker II<\/a><\/div>\r\n\t\t\t<div class=\"ngg-albumcontent\">\r\n\t\t\t\t<div class=\"ngg-thumbnail\">\r\n\t\t\t\t\t<a href=\"http:\/\/lorinoko.com\/?page_id=1664\"><img decoding=\"async\" class=\"Thumb\" alt=\"Black Wine Choker II\" src=\"http:\/\/lorinoko.com\/wp-content\/gallery\/black-wine-choker-ii\/thumbs\/thumbs_001_dscn1311.jpg\"\/><\/a>\r\n\t\t\t\t<\/div>\r\n\t\t\t\t<div class=\"ngg-description\">\r\n\t\t\t\t<p>Obojok v \u010dierno v\u00ednovej kombin\u00e1cii, zhotoven\u00fd z dvojakej \u010diernej sat\u00e9novej stuhy a v\u00ednovo \u010derven\u00fdch stu\u017eiek. Retiazka a umel\u00e9 perli\u010dky skr\u00e1\u0161\u013euj\u00fa hlavn\u00e9 \u0161irok\u00e9 bavlnen\u00e9 \u010dipky v oboch farebn\u00fdch prevedeniach.<\/p>\r\n\t\t\t\t\t\t\t\t<p><strong>6<\/strong> Photos<\/p>\r\n\t\t\t\t\t\t\t<\/div>\r\n\t\t<\/div>\r\n\t<\/div>\r\n\r\n \t\r\n\t<div class=\"ngg-album\">\r\n\t\t<div class=\"ngg-albumtitle\"><a href=\"http:\/\/lorinoko.com\/?page_id=2061\">Black Wine Choker (Special)<\/a><\/div>\r\n\t\t\t<div class=\"ngg-albumcontent\">\r\n\t\t\t\t<div class=\"ngg-thumbnail\">\r\n\t\t\t\t\t<a href=\"http:\/\/lorinoko.com\/?page_id=2061\"><img decoding=\"async\" class=\"Thumb\" alt=\"Black Wine Choker (Special)\" src=\"http:\/\/lorinoko.com\/wp-content\/gallery\/black-wine-choker-special\/thumbs\/thumbs_001_dscn0759.jpg\"\/><\/a>\r\n\t\t\t\t<\/div>\r\n\t\t\t\t<div class=\"ngg-description\">\r\n\t\t\t\t<p>V\u00ednovo \u010derven\u00fd a \u010dierny obojok, zdoben\u00fd v rovnak\u00fdch kombin\u00e1ciach. Zhotoven\u00fd a venovan\u00fd ako dar\u010dek \u0161peci\u00e1lne pri pr\u00edle\u017eitosti ofici\u00e1lneho otvorenia kamennej predajne Porcelain Doll.<\/p>\r\n\t\t\t\t\t\t\t\t<p><strong>7<\/strong> Photos<\/p>\r\n\t\t\t\t\t\t\t<\/div>\r\n\t\t<\/div>\r\n\t<\/div>\r\n\r\n \t\r\n\t<div class=\"ngg-album\">\r\n\t\t<div class=\"ngg-albumtitle\"><a href=\"http:\/\/lorinoko.com\/?page_id=2026\">Black Flower Choker (Special)<\/a><\/div>\r\n\t\t\t<div class=\"ngg-albumcontent\">\r\n\t\t\t\t<div class=\"ngg-thumbnail\">\r\n\t\t\t\t\t<a href=\"http:\/\/lorinoko.com\/?page_id=2026\"><img decoding=\"async\" class=\"Thumb\" alt=\"Black Flower Choker (Special)\" src=\"http:\/\/lorinoko.com\/wp-content\/gallery\/black-flower-choker-special\/thumbs\/thumbs_dscn5855.jpg\"\/><\/a>\r\n\t\t\t\t<\/div>\r\n\t\t\t\t<div class=\"ngg-description\">\r\n\t\t\t\t<p>\u010cierny obojok zhotoven\u00fd z jednoduchej \u010diernej sat\u00e9novej stu\u017eky a bavlnenej \u010dipky. Ozdoben\u00fd je ru\u010dne zhotovenou kvetinovou aplik\u00e1ciou.<\/p>\r\n\t\t\t\t\t\t\t\t<p><strong>7<\/strong> Photos<\/p>\r\n\t\t\t\t\t\t\t<\/div>\r\n\t\t<\/div>\r\n\t<\/div>\r\n\r\n \t \t\r\n\t<!-- Pagination -->\r\n \t<div class=\"ngg-clear\"><\/div> \t\r\n<\/div>\r\n\r\n\n","protected":false},"excerpt":{"rendered":"","protected":false},"author":1,"featured_media":0,"parent":88,"menu_order":0,"comment_status":"open","ping_status":"closed","template":"","meta":{"_monsterinsights_skip_tracking":false,"_monsterinsights_sitenote_active":false,"_monsterinsights_sitenote_note":"","_monsterinsights_sitenote_category":0,"footnotes":""},"class_list":["post-1956","page","type-page","status-publish","hentry"],"_links":{"self":[{"href":"http:\/\/lorinoko.com\/index.php?rest_route=\/wp\/v2\/pages\/1956","targetHints":{"allow":["GET"]}}],"collection":[{"href":"http:\/\/lorinoko.com\/index.php?rest_route=\/wp\/v2\/pages"}],"about":[{"href":"http:\/\/lorinoko.com\/index.php?rest_route=\/wp\/v2\/types\/page"}],"author":[{"embeddable":true,"href":"http:\/\/lorinoko.com\/index.php?rest_route=\/wp\/v2\/users\/1"}],"replies":[{"embeddable":true,"href":"http:\/\/lorinoko.com\/index.php?rest_route=%2Fwp%2Fv2%2Fcomments&post=1956"}],"version-history":[{"count":5,"href":"http:\/\/lorinoko.com\/index.php?rest_route=\/wp\/v2\/pages\/1956\/revisions"}],"predecessor-version":[{"id":4397,"href":"http:\/\/lorinoko.com\/index.php?rest_route=\/wp\/v2\/pages\/1956\/revisions\/4397"}],"up":[{"embeddable":true,"href":"http:\/\/lorinoko.com\/index.php?rest_route=\/wp\/v2\/pages\/88"}],"wp:attachment":[{"href":"http:\/\/lorinoko.com\/index.php?rest_route=%2Fwp%2Fv2%2Fmedia&parent=1956"}],"curies":[{"name":"wp","href":"https:\/\/api.w.org\/{rel}","templated":true}]}}