{"id":1939,"date":"2014-02-13T00:29:59","date_gmt":"2014-02-12T23:29:59","guid":{"rendered":"http:\/\/lorinoko.com\/?page_id=1939"},"modified":"2014-05-12T14:54:39","modified_gmt":"2014-05-12T13:54:39","slug":"headdresy","status":"publish","type":"page","link":"http:\/\/lorinoko.com\/?page_id=1939","title":{"rendered":"Headdresy"},"content":{"rendered":"\r\n<div class=\"ngg-albumoverview\">\t\r\n\t<!-- List of galleries -->\r\n\t\r\n\t<div class=\"ngg-album\">\r\n\t\t<div class=\"ngg-albumtitle\"><a href=\"http:\/\/lorinoko.com\/?page_id=3699\">Archidealisa I - headdress<\/a><\/div>\r\n\t\t\t<div class=\"ngg-albumcontent\">\r\n\t\t\t\t<div class=\"ngg-thumbnail\">\r\n\t\t\t\t\t<a href=\"http:\/\/lorinoko.com\/?page_id=3699\"><img decoding=\"async\" class=\"Thumb\" alt=\"Archidealisa I - headdress\" src=\"http:\/\/lorinoko.com\/wp-content\/gallery\/archidealisa-i-headdress\/thumbs\/thumbs_p1010731.jpg\"\/><\/a>\r\n\t\t\t\t<\/div>\r\n\t\t\t\t<div class=\"ngg-description\">\r\n\t\t\t\t<p>Headdress v bordovej a \u010diernej kombin\u00e1cii potla\u010dou vhodne dopl\u0148aj\u00faci suk\u0148u Archidealisa I. Bohato zdoben\u00fd \u010dipkou a ozdobami z umel\u00e9ho hodv\u00e1bu a sat\u00e9nov\u00fdmi stu\u017ekami.<\/p>\r\n\t\t\t\t\t\t\t\t<p><strong>6<\/strong> Photos<\/p>\r\n\t\t\t\t\t\t\t<\/div>\r\n\t\t<\/div>\r\n\t<\/div>\r\n\r\n \t\r\n\t<div class=\"ngg-album\">\r\n\t\t<div class=\"ngg-albumtitle\"><a href=\"http:\/\/lorinoko.com\/?page_id=2591\">Black Wine Almondica Headdress (Collection)<\/a><\/div>\r\n\t\t\t<div class=\"ngg-albumcontent\">\r\n\t\t\t\t<div class=\"ngg-thumbnail\">\r\n\t\t\t\t\t<a href=\"http:\/\/lorinoko.com\/?page_id=2591\"><img decoding=\"async\" class=\"Thumb\" alt=\"Black Wine Almondica Headdress (Collection)\" src=\"http:\/\/lorinoko.com\/wp-content\/gallery\/black-wine-almondica-headdress-special\/thumbs\/thumbs_dscn1793.jpg\"\/><\/a>\r\n\t\t\t\t<\/div>\r\n\t\t\t\t<div class=\"ngg-description\">\r\n\t\t\t\t<p>Headdress designed specifically to Black Wine Almondica collection brings together a combination of the original basis of patchwork print and decoration from black lace and satin ribbons.<\/p>\r\n\t\t\t\t\t\t\t\t<p><strong>5<\/strong> Photos<\/p>\r\n\t\t\t\t\t\t\t<\/div>\r\n\t\t<\/div>\r\n\t<\/div>\r\n\r\n \t\r\n\t<div class=\"ngg-album\">\r\n\t\t<div class=\"ngg-albumtitle\"><a href=\"http:\/\/lorinoko.com\/?page_id=1390\">Black Rose Headdress (Collection)<\/a><\/div>\r\n\t\t\t<div class=\"ngg-albumcontent\">\r\n\t\t\t\t<div class=\"ngg-thumbnail\">\r\n\t\t\t\t\t<a href=\"http:\/\/lorinoko.com\/?page_id=1390\"><img decoding=\"async\" class=\"Thumb\" alt=\"Black Rose Headdress (Collection)\" src=\"http:\/\/lorinoko.com\/wp-content\/gallery\/black-rose-headdress-collection\/thumbs\/thumbs_001_dscn1922_2.jpg\"\/><\/a>\r\n\t\t\t\t<\/div>\r\n\t\t\t\t<div class=\"ngg-description\">\r\n\t\t\t\t<p>\u0160irok\u00fd headdress z kolekcie Black Rose v kompletne \u010diernom preveden\u00ed. Je zdoben\u00fd \u010diernou \u010dipkou a sat\u00e9nov\u00fdmi stu\u017ekami, rovnako aj dvomi ru\u010dne vyroben\u00fdmi aplik\u00e1ciami zo stu\u017eiek a kvetinov\u00fdch aplik\u00e1ci\u00ed.<\/p>\r\n\t\t\t\t\t\t\t\t<p><strong>6<\/strong> Photos<\/p>\r\n\t\t\t\t\t\t\t<\/div>\r\n\t\t<\/div>\r\n\t<\/div>\r\n\r\n \t\r\n\t<div class=\"ngg-album\">\r\n\t\t<div class=\"ngg-albumtitle\"><a href=\"http:\/\/lorinoko.com\/?page_id=206\">Strawberry Snow Headdress<\/a><\/div>\r\n\t\t\t<div class=\"ngg-albumcontent\">\r\n\t\t\t\t<div class=\"ngg-thumbnail\">\r\n\t\t\t\t\t<a href=\"http:\/\/lorinoko.com\/?page_id=206\"><img decoding=\"async\" class=\"Thumb\" alt=\"Strawberry Snow Headdress\" src=\"http:\/\/lorinoko.com\/wp-content\/gallery\/strawberry-snow-headdress\/thumbs\/thumbs_001_dscn09311_2.jpg\"\/><\/a>\r\n\t\t\t\t<\/div>\r\n\t\t\t\t<div class=\"ngg-description\">\r\n\t\t\t\t<p>Ozdobn\u00fd doplnok do vlasov v \u010derveno-bielej kombin\u00e1cii. Hod\u00ed sa k r\u00f4znym v\u00fdraznej\u0161\u00edm \u010derven\u00fdm kombin\u00e1ciam \u0161iat, alebo jednotliv\u00fdm \u010dastiam oble\u010denia Sweet \u010di svie\u017eej letnej Country Lolity.<\/p>\r\n\t\t\t\t\t\t\t\t<p><strong>7<\/strong> Photos<\/p>\r\n\t\t\t\t\t\t\t<\/div>\r\n\t\t<\/div>\r\n\t<\/div>\r\n\r\n \t\r\n\t<div class=\"ngg-album\">\r\n\t\t<div class=\"ngg-albumtitle\"><a href=\"http:\/\/lorinoko.com\/?page_id=350\">Pink Ice Headdress<\/a><\/div>\r\n\t\t\t<div class=\"ngg-albumcontent\">\r\n\t\t\t\t<div class=\"ngg-thumbnail\">\r\n\t\t\t\t\t<a href=\"http:\/\/lorinoko.com\/?page_id=350\"><img decoding=\"async\" class=\"Thumb\" alt=\"Pink Ice Headdress\" src=\"http:\/\/lorinoko.com\/wp-content\/gallery\/pink-ice-headdress\/thumbs\/thumbs_001_dscn1501_2.jpg\"\/><\/a>\r\n\t\t\t\t<\/div>\r\n\t\t\t\t<div class=\"ngg-description\">\r\n\t\t\t\t<p>Snehovo biely headdress z bavlny s ru\u017eovou \u010dipkou a sat\u00e9nov\u00fdmi stu\u017ekami, skr\u00e1\u0161len\u00fd drobn\u00fdmi aplik\u00e1ciami a kvetinov\u00fdmi ozdobami po stran\u00e1ch. K ru\u017eovo-bielym kombin\u00e1ci\u00e1m oble\u010denia sa ako doplnok do vlasov ur\u010dite hod\u00ed, nech preferujete ak\u00fdko\u013evek \u0161t\u00fdl.<\/p>\r\n\t\t\t\t\t\t\t\t<p><strong>7<\/strong> Photos<\/p>\r\n\t\t\t\t\t\t\t<\/div>\r\n\t\t<\/div>\r\n\t<\/div>\r\n\r\n \t \t\r\n\t<!-- Pagination -->\r\n \t<div class=\"ngg-clear\"><\/div> \t\r\n<\/div>\r\n\r\n\n","protected":false},"excerpt":{"rendered":"","protected":false},"author":1,"featured_media":0,"parent":88,"menu_order":0,"comment_status":"open","ping_status":"closed","template":"","meta":{"_monsterinsights_skip_tracking":false,"_monsterinsights_sitenote_active":false,"_monsterinsights_sitenote_note":"","_monsterinsights_sitenote_category":0,"footnotes":""},"class_list":["post-1939","page","type-page","status-publish","hentry"],"_links":{"self":[{"href":"http:\/\/lorinoko.com\/index.php?rest_route=\/wp\/v2\/pages\/1939","targetHints":{"allow":["GET"]}}],"collection":[{"href":"http:\/\/lorinoko.com\/index.php?rest_route=\/wp\/v2\/pages"}],"about":[{"href":"http:\/\/lorinoko.com\/index.php?rest_route=\/wp\/v2\/types\/page"}],"author":[{"embeddable":true,"href":"http:\/\/lorinoko.com\/index.php?rest_route=\/wp\/v2\/users\/1"}],"replies":[{"embeddable":true,"href":"http:\/\/lorinoko.com\/index.php?rest_route=%2Fwp%2Fv2%2Fcomments&post=1939"}],"version-history":[{"count":21,"href":"http:\/\/lorinoko.com\/index.php?rest_route=\/wp\/v2\/pages\/1939\/revisions"}],"predecessor-version":[{"id":3207,"href":"http:\/\/lorinoko.com\/index.php?rest_route=\/wp\/v2\/pages\/1939\/revisions\/3207"}],"up":[{"embeddable":true,"href":"http:\/\/lorinoko.com\/index.php?rest_route=\/wp\/v2\/pages\/88"}],"wp:attachment":[{"href":"http:\/\/lorinoko.com\/index.php?rest_route=%2Fwp%2Fv2%2Fmedia&parent=1939"}],"curies":[{"name":"wp","href":"https:\/\/api.w.org\/{rel}","templated":true}]}}