{"id":193,"date":"2012-01-14T15:23:32","date_gmt":"2012-01-14T14:23:32","guid":{"rendered":"http:\/\/intarbutt.info\/lorinoko\/?page_id=193"},"modified":"2014-05-21T18:12:27","modified_gmt":"2014-05-21T17:12:27","slug":"black-pink-headband","status":"publish","type":"page","link":"http:\/\/lorinoko.com\/?page_id=193","title":{"rendered":"Black &#038; Pink Headband"},"content":{"rendered":"<p style=\"text-align: justify;\">\u010cierna \u010delenka s ma\u0161\u013eou, zdoben\u00e1 ru\u017eovou sat\u00e9novou stuhou na \u0161ir\u0161om \u010diernom podklade (rovnako stuha zo sat\u00e9nu) a jemnou ru\u017eovou \u010dipkou. Z vrchu ozdoben\u00e1 ru\u017eovou ma\u0161li\u010dkou zo stu\u017eky a kvetinovou aplik\u00e1ciou. Ako celok p\u00f4sob\u00ed \u010dierna tajomne, v kombin\u00e1cii s bledou ru\u017eovou v\u0161ak sladko z\u00e1rove\u0148.<br \/>\n<strong style=\"color: #444444;\">Materi\u00e1l:<\/strong> sat\u00e9nov\u00e1 stuha, z\u00e1klad a \u010dipka polyester, plastov\u00e1 \u010delenka (dvojit\u00fd rad hrebe\u0148ov\u00fdch v\u00fdstupkov)<\/p>\n<div class=\"slideshow\"><div id=\"ngg_slideshow51931\" class=\"ngg-slideshow owl-carousel\" style=\"max-width: 600px; max-height: 400px;\"><img decoding=\"async\" src=\"http:\/\/lorinoko.com\/wp-content\/gallery\/black-pink-headband\/003_dscn0034_2.jpg\" alt=\"003_dscn0034_2\" style=\"max-width: 600px; max-height: 400px; width: auto; height:auto; margin:auto\"><img decoding=\"async\" src=\"http:\/\/lorinoko.com\/wp-content\/gallery\/black-pink-headband\/004_dscn0035_2.jpg\" alt=\"004_dscn0035_2\" style=\"max-width: 600px; max-height: 400px; width: auto; height:auto; margin:auto\"><img decoding=\"async\" src=\"http:\/\/lorinoko.com\/wp-content\/gallery\/black-pink-headband\/005_dscn0041_2.jpg\" alt=\"005_dscn0041_2\" style=\"max-width: 600px; max-height: 400px; width: auto; height:auto; margin:auto\"><\/div><\/div>\n\n<script type=\"text\/javascript\">jQuery(document).ready(function($) {\r\n\t\t\tvar owl = $('#ngg_slideshow51931');\r\n\t\t\towl.owlCarousel({\r\n\t\t\t\titems: 1,\r\n\t\t\t\tautoHeight: false,\r\n\t            dots: false,\r\n\t            autoplay: true,\r\n\t\t\t\tautoplayTimeout: 4000,\r\n\t\t\t\tautoplayHoverPause: true,\r\n\t\t\t\tanimateIn: 'fadeIn',\r\n\t\t\t\tanimateOut: 'fadeOut',\r\n\t\t\t\tloop: true,\r\n\t\t\t\tmouseDrag: true,\r\n\t\t\t\ttouchDrag: true\r\n\t\t\t});\nowl.click( function () {\r\n                    owl.trigger( 'next.owl.carousel' );\r\n                } );});\n<\/script>\n","protected":false},"excerpt":{"rendered":"<p>\u010cierna \u010delenka s ma\u0161\u013eou, zdoben\u00e1 ru\u017eovou sat\u00e9novou stuhou na \u0161ir\u0161om \u010diernom podklade (rovnako stuha zo sat\u00e9nu) a jemnou ru\u017eovou \u010dipkou. Z vrchu ozdoben\u00e1 ru\u017eovou ma\u0161li\u010dkou zo stu\u017eky a kvetinovou aplik\u00e1ciou. Ako celok p\u00f4sob\u00ed \u010dierna tajomne, v kombin\u00e1cii s bledou ru\u017eovou &hellip; <a href=\"http:\/\/lorinoko.com\/?page_id=193\">Continue reading <span class=\"meta-nav\">&rarr;<\/span><\/a><\/p>\n","protected":false},"author":1,"featured_media":0,"parent":1942,"menu_order":0,"comment_status":"open","ping_status":"closed","template":"","meta":{"_monsterinsights_skip_tracking":false,"_monsterinsights_sitenote_active":false,"_monsterinsights_sitenote_note":"","_monsterinsights_sitenote_category":0,"footnotes":""},"class_list":["post-193","page","type-page","status-publish","hentry"],"_links":{"self":[{"href":"http:\/\/lorinoko.com\/index.php?rest_route=\/wp\/v2\/pages\/193","targetHints":{"allow":["GET"]}}],"collection":[{"href":"http:\/\/lorinoko.com\/index.php?rest_route=\/wp\/v2\/pages"}],"about":[{"href":"http:\/\/lorinoko.com\/index.php?rest_route=\/wp\/v2\/types\/page"}],"author":[{"embeddable":true,"href":"http:\/\/lorinoko.com\/index.php?rest_route=\/wp\/v2\/users\/1"}],"replies":[{"embeddable":true,"href":"http:\/\/lorinoko.com\/index.php?rest_route=%2Fwp%2Fv2%2Fcomments&post=193"}],"version-history":[{"count":12,"href":"http:\/\/lorinoko.com\/index.php?rest_route=\/wp\/v2\/pages\/193\/revisions"}],"predecessor-version":[{"id":3413,"href":"http:\/\/lorinoko.com\/index.php?rest_route=\/wp\/v2\/pages\/193\/revisions\/3413"}],"up":[{"embeddable":true,"href":"http:\/\/lorinoko.com\/index.php?rest_route=\/wp\/v2\/pages\/1942"}],"wp:attachment":[{"href":"http:\/\/lorinoko.com\/index.php?rest_route=%2Fwp%2Fv2%2Fmedia&parent=193"}],"curies":[{"name":"wp","href":"https:\/\/api.w.org\/{rel}","templated":true}]}}